{"id":154,"date":"2015-07-16T09:12:44","date_gmt":"2015-07-16T09:12:44","guid":{"rendered":"http:\/\/test.kriesi.at\/minimal-portfolio\/?page_id=154"},"modified":"2023-05-06T01:32:18","modified_gmt":"2023-05-06T06:32:18","slug":"about","status":"publish","type":"page","link":"https:\/\/drasandralilianavargas.com\/index.php\/about\/","title":{"rendered":"Abdominoplast\u00eda"},"content":{"rendered":"<div  class='hr av-8eu4i-0e7c3547a2e3c4b747e6e652b722fd94 hr-default  avia-builder-el-0  el_before_av_layerslider  avia-builder-el-no-sibling '><span class='hr-inner '><span class=\"hr-inner-style\"><\/span><\/span><\/div>\n<\/div><\/div><\/div><!-- close content main div --><\/div><\/div><div id='layer_slider_1'  class='avia-layerslider main_color avia-shadow  avia-builder-el-1  el_after_av_hr  el_before_av_section  slider-not-first container_wrap fullsize'  style='height: 625px; max-width: 3386px; margin: 0 auto;'  ><\/div>\n<div id='av_section_1'  class='avia-section av-8zysgi-719a91b677536b825661b06cea20a3d9 main_color avia-section-huge avia-no-border-styling  avia-builder-el-2  el_after_av_layerslider  el_before_av_layout_row  avia-bg-style-scroll container_wrap fullsize'  ><div class='container av-section-cont-open' ><div class='template-page content  av-content-full alpha units'><div class='post-entry post-entry-type-page post-entry-154'><div class='entry-content-wrapper clearfix'>\n\n<style type=\"text\/css\" data-created_by=\"avia_inline_auto\" id=\"style-css-av-8thhje-48fe38b61671e8db54c38fc2c26c0f98\">\n#top .av-special-heading.av-8thhje-48fe38b61671e8db54c38fc2c26c0f98{\npadding-bottom:20px;\nfont-size:40px;\n}\nbody .av-special-heading.av-8thhje-48fe38b61671e8db54c38fc2c26c0f98 .av-special-heading-tag .heading-char{\nfont-size:25px;\n}\n#top #wrap_all .av-special-heading.av-8thhje-48fe38b61671e8db54c38fc2c26c0f98 .av-special-heading-tag{\nfont-size:40px;\n}\n.av-special-heading.av-8thhje-48fe38b61671e8db54c38fc2c26c0f98 .av-subheading{\nfont-size:15px;\n}\n\n@media only screen and (min-width: 480px) and (max-width: 767px){ \n#top #wrap_all .av-special-heading.av-8thhje-48fe38b61671e8db54c38fc2c26c0f98 .av-special-heading-tag{\nfont-size:0.8em;\n}\n}\n\n@media only screen and (max-width: 479px){ \n#top #wrap_all .av-special-heading.av-8thhje-48fe38b61671e8db54c38fc2c26c0f98 .av-special-heading-tag{\nfont-size:0.8em;\n}\n}\n<\/style>\n<div  class='av-special-heading av-8thhje-48fe38b61671e8db54c38fc2c26c0f98 av-special-heading-h1 blockquote modern-quote modern-centered  avia-builder-el-3  el_before_av_one_fifth  avia-builder-el-first  av-inherit-size'><h1 class='av-special-heading-tag'  itemprop=\"headline\"  >La Abdominoplast\u00eda <br \/>\u00bfQu\u00e9 es la Abdominoplast\u00eda?<\/h1><div class=\"special-heading-border\"><div class=\"special-heading-inner-border\"><\/div><\/div><\/div>\n\n<style type=\"text\/css\" data-created_by=\"avia_inline_auto\" id=\"style-css-av-8omtqa-a87af6afc024106981c67fb050d9ba40\">\n.flex_column.av-8omtqa-a87af6afc024106981c67fb050d9ba40{\n-webkit-border-radius:0px 0px 0px 0px;\n-moz-border-radius:0px 0px 0px 0px;\nborder-radius:0px 0px 0px 0px;\npadding:0px 0px 0px 0px;\n}\n<\/style>\n<div class='flex_column av-8omtqa-a87af6afc024106981c67fb050d9ba40 av_one_fifth  avia-builder-el-4  el_after_av_heading  el_before_av_three_fifth  first flex_column_div av-zero-column-padding '     ><\/div>\n<style type=\"text\/css\" data-created_by=\"avia_inline_auto\" id=\"style-css-av-8gxa7u-7bcaac180234dbb4fbed847045605871\">\n.flex_column.av-8gxa7u-7bcaac180234dbb4fbed847045605871{\n-webkit-border-radius:0px 0px 0px 0px;\n-moz-border-radius:0px 0px 0px 0px;\nborder-radius:0px 0px 0px 0px;\npadding:0px 0px 0px 0px;\n}\n<\/style>\n<div class='flex_column av-8gxa7u-7bcaac180234dbb4fbed847045605871 av_three_fifth  avia-builder-el-5  el_after_av_one_fifth  el_before_av_one_fifth  flex_column_div av-animated-generic bottom-to-top av-zero-column-padding '     ><style type=\"text\/css\" data-created_by=\"avia_inline_auto\" id=\"style-css-av-8fa1i2-da2d35c6ea903798c15dc79a67ef8d6d\">\n#top .av_textblock_section.av-8fa1i2-da2d35c6ea903798c15dc79a67ef8d6d .avia_textblock{\ncolor:#000000;\ntext-align:justify;\n}\n<\/style>\n<section  class='av_textblock_section av-8fa1i2-da2d35c6ea903798c15dc79a67ef8d6d'  itemscope=\"itemscope\" itemtype=\"https:\/\/schema.org\/CreativeWork\" ><div class='avia_textblock av_inherit_color'  itemprop=\"text\" ><p>La cirug\u00eda de abdomen, tambi\u00e9n llamada &#8220;Abdominoplast\u00eda&#8221; o &#8220;Lipectom\u00eda&#8221; es un procedimiento m\u00e1s de la cirug\u00eda pl\u00e1stica para mejorar nuestra imagen corporal. Esta cirug\u00eda consiste en eliminar el exceso de piel y tejido graso del abdomen, as\u00ed como fortalecer la pared abdominal. Esto se realiza mediante una incisi\u00f3n por encima del vello p\u00fabico que se prolonga hacia las caderas. Dependiendo de la flacidez de la piel y\/o del exceso de grasa es el tama\u00f1o de la incisi\u00f3n. De esta forma es m\u00e1s f\u00e1cil realizar la abdominoplast\u00eda.<\/p>\n<\/div><\/section><\/div>\n<style type=\"text\/css\" data-created_by=\"avia_inline_auto\" id=\"style-css-av-80q3ma-2d8c651909dcb2dd7b1f93426e212294\">\n.flex_column.av-80q3ma-2d8c651909dcb2dd7b1f93426e212294{\n-webkit-border-radius:0px 0px 0px 0px;\n-moz-border-radius:0px 0px 0px 0px;\nborder-radius:0px 0px 0px 0px;\npadding:0px 0px 0px 0px;\n}\n<\/style>\n<div class='flex_column av-80q3ma-2d8c651909dcb2dd7b1f93426e212294 av_one_fifth  avia-builder-el-7  el_after_av_three_fifth  avia-builder-el-last  flex_column_div av-zero-column-padding '     ><\/div><\/div><\/div><\/div><!-- close content main div --><\/div><\/div><div id='av-layout-grid-1'  class='av-layout-grid-container av-6mxliy-b1eb2acdc1f65116cafdfb918529f2fa entry-content-wrapper main_color av-flex-cells  avia-builder-el-8  el_after_av_section  el_before_av_layout_row  grid-row-not-first  container_wrap fullsize'  >\n\n<style type=\"text\/css\" data-created_by=\"avia_inline_auto\" id=\"style-css-av-6htyey-442cf7eb25e473940fc73270d8c1554e\">\n.flex_cell.av-6htyey-442cf7eb25e473940fc73270d8c1554e{\nvertical-align:middle;\n}\n.responsive #top #wrap_all .flex_cell.av-6htyey-442cf7eb25e473940fc73270d8c1554e{\npadding:80px 80px 80px 80px !important;\n}\n<\/style>\n<div class='flex_cell av-6htyey-442cf7eb25e473940fc73270d8c1554e av-gridrow-cell av_one_half no_margin  avia-builder-el-9  el_before_av_cell_one_half  avia-builder-el-first ' ><div class='flex_cell_inner'><p>\n<style type=\"text\/css\" data-created_by=\"avia_inline_auto\" id=\"style-css-av-6d4i3u-86c17d9e19fd1b409a12a892764db972\">\n#top .av-special-heading.av-6d4i3u-86c17d9e19fd1b409a12a892764db972{\npadding-bottom:10px;\n}\nbody .av-special-heading.av-6d4i3u-86c17d9e19fd1b409a12a892764db972 .av-special-heading-tag .heading-char{\nfont-size:25px;\n}\n.av-special-heading.av-6d4i3u-86c17d9e19fd1b409a12a892764db972 .av-subheading{\nfont-size:15px;\n}\n<\/style>\n<div  class='av-special-heading av-6d4i3u-86c17d9e19fd1b409a12a892764db972 av-special-heading-h2 blockquote modern-quote  avia-builder-el-10  el_before_av_textblock  avia-builder-el-first '><h2 class='av-special-heading-tag'  itemprop=\"headline\"  >Procedimiento<\/h2><div class=\"special-heading-border\"><div class=\"special-heading-inner-border\"><\/div><\/div><\/div><br \/>\n\n<style type=\"text\/css\" data-created_by=\"avia_inline_auto\" id=\"style-css-av-7bwmhu-db07062a9856d8aa06e10ca99b9638a4\">\n#top .av_textblock_section.av-7bwmhu-db07062a9856d8aa06e10ca99b9638a4 .avia_textblock{\ncolor:#000000;\ntext-align:justify;\n}\n<\/style>\n<section  class='av_textblock_section av-7bwmhu-db07062a9856d8aa06e10ca99b9638a4'  itemscope=\"itemscope\" itemtype=\"https:\/\/schema.org\/CreativeWork\" ><div class='avia_textblock av_inherit_color'  itemprop=\"text\" ><p>En la abdominoplastia se realiza una incisi\u00f3n a nivel del pubis, por el pliegue abdominal inferior, se levanta la piel y grasa en exceso y se reseca. En este procedimiento se retira el exceso de piel y grasa y se proporciona forma y contorno a la musculatura abdominal, logrando acentuar la silueta del cuerpo. La abdominoplast\u00eda solo genera una peque\u00f1a cicatriz que es ocultada por la ropa interior.<\/p>\n<\/div><\/section><\/p>\n<\/div><\/div>\n<style type=\"text\/css\" data-created_by=\"avia_inline_auto\" id=\"style-css-av-6203r6-dc8e86c0e864ab002c854332a538639d\">\n.flex_cell.av-6203r6-dc8e86c0e864ab002c854332a538639d{\nvertical-align:bottom;\nbackground-color:#e7b8b8;\n}\n.responsive #top #wrap_all .flex_cell.av-6203r6-dc8e86c0e864ab002c854332a538639d{\npadding:0px 0px 0px 0px !important;\n}\n<\/style>\n<div class='flex_cell av-6203r6-dc8e86c0e864ab002c854332a538639d av-gridrow-cell av_one_half no_margin  avia-builder-el-12  el_after_av_cell_one_half  avia-builder-el-last  av-zero-padding' ><div class='flex_cell_inner'>\n<style type=\"text\/css\" data-created_by=\"avia_inline_auto\" id=\"style-css-av-5uxd8a-0cc485204be42f3febdb443a0be029ed\">\n.avia-image-container.av-5uxd8a-0cc485204be42f3febdb443a0be029ed img.avia_image{\nbox-shadow:none;\n}\n.avia-image-container.av-5uxd8a-0cc485204be42f3febdb443a0be029ed .av-image-caption-overlay-center{\ncolor:#ffffff;\n}\n<\/style>\n<div  class='avia-image-container av-5uxd8a-0cc485204be42f3febdb443a0be029ed av-styling-no-styling avia-align-center  avia-builder-el-13  avia-builder-el-no-sibling '   itemprop=\"image\" itemscope=\"itemscope\" itemtype=\"https:\/\/schema.org\/ImageObject\" ><div class=\"avia-image-container-inner\"><div class=\"avia-image-overlay-wrap\"><img decoding=\"async\" class='wp-image-543 avia-img-lazy-loading-not-543 avia_image ' src=\"https:\/\/drasandralilianavargas.com\/wp-content\/uploads\/2023\/03\/Procedimientoab.jpg\" alt='' title=''  height=\"1016\" width=\"1525\"  itemprop=\"thumbnailUrl\" srcset=\"https:\/\/drasandralilianavargas.com\/wp-content\/uploads\/2023\/03\/Procedimientoab.jpg 1525w, https:\/\/drasandralilianavargas.com\/wp-content\/uploads\/2023\/03\/Procedimientoab-300x200.jpg 300w, https:\/\/drasandralilianavargas.com\/wp-content\/uploads\/2023\/03\/Procedimientoab-1030x686.jpg 1030w, https:\/\/drasandralilianavargas.com\/wp-content\/uploads\/2023\/03\/Procedimientoab-768x512.jpg 768w, https:\/\/drasandralilianavargas.com\/wp-content\/uploads\/2023\/03\/Procedimientoab-1500x999.jpg 1500w, https:\/\/drasandralilianavargas.com\/wp-content\/uploads\/2023\/03\/Procedimientoab-705x470.jpg 705w\" sizes=\"(max-width: 1525px) 100vw, 1525px\" \/><\/div><\/div><\/div>\n<\/div><\/div>\n<\/div><\/p>\n<div id='av-layout-grid-2'  class='av-layout-grid-container av-5r5ab6-acfbdac574cd3197b7375adbeadd2dfa entry-content-wrapper main_color av-flex-cells  avia-builder-el-14  el_after_av_layout_row  el_before_av_layout_row  grid-row-not-first  container_wrap fullsize'  >\n\n<style type=\"text\/css\" data-created_by=\"avia_inline_auto\" id=\"style-css-av-5isuq2-05606c5ec209e0a31ec2ea9090014727\">\n.flex_cell.av-5isuq2-05606c5ec209e0a31ec2ea9090014727{\nvertical-align:middle;\nbackground-color:#e7b8b8;\n}\n.responsive #top #wrap_all .flex_cell.av-5isuq2-05606c5ec209e0a31ec2ea9090014727{\npadding:0px 0px 0px 0px !important;\n}\n<\/style>\n<div class='flex_cell av-5isuq2-05606c5ec209e0a31ec2ea9090014727 av-gridrow-cell av_one_half no_margin  avia-builder-el-15  el_before_av_cell_one_half  avia-builder-el-first  av-zero-padding' ><div class='flex_cell_inner'>\n<style type=\"text\/css\" data-created_by=\"avia_inline_auto\" id=\"style-css-av-5f46hm-414bfa42eb2859d89b00abb40cd45651\">\n.avia-image-container.av-5f46hm-414bfa42eb2859d89b00abb40cd45651 img.avia_image{\nbox-shadow:none;\n}\n.avia-image-container.av-5f46hm-414bfa42eb2859d89b00abb40cd45651 .av-image-caption-overlay-center{\ncolor:#ffffff;\n}\n<\/style>\n<div  class='avia-image-container av-5f46hm-414bfa42eb2859d89b00abb40cd45651 av-styling-no-styling avia-align-center  avia-builder-el-16  avia-builder-el-no-sibling '   itemprop=\"image\" itemscope=\"itemscope\" itemtype=\"https:\/\/schema.org\/ImageObject\" ><div class=\"avia-image-container-inner\"><div class=\"avia-image-overlay-wrap\"><img decoding=\"async\" class='wp-image-215 avia-img-lazy-loading-not-215 avia_image ' src=\"https:\/\/drasandralilianavargas.com\/wp-content\/uploads\/2015\/07\/spa-gallery-1.jpg\" alt='' title='spa-gallery-1'  height=\"533\" width=\"800\"  itemprop=\"thumbnailUrl\" srcset=\"https:\/\/drasandralilianavargas.com\/wp-content\/uploads\/2015\/07\/spa-gallery-1.jpg 800w, https:\/\/drasandralilianavargas.com\/wp-content\/uploads\/2015\/07\/spa-gallery-1-300x200.jpg 300w, https:\/\/drasandralilianavargas.com\/wp-content\/uploads\/2015\/07\/spa-gallery-1-768x512.jpg 768w, https:\/\/drasandralilianavargas.com\/wp-content\/uploads\/2015\/07\/spa-gallery-1-705x470.jpg 705w\" sizes=\"(max-width: 800px) 100vw, 800px\" \/><\/div><\/div><\/div>\n<\/div><\/div>\n<style type=\"text\/css\" data-created_by=\"avia_inline_auto\" id=\"style-css-av-58lf3m-a5a31af89168112dacf977010f48b4e6\">\n.flex_cell.av-58lf3m-a5a31af89168112dacf977010f48b4e6{\nvertical-align:middle;\n}\n.responsive #top #wrap_all .flex_cell.av-58lf3m-a5a31af89168112dacf977010f48b4e6{\npadding:80px 80px 80px 80px !important;\n}\n<\/style>\n<div class='flex_cell av-58lf3m-a5a31af89168112dacf977010f48b4e6 av-gridrow-cell av_one_half no_margin  avia-builder-el-17  el_after_av_cell_one_half  avia-builder-el-last ' ><div class='flex_cell_inner'><p>\n<style type=\"text\/css\" data-created_by=\"avia_inline_auto\" id=\"style-css-av-4zv4aa-8fb18609d8b515977f4200c012064d63\">\n#top .av-special-heading.av-4zv4aa-8fb18609d8b515977f4200c012064d63{\npadding-bottom:10px;\n}\nbody .av-special-heading.av-4zv4aa-8fb18609d8b515977f4200c012064d63 .av-special-heading-tag .heading-char{\nfont-size:25px;\n}\n.av-special-heading.av-4zv4aa-8fb18609d8b515977f4200c012064d63 .av-subheading{\nfont-size:15px;\n}\n<\/style>\n<div  class='av-special-heading av-4zv4aa-8fb18609d8b515977f4200c012064d63 av-special-heading-h2 blockquote modern-quote  avia-builder-el-18  el_before_av_textblock  avia-builder-el-first '><h2 class='av-special-heading-tag'  itemprop=\"headline\"  >Cuidados previos al tratamiento<\/h2><div class=\"special-heading-border\"><div class=\"special-heading-inner-border\"><\/div><\/div><\/div><br \/>\n\n<style type=\"text\/css\" data-created_by=\"avia_inline_auto\" id=\"style-css-av-4vrtte-9b5a66fd22ef904694a97e4209ea9571\">\n#top .av_textblock_section.av-4vrtte-9b5a66fd22ef904694a97e4209ea9571 .avia_textblock{\ntext-align:justify;\n}\n<\/style>\n<section  class='av_textblock_section av-4vrtte-9b5a66fd22ef904694a97e4209ea9571'  itemscope=\"itemscope\" itemtype=\"https:\/\/schema.org\/CreativeWork\" ><div class='avia_textblock'  itemprop=\"text\" ><p>Es importante que antes de realizarse una reducci\u00f3n de abdomen debe informar a su Cirujano Pl\u00e1stico sobre el uso medicamentos (anticonceptivos, aspirina etc.), as\u00ed mismo sobre enfermedades (flebitis en las piernas, desordenes digestivos, estados gripales recientes etc.), que puedan influir en el procedimiento. Si ha decidido operarse, su cirujano pl\u00e1stico le dar\u00e1 una serie de instrucciones prequir\u00fargicas acerca de las comidas que debe consumir, evitar bebidas alcoh\u00f3licas y algunas drogas. Si fuma ev\u00edtelo por lo menos 2 semanas antes de la cirug\u00eda. No se debe exponer antes y despu\u00e9s de la cirug\u00eda al sol pues este favorece la inflamaci\u00f3n y la acumulaci\u00f3n de pigmento en la cicatriz.<\/p>\n<\/div><\/section><\/p>\n<\/div><\/div>\n<\/div>\n<div id='av-layout-grid-3'  class='av-layout-grid-container av-h2udm-a7a176ba5200303d01dccd25efa62b07 entry-content-wrapper main_color av-flex-cells  avia-builder-el-20  el_after_av_layout_row  avia-builder-el-last  grid-row-not-first  container_wrap fullsize'  >\n\n<style type=\"text\/css\" data-created_by=\"avia_inline_auto\" id=\"style-css-av-4lomyy-a640b30c046b35e1fcdc19ae4aef64a9\">\n.flex_cell.av-4lomyy-a640b30c046b35e1fcdc19ae4aef64a9{\nvertical-align:middle;\n}\n.responsive #top #wrap_all .flex_cell.av-4lomyy-a640b30c046b35e1fcdc19ae4aef64a9{\npadding:80px 80px 80px 80px !important;\n}\n<\/style>\n<div class='flex_cell av-4lomyy-a640b30c046b35e1fcdc19ae4aef64a9 av-gridrow-cell av_one_half no_margin  avia-builder-el-21  el_before_av_cell_one_half  avia-builder-el-first ' ><div class='flex_cell_inner'><p>\n<style type=\"text\/css\" data-created_by=\"avia_inline_auto\" id=\"style-css-av-4dxoj6-dca17068594cdc2647e338a61394fb6d\">\n#top .av-special-heading.av-4dxoj6-dca17068594cdc2647e338a61394fb6d{\npadding-bottom:10px;\n}\nbody .av-special-heading.av-4dxoj6-dca17068594cdc2647e338a61394fb6d .av-special-heading-tag .heading-char{\nfont-size:25px;\n}\n.av-special-heading.av-4dxoj6-dca17068594cdc2647e338a61394fb6d .av-subheading{\nfont-size:15px;\n}\n<\/style>\n<div  class='av-special-heading av-4dxoj6-dca17068594cdc2647e338a61394fb6d av-special-heading-h2 blockquote modern-quote  avia-builder-el-22  el_before_av_textblock  avia-builder-el-first '><h2 class='av-special-heading-tag'  itemprop=\"headline\"  >Cuidados posteriores al tratamiento<\/h2><div class=\"special-heading-border\"><div class=\"special-heading-inner-border\"><\/div><\/div><\/div><br \/>\n\n<style type=\"text\/css\" data-created_by=\"avia_inline_auto\" id=\"style-css-av-45vn6a-f63a673c3a77bdd8a00eb8d7e6fbd3f8\">\n#top .av_textblock_section.av-45vn6a-f63a673c3a77bdd8a00eb8d7e6fbd3f8 .avia_textblock{\ncolor:#000000;\ntext-align:justify;\n}\n<\/style>\n<section  class='av_textblock_section av-45vn6a-f63a673c3a77bdd8a00eb8d7e6fbd3f8'  itemscope=\"itemscope\" itemtype=\"https:\/\/schema.org\/CreativeWork\" ><div class='avia_textblock av_inherit_color'  itemprop=\"text\" ><p>Evite estar prolongadamente acostada(o), camine cortos trechos de forma frecuente y respire con inspiraciones profundas del t\u00f3rax para evitar complicaciones pulmonares (acumulaci\u00f3n de secreciones e infecci\u00f3n). El 1\u00ba d\u00eda postoperatorio de su reducci\u00f3n de abdomen es conveniente mantener las piernas flejadas con apoyo. El abdomen se encuentra inflamado y va a sentir malestar que es controlado con medicaci\u00f3n analg\u00e9sica. Su cirujano pl\u00e1stico le recomendar\u00e1 el uso de faja de lycra y programar\u00e1 el retiro de puntos de sutura y drenes.<\/p>\n<\/div><\/section><\/p>\n<\/div><\/div>\n<style type=\"text\/css\" data-created_by=\"avia_inline_auto\" id=\"style-css-av-43y7y2-fbbb2043cded9681b055f0abdbf81270\">\n.flex_cell.av-43y7y2-fbbb2043cded9681b055f0abdbf81270{\nvertical-align:middle;\nbackground-color:#e7b8b8;\n}\n.responsive #top #wrap_all .flex_cell.av-43y7y2-fbbb2043cded9681b055f0abdbf81270{\npadding:0px 0px 0px 0px !important;\n}\n<\/style>\n<div class='flex_cell av-43y7y2-fbbb2043cded9681b055f0abdbf81270 av-gridrow-cell av_one_half no_margin  avia-builder-el-24  el_after_av_cell_one_half  avia-builder-el-last  av-zero-padding' ><div class='flex_cell_inner'>\n<style type=\"text\/css\" data-created_by=\"avia_inline_auto\" id=\"style-css-av-3d5lv6-e6f5309d5502470a05d04e5485496d83\">\n.avia-image-container.av-3d5lv6-e6f5309d5502470a05d04e5485496d83 img.avia_image{\nbox-shadow:none;\n}\n.avia-image-container.av-3d5lv6-e6f5309d5502470a05d04e5485496d83 .av-image-caption-overlay-center{\ncolor:#ffffff;\n}\n<\/style>\n<div  class='avia-image-container av-3d5lv6-e6f5309d5502470a05d04e5485496d83 av-styling-no-styling avia-align-center  avia-builder-el-25  avia-builder-el-no-sibling '   itemprop=\"image\" itemscope=\"itemscope\" itemtype=\"https:\/\/schema.org\/ImageObject\" ><div class=\"avia-image-container-inner\"><div class=\"avia-image-overlay-wrap\"><img decoding=\"async\" class='wp-image-218 avia-img-lazy-loading-not-218 avia_image ' src=\"https:\/\/drasandralilianavargas.com\/wp-content\/uploads\/2015\/07\/spa-gallery-4.jpg\" alt='' title='spa-gallery-4'  height=\"533\" width=\"800\"  itemprop=\"thumbnailUrl\" srcset=\"https:\/\/drasandralilianavargas.com\/wp-content\/uploads\/2015\/07\/spa-gallery-4.jpg 800w, https:\/\/drasandralilianavargas.com\/wp-content\/uploads\/2015\/07\/spa-gallery-4-300x200.jpg 300w, https:\/\/drasandralilianavargas.com\/wp-content\/uploads\/2015\/07\/spa-gallery-4-768x512.jpg 768w, https:\/\/drasandralilianavargas.com\/wp-content\/uploads\/2015\/07\/spa-gallery-4-705x470.jpg 705w\" sizes=\"(max-width: 800px) 100vw, 800px\" \/><\/div><\/div><\/div>\n<\/div><\/div>\n<\/div>\n","protected":false},"excerpt":{"rendered":"","protected":false},"author":1,"featured_media":0,"parent":0,"menu_order":0,"comment_status":"open","ping_status":"open","template":"","meta":{"footnotes":""},"aioseo_notices":[],"_links":{"self":[{"href":"https:\/\/drasandralilianavargas.com\/index.php\/wp-json\/wp\/v2\/pages\/154"}],"collection":[{"href":"https:\/\/drasandralilianavargas.com\/index.php\/wp-json\/wp\/v2\/pages"}],"about":[{"href":"https:\/\/drasandralilianavargas.com\/index.php\/wp-json\/wp\/v2\/types\/page"}],"author":[{"embeddable":true,"href":"https:\/\/drasandralilianavargas.com\/index.php\/wp-json\/wp\/v2\/users\/1"}],"replies":[{"embeddable":true,"href":"https:\/\/drasandralilianavargas.com\/index.php\/wp-json\/wp\/v2\/comments?post=154"}],"version-history":[{"count":14,"href":"https:\/\/drasandralilianavargas.com\/index.php\/wp-json\/wp\/v2\/pages\/154\/revisions"}],"predecessor-version":[{"id":941,"href":"https:\/\/drasandralilianavargas.com\/index.php\/wp-json\/wp\/v2\/pages\/154\/revisions\/941"}],"wp:attachment":[{"href":"https:\/\/drasandralilianavargas.com\/index.php\/wp-json\/wp\/v2\/media?parent=154"}],"curies":[{"name":"wp","href":"https:\/\/api.w.org\/{rel}","templated":true}]}}