{"id":552,"date":"2023-03-21T19:26:13","date_gmt":"2023-03-22T00:26:13","guid":{"rendered":"https:\/\/drasandralilianavargas.com\/?page_id=552"},"modified":"2023-09-20T17:48:54","modified_gmt":"2023-09-20T22:48:54","slug":"mamoplastia","status":"publish","type":"page","link":"https:\/\/drasandralilianavargas.com\/index.php\/mamoplastia\/","title":{"rendered":"Mamoplastia"},"content":{"rendered":"<div id='layer_slider_1'  class='avia-layerslider main_color avia-shadow  avia-builder-el-0  el_before_av_section  avia-builder-el-first  container_wrap fullsize'  style='height: 625px; max-width: 3386px; margin: 0 auto;'  ><\/div>\n<div id='av_section_1'  class='avia-section av-3vvkio-8c154a2aa2c6dd980c6c092f58e7b543 main_color avia-section-huge avia-no-border-styling  avia-builder-el-1  el_after_av_layerslider  el_before_av_layout_row  avia-bg-style-scroll container_wrap fullsize'  ><div class='container av-section-cont-open' ><div class='template-page content  av-content-full alpha units'><div class='post-entry post-entry-type-page post-entry-552'><div class='entry-content-wrapper clearfix'>\n\n<style type=\"text\/css\" data-created_by=\"avia_inline_auto\" id=\"style-css-av-lfiy32ae-9a5c70574beac37cf60e79aca62a58f1\">\n#top .av-special-heading.av-lfiy32ae-9a5c70574beac37cf60e79aca62a58f1{\npadding-bottom:20px;\nfont-size:40px;\n}\nbody .av-special-heading.av-lfiy32ae-9a5c70574beac37cf60e79aca62a58f1 .av-special-heading-tag .heading-char{\nfont-size:25px;\n}\n#top #wrap_all .av-special-heading.av-lfiy32ae-9a5c70574beac37cf60e79aca62a58f1 .av-special-heading-tag{\nfont-size:40px;\n}\n.av-special-heading.av-lfiy32ae-9a5c70574beac37cf60e79aca62a58f1 .av-subheading{\nfont-size:15px;\n}\n\n@media only screen and (min-width: 480px) and (max-width: 767px){ \n#top #wrap_all .av-special-heading.av-lfiy32ae-9a5c70574beac37cf60e79aca62a58f1 .av-special-heading-tag{\nfont-size:0.8em;\n}\n}\n\n@media only screen and (max-width: 479px){ \n#top #wrap_all .av-special-heading.av-lfiy32ae-9a5c70574beac37cf60e79aca62a58f1 .av-special-heading-tag{\nfont-size:0.8em;\n}\n}\n<\/style>\n<div  class='av-special-heading av-lfiy32ae-9a5c70574beac37cf60e79aca62a58f1 av-special-heading-h1 blockquote modern-quote modern-centered  avia-builder-el-2  el_before_av_one_fifth  avia-builder-el-first  av-inherit-size'><h1 class='av-special-heading-tag'  itemprop=\"headline\"  >La Mamoplastia <br \/>\u00bfQu\u00e9 es una Mamoplastia?<\/h1><div class=\"special-heading-border\"><div class=\"special-heading-inner-border\"><\/div><\/div><\/div>\n\n<style type=\"text\/css\" data-created_by=\"avia_inline_auto\" id=\"style-css-av-3oqv08-6d44dc035d04a7d216cb5d570ad1c12e\">\n.flex_column.av-3oqv08-6d44dc035d04a7d216cb5d570ad1c12e{\n-webkit-border-radius:0px 0px 0px 0px;\n-moz-border-radius:0px 0px 0px 0px;\nborder-radius:0px 0px 0px 0px;\npadding:0px 0px 0px 0px;\n}\n<\/style>\n<div class='flex_column av-3oqv08-6d44dc035d04a7d216cb5d570ad1c12e av_one_fifth  avia-builder-el-3  el_after_av_heading  el_before_av_three_fifth  first flex_column_div av-zero-column-padding '     ><\/div>\n<style type=\"text\/css\" data-created_by=\"avia_inline_auto\" id=\"style-css-av-3it5c0-1e5e59d02981e825dd72c7315b9d150e\">\n.flex_column.av-3it5c0-1e5e59d02981e825dd72c7315b9d150e{\n-webkit-border-radius:0px 0px 0px 0px;\n-moz-border-radius:0px 0px 0px 0px;\nborder-radius:0px 0px 0px 0px;\npadding:0px 0px 0px 0px;\n}\n<\/style>\n<div class='flex_column av-3it5c0-1e5e59d02981e825dd72c7315b9d150e av_three_fifth  avia-builder-el-4  el_after_av_one_fifth  el_before_av_one_fifth  flex_column_div av-animated-generic bottom-to-top av-zero-column-padding '     ><p>\n<style type=\"text\/css\" data-created_by=\"avia_inline_auto\" id=\"style-css-av-lfiy3f3h-d3d36e59afc74e802e4f43da130da9c3\">\n#top .av_textblock_section.av-lfiy3f3h-d3d36e59afc74e802e4f43da130da9c3 .avia_textblock{\ncolor:#000000;\ntext-align:justify;\n}\n<\/style>\n<section  class='av_textblock_section av-lfiy3f3h-d3d36e59afc74e802e4f43da130da9c3'  itemscope=\"itemscope\" itemtype=\"https:\/\/schema.org\/CreativeWork\" ><div class='avia_textblock av_inherit_color'  itemprop=\"text\" ><p>Los embarazos, la lactancia, los cambios bruscos de peso y el paso del tiempo, modifican el tama\u00f1o y la forma de la mama, cuando la piel se estira y cuelga, aparte de realizar un aumento, se puede realizar una mastopexia, que sirve para elevar el busto.<\/p>\n<p>Por regla general la paciente que se practicaa aumentoa de mama es una mujer que, a causa de una hipoplasia, o por deformidad de sus mamas, la motiva a llevar a cabo una intervenci\u00f3n como una mamoplastia de aumento, una pexima mamaria o levantamiento, una simetrazaci\u00f3n , entre otras.<\/p>\n<p>Cuando los senos son muy grandes, tambi\u00e9n se pueden realizan procedimientos como; mamopalstia de reducci\u00f3n con pexia mamaria.<\/p>\n<\/div><\/section><br \/>\n\n<style type=\"text\/css\" data-created_by=\"avia_inline_auto\" id=\"style-css-av-3d89uo-7b08f8278db560afd1cae0b1989f5d6c\">\n#top .hr.av-3d89uo-7b08f8278db560afd1cae0b1989f5d6c{\nmargin-top:70px;\nmargin-bottom:0px;\n}\n.hr.av-3d89uo-7b08f8278db560afd1cae0b1989f5d6c .hr-inner{\nwidth:90px;\nmax-width:45%;\n}\n.hr.av-3d89uo-7b08f8278db560afd1cae0b1989f5d6c .av-seperator-icon{\ncolor:#e7b8b8;\n}\n<\/style>\n<div  class='hr av-3d89uo-7b08f8278db560afd1cae0b1989f5d6c hr-custom  avia-builder-el-6  el_after_av_textblock  avia-builder-el-last  hr-center hr-icon-yes'><span class='hr-inner inner-border-av-border-thin'><span class=\"hr-inner-style\"><\/span><\/span><span class='av-seperator-icon' aria-hidden='true' data-av_icon='\ue8b8' data-av_iconfont='entypo-fontello'><\/span><span class='hr-inner inner-border-av-border-thin'><span class=\"hr-inner-style\"><\/span><\/span><\/div><\/p><\/div>\n<style type=\"text\/css\" data-created_by=\"avia_inline_auto\" id=\"style-css-av-39y1og-9cc45615a9983d9c3679f125c9d629d6\">\n.flex_column.av-39y1og-9cc45615a9983d9c3679f125c9d629d6{\n-webkit-border-radius:0px 0px 0px 0px;\n-moz-border-radius:0px 0px 0px 0px;\nborder-radius:0px 0px 0px 0px;\npadding:0px 0px 0px 0px;\n}\n<\/style>\n<div class='flex_column av-39y1og-9cc45615a9983d9c3679f125c9d629d6 av_one_fifth  avia-builder-el-7  el_after_av_three_fifth  avia-builder-el-last  flex_column_div av-zero-column-padding '     ><\/div><\/div><\/div><\/div><!-- close content main div --><\/div><\/div><div id='av-layout-grid-1'  class='av-layout-grid-container av-343odk-3425bd71f9c211c66d3e249eb6ed738c entry-content-wrapper main_color av-flex-cells  avia-builder-el-8  el_after_av_section  el_before_av_layout_row  grid-row-not-first  container_wrap fullsize'  >\n\n<style type=\"text\/css\" data-created_by=\"avia_inline_auto\" id=\"style-css-av-2yyn40-b6b83cb49f025c29e4b2436b255978ad\">\n.flex_cell.av-2yyn40-b6b83cb49f025c29e4b2436b255978ad{\nvertical-align:middle;\n}\n.responsive #top #wrap_all .flex_cell.av-2yyn40-b6b83cb49f025c29e4b2436b255978ad{\npadding:80px 80px 80px 80px !important;\n}\n<\/style>\n<div class='flex_cell av-2yyn40-b6b83cb49f025c29e4b2436b255978ad av-gridrow-cell av_one_half no_margin  avia-builder-el-9  el_before_av_cell_one_half  avia-builder-el-first ' ><div class='flex_cell_inner'><\/div><\/div>\n<style type=\"text\/css\" data-created_by=\"avia_inline_auto\" id=\"style-css-av-2fk9wo-c754c228ade9766e633eba2a6967fe54\">\n.flex_cell.av-2fk9wo-c754c228ade9766e633eba2a6967fe54{\nvertical-align:bottom;\nbackground-color:#e7b8b8;\n}\n.responsive #top #wrap_all .flex_cell.av-2fk9wo-c754c228ade9766e633eba2a6967fe54{\npadding:0px 0px 0px 0px !important;\n}\n<\/style>\n<div class='flex_cell av-2fk9wo-c754c228ade9766e633eba2a6967fe54 av-gridrow-cell av_one_half no_margin  avia-builder-el-10  el_after_av_cell_one_half  avia-builder-el-last  av-zero-padding' ><div class='flex_cell_inner'>\n<style type=\"text\/css\" data-created_by=\"avia_inline_auto\" id=\"style-css-av-26gr0g-1c158a836be3e344f5e1866ae9f16ea3\">\n.avia-image-container.av-26gr0g-1c158a836be3e344f5e1866ae9f16ea3 img.avia_image{\nbox-shadow:none;\n}\n.avia-image-container.av-26gr0g-1c158a836be3e344f5e1866ae9f16ea3 .av-image-caption-overlay-center{\ncolor:#ffffff;\n}\n<\/style>\n<div  class='avia-image-container av-26gr0g-1c158a836be3e344f5e1866ae9f16ea3 av-styling-no-styling avia-align-center  avia-builder-el-11  avia-builder-el-no-sibling '   itemprop=\"image\" itemscope=\"itemscope\" itemtype=\"https:\/\/schema.org\/ImageObject\" ><div class=\"avia-image-container-inner\"><div class=\"avia-image-overlay-wrap\"><img decoding=\"async\" class='wp-image-559 avia-img-lazy-loading-not-559 avia_image ' src=\"https:\/\/drasandralilianavargas.com\/wp-content\/uploads\/2023\/03\/mamoplastia1.png\" alt='' title=''  height=\"1016\" width=\"1525\"  itemprop=\"thumbnailUrl\" srcset=\"https:\/\/drasandralilianavargas.com\/wp-content\/uploads\/2023\/03\/mamoplastia1.png 1525w, https:\/\/drasandralilianavargas.com\/wp-content\/uploads\/2023\/03\/mamoplastia1-300x200.png 300w, https:\/\/drasandralilianavargas.com\/wp-content\/uploads\/2023\/03\/mamoplastia1-1030x686.png 1030w, https:\/\/drasandralilianavargas.com\/wp-content\/uploads\/2023\/03\/mamoplastia1-768x512.png 768w, https:\/\/drasandralilianavargas.com\/wp-content\/uploads\/2023\/03\/mamoplastia1-1500x999.png 1500w, https:\/\/drasandralilianavargas.com\/wp-content\/uploads\/2023\/03\/mamoplastia1-705x470.png 705w\" sizes=\"(max-width: 1525px) 100vw, 1525px\" \/><\/div><\/div><\/div>\n<\/div><\/div><\/div><div id='av-layout-grid-2'  class='av-layout-grid-container av-24gvtk-63b8c05676559e9362f1b537ee5f4a09 entry-content-wrapper main_color av-flex-cells  avia-builder-el-12  el_after_av_layout_row  el_before_av_layout_row  grid-row-not-first  container_wrap fullsize'  >\n\n<style type=\"text\/css\" data-created_by=\"avia_inline_auto\" id=\"style-css-av-1ub9s8-f1f4e60dfe4bc5f5a48ebf0b82509ada\">\n.flex_cell.av-1ub9s8-f1f4e60dfe4bc5f5a48ebf0b82509ada{\nvertical-align:middle;\nbackground-color:#e7b8b8;\n}\n.responsive #top #wrap_all .flex_cell.av-1ub9s8-f1f4e60dfe4bc5f5a48ebf0b82509ada{\npadding:0px 0px 0px 0px !important;\n}\n<\/style>\n<div class='flex_cell av-1ub9s8-f1f4e60dfe4bc5f5a48ebf0b82509ada av-gridrow-cell av_one_half no_margin  avia-builder-el-13  el_before_av_cell_one_half  avia-builder-el-first  av-zero-padding' ><div class='flex_cell_inner'>\n<style type=\"text\/css\" data-created_by=\"avia_inline_auto\" id=\"style-css-av-1qzbvs-6bbd4ce4be84a58a86e5305d73446d09\">\n.avia-image-container.av-1qzbvs-6bbd4ce4be84a58a86e5305d73446d09 img.avia_image{\nbox-shadow:none;\n}\n.avia-image-container.av-1qzbvs-6bbd4ce4be84a58a86e5305d73446d09 .av-image-caption-overlay-center{\ncolor:#ffffff;\n}\n<\/style>\n<div  class='avia-image-container av-1qzbvs-6bbd4ce4be84a58a86e5305d73446d09 av-styling-no-styling avia-align-center  avia-builder-el-14  avia-builder-el-no-sibling '   itemprop=\"image\" itemscope=\"itemscope\" itemtype=\"https:\/\/schema.org\/ImageObject\" ><div class=\"avia-image-container-inner\"><div class=\"avia-image-overlay-wrap\"><img decoding=\"async\" class='wp-image-561 avia-img-lazy-loading-not-561 avia_image ' src=\"https:\/\/drasandralilianavargas.com\/wp-content\/uploads\/2023\/03\/mamoplastia2.png\" alt='' title=''  height=\"1016\" width=\"1525\"  itemprop=\"thumbnailUrl\" srcset=\"https:\/\/drasandralilianavargas.com\/wp-content\/uploads\/2023\/03\/mamoplastia2.png 1525w, https:\/\/drasandralilianavargas.com\/wp-content\/uploads\/2023\/03\/mamoplastia2-300x200.png 300w, https:\/\/drasandralilianavargas.com\/wp-content\/uploads\/2023\/03\/mamoplastia2-1030x686.png 1030w, https:\/\/drasandralilianavargas.com\/wp-content\/uploads\/2023\/03\/mamoplastia2-768x512.png 768w, https:\/\/drasandralilianavargas.com\/wp-content\/uploads\/2023\/03\/mamoplastia2-1500x999.png 1500w, https:\/\/drasandralilianavargas.com\/wp-content\/uploads\/2023\/03\/mamoplastia2-705x470.png 705w\" sizes=\"(max-width: 1525px) 100vw, 1525px\" \/><\/div><\/div><\/div>\n<\/div><\/div>\n<style type=\"text\/css\" data-created_by=\"avia_inline_auto\" id=\"style-css-av-1mdew0-17d0974845be1ef7fdda90287c89deac\">\n.flex_cell.av-1mdew0-17d0974845be1ef7fdda90287c89deac{\nvertical-align:middle;\n}\n.responsive #top #wrap_all .flex_cell.av-1mdew0-17d0974845be1ef7fdda90287c89deac{\npadding:80px 80px 80px 80px !important;\n}\n<\/style>\n<div class='flex_cell av-1mdew0-17d0974845be1ef7fdda90287c89deac av-gridrow-cell av_one_half no_margin  avia-builder-el-15  el_after_av_cell_one_half  avia-builder-el-last ' ><div class='flex_cell_inner'><p>\n<style type=\"text\/css\" data-created_by=\"avia_inline_auto\" id=\"style-css-av-1cedqg-6f617e3c59a2b875a209cc15e242c9f9\">\n#top .av-special-heading.av-1cedqg-6f617e3c59a2b875a209cc15e242c9f9{\npadding-bottom:10px;\n}\nbody .av-special-heading.av-1cedqg-6f617e3c59a2b875a209cc15e242c9f9 .av-special-heading-tag .heading-char{\nfont-size:25px;\n}\n.av-special-heading.av-1cedqg-6f617e3c59a2b875a209cc15e242c9f9 .av-subheading{\nfont-size:15px;\n}\n<\/style>\n<div  class='av-special-heading av-1cedqg-6f617e3c59a2b875a209cc15e242c9f9 av-special-heading-h2 blockquote modern-quote  avia-builder-el-16  el_before_av_textblock  avia-builder-el-first '><h2 class='av-special-heading-tag'  itemprop=\"headline\"  >Cuidados previos a la cirug\u00eda <\/h2><div class=\"special-heading-border\"><div class=\"special-heading-inner-border\"><\/div><\/div><\/div><br \/>\n\n<style type=\"text\/css\" data-created_by=\"avia_inline_auto\" id=\"style-css-av-173x94-84a36bec69943f6cdd76e699469aa1ba\">\n#top .av_textblock_section.av-173x94-84a36bec69943f6cdd76e699469aa1ba .avia_textblock{\ntext-align:justify;\n}\n<\/style>\n<section  class='av_textblock_section av-173x94-84a36bec69943f6cdd76e699469aa1ba'  itemscope=\"itemscope\" itemtype=\"https:\/\/schema.org\/CreativeWork\" ><div class='avia_textblock'  itemprop=\"text\" ><p>El d\u00eda antes de la cirug\u00eda pl\u00e1stica, en este caso cirug\u00eda de implantes mamarios, es recomendable usar jabones antis\u00e9pticos para ba\u00f1ar el cuerpo. Una buena elecci\u00f3n es cualquier Jab\u00f3n l\u00edquido que contenga Clorhexidina, el cual al entrar en contacto con la piel inhibe o elimina los microorganismos (Bacterias y hongos), disminuyendo dr\u00e1sticamente el riesgo de infecci\u00f3n despu\u00e9s de la cirug\u00eda. Debe comprar un brasier o sujetador tipo tenista para utilizar en el post-operatorio (despu\u00e9s de la cirug\u00eda).<\/p>\n<p>As\u00ed mismo, seguir las recomendaciones que le brinda la Dra. Sandra Liliana Vargas.<\/p>\n<\/div><\/section><\/p>\n<\/div><\/div><\/div><div id='av-layout-grid-3'  class='av-layout-grid-container av-15atw0-bf129b7b1399691df785d3e9aca373e8 entry-content-wrapper main_color av-flex-cells  avia-builder-el-18  el_after_av_layout_row  avia-builder-el-last  grid-row-not-first  container_wrap fullsize'  >\n\n<style type=\"text\/css\" data-created_by=\"avia_inline_auto\" id=\"style-css-av-x3vu0-f2bda7f6c95309289d32d21f236f4eb9\">\n.flex_cell.av-x3vu0-f2bda7f6c95309289d32d21f236f4eb9{\nvertical-align:middle;\n}\n.responsive #top #wrap_all .flex_cell.av-x3vu0-f2bda7f6c95309289d32d21f236f4eb9{\npadding:80px 80px 80px 80px !important;\n}\n<\/style>\n<div class='flex_cell av-x3vu0-f2bda7f6c95309289d32d21f236f4eb9 av-gridrow-cell av_one_half no_margin  avia-builder-el-19  el_before_av_cell_one_half  avia-builder-el-first ' ><div class='flex_cell_inner'><p>\n<style type=\"text\/css\" data-created_by=\"avia_inline_auto\" id=\"style-css-av-tixuw-abbe040197695aaa7b4fb9a1e403130f\">\n#top .av-special-heading.av-tixuw-abbe040197695aaa7b4fb9a1e403130f{\npadding-bottom:10px;\n}\nbody .av-special-heading.av-tixuw-abbe040197695aaa7b4fb9a1e403130f .av-special-heading-tag .heading-char{\nfont-size:25px;\n}\n.av-special-heading.av-tixuw-abbe040197695aaa7b4fb9a1e403130f .av-subheading{\nfont-size:15px;\n}\n<\/style>\n<div  class='av-special-heading av-tixuw-abbe040197695aaa7b4fb9a1e403130f av-special-heading-h2 blockquote modern-quote  avia-builder-el-20  el_before_av_textblock  avia-builder-el-first '><h2 class='av-special-heading-tag'  itemprop=\"headline\"  >Cuidados posteriores al tratamiento<\/h2><div class=\"special-heading-border\"><div class=\"special-heading-inner-border\"><\/div><\/div><\/div><br \/>\n\n<style type=\"text\/css\" data-created_by=\"avia_inline_auto\" id=\"style-css-av-mr8pk-44636d915ae2216c6e7cbc06058c9bb9\">\n#top .av_textblock_section.av-mr8pk-44636d915ae2216c6e7cbc06058c9bb9 .avia_textblock{\ncolor:#000000;\ntext-align:justify;\n}\n<\/style>\n<section  class='av_textblock_section av-mr8pk-44636d915ae2216c6e7cbc06058c9bb9'  itemscope=\"itemscope\" itemtype=\"https:\/\/schema.org\/CreativeWork\" ><div class='avia_textblock av_inherit_color'  itemprop=\"text\" ><p>Debe evitar mojar los senos mientras tenga el vendaje y al dormir debe evitar hacerlo de lado. Siempre boca arriba y preferiblemente con la cabeza elevada.<\/p>\n<p>Se recomienda utilizar el sujetador d\u00eda y noche, el cual se podr\u00e1 retirar seg\u00fan sugerencias de la Dra. Sandra Lilia Vargas.<\/p>\n<\/div><\/section><\/p>\n<\/div><\/div>\n<style type=\"text\/css\" data-created_by=\"avia_inline_auto\" id=\"style-css-av-d43so-227f467fe5cf0e62c04d99c69e05be23\">\n.flex_cell.av-d43so-227f467fe5cf0e62c04d99c69e05be23{\nvertical-align:middle;\nbackground-color:#e7b8b8;\n}\n.responsive #top #wrap_all .flex_cell.av-d43so-227f467fe5cf0e62c04d99c69e05be23{\npadding:0px 0px 0px 0px !important;\n}\n<\/style>\n<div class='flex_cell av-d43so-227f467fe5cf0e62c04d99c69e05be23 av-gridrow-cell av_one_half no_margin  avia-builder-el-22  el_after_av_cell_one_half  avia-builder-el-last  av-zero-padding' ><div class='flex_cell_inner'>\n<style type=\"text\/css\" data-created_by=\"avia_inline_auto\" id=\"style-css-av-88jkw-9654c08a3931686bb4c4d7d0b14be873\">\n.avia-image-container.av-88jkw-9654c08a3931686bb4c4d7d0b14be873 img.avia_image{\nbox-shadow:none;\n}\n.avia-image-container.av-88jkw-9654c08a3931686bb4c4d7d0b14be873 .av-image-caption-overlay-center{\ncolor:#ffffff;\n}\n<\/style>\n<div  class='avia-image-container av-88jkw-9654c08a3931686bb4c4d7d0b14be873 av-styling-no-styling avia-align-center  avia-builder-el-23  avia-builder-el-no-sibling '   itemprop=\"image\" itemscope=\"itemscope\" itemtype=\"https:\/\/schema.org\/ImageObject\" ><div class=\"avia-image-container-inner\"><div class=\"avia-image-overlay-wrap\"><img decoding=\"async\" class='wp-image-566 avia-img-lazy-loading-not-566 avia_image ' src=\"https:\/\/drasandralilianavargas.com\/wp-content\/uploads\/2023\/03\/mamoplstia3.png\" alt='' title=''  height=\"1016\" width=\"1525\"  itemprop=\"thumbnailUrl\" srcset=\"https:\/\/drasandralilianavargas.com\/wp-content\/uploads\/2023\/03\/mamoplstia3.png 1525w, https:\/\/drasandralilianavargas.com\/wp-content\/uploads\/2023\/03\/mamoplstia3-300x200.png 300w, https:\/\/drasandralilianavargas.com\/wp-content\/uploads\/2023\/03\/mamoplstia3-1030x686.png 1030w, https:\/\/drasandralilianavargas.com\/wp-content\/uploads\/2023\/03\/mamoplstia3-768x512.png 768w, https:\/\/drasandralilianavargas.com\/wp-content\/uploads\/2023\/03\/mamoplstia3-1500x999.png 1500w, https:\/\/drasandralilianavargas.com\/wp-content\/uploads\/2023\/03\/mamoplstia3-705x470.png 705w\" sizes=\"(max-width: 1525px) 100vw, 1525px\" \/><\/div><\/div><\/div>\n<\/div><\/div><\/div><\/p>\n","protected":false},"excerpt":{"rendered":"","protected":false},"author":1,"featured_media":0,"parent":0,"menu_order":0,"comment_status":"closed","ping_status":"closed","template":"","meta":{"footnotes":""},"aioseo_notices":[],"_links":{"self":[{"href":"https:\/\/drasandralilianavargas.com\/index.php\/wp-json\/wp\/v2\/pages\/552"}],"collection":[{"href":"https:\/\/drasandralilianavargas.com\/index.php\/wp-json\/wp\/v2\/pages"}],"about":[{"href":"https:\/\/drasandralilianavargas.com\/index.php\/wp-json\/wp\/v2\/types\/page"}],"author":[{"embeddable":true,"href":"https:\/\/drasandralilianavargas.com\/index.php\/wp-json\/wp\/v2\/users\/1"}],"replies":[{"embeddable":true,"href":"https:\/\/drasandralilianavargas.com\/index.php\/wp-json\/wp\/v2\/comments?post=552"}],"version-history":[{"count":9,"href":"https:\/\/drasandralilianavargas.com\/index.php\/wp-json\/wp\/v2\/pages\/552\/revisions"}],"predecessor-version":[{"id":973,"href":"https:\/\/drasandralilianavargas.com\/index.php\/wp-json\/wp\/v2\/pages\/552\/revisions\/973"}],"wp:attachment":[{"href":"https:\/\/drasandralilianavargas.com\/index.php\/wp-json\/wp\/v2\/media?parent=552"}],"curies":[{"name":"wp","href":"https:\/\/api.w.org\/{rel}","templated":true}]}}