{"id":570,"date":"2023-03-24T16:28:33","date_gmt":"2023-03-24T21:28:33","guid":{"rendered":"https:\/\/drasandralilianavargas.com\/?page_id=570"},"modified":"2023-09-22T17:22:47","modified_gmt":"2023-09-22T22:22:47","slug":"reconstruccion-de-seno","status":"publish","type":"page","link":"https:\/\/drasandralilianavargas.com\/index.php\/reconstruccion-de-seno\/","title":{"rendered":"Reconstrucci\u00f3n de seno"},"content":{"rendered":"<div id='layer_slider_1'  class='avia-layerslider main_color avia-shadow  avia-builder-el-0  el_before_av_section  avia-builder-el-first  container_wrap fullsize'  style='height: 625px; max-width: 3386px; margin: 0 auto;'  ><\/div>\n<div id='av_section_1'  class='avia-section av-48a6gq-79e4e9bb182ecb59b3e08d74a46d13a4 main_color avia-section-huge avia-no-border-styling  avia-builder-el-1  el_after_av_layerslider  el_before_av_layout_row  avia-bg-style-scroll container_wrap fullsize'  ><div class='container av-section-cont-open' ><div class='template-page content  av-content-full alpha units'><div class='post-entry post-entry-type-page post-entry-570'><div class='entry-content-wrapper clearfix'>\n\n<style type=\"text\/css\" data-created_by=\"avia_inline_auto\" id=\"style-css-av-426f76-f4562a38ad4a66b281c3aa71622e6ee2\">\n#top .av-special-heading.av-426f76-f4562a38ad4a66b281c3aa71622e6ee2{\npadding-bottom:20px;\nfont-size:40px;\n}\nbody .av-special-heading.av-426f76-f4562a38ad4a66b281c3aa71622e6ee2 .av-special-heading-tag .heading-char{\nfont-size:25px;\n}\n#top #wrap_all .av-special-heading.av-426f76-f4562a38ad4a66b281c3aa71622e6ee2 .av-special-heading-tag{\nfont-size:40px;\n}\n.av-special-heading.av-426f76-f4562a38ad4a66b281c3aa71622e6ee2 .av-subheading{\nfont-size:15px;\n}\n\n@media only screen and (min-width: 480px) and (max-width: 767px){ \n#top #wrap_all .av-special-heading.av-426f76-f4562a38ad4a66b281c3aa71622e6ee2 .av-special-heading-tag{\nfont-size:0.8em;\n}\n}\n\n@media only screen and (max-width: 479px){ \n#top #wrap_all .av-special-heading.av-426f76-f4562a38ad4a66b281c3aa71622e6ee2 .av-special-heading-tag{\nfont-size:0.8em;\n}\n}\n<\/style>\n<div  class='av-special-heading av-426f76-f4562a38ad4a66b281c3aa71622e6ee2 av-special-heading-h1 blockquote modern-quote modern-centered  avia-builder-el-2  el_before_av_one_fifth  avia-builder-el-first  av-inherit-size'><h1 class='av-special-heading-tag'  itemprop=\"headline\"  >Reconstrucci\u00f3n de Seno  <br \/>\u00bfQu\u00e9 es la reconstrucci\u00f3n de seno?<\/h1><div class=\"special-heading-border\"><div class=\"special-heading-inner-border\"><\/div><\/div><\/div>\n\n<style type=\"text\/css\" data-created_by=\"avia_inline_auto\" id=\"style-css-av-3y79ne-7de0beb9b011be00dfc8985a3b6d4687\">\n.flex_column.av-3y79ne-7de0beb9b011be00dfc8985a3b6d4687{\n-webkit-border-radius:0px 0px 0px 0px;\n-moz-border-radius:0px 0px 0px 0px;\nborder-radius:0px 0px 0px 0px;\npadding:0px 0px 0px 0px;\n}\n<\/style>\n<div class='flex_column av-3y79ne-7de0beb9b011be00dfc8985a3b6d4687 av_one_fifth  avia-builder-el-3  el_after_av_heading  el_before_av_three_fifth  first flex_column_div av-zero-column-padding '     ><\/div>\n<style type=\"text\/css\" data-created_by=\"avia_inline_auto\" id=\"style-css-av-3qs6oi-6dfeef9803eda30ce181f0f24b19625d\">\n.flex_column.av-3qs6oi-6dfeef9803eda30ce181f0f24b19625d{\n-webkit-border-radius:0px 0px 0px 0px;\n-moz-border-radius:0px 0px 0px 0px;\nborder-radius:0px 0px 0px 0px;\npadding:0px 0px 0px 0px;\n}\n<\/style>\n<div class='flex_column av-3qs6oi-6dfeef9803eda30ce181f0f24b19625d av_three_fifth  avia-builder-el-4  el_after_av_one_fifth  el_before_av_one_fifth  flex_column_div av-animated-generic bottom-to-top av-zero-column-padding '     ><p>\n<style type=\"text\/css\" data-created_by=\"avia_inline_auto\" id=\"style-css-av-3kfvjm-bde1991069da4bdb78438530f9b02501\">\n#top .av_textblock_section.av-3kfvjm-bde1991069da4bdb78438530f9b02501 .avia_textblock{\ncolor:#000000;\ntext-align:justify;\n}\n<\/style>\n<section  class='av_textblock_section av-3kfvjm-bde1991069da4bdb78438530f9b02501'  itemscope=\"itemscope\" itemtype=\"https:\/\/schema.org\/CreativeWork\" ><div class='avia_textblock av_inherit_color'  itemprop=\"text\" ><p>Muchas mujeres que han tenido una mastectom\u00eda\u2014 una operaci\u00f3n quir\u00fargica para extirpar todo el seno con el fin de tratar o prevenir el c\u00e1ncer de seno\u2014 tienen la opci\u00f3n de hacerse reconstruir la forma del seno que fue extirpado.<\/p>\n<p>Las mujeres que eligen reconstruirse los senos tienen varias opciones de la forma como se puede hacer. Los senos pueden reconstruirse usando implantes de (soluci\u00f3n salina o de silicona). Pueden tambi\u00e9n reconstruirse usando tejido aut\u00f3geno (es decir, el tejido de otros lugares del cuerpo). Algunas veces se usan tanto los implantes como el tejido aut\u00f3geno para reconstruir el seno.<\/p>\n<\/div><\/section><br \/>\n\n<style type=\"text\/css\" data-created_by=\"avia_inline_auto\" id=\"style-css-av-3e84re-2f9214f6dafa19142dd4eadba8864ae5\">\n#top .hr.av-3e84re-2f9214f6dafa19142dd4eadba8864ae5{\nmargin-top:70px;\nmargin-bottom:0px;\n}\n.hr.av-3e84re-2f9214f6dafa19142dd4eadba8864ae5 .hr-inner{\nwidth:90px;\nmax-width:45%;\n}\n.hr.av-3e84re-2f9214f6dafa19142dd4eadba8864ae5 .av-seperator-icon{\ncolor:#e7b8b8;\n}\n<\/style>\n<div  class='hr av-3e84re-2f9214f6dafa19142dd4eadba8864ae5 hr-custom  avia-builder-el-6  el_after_av_textblock  avia-builder-el-last  hr-center hr-icon-yes'><span class='hr-inner inner-border-av-border-thin'><span class=\"hr-inner-style\"><\/span><\/span><span class='av-seperator-icon' aria-hidden='true' data-av_icon='\ue8b8' data-av_iconfont='entypo-fontello'><\/span><span class='hr-inner inner-border-av-border-thin'><span class=\"hr-inner-style\"><\/span><\/span><\/div><\/p><\/div>\n<style type=\"text\/css\" data-created_by=\"avia_inline_auto\" id=\"style-css-av-buk5e-22841b741f6d8ff20a58e06462e34179\">\n.flex_column.av-buk5e-22841b741f6d8ff20a58e06462e34179{\n-webkit-border-radius:0px 0px 0px 0px;\n-moz-border-radius:0px 0px 0px 0px;\nborder-radius:0px 0px 0px 0px;\npadding:0px 0px 0px 0px;\n}\n<\/style>\n<div class='flex_column av-buk5e-22841b741f6d8ff20a58e06462e34179 av_one_fifth  avia-builder-el-7  el_after_av_three_fifth  avia-builder-el-last  flex_column_div av-zero-column-padding '     ><\/div>\n\n<\/div><\/div><\/div><!-- close content main div --><\/div><\/div><div id='av-layout-grid-1'  class='av-layout-grid-container av-341zfm-d618ffbfaf989d5d0cc9271693b013e5 entry-content-wrapper main_color av-flex-cells  avia-builder-el-8  el_after_av_section  el_before_av_layout_row  grid-row-not-first  container_wrap fullsize'  >\n\n<style type=\"text\/css\" data-created_by=\"avia_inline_auto\" id=\"style-css-av-aonnu-e30fa2fa6472fe4aeebb73779f4563f1\">\n.flex_cell.av-aonnu-e30fa2fa6472fe4aeebb73779f4563f1{\nvertical-align:middle;\n}\n.responsive #top #wrap_all .flex_cell.av-aonnu-e30fa2fa6472fe4aeebb73779f4563f1{\npadding:80px 80px 80px 80px !important;\n}\n<\/style>\n<div class='flex_cell av-aonnu-e30fa2fa6472fe4aeebb73779f4563f1 av-gridrow-cell av_one_half no_margin  avia-builder-el-9  el_before_av_cell_one_half  avia-builder-el-first ' ><div class='flex_cell_inner'><p>\n<style type=\"text\/css\" data-created_by=\"avia_inline_auto\" id=\"style-css-av-2q7mui-c551d69238df60cf94c4cc49429d4318\">\n#top .av-special-heading.av-2q7mui-c551d69238df60cf94c4cc49429d4318{\npadding-bottom:10px;\n}\nbody .av-special-heading.av-2q7mui-c551d69238df60cf94c4cc49429d4318 .av-special-heading-tag .heading-char{\nfont-size:25px;\n}\n.av-special-heading.av-2q7mui-c551d69238df60cf94c4cc49429d4318 .av-subheading{\nfont-size:15px;\n}\n<\/style>\n<div  class='av-special-heading av-2q7mui-c551d69238df60cf94c4cc49429d4318 av-special-heading-h2 blockquote modern-quote  avia-builder-el-10  el_before_av_textblock  avia-builder-el-first '><h2 class='av-special-heading-tag'  itemprop=\"headline\"  >Procedimiento<\/h2><div class=\"special-heading-border\"><div class=\"special-heading-inner-border\"><\/div><\/div><\/div><br \/>\n\n<style type=\"text\/css\" data-created_by=\"avia_inline_auto\" id=\"style-css-av-2n26qq-06adc8a6b5e5e009ce7965db40a22df1\">\n#top .av_textblock_section.av-2n26qq-06adc8a6b5e5e009ce7965db40a22df1 .avia_textblock{\ncolor:#000000;\ntext-align:justify;\n}\n<\/style>\n<section  class='av_textblock_section av-2n26qq-06adc8a6b5e5e009ce7965db40a22df1'  itemscope=\"itemscope\" itemtype=\"https:\/\/schema.org\/CreativeWork\" ><div class='avia_textblock av_inherit_color'  itemprop=\"text\" ><p>Las mujeres que eligen reconstruirse los senos tienen varias opciones de la forma como se puede hacer. Los senos pueden reconstruirse usando implantes de (soluci\u00f3n salina o de silicona). Pueden tambi\u00e9n reconstruirse usando tejido aut\u00f3geno (es decir, el tejido de otros lugares del cuerpo). Algunas veces se usan tanto los implantes como el tejido aut\u00f3geno para reconstruir el seno.<\/p>\n<\/div><\/section><\/p>\n<\/div><\/div>\n<style type=\"text\/css\" data-created_by=\"avia_inline_auto\" id=\"style-css-av-2bzby2-33662c573aba9e344ca9935633cfad55\">\n.flex_cell.av-2bzby2-33662c573aba9e344ca9935633cfad55{\nvertical-align:bottom;\nbackground-color:#e7b8b8;\n}\n.responsive #top #wrap_all .flex_cell.av-2bzby2-33662c573aba9e344ca9935633cfad55{\npadding:0px 0px 0px 0px !important;\n}\n<\/style>\n<div class='flex_cell av-2bzby2-33662c573aba9e344ca9935633cfad55 av-gridrow-cell av_one_half no_margin  avia-builder-el-12  el_after_av_cell_one_half  avia-builder-el-last  av-zero-padding' ><div class='flex_cell_inner'>\n<style type=\"text\/css\" data-created_by=\"avia_inline_auto\" id=\"style-css-av-2ae1g2-c31723c1cd70a80fc45234a2e2855e82\">\n.avia-image-container.av-2ae1g2-c31723c1cd70a80fc45234a2e2855e82 img.avia_image{\nbox-shadow:none;\n}\n.avia-image-container.av-2ae1g2-c31723c1cd70a80fc45234a2e2855e82 .av-image-caption-overlay-center{\ncolor:#ffffff;\n}\n<\/style>\n<div  class='avia-image-container av-2ae1g2-c31723c1cd70a80fc45234a2e2855e82 av-styling-no-styling avia-align-center  avia-builder-el-13  avia-builder-el-no-sibling '   itemprop=\"image\" itemscope=\"itemscope\" itemtype=\"https:\/\/schema.org\/ImageObject\" ><div class=\"avia-image-container-inner\"><div class=\"avia-image-overlay-wrap\"><img decoding=\"async\" class='wp-image-579 avia-img-lazy-loading-not-579 avia_image ' src=\"https:\/\/drasandralilianavargas.com\/wp-content\/uploads\/2023\/03\/mamo07.png\" alt='' title=''  height=\"1016\" width=\"1525\"  itemprop=\"thumbnailUrl\" srcset=\"https:\/\/drasandralilianavargas.com\/wp-content\/uploads\/2023\/03\/mamo07.png 1525w, https:\/\/drasandralilianavargas.com\/wp-content\/uploads\/2023\/03\/mamo07-300x200.png 300w, https:\/\/drasandralilianavargas.com\/wp-content\/uploads\/2023\/03\/mamo07-1030x686.png 1030w, https:\/\/drasandralilianavargas.com\/wp-content\/uploads\/2023\/03\/mamo07-768x512.png 768w, https:\/\/drasandralilianavargas.com\/wp-content\/uploads\/2023\/03\/mamo07-1500x999.png 1500w, https:\/\/drasandralilianavargas.com\/wp-content\/uploads\/2023\/03\/mamo07-705x470.png 705w\" sizes=\"(max-width: 1525px) 100vw, 1525px\" \/><\/div><\/div><\/div>\n<\/div><\/div>\n<\/div>\n<div id='av-layout-grid-2'  class='av-layout-grid-container av-20a21u-2326b4392476c3e54334cd8faa8c2519 entry-content-wrapper main_color av-flex-cells  avia-builder-el-14  el_after_av_layout_row  el_before_av_layout_row  grid-row-not-first  container_wrap fullsize'  >\n\n<style type=\"text\/css\" data-created_by=\"avia_inline_auto\" id=\"style-css-av-1whzwi-a649f3e280ac0d429f6906ecf0744e65\">\n.flex_cell.av-1whzwi-a649f3e280ac0d429f6906ecf0744e65{\nvertical-align:middle;\nbackground-color:#e7b8b8;\n}\n.responsive #top #wrap_all .flex_cell.av-1whzwi-a649f3e280ac0d429f6906ecf0744e65{\npadding:0px 0px 0px 0px !important;\n}\n<\/style>\n<div class='flex_cell av-1whzwi-a649f3e280ac0d429f6906ecf0744e65 av-gridrow-cell av_one_half no_margin  avia-builder-el-15  el_before_av_cell_one_half  avia-builder-el-first  av-zero-padding' ><div class='flex_cell_inner'>\n<style type=\"text\/css\" data-created_by=\"avia_inline_auto\" id=\"style-css-av-1qjfd6-12e94b4886eff68e10fbae907bf2a293\">\n.avia-image-container.av-1qjfd6-12e94b4886eff68e10fbae907bf2a293 img.avia_image{\nbox-shadow:none;\n}\n.avia-image-container.av-1qjfd6-12e94b4886eff68e10fbae907bf2a293 .av-image-caption-overlay-center{\ncolor:#ffffff;\n}\n<\/style>\n<div  class='avia-image-container av-1qjfd6-12e94b4886eff68e10fbae907bf2a293 av-styling-no-styling avia-align-center  avia-builder-el-16  avia-builder-el-no-sibling '   itemprop=\"image\" itemscope=\"itemscope\" itemtype=\"https:\/\/schema.org\/ImageObject\" ><div class=\"avia-image-container-inner\"><div class=\"avia-image-overlay-wrap\"><img decoding=\"async\" class='wp-image-576 avia-img-lazy-loading-not-576 avia_image ' src=\"https:\/\/drasandralilianavargas.com\/wp-content\/uploads\/2023\/03\/mamo04.png\" alt='' title=''  height=\"1016\" width=\"1525\"  itemprop=\"thumbnailUrl\" srcset=\"https:\/\/drasandralilianavargas.com\/wp-content\/uploads\/2023\/03\/mamo04.png 1525w, https:\/\/drasandralilianavargas.com\/wp-content\/uploads\/2023\/03\/mamo04-300x200.png 300w, https:\/\/drasandralilianavargas.com\/wp-content\/uploads\/2023\/03\/mamo04-1030x686.png 1030w, https:\/\/drasandralilianavargas.com\/wp-content\/uploads\/2023\/03\/mamo04-768x512.png 768w, https:\/\/drasandralilianavargas.com\/wp-content\/uploads\/2023\/03\/mamo04-1500x999.png 1500w, https:\/\/drasandralilianavargas.com\/wp-content\/uploads\/2023\/03\/mamo04-705x470.png 705w\" sizes=\"(max-width: 1525px) 100vw, 1525px\" \/><\/div><\/div><\/div>\n<\/div><\/div>\n<style type=\"text\/css\" data-created_by=\"avia_inline_auto\" id=\"style-css-av-1iwh7u-c24b24c26c6b5588543ce9d995eabd39\">\n.flex_cell.av-1iwh7u-c24b24c26c6b5588543ce9d995eabd39{\nvertical-align:middle;\n}\n.responsive #top #wrap_all .flex_cell.av-1iwh7u-c24b24c26c6b5588543ce9d995eabd39{\npadding:80px 80px 80px 80px !important;\n}\n<\/style>\n<div class='flex_cell av-1iwh7u-c24b24c26c6b5588543ce9d995eabd39 av-gridrow-cell av_one_half no_margin  avia-builder-el-17  el_after_av_cell_one_half  avia-builder-el-last ' ><div class='flex_cell_inner'><p>\n<style type=\"text\/css\" data-created_by=\"avia_inline_auto\" id=\"style-css-av-1hkjwq-ce16c00574538c855a0eecb9d456c6a0\">\n#top .av-special-heading.av-1hkjwq-ce16c00574538c855a0eecb9d456c6a0{\npadding-bottom:10px;\n}\nbody .av-special-heading.av-1hkjwq-ce16c00574538c855a0eecb9d456c6a0 .av-special-heading-tag .heading-char{\nfont-size:25px;\n}\n.av-special-heading.av-1hkjwq-ce16c00574538c855a0eecb9d456c6a0 .av-subheading{\nfont-size:15px;\n}\n<\/style>\n<div  class='av-special-heading av-1hkjwq-ce16c00574538c855a0eecb9d456c6a0 av-special-heading-h2 blockquote modern-quote  avia-builder-el-18  el_before_av_textblock  avia-builder-el-first '><h2 class='av-special-heading-tag'  itemprop=\"headline\"  >Factores que afectan la programaci\u00f3n de la reconstrucci\u00f3n de seno<\/h2><div class=\"special-heading-border\"><div class=\"special-heading-inner-border\"><\/div><\/div><\/div><br \/>\n\n<style type=\"text\/css\" data-created_by=\"avia_inline_auto\" id=\"style-css-av-16n3k2-2474ef1bc802fe07b54287af39e99825\">\n#top .av_textblock_section.av-16n3k2-2474ef1bc802fe07b54287af39e99825 .avia_textblock{\ntext-align:justify;\n}\n<\/style>\n<section  class='av_textblock_section av-16n3k2-2474ef1bc802fe07b54287af39e99825'  itemscope=\"itemscope\" itemtype=\"https:\/\/schema.org\/CreativeWork\" ><div class='avia_textblock'  itemprop=\"text\" ><p>Un factor que puede afectar que se fije el tiempo apropiado para la reconstrucci\u00f3n de seno es si la mujer necesitar\u00e1 radioterapia. La radioterapia puede causar algunas veces problemas para que sane la herida o infecciones en los senos reconstruidos; para evitar complicaciones, algunas mujeres pueden preferir retrasar la reconstrucci\u00f3n hasta que se haya completado la radioterapia.<\/p>\n<\/div><\/section><\/p>\n<\/div><\/div>\n<\/div>\n<div id='av-layout-grid-3'  class='av-layout-grid-container av-11l0ru-ee8e878859274eb973a1005fca0461f8 entry-content-wrapper main_color av-flex-cells  avia-builder-el-20  el_after_av_layout_row  avia-builder-el-last  grid-row-not-first  container_wrap fullsize'  >\n\n<style type=\"text\/css\" data-created_by=\"avia_inline_auto\" id=\"style-css-av-ywrhu-22c2fa46a55c59774649b19586e2d16b\">\n.flex_cell.av-ywrhu-22c2fa46a55c59774649b19586e2d16b{\nvertical-align:middle;\n}\n.responsive #top #wrap_all .flex_cell.av-ywrhu-22c2fa46a55c59774649b19586e2d16b{\npadding:80px 80px 80px 80px !important;\n}\n<\/style>\n<div class='flex_cell av-ywrhu-22c2fa46a55c59774649b19586e2d16b av-gridrow-cell av_one_half no_margin  avia-builder-el-21  el_before_av_cell_one_half  avia-builder-el-first ' ><div class='flex_cell_inner'><p>\n<style type=\"text\/css\" data-created_by=\"avia_inline_auto\" id=\"style-css-av-pfl36-58bfa081c5ee1ef2c4ef0870994a690b\">\n#top .av-special-heading.av-pfl36-58bfa081c5ee1ef2c4ef0870994a690b{\npadding-bottom:10px;\n}\nbody .av-special-heading.av-pfl36-58bfa081c5ee1ef2c4ef0870994a690b .av-special-heading-tag .heading-char{\nfont-size:25px;\n}\n.av-special-heading.av-pfl36-58bfa081c5ee1ef2c4ef0870994a690b .av-subheading{\nfont-size:15px;\n}\n<\/style>\n<div  class='av-special-heading av-pfl36-58bfa081c5ee1ef2c4ef0870994a690b av-special-heading-h2 blockquote modern-quote  avia-builder-el-22  el_before_av_textblock  avia-builder-el-first '><h2 class='av-special-heading-tag'  itemprop=\"headline\"  >Factores que afectan la elecci\u00f3n del m\u00e9todo de reconstrucci\u00f3n de seno<\/h2><div class=\"special-heading-border\"><div class=\"special-heading-inner-border\"><\/div><\/div><\/div><br \/>\n\n<style type=\"text\/css\" data-created_by=\"avia_inline_auto\" id=\"style-css-av-nllbe-f8bb822ea71ac3c809129737114ea2cd\">\n#top .av_textblock_section.av-nllbe-f8bb822ea71ac3c809129737114ea2cd .avia_textblock{\ncolor:#000000;\ntext-align:justify;\n}\n<\/style>\n<section  class='av_textblock_section av-nllbe-f8bb822ea71ac3c809129737114ea2cd'  itemscope=\"itemscope\" itemtype=\"https:\/\/schema.org\/CreativeWork\" ><div class='avia_textblock av_inherit_color'  itemprop=\"text\" ><p>Varios factores pueden influir en el tipo de cirug\u00eda reconstructiva que elija una mujer. Estos factores incluyen el tama\u00f1o y forma del seno que se reconstruye, la edad y salud de la mujer, su historia de cirug\u00edas pasadas, factores quir\u00fargicos de riesgo (por ejemplo, haber fumado y obesidad), que se disponga de tejido aut\u00f3geno, y la ubicaci\u00f3n del tumor en el seno (Las mujeres que han tenido cirug\u00eda abdominal previa pueden no ser candidatas para una reconstrucci\u00f3n con un colgajo que proceda del abdomen).<\/p>\n<\/div><\/section><\/p>\n<\/div><\/div>\n<style type=\"text\/css\" data-created_by=\"avia_inline_auto\" id=\"style-css-av-f39je-13a01ace6b5731773b2993d4ede818ed\">\n.flex_cell.av-f39je-13a01ace6b5731773b2993d4ede818ed{\nvertical-align:middle;\nbackground-color:#e7b8b8;\n}\n.responsive #top #wrap_all .flex_cell.av-f39je-13a01ace6b5731773b2993d4ede818ed{\npadding:0px 0px 0px 0px !important;\n}\n<\/style>\n<div class='flex_cell av-f39je-13a01ace6b5731773b2993d4ede818ed av-gridrow-cell av_one_half no_margin  avia-builder-el-24  el_after_av_cell_one_half  avia-builder-el-last  av-zero-padding' ><div class='flex_cell_inner'>\n<style type=\"text\/css\" data-created_by=\"avia_inline_auto\" id=\"style-css-av-avn7e-550ae2d6062c73e1092a3eb3a45ae315\">\n.avia-image-container.av-avn7e-550ae2d6062c73e1092a3eb3a45ae315 img.avia_image{\nbox-shadow:none;\n}\n.avia-image-container.av-avn7e-550ae2d6062c73e1092a3eb3a45ae315 .av-image-caption-overlay-center{\ncolor:#ffffff;\n}\n<\/style>\n<div  class='avia-image-container av-avn7e-550ae2d6062c73e1092a3eb3a45ae315 av-styling-no-styling avia-align-center  avia-builder-el-25  avia-builder-el-no-sibling '   itemprop=\"image\" itemscope=\"itemscope\" itemtype=\"https:\/\/schema.org\/ImageObject\" ><div class=\"avia-image-container-inner\"><div class=\"avia-image-overlay-wrap\"><img decoding=\"async\" class='wp-image-577 avia-img-lazy-loading-not-577 avia_image ' src=\"https:\/\/drasandralilianavargas.com\/wp-content\/uploads\/2023\/03\/mamo05.png\" alt='' title=''  height=\"1016\" width=\"1525\"  itemprop=\"thumbnailUrl\" srcset=\"https:\/\/drasandralilianavargas.com\/wp-content\/uploads\/2023\/03\/mamo05.png 1525w, https:\/\/drasandralilianavargas.com\/wp-content\/uploads\/2023\/03\/mamo05-300x200.png 300w, https:\/\/drasandralilianavargas.com\/wp-content\/uploads\/2023\/03\/mamo05-1030x686.png 1030w, https:\/\/drasandralilianavargas.com\/wp-content\/uploads\/2023\/03\/mamo05-768x512.png 768w, https:\/\/drasandralilianavargas.com\/wp-content\/uploads\/2023\/03\/mamo05-1500x999.png 1500w, https:\/\/drasandralilianavargas.com\/wp-content\/uploads\/2023\/03\/mamo05-705x470.png 705w\" sizes=\"(max-width: 1525px) 100vw, 1525px\" \/><\/div><\/div><\/div>\n<\/div><\/div>\n<\/div>\n","protected":false},"excerpt":{"rendered":"","protected":false},"author":1,"featured_media":0,"parent":0,"menu_order":0,"comment_status":"closed","ping_status":"closed","template":"","meta":{"footnotes":""},"aioseo_notices":[],"_links":{"self":[{"href":"https:\/\/drasandralilianavargas.com\/index.php\/wp-json\/wp\/v2\/pages\/570"}],"collection":[{"href":"https:\/\/drasandralilianavargas.com\/index.php\/wp-json\/wp\/v2\/pages"}],"about":[{"href":"https:\/\/drasandralilianavargas.com\/index.php\/wp-json\/wp\/v2\/types\/page"}],"author":[{"embeddable":true,"href":"https:\/\/drasandralilianavargas.com\/index.php\/wp-json\/wp\/v2\/users\/1"}],"replies":[{"embeddable":true,"href":"https:\/\/drasandralilianavargas.com\/index.php\/wp-json\/wp\/v2\/comments?post=570"}],"version-history":[{"count":8,"href":"https:\/\/drasandralilianavargas.com\/index.php\/wp-json\/wp\/v2\/pages\/570\/revisions"}],"predecessor-version":[{"id":986,"href":"https:\/\/drasandralilianavargas.com\/index.php\/wp-json\/wp\/v2\/pages\/570\/revisions\/986"}],"wp:attachment":[{"href":"https:\/\/drasandralilianavargas.com\/index.php\/wp-json\/wp\/v2\/media?parent=570"}],"curies":[{"name":"wp","href":"https:\/\/api.w.org\/{rel}","templated":true}]}}