{"id":581,"date":"2023-03-24T16:55:41","date_gmt":"2023-03-24T21:55:41","guid":{"rendered":"https:\/\/drasandralilianavargas.com\/?page_id=581"},"modified":"2023-05-06T01:41:07","modified_gmt":"2023-05-06T06:41:07","slug":"pexia-mamaria","status":"publish","type":"page","link":"https:\/\/drasandralilianavargas.com\/index.php\/pexia-mamaria\/","title":{"rendered":"Pexia Mamaria"},"content":{"rendered":"<div id='layer_slider_1'  class='avia-layerslider main_color avia-shadow  avia-builder-el-0  el_before_av_section  avia-builder-el-first  container_wrap fullsize'  style='height: 625px; max-width: 3386px; margin: 0 auto;'  ><\/div>\n<div id='av_section_1'  class='avia-section av-49fv8t-9e2aa59abc1ae50d4fd41e3d425f4b5f main_color avia-section-huge avia-no-border-styling  avia-builder-el-1  el_after_av_layerslider  el_before_av_layout_row  avia-bg-style-scroll container_wrap fullsize'  ><div class='container av-section-cont-open' ><div class='template-page content  av-content-full alpha units'><div class='post-entry post-entry-type-page post-entry-581'><div class='entry-content-wrapper clearfix'>\n\n<style type=\"text\/css\" data-created_by=\"avia_inline_auto\" id=\"style-css-av-44ea7h-fc2e4eef49b85281f8579f7e47290d20\">\n#top .av-special-heading.av-44ea7h-fc2e4eef49b85281f8579f7e47290d20{\npadding-bottom:20px;\nfont-size:40px;\n}\nbody .av-special-heading.av-44ea7h-fc2e4eef49b85281f8579f7e47290d20 .av-special-heading-tag .heading-char{\nfont-size:25px;\n}\n#top #wrap_all .av-special-heading.av-44ea7h-fc2e4eef49b85281f8579f7e47290d20 .av-special-heading-tag{\nfont-size:40px;\n}\n.av-special-heading.av-44ea7h-fc2e4eef49b85281f8579f7e47290d20 .av-subheading{\nfont-size:15px;\n}\n\n@media only screen and (min-width: 480px) and (max-width: 767px){ \n#top #wrap_all .av-special-heading.av-44ea7h-fc2e4eef49b85281f8579f7e47290d20 .av-special-heading-tag{\nfont-size:0.8em;\n}\n}\n\n@media only screen and (max-width: 479px){ \n#top #wrap_all .av-special-heading.av-44ea7h-fc2e4eef49b85281f8579f7e47290d20 .av-special-heading-tag{\nfont-size:0.8em;\n}\n}\n<\/style>\n<div  class='av-special-heading av-44ea7h-fc2e4eef49b85281f8579f7e47290d20 av-special-heading-h1 blockquote modern-quote modern-centered  avia-builder-el-2  el_before_av_one_fifth  avia-builder-el-first  av-inherit-size'><h1 class='av-special-heading-tag'  itemprop=\"headline\"  >Pexia Mamaria <br \/>\u00bfQue es la Pexia Mamaria?<\/h1><div class=\"special-heading-border\"><div class=\"special-heading-inner-border\"><\/div><\/div><\/div>\n\n<style type=\"text\/css\" data-created_by=\"avia_inline_auto\" id=\"style-css-av-3wvat1-8e6651c1d1a4fe25856bdee3878cc3dd\">\n.flex_column.av-3wvat1-8e6651c1d1a4fe25856bdee3878cc3dd{\n-webkit-border-radius:0px 0px 0px 0px;\n-moz-border-radius:0px 0px 0px 0px;\nborder-radius:0px 0px 0px 0px;\npadding:0px 0px 0px 0px;\n}\n<\/style>\n<div class='flex_column av-3wvat1-8e6651c1d1a4fe25856bdee3878cc3dd av_one_fifth  avia-builder-el-3  el_after_av_heading  el_before_av_three_fifth  first flex_column_div av-zero-column-padding '     ><\/div>\n<style type=\"text\/css\" data-created_by=\"avia_inline_auto\" id=\"style-css-av-d6c2d-d6b7693710bb56bfdb98f421b34e7437\">\n.flex_column.av-d6c2d-d6b7693710bb56bfdb98f421b34e7437{\n-webkit-border-radius:0px 0px 0px 0px;\n-moz-border-radius:0px 0px 0px 0px;\nborder-radius:0px 0px 0px 0px;\npadding:0px 0px 0px 0px;\n}\n<\/style>\n<div class='flex_column av-d6c2d-d6b7693710bb56bfdb98f421b34e7437 av_three_fifth  avia-builder-el-4  el_after_av_one_fifth  el_before_av_one_fifth  flex_column_div av-animated-generic bottom-to-top av-zero-column-padding '     ><p>\n<style type=\"text\/css\" data-created_by=\"avia_inline_auto\" id=\"style-css-av-3it29p-7706b60801d7fe02f5f199605dc0a563\">\n#top .av_textblock_section.av-3it29p-7706b60801d7fe02f5f199605dc0a563 .avia_textblock{\ncolor:#000000;\ntext-align:justify;\n}\n<\/style>\n<section  class='av_textblock_section av-3it29p-7706b60801d7fe02f5f199605dc0a563'  itemscope=\"itemscope\" itemtype=\"https:\/\/schema.org\/CreativeWork\" ><div class='avia_textblock av_inherit_color'  itemprop=\"text\" ><p>La pexia mamaria tambi\u00e9n llamada mastopexia es la cirug\u00eda que tiene como prop\u00f3sito levantar y reafirmar el seno ca\u00eddo (ptosis), cuya piel ha perdido tono y elasticidad. Etimol\u00f3gicamente, el t\u00e9rmino \u201cmastopexia\u201d indica la suspensi\u00f3n de la mama, aunque en realidad quir\u00fargicamente s\u00f3lo se logra reposicionar los tejidos. La pexia mamaria puede practicarse a cualquier edad siempre y cuando la mujer posea buena salud, no est\u00e9 en embarazo, no atraviese la etapa postparto y haya alcanzado la madurez de sus mamas, en el caso de las jovencitas.<\/p>\n<\/div><\/section><br \/>\n\n<style type=\"text\/css\" data-created_by=\"avia_inline_auto\" id=\"style-css-av-3chs65-2ea0402fec4a995e04bf4214002aee57\">\n#top .hr.av-3chs65-2ea0402fec4a995e04bf4214002aee57{\nmargin-top:70px;\nmargin-bottom:0px;\n}\n.hr.av-3chs65-2ea0402fec4a995e04bf4214002aee57 .hr-inner{\nwidth:90px;\nmax-width:45%;\n}\n.hr.av-3chs65-2ea0402fec4a995e04bf4214002aee57 .av-seperator-icon{\ncolor:#e7b8b8;\n}\n<\/style>\n<div  class='hr av-3chs65-2ea0402fec4a995e04bf4214002aee57 hr-custom  avia-builder-el-6  el_after_av_textblock  avia-builder-el-last  hr-center hr-icon-yes'><span class='hr-inner inner-border-av-border-thin'><span class=\"hr-inner-style\"><\/span><\/span><span class='av-seperator-icon' aria-hidden='true' data-av_icon='\ue8b8' data-av_iconfont='entypo-fontello'><\/span><span class='hr-inner inner-border-av-border-thin'><span class=\"hr-inner-style\"><\/span><\/span><\/div><\/p><\/div>\n<style type=\"text\/css\" data-created_by=\"avia_inline_auto\" id=\"style-css-av-3ae2v1-0bc5b83b1f275fdec57f43bf2f878e69\">\n.flex_column.av-3ae2v1-0bc5b83b1f275fdec57f43bf2f878e69{\n-webkit-border-radius:0px 0px 0px 0px;\n-moz-border-radius:0px 0px 0px 0px;\nborder-radius:0px 0px 0px 0px;\npadding:0px 0px 0px 0px;\n}\n<\/style>\n<div class='flex_column av-3ae2v1-0bc5b83b1f275fdec57f43bf2f878e69 av_one_fifth  avia-builder-el-7  el_after_av_three_fifth  avia-builder-el-last  flex_column_div av-zero-column-padding '     ><\/div><\/div><\/div><\/div><!-- close content main div --><\/div><\/div><div id='av-layout-grid-1'  class='av-layout-grid-container av-3208cl-cb5512e1b5d0bb9b1f36d08812593d01 entry-content-wrapper main_color av-flex-cells  avia-builder-el-8  el_after_av_section  el_before_av_layout_row  grid-row-not-first  container_wrap fullsize'  >\n\n<style type=\"text\/css\" data-created_by=\"avia_inline_auto\" id=\"style-css-av-2ukzz9-a95b583ea70b378d5e1ca92a1d30910f\">\n.flex_cell.av-2ukzz9-a95b583ea70b378d5e1ca92a1d30910f{\nvertical-align:middle;\n}\n.responsive #top #wrap_all .flex_cell.av-2ukzz9-a95b583ea70b378d5e1ca92a1d30910f{\npadding:80px 80px 80px 80px !important;\n}\n<\/style>\n<div class='flex_cell av-2ukzz9-a95b583ea70b378d5e1ca92a1d30910f av-gridrow-cell av_one_half no_margin  avia-builder-el-9  el_before_av_cell_one_half  avia-builder-el-first ' ><div class='flex_cell_inner'><p>\n<style type=\"text\/css\" data-created_by=\"avia_inline_auto\" id=\"style-css-av-2t4lel-99511e9a24a1a750f4ace6f54393c1b7\">\n#top .av-special-heading.av-2t4lel-99511e9a24a1a750f4ace6f54393c1b7{\npadding-bottom:10px;\n}\nbody .av-special-heading.av-2t4lel-99511e9a24a1a750f4ace6f54393c1b7 .av-special-heading-tag .heading-char{\nfont-size:25px;\n}\n.av-special-heading.av-2t4lel-99511e9a24a1a750f4ace6f54393c1b7 .av-subheading{\nfont-size:15px;\n}\n<\/style>\n<div  class='av-special-heading av-2t4lel-99511e9a24a1a750f4ace6f54393c1b7 av-special-heading-h2 blockquote modern-quote  avia-builder-el-10  el_before_av_textblock  avia-builder-el-first '><h2 class='av-special-heading-tag'  itemprop=\"headline\"  >Procedimiento<\/h2><div class=\"special-heading-border\"><div class=\"special-heading-inner-border\"><\/div><\/div><\/div><br \/>\n\n<style type=\"text\/css\" data-created_by=\"avia_inline_auto\" id=\"style-css-av-2j5tid-b2397e9fd0b9fb4ff617916fb41229c8\">\n#top .av_textblock_section.av-2j5tid-b2397e9fd0b9fb4ff617916fb41229c8 .avia_textblock{\ncolor:#000000;\ntext-align:justify;\n}\n<\/style>\n<section  class='av_textblock_section av-2j5tid-b2397e9fd0b9fb4ff617916fb41229c8'  itemscope=\"itemscope\" itemtype=\"https:\/\/schema.org\/CreativeWork\" ><div class='avia_textblock av_inherit_color'  itemprop=\"text\" ><p>La cirug\u00eda dura entre 2 a 4 horas y se hace bajo anestesia General. Se puede hacer ambulatorio u hospitalizado seg\u00fan cada paciente. La pexia mamaria busca varios objetivos como son reubicar en una posici\u00f3n m\u00e1s alta la areola y el pez\u00f3n, mejorar la forma del seno bien sea reorganizando el par\u00e9nquima mamario O, si \u00e9ste no es suficiente, colocando una pr\u00f3tesis para restituir el volumen. Finalmente la mamopexia busca ubicar lo mejor posible las cicatrices que son necesarias para mejorar la tensi\u00f3n de la piel.<\/p>\n<\/div><\/section><\/p>\n<\/div><\/div>\n<style type=\"text\/css\" data-created_by=\"avia_inline_auto\" id=\"style-css-av-2cmb45-5c5af36f4a18d2867d074f3bf2c51d08\">\n.flex_cell.av-2cmb45-5c5af36f4a18d2867d074f3bf2c51d08{\nvertical-align:bottom;\nbackground-color:#e7b8b8;\n}\n.responsive #top #wrap_all .flex_cell.av-2cmb45-5c5af36f4a18d2867d074f3bf2c51d08{\npadding:0px 0px 0px 0px !important;\n}\n<\/style>\n<div class='flex_cell av-2cmb45-5c5af36f4a18d2867d074f3bf2c51d08 av-gridrow-cell av_one_half no_margin  avia-builder-el-12  el_after_av_cell_one_half  avia-builder-el-last  av-zero-padding' ><div class='flex_cell_inner'>\n<style type=\"text\/css\" data-created_by=\"avia_inline_auto\" id=\"style-css-av-28eh2d-c578a2b30fd71297883705431787b3bc\">\n.avia-image-container.av-28eh2d-c578a2b30fd71297883705431787b3bc img.avia_image{\nbox-shadow:none;\n}\n.avia-image-container.av-28eh2d-c578a2b30fd71297883705431787b3bc .av-image-caption-overlay-center{\ncolor:#ffffff;\n}\n<\/style>\n<div  class='avia-image-container av-28eh2d-c578a2b30fd71297883705431787b3bc av-styling-no-styling avia-align-center  avia-builder-el-13  avia-builder-el-no-sibling '   itemprop=\"image\" itemscope=\"itemscope\" itemtype=\"https:\/\/schema.org\/ImageObject\" ><div class=\"avia-image-container-inner\"><div class=\"avia-image-overlay-wrap\"><img decoding=\"async\" class='wp-image-561 avia-img-lazy-loading-not-561 avia_image ' src=\"https:\/\/drasandralilianavargas.com\/wp-content\/uploads\/2023\/03\/mamoplastia2.png\" alt='' title=''  height=\"1016\" width=\"1525\"  itemprop=\"thumbnailUrl\" srcset=\"https:\/\/drasandralilianavargas.com\/wp-content\/uploads\/2023\/03\/mamoplastia2.png 1525w, https:\/\/drasandralilianavargas.com\/wp-content\/uploads\/2023\/03\/mamoplastia2-300x200.png 300w, https:\/\/drasandralilianavargas.com\/wp-content\/uploads\/2023\/03\/mamoplastia2-1030x686.png 1030w, https:\/\/drasandralilianavargas.com\/wp-content\/uploads\/2023\/03\/mamoplastia2-768x512.png 768w, https:\/\/drasandralilianavargas.com\/wp-content\/uploads\/2023\/03\/mamoplastia2-1500x999.png 1500w, https:\/\/drasandralilianavargas.com\/wp-content\/uploads\/2023\/03\/mamoplastia2-705x470.png 705w\" sizes=\"(max-width: 1525px) 100vw, 1525px\" \/><\/div><\/div><\/div>\n<\/div><\/div><\/div><div id='av-layout-grid-2'  class='av-layout-grid-container av-238qc5-dce9c53722ea7f440eb0de4ff5e70ab3 entry-content-wrapper main_color av-flex-cells  avia-builder-el-14  el_after_av_layout_row  el_before_av_layout_row  grid-row-not-first  container_wrap fullsize'  >\n\n<style type=\"text\/css\" data-created_by=\"avia_inline_auto\" id=\"style-css-av-1vsu1p-6ce54dfceef99d5b0b4dc5799b734627\">\n.flex_cell.av-1vsu1p-6ce54dfceef99d5b0b4dc5799b734627{\nvertical-align:middle;\nbackground-color:#e7b8b8;\n}\n.responsive #top #wrap_all .flex_cell.av-1vsu1p-6ce54dfceef99d5b0b4dc5799b734627{\npadding:0px 0px 0px 0px !important;\n}\n<\/style>\n<div class='flex_cell av-1vsu1p-6ce54dfceef99d5b0b4dc5799b734627 av-gridrow-cell av_one_half no_margin  avia-builder-el-15  el_before_av_cell_one_half  avia-builder-el-first  av-zero-padding' ><div class='flex_cell_inner'>\n<style type=\"text\/css\" data-created_by=\"avia_inline_auto\" id=\"style-css-av-1r5qm5-36291093c95e76db9cb96a0e9de2f3e3\">\n.avia-image-container.av-1r5qm5-36291093c95e76db9cb96a0e9de2f3e3 img.avia_image{\nbox-shadow:none;\n}\n.avia-image-container.av-1r5qm5-36291093c95e76db9cb96a0e9de2f3e3 .av-image-caption-overlay-center{\ncolor:#ffffff;\n}\n<\/style>\n<div  class='avia-image-container av-1r5qm5-36291093c95e76db9cb96a0e9de2f3e3 av-styling-no-styling avia-align-center  avia-builder-el-16  avia-builder-el-no-sibling '   itemprop=\"image\" itemscope=\"itemscope\" itemtype=\"https:\/\/schema.org\/ImageObject\" ><div class=\"avia-image-container-inner\"><div class=\"avia-image-overlay-wrap\"><img decoding=\"async\" class='wp-image-588 avia-img-lazy-loading-not-588 avia_image ' src=\"https:\/\/drasandralilianavargas.com\/wp-content\/uploads\/2023\/03\/pelxia02.png\" alt='' title=''  height=\"1016\" width=\"1525\"  itemprop=\"thumbnailUrl\" srcset=\"https:\/\/drasandralilianavargas.com\/wp-content\/uploads\/2023\/03\/pelxia02.png 1525w, https:\/\/drasandralilianavargas.com\/wp-content\/uploads\/2023\/03\/pelxia02-300x200.png 300w, https:\/\/drasandralilianavargas.com\/wp-content\/uploads\/2023\/03\/pelxia02-1030x686.png 1030w, https:\/\/drasandralilianavargas.com\/wp-content\/uploads\/2023\/03\/pelxia02-768x512.png 768w, https:\/\/drasandralilianavargas.com\/wp-content\/uploads\/2023\/03\/pelxia02-1500x999.png 1500w, https:\/\/drasandralilianavargas.com\/wp-content\/uploads\/2023\/03\/pelxia02-705x470.png 705w\" sizes=\"(max-width: 1525px) 100vw, 1525px\" \/><\/div><\/div><\/div>\n<\/div><\/div>\n<style type=\"text\/css\" data-created_by=\"avia_inline_auto\" id=\"style-css-av-1m4wl1-5dbb71b6913280f70d94c96492bced41\">\n.flex_cell.av-1m4wl1-5dbb71b6913280f70d94c96492bced41{\nvertical-align:middle;\n}\n.responsive #top #wrap_all .flex_cell.av-1m4wl1-5dbb71b6913280f70d94c96492bced41{\npadding:80px 80px 80px 80px !important;\n}\n<\/style>\n<div class='flex_cell av-1m4wl1-5dbb71b6913280f70d94c96492bced41 av-gridrow-cell av_one_half no_margin  avia-builder-el-17  el_after_av_cell_one_half  avia-builder-el-last ' ><div class='flex_cell_inner'><p>\n<style type=\"text\/css\" data-created_by=\"avia_inline_auto\" id=\"style-css-av-1dosa5-c6e097199ddabdf6b4edfb307dde68ff\">\n#top .av-special-heading.av-1dosa5-c6e097199ddabdf6b4edfb307dde68ff{\npadding-bottom:10px;\n}\nbody .av-special-heading.av-1dosa5-c6e097199ddabdf6b4edfb307dde68ff .av-special-heading-tag .heading-char{\nfont-size:25px;\n}\n.av-special-heading.av-1dosa5-c6e097199ddabdf6b4edfb307dde68ff .av-subheading{\nfont-size:15px;\n}\n<\/style>\n<div  class='av-special-heading av-1dosa5-c6e097199ddabdf6b4edfb307dde68ff av-special-heading-h2 blockquote modern-quote  avia-builder-el-18  el_before_av_textblock  avia-builder-el-first '><h2 class='av-special-heading-tag'  itemprop=\"headline\"  >Cuidados previos al tratamiento<\/h2><div class=\"special-heading-border\"><div class=\"special-heading-inner-border\"><\/div><\/div><\/div><br \/>\n\n<style type=\"text\/css\" data-created_by=\"avia_inline_auto\" id=\"style-css-av-1b0211-4a048db73017d6b120cc0f71a686d843\">\n#top .av_textblock_section.av-1b0211-4a048db73017d6b120cc0f71a686d843 .avia_textblock{\ntext-align:justify;\n}\n<\/style>\n<section  class='av_textblock_section av-1b0211-4a048db73017d6b120cc0f71a686d843'  itemscope=\"itemscope\" itemtype=\"https:\/\/schema.org\/CreativeWork\" ><div class='avia_textblock'  itemprop=\"text\" ><p>Debe tener muy claro el volumen que desea en sus senos y la presencia de sus cicatrices.Su Cirujano Pl\u00e1stico evaluar\u00e1 su estado de salud,sus antecedentes m\u00e9dicos de importancia y valorar\u00e1 los senos. Comente todas las expectativas que tiene con respecto a la cirug\u00eda con su cirujano pl\u00e1stico y \u00e9l le orientara acerca de la mejor opci\u00f3n, alternativas, limitaciones, riesgos y cuidados que debe tener. Si usted fuma, consume drogas como aspirina, anti-inflamatorios, vitamina E, corticoesteroides o presenta sangrado espontaneo o prolongado com\u00e9nteselo a su m\u00e9dico, es importante para evitar complicaciones en la cirug\u00eda.<\/p>\n<\/div><\/section><\/p>\n<\/div><\/div><\/div><div id='av-layout-grid-3'  class='av-layout-grid-container av-12vuql-1aa479e78f854bc47755e47cc1354228 entry-content-wrapper main_color av-flex-cells  avia-builder-el-20  el_after_av_layout_row  avia-builder-el-last  grid-row-not-first  container_wrap fullsize'  >\n\n<style type=\"text\/css\" data-created_by=\"avia_inline_auto\" id=\"style-css-av-zik85-2ba770892a3955f9cfed5a30a419f779\">\n.flex_cell.av-zik85-2ba770892a3955f9cfed5a30a419f779{\nvertical-align:middle;\n}\n.responsive #top #wrap_all .flex_cell.av-zik85-2ba770892a3955f9cfed5a30a419f779{\npadding:80px 80px 80px 80px !important;\n}\n<\/style>\n<div class='flex_cell av-zik85-2ba770892a3955f9cfed5a30a419f779 av-gridrow-cell av_one_half no_margin  avia-builder-el-21  el_before_av_cell_one_half  avia-builder-el-first ' ><div class='flex_cell_inner'><p>\n<style type=\"text\/css\" data-created_by=\"avia_inline_auto\" id=\"style-css-av-ss3tx-d386493481b504f7afcfb645b7ddc49e\">\n#top .av-special-heading.av-ss3tx-d386493481b504f7afcfb645b7ddc49e{\npadding-bottom:10px;\n}\nbody .av-special-heading.av-ss3tx-d386493481b504f7afcfb645b7ddc49e .av-special-heading-tag .heading-char{\nfont-size:25px;\n}\n.av-special-heading.av-ss3tx-d386493481b504f7afcfb645b7ddc49e .av-subheading{\nfont-size:15px;\n}\n<\/style>\n<div  class='av-special-heading av-ss3tx-d386493481b504f7afcfb645b7ddc49e av-special-heading-h2 blockquote modern-quote  avia-builder-el-22  el_before_av_textblock  avia-builder-el-first '><h2 class='av-special-heading-tag'  itemprop=\"headline\"  >Cuidados posteriores al tratamiento<\/h2><div class=\"special-heading-border\"><div class=\"special-heading-inner-border\"><\/div><\/div><\/div><br \/>\n\n<style type=\"text\/css\" data-created_by=\"avia_inline_auto\" id=\"style-css-av-mewad-d99a8bdec84a1e31a828ccffc9355398\">\n#top .av_textblock_section.av-mewad-d99a8bdec84a1e31a828ccffc9355398 .avia_textblock{\ncolor:#000000;\ntext-align:justify;\n}\n<\/style>\n<section  class='av_textblock_section av-mewad-d99a8bdec84a1e31a828ccffc9355398'  itemscope=\"itemscope\" itemtype=\"https:\/\/schema.org\/CreativeWork\" ><div class='avia_textblock av_inherit_color'  itemprop=\"text\" ><p>Al d\u00eda siguiente de la cirug\u00eda usted se sentir\u00e1 cansada y experimentara dolor en el t\u00f3rax, el cual se controla f\u00e1cilmente con la medicaci\u00f3n que le prescribi\u00f3 cirujano pl\u00e1stico. El cirujano puede dejar de drenes que ser\u00e1n retirados en las siguientes 24 a 72 horas. Buena parte de las actividades las podr\u00e1 retomar hacia el 3\u00ba &#8211; 5\u00ba d\u00eda despu\u00e9s de la cirug\u00eda. Usted deber\u00e1 utilizar las 24 horas del d\u00eda y por no menos de un mes un brassier de franela, deportivo para dar la mejor modelaci\u00f3n a su seno mientras cicatriza internamente, adem\u00e1s este le limitar\u00e1 el dolor. Hacia los 14 o 20 d\u00edas se le retirar\u00e1n los puntos.<\/p>\n<\/div><\/section><\/p>\n<\/div><\/div>\n<style type=\"text\/css\" data-created_by=\"avia_inline_auto\" id=\"style-css-av-exr8t-0c73eb90554224d3a28550f364e0f290\">\n.flex_cell.av-exr8t-0c73eb90554224d3a28550f364e0f290{\nvertical-align:middle;\nbackground-color:#e7b8b8;\n}\n.responsive #top #wrap_all .flex_cell.av-exr8t-0c73eb90554224d3a28550f364e0f290{\npadding:0px 0px 0px 0px !important;\n}\n<\/style>\n<div class='flex_cell av-exr8t-0c73eb90554224d3a28550f364e0f290 av-gridrow-cell av_one_half no_margin  avia-builder-el-24  el_after_av_cell_one_half  avia-builder-el-last  av-zero-padding' ><div class='flex_cell_inner'>\n<style type=\"text\/css\" data-created_by=\"avia_inline_auto\" id=\"style-css-av-b2wsd-d4c06326ca1b09475f1fd3fe47532f89\">\n.avia-image-container.av-b2wsd-d4c06326ca1b09475f1fd3fe47532f89 img.avia_image{\nbox-shadow:none;\n}\n.avia-image-container.av-b2wsd-d4c06326ca1b09475f1fd3fe47532f89 .av-image-caption-overlay-center{\ncolor:#ffffff;\n}\n<\/style>\n<div  class='avia-image-container av-b2wsd-d4c06326ca1b09475f1fd3fe47532f89 av-styling-no-styling avia-align-center  avia-builder-el-25  avia-builder-el-no-sibling '   itemprop=\"image\" itemscope=\"itemscope\" itemtype=\"https:\/\/schema.org\/ImageObject\" ><div class=\"avia-image-container-inner\"><div class=\"avia-image-overlay-wrap\"><img decoding=\"async\" class='wp-image-589 avia-img-lazy-loading-not-589 avia_image ' src=\"https:\/\/drasandralilianavargas.com\/wp-content\/uploads\/2023\/03\/plexia01.png\" alt='' title=''  height=\"1016\" width=\"1525\"  itemprop=\"thumbnailUrl\" srcset=\"https:\/\/drasandralilianavargas.com\/wp-content\/uploads\/2023\/03\/plexia01.png 1525w, https:\/\/drasandralilianavargas.com\/wp-content\/uploads\/2023\/03\/plexia01-300x200.png 300w, https:\/\/drasandralilianavargas.com\/wp-content\/uploads\/2023\/03\/plexia01-1030x686.png 1030w, https:\/\/drasandralilianavargas.com\/wp-content\/uploads\/2023\/03\/plexia01-768x512.png 768w, https:\/\/drasandralilianavargas.com\/wp-content\/uploads\/2023\/03\/plexia01-1500x999.png 1500w, https:\/\/drasandralilianavargas.com\/wp-content\/uploads\/2023\/03\/plexia01-705x470.png 705w\" sizes=\"(max-width: 1525px) 100vw, 1525px\" \/><\/div><\/div><\/div>\n<\/div><\/div><\/div><\/p>\n","protected":false},"excerpt":{"rendered":"","protected":false},"author":1,"featured_media":0,"parent":0,"menu_order":0,"comment_status":"closed","ping_status":"closed","template":"","meta":{"footnotes":""},"aioseo_notices":[],"_links":{"self":[{"href":"https:\/\/drasandralilianavargas.com\/index.php\/wp-json\/wp\/v2\/pages\/581"}],"collection":[{"href":"https:\/\/drasandralilianavargas.com\/index.php\/wp-json\/wp\/v2\/pages"}],"about":[{"href":"https:\/\/drasandralilianavargas.com\/index.php\/wp-json\/wp\/v2\/types\/page"}],"author":[{"embeddable":true,"href":"https:\/\/drasandralilianavargas.com\/index.php\/wp-json\/wp\/v2\/users\/1"}],"replies":[{"embeddable":true,"href":"https:\/\/drasandralilianavargas.com\/index.php\/wp-json\/wp\/v2\/comments?post=581"}],"version-history":[{"count":4,"href":"https:\/\/drasandralilianavargas.com\/index.php\/wp-json\/wp\/v2\/pages\/581\/revisions"}],"predecessor-version":[{"id":946,"href":"https:\/\/drasandralilianavargas.com\/index.php\/wp-json\/wp\/v2\/pages\/581\/revisions\/946"}],"wp:attachment":[{"href":"https:\/\/drasandralilianavargas.com\/index.php\/wp-json\/wp\/v2\/media?parent=581"}],"curies":[{"name":"wp","href":"https:\/\/api.w.org\/{rel}","templated":true}]}}