{"id":592,"date":"2023-03-24T17:20:17","date_gmt":"2023-03-24T22:20:17","guid":{"rendered":"https:\/\/drasandralilianavargas.com\/?page_id=592"},"modified":"2023-05-06T01:42:13","modified_gmt":"2023-05-06T06:42:13","slug":"implantes-pectorales-2","status":"publish","type":"page","link":"https:\/\/drasandralilianavargas.com\/index.php\/implantes-pectorales-2\/","title":{"rendered":"Implantes pectorales"},"content":{"rendered":"<div id='layer_slider_1'  class='avia-layerslider main_color avia-shadow  avia-builder-el-0  el_before_av_section  avia-builder-el-first  container_wrap fullsize'  style='height: 625px; max-width: 3386px; margin: 0 auto;'  ><\/div>\n<div id='av_section_1'  class='avia-section av-4641zc-d779ca1d356acd1708c9134a11a01519 main_color avia-section-huge avia-no-border-styling  avia-builder-el-1  el_after_av_layerslider  el_before_av_layout_row  avia-bg-style-scroll container_wrap fullsize'  ><div class='container av-section-cont-open' ><div class='template-page content  av-content-full alpha units'><div class='post-entry post-entry-type-page post-entry-592'><div class='entry-content-wrapper clearfix'>\n\n<style type=\"text\/css\" data-created_by=\"avia_inline_auto\" id=\"style-css-av-44ghow-b67bee5f7fe48af9dc6502d09365bc9a\">\n#top .av-special-heading.av-44ghow-b67bee5f7fe48af9dc6502d09365bc9a{\npadding-bottom:20px;\nfont-size:40px;\n}\nbody .av-special-heading.av-44ghow-b67bee5f7fe48af9dc6502d09365bc9a .av-special-heading-tag .heading-char{\nfont-size:25px;\n}\n#top #wrap_all .av-special-heading.av-44ghow-b67bee5f7fe48af9dc6502d09365bc9a .av-special-heading-tag{\nfont-size:40px;\n}\n.av-special-heading.av-44ghow-b67bee5f7fe48af9dc6502d09365bc9a .av-subheading{\nfont-size:15px;\n}\n\n@media only screen and (min-width: 480px) and (max-width: 767px){ \n#top #wrap_all .av-special-heading.av-44ghow-b67bee5f7fe48af9dc6502d09365bc9a .av-special-heading-tag{\nfont-size:0.8em;\n}\n}\n\n@media only screen and (max-width: 479px){ \n#top #wrap_all .av-special-heading.av-44ghow-b67bee5f7fe48af9dc6502d09365bc9a .av-special-heading-tag{\nfont-size:0.8em;\n}\n}\n<\/style>\n<div  class='av-special-heading av-44ghow-b67bee5f7fe48af9dc6502d09365bc9a av-special-heading-h1 blockquote modern-quote modern-centered  avia-builder-el-2  el_before_av_one_fifth  avia-builder-el-first  av-inherit-size'><h1 class='av-special-heading-tag'  itemprop=\"headline\"  >Implantes pectorales <br \/>\u00bfQue son los Implantes de Pectoral?<\/h1><div class=\"special-heading-border\"><div class=\"special-heading-inner-border\"><\/div><\/div><\/div>\n\n<style type=\"text\/css\" data-created_by=\"avia_inline_auto\" id=\"style-css-av-3xj2iw-3c31ae92b3467ea219e522ca6f9029d5\">\n.flex_column.av-3xj2iw-3c31ae92b3467ea219e522ca6f9029d5{\n-webkit-border-radius:0px 0px 0px 0px;\n-moz-border-radius:0px 0px 0px 0px;\nborder-radius:0px 0px 0px 0px;\npadding:0px 0px 0px 0px;\n}\n<\/style>\n<div class='flex_column av-3xj2iw-3c31ae92b3467ea219e522ca6f9029d5 av_one_fifth  avia-builder-el-3  el_after_av_heading  el_before_av_three_fifth  first flex_column_div av-zero-column-padding '     ><\/div>\n<style type=\"text\/css\" data-created_by=\"avia_inline_auto\" id=\"style-css-av-3q73fs-afcf3c4da8ce80f1d8dd918026db4f06\">\n.flex_column.av-3q73fs-afcf3c4da8ce80f1d8dd918026db4f06{\n-webkit-border-radius:0px 0px 0px 0px;\n-moz-border-radius:0px 0px 0px 0px;\nborder-radius:0px 0px 0px 0px;\npadding:0px 0px 0px 0px;\n}\n<\/style>\n<div class='flex_column av-3q73fs-afcf3c4da8ce80f1d8dd918026db4f06 av_three_fifth  avia-builder-el-4  el_after_av_one_fifth  el_before_av_one_fifth  flex_column_div av-animated-generic bottom-to-top av-zero-column-padding '     ><p>\n<style type=\"text\/css\" data-created_by=\"avia_inline_auto\" id=\"style-css-av-3mjhs8-7d7bf475ed82bd593c17d18d66b87c6e\">\n#top .av_textblock_section.av-3mjhs8-7d7bf475ed82bd593c17d18d66b87c6e .avia_textblock{\ncolor:#000000;\ntext-align:justify;\n}\n<\/style>\n<section  class='av_textblock_section av-3mjhs8-7d7bf475ed82bd593c17d18d66b87c6e'  itemscope=\"itemscope\" itemtype=\"https:\/\/schema.org\/CreativeWork\" ><div class='avia_textblock av_inherit_color'  itemprop=\"text\" ><p>Muchos hombres creen que es imposible crear el desarrollo de pectorales que desean, incluso entrenando intensivamente. Esto ha conllevado a una gran demanda de implantes pectorales. Esta intervenci\u00f3n es para hombres con un pecho subdesarrollado, hombres con un desarrollo asim\u00e9trico de los m\u00fasculos del pecho o simplemente para hombres que no tiene el tipo de m\u00fasculo que desear\u00edan tener, incluso al realizar ejercicio.<\/p>\n<\/div><\/section><br \/>\n\n<style type=\"text\/css\" data-created_by=\"avia_inline_auto\" id=\"style-css-av-3fsug0-7a8c31fe12c97aa78dc0387751c9b932\">\n#top .hr.av-3fsug0-7a8c31fe12c97aa78dc0387751c9b932{\nmargin-top:70px;\nmargin-bottom:0px;\n}\n.hr.av-3fsug0-7a8c31fe12c97aa78dc0387751c9b932 .hr-inner{\nwidth:90px;\nmax-width:45%;\n}\n.hr.av-3fsug0-7a8c31fe12c97aa78dc0387751c9b932 .av-seperator-icon{\ncolor:#e7b8b8;\n}\n<\/style>\n<div  class='hr av-3fsug0-7a8c31fe12c97aa78dc0387751c9b932 hr-custom  avia-builder-el-6  el_after_av_textblock  avia-builder-el-last  hr-center hr-icon-yes'><span class='hr-inner inner-border-av-border-thin'><span class=\"hr-inner-style\"><\/span><\/span><span class='av-seperator-icon' aria-hidden='true' data-av_icon='\ue8b8' data-av_iconfont='entypo-fontello'><\/span><span class='hr-inner inner-border-av-border-thin'><span class=\"hr-inner-style\"><\/span><\/span><\/div><\/p><\/div>\n<style type=\"text\/css\" data-created_by=\"avia_inline_auto\" id=\"style-css-av-36dfb4-ceac4fb082d9ee297c78f33fd3789f3f\">\n.flex_column.av-36dfb4-ceac4fb082d9ee297c78f33fd3789f3f{\n-webkit-border-radius:0px 0px 0px 0px;\n-moz-border-radius:0px 0px 0px 0px;\nborder-radius:0px 0px 0px 0px;\npadding:0px 0px 0px 0px;\n}\n<\/style>\n<div class='flex_column av-36dfb4-ceac4fb082d9ee297c78f33fd3789f3f av_one_fifth  avia-builder-el-7  el_after_av_three_fifth  avia-builder-el-last  flex_column_div av-zero-column-padding '     ><\/div><\/div><\/div><\/div><!-- close content main div --><\/div><\/div><div id='av-layout-grid-1'  class='av-layout-grid-container av-azivs-18aeb02006427d426eff212c10e0a2c9 entry-content-wrapper main_color av-flex-cells  avia-builder-el-8  el_after_av_section  el_before_av_layout_row  grid-row-not-first  container_wrap fullsize'  >\n\n<style type=\"text\/css\" data-created_by=\"avia_inline_auto\" id=\"style-css-av-2w3w2g-6d78068bb2a10fa8bfe0d3e422604fb4\">\n.flex_cell.av-2w3w2g-6d78068bb2a10fa8bfe0d3e422604fb4{\nvertical-align:middle;\n}\n.responsive #top #wrap_all .flex_cell.av-2w3w2g-6d78068bb2a10fa8bfe0d3e422604fb4{\npadding:80px 80px 80px 80px !important;\n}\n<\/style>\n<div class='flex_cell av-2w3w2g-6d78068bb2a10fa8bfe0d3e422604fb4 av-gridrow-cell av_one_half no_margin  avia-builder-el-9  el_before_av_cell_one_half  avia-builder-el-first ' ><div class='flex_cell_inner'><p>\n<style type=\"text\/css\" data-created_by=\"avia_inline_auto\" id=\"style-css-av-2qmt5s-39a2283d311a0911432469c38b311eea\">\n#top .av-special-heading.av-2qmt5s-39a2283d311a0911432469c38b311eea{\npadding-bottom:10px;\n}\nbody .av-special-heading.av-2qmt5s-39a2283d311a0911432469c38b311eea .av-special-heading-tag .heading-char{\nfont-size:25px;\n}\n.av-special-heading.av-2qmt5s-39a2283d311a0911432469c38b311eea .av-subheading{\nfont-size:15px;\n}\n<\/style>\n<div  class='av-special-heading av-2qmt5s-39a2283d311a0911432469c38b311eea av-special-heading-h2 blockquote modern-quote  avia-builder-el-10  el_before_av_textblock  avia-builder-el-first '><h2 class='av-special-heading-tag'  itemprop=\"headline\"  >Procedimiento<\/h2><div class=\"special-heading-border\"><div class=\"special-heading-inner-border\"><\/div><\/div><\/div><br \/>\n\n<style type=\"text\/css\" data-created_by=\"avia_inline_auto\" id=\"style-css-av-2jyeu8-d3c8d99e7646e1a63fade43917545cc4\">\n#top .av_textblock_section.av-2jyeu8-d3c8d99e7646e1a63fade43917545cc4 .avia_textblock{\ncolor:#000000;\ntext-align:justify;\n}\n<\/style>\n<section  class='av_textblock_section av-2jyeu8-d3c8d99e7646e1a63fade43917545cc4'  itemscope=\"itemscope\" itemtype=\"https:\/\/schema.org\/CreativeWork\" ><div class='avia_textblock av_inherit_color'  itemprop=\"text\" ><p>Para la colocaci\u00f3n de los implantes se realiza una incisi\u00f3n axilar de aproximadamente 4 cm por donde se introduce el implante que es alojado en un bolsillo detr\u00e1s del m\u00fasculo pectoral. La cicatriz queda oculta debajo de la zona axilar. Los implantes pectarolas son fabricados con silic\u00f3n y a diferencia de la pr\u00f3tesis mamaria para las mujeres, estos son de silic\u00f3n s\u00f3lido y no contienen Gel. Aunque su consistencia es suave, brindan la firmeza de un m\u00fasculo bien desarrollado. La intervenci\u00f3n puede durar entre una hora y hora y media. Es un procedimiento de tipo ambulatorio. Generalmente se usa anestesia general o local con sedaci\u00f3n complementaria.<\/p>\n<\/div><\/section><\/p>\n<\/div><\/div>\n<style type=\"text\/css\" data-created_by=\"avia_inline_auto\" id=\"style-css-av-8swmw-ae5cea7506f1eb58a9a01a54b684bdf9\">\n.flex_cell.av-8swmw-ae5cea7506f1eb58a9a01a54b684bdf9{\nvertical-align:bottom;\nbackground-color:#e7b8b8;\n}\n.responsive #top #wrap_all .flex_cell.av-8swmw-ae5cea7506f1eb58a9a01a54b684bdf9{\npadding:0px 0px 0px 0px !important;\n}\n<\/style>\n<div class='flex_cell av-8swmw-ae5cea7506f1eb58a9a01a54b684bdf9 av-gridrow-cell av_one_half no_margin  avia-builder-el-12  el_after_av_cell_one_half  avia-builder-el-last  av-zero-padding' ><div class='flex_cell_inner'>\n<style type=\"text\/css\" data-created_by=\"avia_inline_auto\" id=\"style-css-av-28oiyg-69251d98b6d1edd065f3cca098037a0e\">\n.avia-image-container.av-28oiyg-69251d98b6d1edd065f3cca098037a0e img.avia_image{\nbox-shadow:none;\n}\n.avia-image-container.av-28oiyg-69251d98b6d1edd065f3cca098037a0e .av-image-caption-overlay-center{\ncolor:#ffffff;\n}\n<\/style>\n<div  class='avia-image-container av-28oiyg-69251d98b6d1edd065f3cca098037a0e av-styling-no-styling avia-align-center  avia-builder-el-13  avia-builder-el-no-sibling '   itemprop=\"image\" itemscope=\"itemscope\" itemtype=\"https:\/\/schema.org\/ImageObject\" ><div class=\"avia-image-container-inner\"><div class=\"avia-image-overlay-wrap\"><img decoding=\"async\" class='wp-image-597 avia-img-lazy-loading-not-597 avia_image ' src=\"https:\/\/drasandralilianavargas.com\/wp-content\/uploads\/2023\/03\/pecto01.png\" alt='' title=''  height=\"1016\" width=\"1525\"  itemprop=\"thumbnailUrl\" srcset=\"https:\/\/drasandralilianavargas.com\/wp-content\/uploads\/2023\/03\/pecto01.png 1525w, https:\/\/drasandralilianavargas.com\/wp-content\/uploads\/2023\/03\/pecto01-300x200.png 300w, https:\/\/drasandralilianavargas.com\/wp-content\/uploads\/2023\/03\/pecto01-1030x686.png 1030w, https:\/\/drasandralilianavargas.com\/wp-content\/uploads\/2023\/03\/pecto01-768x512.png 768w, https:\/\/drasandralilianavargas.com\/wp-content\/uploads\/2023\/03\/pecto01-1500x999.png 1500w, https:\/\/drasandralilianavargas.com\/wp-content\/uploads\/2023\/03\/pecto01-705x470.png 705w\" sizes=\"(max-width: 1525px) 100vw, 1525px\" \/><\/div><\/div><\/div>\n<\/div><\/div><\/div><div id='av-layout-grid-2'  class='av-layout-grid-container av-254m0o-62262b9c3951d18f57cafc72fd54231d entry-content-wrapper main_color av-flex-cells  avia-builder-el-14  el_after_av_layout_row  el_before_av_layout_row  grid-row-not-first  container_wrap fullsize'  >\n\n<style type=\"text\/css\" data-created_by=\"avia_inline_auto\" id=\"style-css-av-1vcgjs-3ca680c5a75922f5e495f892b986f13e\">\n.flex_cell.av-1vcgjs-3ca680c5a75922f5e495f892b986f13e{\nvertical-align:middle;\nbackground-color:#e7b8b8;\n}\n.responsive #top #wrap_all .flex_cell.av-1vcgjs-3ca680c5a75922f5e495f892b986f13e{\npadding:0px 0px 0px 0px !important;\n}\n<\/style>\n<div class='flex_cell av-1vcgjs-3ca680c5a75922f5e495f892b986f13e av-gridrow-cell av_one_half no_margin  avia-builder-el-15  el_before_av_cell_one_half  avia-builder-el-first  av-zero-padding' ><div class='flex_cell_inner'>\n<style type=\"text\/css\" data-created_by=\"avia_inline_auto\" id=\"style-css-av-1t4qy8-0193877bf58192183ca6885fb50e5064\">\n.avia-image-container.av-1t4qy8-0193877bf58192183ca6885fb50e5064 img.avia_image{\nbox-shadow:none;\n}\n.avia-image-container.av-1t4qy8-0193877bf58192183ca6885fb50e5064 .av-image-caption-overlay-center{\ncolor:#ffffff;\n}\n<\/style>\n<div  class='avia-image-container av-1t4qy8-0193877bf58192183ca6885fb50e5064 av-styling-no-styling avia-align-center  avia-builder-el-16  avia-builder-el-no-sibling '   itemprop=\"image\" itemscope=\"itemscope\" itemtype=\"https:\/\/schema.org\/ImageObject\" ><div class=\"avia-image-container-inner\"><div class=\"avia-image-overlay-wrap\"><img decoding=\"async\" class='wp-image-598 avia-img-lazy-loading-not-598 avia_image ' src=\"https:\/\/drasandralilianavargas.com\/wp-content\/uploads\/2023\/03\/pecto02.png\" alt='' title=''  height=\"1016\" width=\"1525\"  itemprop=\"thumbnailUrl\" srcset=\"https:\/\/drasandralilianavargas.com\/wp-content\/uploads\/2023\/03\/pecto02.png 1525w, https:\/\/drasandralilianavargas.com\/wp-content\/uploads\/2023\/03\/pecto02-300x200.png 300w, https:\/\/drasandralilianavargas.com\/wp-content\/uploads\/2023\/03\/pecto02-1030x686.png 1030w, https:\/\/drasandralilianavargas.com\/wp-content\/uploads\/2023\/03\/pecto02-768x512.png 768w, https:\/\/drasandralilianavargas.com\/wp-content\/uploads\/2023\/03\/pecto02-1500x999.png 1500w, https:\/\/drasandralilianavargas.com\/wp-content\/uploads\/2023\/03\/pecto02-705x470.png 705w\" sizes=\"(max-width: 1525px) 100vw, 1525px\" \/><\/div><\/div><\/div>\n<\/div><\/div>\n<style type=\"text\/css\" data-created_by=\"avia_inline_auto\" id=\"style-css-av-1n5nw8-a832c46ae273b4f59158c6720b75449f\">\n.flex_cell.av-1n5nw8-a832c46ae273b4f59158c6720b75449f{\nvertical-align:middle;\n}\n.responsive #top #wrap_all .flex_cell.av-1n5nw8-a832c46ae273b4f59158c6720b75449f{\npadding:80px 80px 80px 80px !important;\n}\n<\/style>\n<div class='flex_cell av-1n5nw8-a832c46ae273b4f59158c6720b75449f av-gridrow-cell av_one_half no_margin  avia-builder-el-17  el_after_av_cell_one_half  avia-builder-el-last ' ><div class='flex_cell_inner'><p>\n<style type=\"text\/css\" data-created_by=\"avia_inline_auto\" id=\"style-css-av-1e0x0o-96f709580e29860f2353ee1e1b5d7873\">\n#top .av-special-heading.av-1e0x0o-96f709580e29860f2353ee1e1b5d7873{\npadding-bottom:10px;\n}\nbody .av-special-heading.av-1e0x0o-96f709580e29860f2353ee1e1b5d7873 .av-special-heading-tag .heading-char{\nfont-size:25px;\n}\n.av-special-heading.av-1e0x0o-96f709580e29860f2353ee1e1b5d7873 .av-subheading{\nfont-size:15px;\n}\n<\/style>\n<div  class='av-special-heading av-1e0x0o-96f709580e29860f2353ee1e1b5d7873 av-special-heading-h2 blockquote modern-quote  avia-builder-el-18  el_before_av_textblock  avia-builder-el-first '><h2 class='av-special-heading-tag'  itemprop=\"headline\"  >Cuidados previos al tratamiento<\/h2><div class=\"special-heading-border\"><div class=\"special-heading-inner-border\"><\/div><\/div><\/div><br \/>\n\n<style type=\"text\/css\" data-created_by=\"avia_inline_auto\" id=\"style-css-av-16v9k0-318fbf29dbd7d3fbcb0c9402ac8b1ba0\">\n#top .av_textblock_section.av-16v9k0-318fbf29dbd7d3fbcb0c9402ac8b1ba0 .avia_textblock{\ntext-align:justify;\n}\n<\/style>\n<section  class='av_textblock_section av-16v9k0-318fbf29dbd7d3fbcb0c9402ac8b1ba0'  itemscope=\"itemscope\" itemtype=\"https:\/\/schema.org\/CreativeWork\" ><div class='avia_textblock'  itemprop=\"text\" ><p>El paciente debe informar al cirujano sobre todos los medicamentos que est\u00e1 tomando y discutir el impacto que podr\u00eda tener en el procedimiento. Evite tomar aspirina, medicamentos anti-imflamatorios o suplementos vitam\u00ednicos que puedan aumentar el sangrado. Se recomienda dejar de fumar mucho antes del procedimiento. Consulte con su cirujano pl\u00e1stico sobre cu\u00e1ndo debe hacerse.<\/p>\n<\/div><\/section><\/p>\n<\/div><\/div><\/div><div id='av-layout-grid-3'  class='av-layout-grid-container av-12mwzk-a391ad44263c7cac407472637657d82c entry-content-wrapper main_color av-flex-cells  avia-builder-el-20  el_after_av_layout_row  avia-builder-el-last  grid-row-not-first  container_wrap fullsize'  >\n\n<style type=\"text\/css\" data-created_by=\"avia_inline_auto\" id=\"style-css-av-v7pe0-e0968f9507d4ca5aa687baa89fc1eef9\">\n.flex_cell.av-v7pe0-e0968f9507d4ca5aa687baa89fc1eef9{\nvertical-align:middle;\n}\n.responsive #top #wrap_all .flex_cell.av-v7pe0-e0968f9507d4ca5aa687baa89fc1eef9{\npadding:80px 80px 80px 80px !important;\n}\n<\/style>\n<div class='flex_cell av-v7pe0-e0968f9507d4ca5aa687baa89fc1eef9 av-gridrow-cell av_one_half no_margin  avia-builder-el-21  el_before_av_cell_one_half  avia-builder-el-first ' ><div class='flex_cell_inner'><p>\n<style type=\"text\/css\" data-created_by=\"avia_inline_auto\" id=\"style-css-av-rgi3s-95d3ba93c3caafca0921bb0463902ba7\">\n#top .av-special-heading.av-rgi3s-95d3ba93c3caafca0921bb0463902ba7{\npadding-bottom:10px;\n}\nbody .av-special-heading.av-rgi3s-95d3ba93c3caafca0921bb0463902ba7 .av-special-heading-tag .heading-char{\nfont-size:25px;\n}\n.av-special-heading.av-rgi3s-95d3ba93c3caafca0921bb0463902ba7 .av-subheading{\nfont-size:15px;\n}\n<\/style>\n<div  class='av-special-heading av-rgi3s-95d3ba93c3caafca0921bb0463902ba7 av-special-heading-h2 blockquote modern-quote  avia-builder-el-22  el_before_av_textblock  avia-builder-el-first '><h2 class='av-special-heading-tag'  itemprop=\"headline\"  >Cuidados posteriores al tratamiento<\/h2><div class=\"special-heading-border\"><div class=\"special-heading-inner-border\"><\/div><\/div><\/div><br \/>\n\n<style type=\"text\/css\" data-created_by=\"avia_inline_auto\" id=\"style-css-av-mwuwg-a0fc6a62a223eca3a12e6148038495b4\">\n#top .av_textblock_section.av-mwuwg-a0fc6a62a223eca3a12e6148038495b4 .avia_textblock{\ncolor:#000000;\ntext-align:justify;\n}\n<\/style>\n<section  class='av_textblock_section av-mwuwg-a0fc6a62a223eca3a12e6148038495b4'  itemscope=\"itemscope\" itemtype=\"https:\/\/schema.org\/CreativeWork\" ><div class='avia_textblock av_inherit_color'  itemprop=\"text\" ><p>Debe mantener reposo absoluto durante las 48 horas posteriores a la operaci\u00f3n. Durante la recuperaci\u00f3n el paciente deber\u00e1 usar un chaleco compresivo que impide el desplazamiento de los implantes. Este vendaje debe usarse durante 2 semanas. No levante los brazos, no conduzca. Se recomienda permanecer acostado en posici\u00f3n semi inclinada<\/p>\n<\/div><\/section><\/p>\n<\/div><\/div>\n<style type=\"text\/css\" data-created_by=\"avia_inline_auto\" id=\"style-css-av-f1ogg-7c1a994c18f0cdf875b30d955d6be3f2\">\n.flex_cell.av-f1ogg-7c1a994c18f0cdf875b30d955d6be3f2{\nvertical-align:middle;\nbackground-color:#e7b8b8;\n}\n.responsive #top #wrap_all .flex_cell.av-f1ogg-7c1a994c18f0cdf875b30d955d6be3f2{\npadding:0px 0px 0px 0px !important;\n}\n<\/style>\n<div class='flex_cell av-f1ogg-7c1a994c18f0cdf875b30d955d6be3f2 av-gridrow-cell av_one_half no_margin  avia-builder-el-24  el_after_av_cell_one_half  avia-builder-el-last  av-zero-padding' ><div class='flex_cell_inner'>\n<style type=\"text\/css\" data-created_by=\"avia_inline_auto\" id=\"style-css-av-xem8-122fb41d3a5c967c7046c1129f5c5f5d\">\n.avia-image-container.av-xem8-122fb41d3a5c967c7046c1129f5c5f5d img.avia_image{\nbox-shadow:none;\n}\n.avia-image-container.av-xem8-122fb41d3a5c967c7046c1129f5c5f5d .av-image-caption-overlay-center{\ncolor:#ffffff;\n}\n<\/style>\n<div  class='avia-image-container av-xem8-122fb41d3a5c967c7046c1129f5c5f5d av-styling-no-styling avia-align-center  avia-builder-el-25  avia-builder-el-no-sibling '   itemprop=\"image\" itemscope=\"itemscope\" itemtype=\"https:\/\/schema.org\/ImageObject\" ><div class=\"avia-image-container-inner\"><div class=\"avia-image-overlay-wrap\"><img decoding=\"async\" class='wp-image-599 avia-img-lazy-loading-not-599 avia_image ' src=\"https:\/\/drasandralilianavargas.com\/wp-content\/uploads\/2023\/03\/pecto03.png\" alt='' title=''  height=\"1016\" width=\"1525\"  itemprop=\"thumbnailUrl\" srcset=\"https:\/\/drasandralilianavargas.com\/wp-content\/uploads\/2023\/03\/pecto03.png 1525w, https:\/\/drasandralilianavargas.com\/wp-content\/uploads\/2023\/03\/pecto03-300x200.png 300w, https:\/\/drasandralilianavargas.com\/wp-content\/uploads\/2023\/03\/pecto03-1030x686.png 1030w, https:\/\/drasandralilianavargas.com\/wp-content\/uploads\/2023\/03\/pecto03-768x512.png 768w, https:\/\/drasandralilianavargas.com\/wp-content\/uploads\/2023\/03\/pecto03-1500x999.png 1500w, https:\/\/drasandralilianavargas.com\/wp-content\/uploads\/2023\/03\/pecto03-705x470.png 705w\" sizes=\"(max-width: 1525px) 100vw, 1525px\" \/><\/div><\/div><\/div>\n<\/div><\/div><\/div><\/p>\n","protected":false},"excerpt":{"rendered":"","protected":false},"author":1,"featured_media":0,"parent":0,"menu_order":0,"comment_status":"closed","ping_status":"closed","template":"","meta":{"footnotes":""},"aioseo_notices":[],"_links":{"self":[{"href":"https:\/\/drasandralilianavargas.com\/index.php\/wp-json\/wp\/v2\/pages\/592"}],"collection":[{"href":"https:\/\/drasandralilianavargas.com\/index.php\/wp-json\/wp\/v2\/pages"}],"about":[{"href":"https:\/\/drasandralilianavargas.com\/index.php\/wp-json\/wp\/v2\/types\/page"}],"author":[{"embeddable":true,"href":"https:\/\/drasandralilianavargas.com\/index.php\/wp-json\/wp\/v2\/users\/1"}],"replies":[{"embeddable":true,"href":"https:\/\/drasandralilianavargas.com\/index.php\/wp-json\/wp\/v2\/comments?post=592"}],"version-history":[{"count":4,"href":"https:\/\/drasandralilianavargas.com\/index.php\/wp-json\/wp\/v2\/pages\/592\/revisions"}],"predecessor-version":[{"id":947,"href":"https:\/\/drasandralilianavargas.com\/index.php\/wp-json\/wp\/v2\/pages\/592\/revisions\/947"}],"wp:attachment":[{"href":"https:\/\/drasandralilianavargas.com\/index.php\/wp-json\/wp\/v2\/media?parent=592"}],"curies":[{"name":"wp","href":"https:\/\/api.w.org\/{rel}","templated":true}]}}