{"id":602,"date":"2023-03-24T17:37:33","date_gmt":"2023-03-24T22:37:33","guid":{"rendered":"https:\/\/drasandralilianavargas.com\/?page_id=602"},"modified":"2023-05-06T01:43:14","modified_gmt":"2023-05-06T06:43:14","slug":"vaginoplastia-2","status":"publish","type":"page","link":"https:\/\/drasandralilianavargas.com\/index.php\/vaginoplastia-2\/","title":{"rendered":"Vaginoplastia"},"content":{"rendered":"<div id='layer_slider_1'  class='avia-layerslider main_color avia-shadow  avia-builder-el-0  el_before_av_section  avia-builder-el-first  container_wrap fullsize'  style='height: 625px; max-width: 3386px; margin: 0 auto;'  ><\/div>\n<div id='av_section_1'  class='avia-section av-479kl6-f59475cbd252be4e75402b0ccdf6327d main_color avia-section-huge avia-no-border-styling  avia-builder-el-1  el_after_av_layerslider  el_before_av_layout_row  avia-bg-style-scroll container_wrap fullsize'  ><div class='container av-section-cont-open' ><div class='template-page content  av-content-full alpha units'><div class='post-entry post-entry-type-page post-entry-602'><div class='entry-content-wrapper clearfix'>\n\n<style type=\"text\/css\" data-created_by=\"avia_inline_auto\" id=\"style-css-av-43p54q-35b0576f3a1406249c611eafc7e91a35\">\n#top .av-special-heading.av-43p54q-35b0576f3a1406249c611eafc7e91a35{\npadding-bottom:20px;\nfont-size:40px;\n}\nbody .av-special-heading.av-43p54q-35b0576f3a1406249c611eafc7e91a35 .av-special-heading-tag .heading-char{\nfont-size:25px;\n}\n#top #wrap_all .av-special-heading.av-43p54q-35b0576f3a1406249c611eafc7e91a35 .av-special-heading-tag{\nfont-size:40px;\n}\n.av-special-heading.av-43p54q-35b0576f3a1406249c611eafc7e91a35 .av-subheading{\nfont-size:15px;\n}\n\n@media only screen and (min-width: 480px) and (max-width: 767px){ \n#top #wrap_all .av-special-heading.av-43p54q-35b0576f3a1406249c611eafc7e91a35 .av-special-heading-tag{\nfont-size:0.8em;\n}\n}\n\n@media only screen and (max-width: 479px){ \n#top #wrap_all .av-special-heading.av-43p54q-35b0576f3a1406249c611eafc7e91a35 .av-special-heading-tag{\nfont-size:0.8em;\n}\n}\n<\/style>\n<div  class='av-special-heading av-43p54q-35b0576f3a1406249c611eafc7e91a35 av-special-heading-h1 blockquote modern-quote modern-centered  avia-builder-el-2  el_before_av_one_fifth  avia-builder-el-first  av-inherit-size'><h1 class='av-special-heading-tag'  itemprop=\"headline\"  >Vaginoplastia  <br \/>\u00bfQu\u00e9 es la Vaginoplastia?<\/h1><div class=\"special-heading-border\"><div class=\"special-heading-inner-border\"><\/div><\/div><\/div>\n\n<style type=\"text\/css\" data-created_by=\"avia_inline_auto\" id=\"style-css-av-3ua342-b83814c7026d7d1a91468876a838482d\">\n.flex_column.av-3ua342-b83814c7026d7d1a91468876a838482d{\n-webkit-border-radius:0px 0px 0px 0px;\n-moz-border-radius:0px 0px 0px 0px;\nborder-radius:0px 0px 0px 0px;\npadding:0px 0px 0px 0px;\n}\n<\/style>\n<div class='flex_column av-3ua342-b83814c7026d7d1a91468876a838482d av_one_fifth  avia-builder-el-3  el_after_av_heading  el_before_av_three_fifth  first flex_column_div av-zero-column-padding '     ><\/div>\n<style type=\"text\/css\" data-created_by=\"avia_inline_auto\" id=\"style-css-av-3pma7u-f5283f84dc4d9e7c7f567667c646d2f8\">\n.flex_column.av-3pma7u-f5283f84dc4d9e7c7f567667c646d2f8{\n-webkit-border-radius:0px 0px 0px 0px;\n-moz-border-radius:0px 0px 0px 0px;\nborder-radius:0px 0px 0px 0px;\npadding:0px 0px 0px 0px;\n}\n<\/style>\n<div class='flex_column av-3pma7u-f5283f84dc4d9e7c7f567667c646d2f8 av_three_fifth  avia-builder-el-4  el_after_av_one_fifth  el_before_av_one_fifth  flex_column_div av-animated-generic bottom-to-top av-zero-column-padding '     ><p>\n<style type=\"text\/css\" data-created_by=\"avia_inline_auto\" id=\"style-css-av-3mn9le-a7b24181a879010edbfd081affd10497\">\n#top .av_textblock_section.av-3mn9le-a7b24181a879010edbfd081affd10497 .avia_textblock{\ncolor:#000000;\ntext-align:justify;\n}\n<\/style>\n<section  class='av_textblock_section av-3mn9le-a7b24181a879010edbfd081affd10497'  itemscope=\"itemscope\" itemtype=\"https:\/\/schema.org\/CreativeWork\" ><div class='avia_textblock av_inherit_color'  itemprop=\"text\" ><p>El objetivo de la Vaginoplastia es devolver el tono perdido al m\u00fasculo vaginal dando como resultado mayor fuerza y capacidad para contraer. Durante la operaci\u00f3n, el m\u00fasculo estirado en la parte posterior de la vagina se adjunta y acorta con suturas reabsorbibles, mientras que, al mismo tiempo, se quita la piel sobrante. Haciendo esto, los m\u00fasculos vaginales y el tejido blando de alrededor son apretados; las cicatrices no quedar\u00edan visibles.<\/p>\n<\/div><\/section><br \/>\n\n<style type=\"text\/css\" data-created_by=\"avia_inline_auto\" id=\"style-css-av-3el7gq-42cc016066403ce18188b63d658922f3\">\n#top .hr.av-3el7gq-42cc016066403ce18188b63d658922f3{\nmargin-top:70px;\nmargin-bottom:0px;\n}\n.hr.av-3el7gq-42cc016066403ce18188b63d658922f3 .hr-inner{\nwidth:90px;\nmax-width:45%;\n}\n.hr.av-3el7gq-42cc016066403ce18188b63d658922f3 .av-seperator-icon{\ncolor:#e7b8b8;\n}\n<\/style>\n<div  class='hr av-3el7gq-42cc016066403ce18188b63d658922f3 hr-custom  avia-builder-el-6  el_after_av_textblock  avia-builder-el-last  hr-center hr-icon-yes'><span class='hr-inner inner-border-av-border-thin'><span class=\"hr-inner-style\"><\/span><\/span><span class='av-seperator-icon' aria-hidden='true' data-av_icon='\ue8b8' data-av_iconfont='entypo-fontello'><\/span><span class='hr-inner inner-border-av-border-thin'><span class=\"hr-inner-style\"><\/span><\/span><\/div><\/p><\/div>\n<style type=\"text\/css\" data-created_by=\"avia_inline_auto\" id=\"style-css-av-394q5u-4551f09d65ef6fe54101d8b63c251726\">\n.flex_column.av-394q5u-4551f09d65ef6fe54101d8b63c251726{\n-webkit-border-radius:0px 0px 0px 0px;\n-moz-border-radius:0px 0px 0px 0px;\nborder-radius:0px 0px 0px 0px;\npadding:0px 0px 0px 0px;\n}\n<\/style>\n<div class='flex_column av-394q5u-4551f09d65ef6fe54101d8b63c251726 av_one_fifth  avia-builder-el-7  el_after_av_three_fifth  avia-builder-el-last  flex_column_div av-zero-column-padding '     ><\/div><\/div><\/div><\/div><!-- close content main div --><\/div><\/div><div id='av-layout-grid-1'  class='av-layout-grid-container av-33q3zm-0afa10ccfeb91d1d60189db1df47de7d entry-content-wrapper main_color av-flex-cells  avia-builder-el-8  el_after_av_section  el_before_av_layout_row  grid-row-not-first  container_wrap fullsize'  >\n\n<style type=\"text\/css\" data-created_by=\"avia_inline_auto\" id=\"style-css-av-2ywhzm-8db185e796d5825e2caf9f6f29bed195\">\n.flex_cell.av-2ywhzm-8db185e796d5825e2caf9f6f29bed195{\nvertical-align:middle;\n}\n.responsive #top #wrap_all .flex_cell.av-2ywhzm-8db185e796d5825e2caf9f6f29bed195{\npadding:80px 80px 80px 80px !important;\n}\n<\/style>\n<div class='flex_cell av-2ywhzm-8db185e796d5825e2caf9f6f29bed195 av-gridrow-cell av_one_half no_margin  avia-builder-el-9  el_before_av_cell_one_half  avia-builder-el-first ' ><div class='flex_cell_inner'><p>\n<style type=\"text\/css\" data-created_by=\"avia_inline_auto\" id=\"style-css-av-2plikq-905f6a28047038bd12938010deb55f30\">\n#top .av-special-heading.av-2plikq-905f6a28047038bd12938010deb55f30{\npadding-bottom:10px;\n}\nbody .av-special-heading.av-2plikq-905f6a28047038bd12938010deb55f30 .av-special-heading-tag .heading-char{\nfont-size:25px;\n}\n.av-special-heading.av-2plikq-905f6a28047038bd12938010deb55f30 .av-subheading{\nfont-size:15px;\n}\n<\/style>\n<div  class='av-special-heading av-2plikq-905f6a28047038bd12938010deb55f30 av-special-heading-h2 blockquote modern-quote  avia-builder-el-10  el_before_av_textblock  avia-builder-el-first '><h2 class='av-special-heading-tag'  itemprop=\"headline\"  >Procedimiento<\/h2><div class=\"special-heading-border\"><div class=\"special-heading-inner-border\"><\/div><\/div><\/div><br \/>\n\n<style type=\"text\/css\" data-created_by=\"avia_inline_auto\" id=\"style-css-av-2midsy-5e973b71ac29a32315c4c843a62f87b4\">\n#top .av_textblock_section.av-2midsy-5e973b71ac29a32315c4c843a62f87b4 .avia_textblock{\ncolor:#000000;\ntext-align:justify;\n}\n<\/style>\n<section  class='av_textblock_section av-2midsy-5e973b71ac29a32315c4c843a62f87b4'  itemscope=\"itemscope\" itemtype=\"https:\/\/schema.org\/CreativeWork\" ><div class='avia_textblock av_inherit_color'  itemprop=\"text\" ><p>En primer lugar, se procede a anestesiar la zona localizada, por lo que no hace falta ning\u00fan tipo de ingreso hospitalario. En segundo lugar, se dan puntos dentro de la vagina reabsorbibles para tensar la zona interna de la vagina y se reduce el tama\u00f1o de la entrada para que vuelva a su estado natural. Los puntos de sutura se dan generalmente reabsorbibles que no hay que retirarlos y se van cayendo alrededor de los 15 d\u00edas despu\u00e9s de la cirug\u00eda.<\/p>\n<\/div><\/section><\/p>\n<\/div><\/div>\n<style type=\"text\/css\" data-created_by=\"avia_inline_auto\" id=\"style-css-av-2eewqy-ceee647f9460f731ae442ae7ecd20abe\">\n.flex_cell.av-2eewqy-ceee647f9460f731ae442ae7ecd20abe{\nvertical-align:bottom;\nbackground-color:#e7b8b8;\n}\n.responsive #top #wrap_all .flex_cell.av-2eewqy-ceee647f9460f731ae442ae7ecd20abe{\npadding:0px 0px 0px 0px !important;\n}\n<\/style>\n<div class='flex_cell av-2eewqy-ceee647f9460f731ae442ae7ecd20abe av-gridrow-cell av_one_half no_margin  avia-builder-el-12  el_after_av_cell_one_half  avia-builder-el-last  av-zero-padding' ><div class='flex_cell_inner'>\n<style type=\"text\/css\" data-created_by=\"avia_inline_auto\" id=\"style-css-av-2bb1qq-84dbc2650be583c436eae1e99c255317\">\n.avia-image-container.av-2bb1qq-84dbc2650be583c436eae1e99c255317 img.avia_image{\nbox-shadow:none;\n}\n.avia-image-container.av-2bb1qq-84dbc2650be583c436eae1e99c255317 .av-image-caption-overlay-center{\ncolor:#ffffff;\n}\n<\/style>\n<div  class='avia-image-container av-2bb1qq-84dbc2650be583c436eae1e99c255317 av-styling-no-styling avia-align-center  avia-builder-el-13  avia-builder-el-no-sibling '   itemprop=\"image\" itemscope=\"itemscope\" itemtype=\"https:\/\/schema.org\/ImageObject\" ><div class=\"avia-image-container-inner\"><div class=\"avia-image-overlay-wrap\"><img decoding=\"async\" class='wp-image-607 avia-img-lazy-loading-not-607 avia_image ' src=\"https:\/\/drasandralilianavargas.com\/wp-content\/uploads\/2023\/03\/vagi01.png\" alt='' title=''  height=\"1016\" width=\"1525\"  itemprop=\"thumbnailUrl\" srcset=\"https:\/\/drasandralilianavargas.com\/wp-content\/uploads\/2023\/03\/vagi01.png 1525w, https:\/\/drasandralilianavargas.com\/wp-content\/uploads\/2023\/03\/vagi01-300x200.png 300w, https:\/\/drasandralilianavargas.com\/wp-content\/uploads\/2023\/03\/vagi01-1030x686.png 1030w, https:\/\/drasandralilianavargas.com\/wp-content\/uploads\/2023\/03\/vagi01-768x512.png 768w, https:\/\/drasandralilianavargas.com\/wp-content\/uploads\/2023\/03\/vagi01-1500x999.png 1500w, https:\/\/drasandralilianavargas.com\/wp-content\/uploads\/2023\/03\/vagi01-705x470.png 705w\" sizes=\"(max-width: 1525px) 100vw, 1525px\" \/><\/div><\/div><\/div>\n<\/div><\/div><\/div><div id='av-layout-grid-2'  class='av-layout-grid-container av-2034ui-fa4d30c95dbb8bffeb420cefde3770be entry-content-wrapper main_color av-flex-cells  avia-builder-el-14  el_after_av_layout_row  el_before_av_layout_row  grid-row-not-first  container_wrap fullsize'  >\n\n<style type=\"text\/css\" data-created_by=\"avia_inline_auto\" id=\"style-css-av-74wx6-bbd64868cef782b4b61ac5faceacf204\">\n.flex_cell.av-74wx6-bbd64868cef782b4b61ac5faceacf204{\nvertical-align:middle;\nbackground-color:#e7b8b8;\n}\n.responsive #top #wrap_all .flex_cell.av-74wx6-bbd64868cef782b4b61ac5faceacf204{\npadding:0px 0px 0px 0px !important;\n}\n<\/style>\n<div class='flex_cell av-74wx6-bbd64868cef782b4b61ac5faceacf204 av-gridrow-cell av_one_half no_margin  avia-builder-el-15  el_before_av_cell_one_half  avia-builder-el-first  av-zero-padding' ><div class='flex_cell_inner'>\n<style type=\"text\/css\" data-created_by=\"avia_inline_auto\" id=\"style-css-av-1p4jlm-5cadc337b47d8e2ae9a4154be06803f8\">\n.avia-image-container.av-1p4jlm-5cadc337b47d8e2ae9a4154be06803f8 img.avia_image{\nbox-shadow:none;\n}\n.avia-image-container.av-1p4jlm-5cadc337b47d8e2ae9a4154be06803f8 .av-image-caption-overlay-center{\ncolor:#ffffff;\n}\n<\/style>\n<div  class='avia-image-container av-1p4jlm-5cadc337b47d8e2ae9a4154be06803f8 av-styling-no-styling avia-align-center  avia-builder-el-16  avia-builder-el-no-sibling '   itemprop=\"image\" itemscope=\"itemscope\" itemtype=\"https:\/\/schema.org\/ImageObject\" ><div class=\"avia-image-container-inner\"><div class=\"avia-image-overlay-wrap\"><img decoding=\"async\" class='wp-image-610 avia-img-lazy-loading-not-610 avia_image ' src=\"https:\/\/drasandralilianavargas.com\/wp-content\/uploads\/2023\/03\/vagi02.png\" alt='' title=''  height=\"1016\" width=\"1525\"  itemprop=\"thumbnailUrl\" srcset=\"https:\/\/drasandralilianavargas.com\/wp-content\/uploads\/2023\/03\/vagi02.png 1525w, https:\/\/drasandralilianavargas.com\/wp-content\/uploads\/2023\/03\/vagi02-300x200.png 300w, https:\/\/drasandralilianavargas.com\/wp-content\/uploads\/2023\/03\/vagi02-1030x686.png 1030w, https:\/\/drasandralilianavargas.com\/wp-content\/uploads\/2023\/03\/vagi02-768x512.png 768w, https:\/\/drasandralilianavargas.com\/wp-content\/uploads\/2023\/03\/vagi02-1500x999.png 1500w, https:\/\/drasandralilianavargas.com\/wp-content\/uploads\/2023\/03\/vagi02-705x470.png 705w\" sizes=\"(max-width: 1525px) 100vw, 1525px\" \/><\/div><\/div><\/div>\n<\/div><\/div>\n<style type=\"text\/css\" data-created_by=\"avia_inline_auto\" id=\"style-css-av-1icfsi-31e2e99527761b6156ae9d13e06c9e0e\">\n.flex_cell.av-1icfsi-31e2e99527761b6156ae9d13e06c9e0e{\nvertical-align:middle;\n}\n.responsive #top #wrap_all .flex_cell.av-1icfsi-31e2e99527761b6156ae9d13e06c9e0e{\npadding:80px 80px 80px 80px !important;\n}\n<\/style>\n<div class='flex_cell av-1icfsi-31e2e99527761b6156ae9d13e06c9e0e av-gridrow-cell av_one_half no_margin  avia-builder-el-17  el_after_av_cell_one_half  avia-builder-el-last ' ><div class='flex_cell_inner'><p>\n<style type=\"text\/css\" data-created_by=\"avia_inline_auto\" id=\"style-css-av-1gsfl6-f3a4d7d6e1761fe43261caceb1857271\">\n#top .av-special-heading.av-1gsfl6-f3a4d7d6e1761fe43261caceb1857271{\npadding-bottom:10px;\n}\nbody .av-special-heading.av-1gsfl6-f3a4d7d6e1761fe43261caceb1857271 .av-special-heading-tag .heading-char{\nfont-size:25px;\n}\n.av-special-heading.av-1gsfl6-f3a4d7d6e1761fe43261caceb1857271 .av-subheading{\nfont-size:15px;\n}\n<\/style>\n<div  class='av-special-heading av-1gsfl6-f3a4d7d6e1761fe43261caceb1857271 av-special-heading-h2 blockquote modern-quote  avia-builder-el-18  el_before_av_textblock  avia-builder-el-first '><h2 class='av-special-heading-tag'  itemprop=\"headline\"  >Cuidados previos al tratamiento<\/h2><div class=\"special-heading-border\"><div class=\"special-heading-inner-border\"><\/div><\/div><\/div><br \/>\n\n<style type=\"text\/css\" data-created_by=\"avia_inline_auto\" id=\"style-css-av-4fl2a-f9945b4ecd85fd322cc64f2cb2a35929\">\n#top .av_textblock_section.av-4fl2a-f9945b4ecd85fd322cc64f2cb2a35929 .avia_textblock{\ntext-align:justify;\n}\n<\/style>\n<section  class='av_textblock_section av-4fl2a-f9945b4ecd85fd322cc64f2cb2a35929'  itemscope=\"itemscope\" itemtype=\"https:\/\/schema.org\/CreativeWork\" ><div class='avia_textblock'  itemprop=\"text\" ><p>Para la cirug\u00eda se precisa un estudio preoperatorio: An\u00e1lisis de sangre (hemograma, bioqu\u00edmica y coagulaci\u00f3n), electrocardiograma y radiograf\u00eda de t\u00f3rax. No tomar aspirinas (\u00e1cido acet\u00edl salic\u00edlico) u otros medicamentos que contengan salicilatos durante la semana antes y despu\u00e9s de la intervenci\u00f3n. No fumar (o evitarlo al m\u00e1ximo) durante el mismo periodo contemplado en el p\u00e1rrafo anterior.<\/p>\n<\/div><\/section><\/p>\n<\/div><\/div><\/div><div id='av-layout-grid-3'  class='av-layout-grid-container av-119gwi-ad57cbe1964c54fccaca33bdc66b7547 entry-content-wrapper main_color av-flex-cells  avia-builder-el-20  el_after_av_layout_row  avia-builder-el-last  grid-row-not-first  container_wrap fullsize'  >\n\n<style type=\"text\/css\" data-created_by=\"avia_inline_auto\" id=\"style-css-av-wt9xe-a3ec5d9bf56c527e3e5f32653caedf35\">\n.flex_cell.av-wt9xe-a3ec5d9bf56c527e3e5f32653caedf35{\nvertical-align:middle;\n}\n.responsive #top #wrap_all .flex_cell.av-wt9xe-a3ec5d9bf56c527e3e5f32653caedf35{\npadding:80px 80px 80px 80px !important;\n}\n<\/style>\n<div class='flex_cell av-wt9xe-a3ec5d9bf56c527e3e5f32653caedf35 av-gridrow-cell av_one_half no_margin  avia-builder-el-21  el_before_av_cell_one_half  avia-builder-el-first ' ><div class='flex_cell_inner'><p>\n<style type=\"text\/css\" data-created_by=\"avia_inline_auto\" id=\"style-css-av-p69gq-26f010d9500985ea4457dc3f361a5c20\">\n#top .av-special-heading.av-p69gq-26f010d9500985ea4457dc3f361a5c20{\npadding-bottom:10px;\n}\nbody .av-special-heading.av-p69gq-26f010d9500985ea4457dc3f361a5c20 .av-special-heading-tag .heading-char{\nfont-size:25px;\n}\n.av-special-heading.av-p69gq-26f010d9500985ea4457dc3f361a5c20 .av-subheading{\nfont-size:15px;\n}\n<\/style>\n<div  class='av-special-heading av-p69gq-26f010d9500985ea4457dc3f361a5c20 av-special-heading-h2 blockquote modern-quote  avia-builder-el-22  el_before_av_textblock  avia-builder-el-first '><h2 class='av-special-heading-tag'  itemprop=\"headline\"  >Cuidados posteriores al tratamiento<\/h2><div class=\"special-heading-border\"><div class=\"special-heading-inner-border\"><\/div><\/div><\/div><br \/>\n\n<style type=\"text\/css\" data-created_by=\"avia_inline_auto\" id=\"style-css-av-mv3my-7f285e294fe60504e291d7e55f2464d4\">\n#top .av_textblock_section.av-mv3my-7f285e294fe60504e291d7e55f2464d4 .avia_textblock{\ncolor:#000000;\ntext-align:justify;\n}\n<\/style>\n<section  class='av_textblock_section av-mv3my-7f285e294fe60504e291d7e55f2464d4'  itemscope=\"itemscope\" itemtype=\"https:\/\/schema.org\/CreativeWork\" ><div class='avia_textblock av_inherit_color'  itemprop=\"text\" ><p>Tras la cirug\u00eda, (como no se colocan vendajes) sangra aproximadamente 12-24h la paciente debe llevar una buena higiene, las primeras horas despu\u00e9s de la cirug\u00eda colocar frio local, utilizar papel higi\u00e9nico h\u00famedo (o toallitas higi\u00e9nicas especificas) cuando se precise ir al aseo y se deben realizar curas diarias de la zona con Betadine vaginal en casa hasta que se caen o retiran los puntos. No se pueden reanudar las relaciones sexuales hasta que no pasa m\u00e1s o menos 1 mes, igualmente no hacer deporte, saunas, esfuerzos etc. hasta el mes despu\u00e9s de la cirug\u00eda.<\/p>\n<\/div><\/section><\/p>\n<\/div><\/div>\n<style type=\"text\/css\" data-created_by=\"avia_inline_auto\" id=\"style-css-av-dlyky-e3a622615ea05a4fa830d25405f863b9\">\n.flex_cell.av-dlyky-e3a622615ea05a4fa830d25405f863b9{\nvertical-align:middle;\nbackground-color:#e7b8b8;\n}\n.responsive #top #wrap_all .flex_cell.av-dlyky-e3a622615ea05a4fa830d25405f863b9{\npadding:0px 0px 0px 0px !important;\n}\n<\/style>\n<div class='flex_cell av-dlyky-e3a622615ea05a4fa830d25405f863b9 av-gridrow-cell av_one_half no_margin  avia-builder-el-24  el_after_av_cell_one_half  avia-builder-el-last  av-zero-padding' ><div class='flex_cell_inner'>\n<style type=\"text\/css\" data-created_by=\"avia_inline_auto\" id=\"style-css-av-8jo2y-22bd1ab3595a2edb8f005ff82d4e4933\">\n.avia-image-container.av-8jo2y-22bd1ab3595a2edb8f005ff82d4e4933 img.avia_image{\nbox-shadow:none;\n}\n.avia-image-container.av-8jo2y-22bd1ab3595a2edb8f005ff82d4e4933 .av-image-caption-overlay-center{\ncolor:#ffffff;\n}\n<\/style>\n<div  class='avia-image-container av-8jo2y-22bd1ab3595a2edb8f005ff82d4e4933 av-styling-no-styling avia-align-center  avia-builder-el-25  avia-builder-el-no-sibling '   itemprop=\"image\" itemscope=\"itemscope\" itemtype=\"https:\/\/schema.org\/ImageObject\" ><div class=\"avia-image-container-inner\"><div class=\"avia-image-overlay-wrap\"><img decoding=\"async\" class='wp-image-611 avia-img-lazy-loading-not-611 avia_image ' src=\"https:\/\/drasandralilianavargas.com\/wp-content\/uploads\/2023\/03\/vagi03.png\" alt='' title=''  height=\"1016\" width=\"1525\"  itemprop=\"thumbnailUrl\" srcset=\"https:\/\/drasandralilianavargas.com\/wp-content\/uploads\/2023\/03\/vagi03.png 1525w, https:\/\/drasandralilianavargas.com\/wp-content\/uploads\/2023\/03\/vagi03-300x200.png 300w, https:\/\/drasandralilianavargas.com\/wp-content\/uploads\/2023\/03\/vagi03-1030x686.png 1030w, https:\/\/drasandralilianavargas.com\/wp-content\/uploads\/2023\/03\/vagi03-768x512.png 768w, https:\/\/drasandralilianavargas.com\/wp-content\/uploads\/2023\/03\/vagi03-1500x999.png 1500w, https:\/\/drasandralilianavargas.com\/wp-content\/uploads\/2023\/03\/vagi03-705x470.png 705w\" sizes=\"(max-width: 1525px) 100vw, 1525px\" \/><\/div><\/div><\/div>\n<\/div><\/div><\/div><\/p>\n","protected":false},"excerpt":{"rendered":"","protected":false},"author":1,"featured_media":0,"parent":0,"menu_order":0,"comment_status":"closed","ping_status":"closed","template":"","meta":{"footnotes":""},"aioseo_notices":[],"_links":{"self":[{"href":"https:\/\/drasandralilianavargas.com\/index.php\/wp-json\/wp\/v2\/pages\/602"}],"collection":[{"href":"https:\/\/drasandralilianavargas.com\/index.php\/wp-json\/wp\/v2\/pages"}],"about":[{"href":"https:\/\/drasandralilianavargas.com\/index.php\/wp-json\/wp\/v2\/types\/page"}],"author":[{"embeddable":true,"href":"https:\/\/drasandralilianavargas.com\/index.php\/wp-json\/wp\/v2\/users\/1"}],"replies":[{"embeddable":true,"href":"https:\/\/drasandralilianavargas.com\/index.php\/wp-json\/wp\/v2\/comments?post=602"}],"version-history":[{"count":5,"href":"https:\/\/drasandralilianavargas.com\/index.php\/wp-json\/wp\/v2\/pages\/602\/revisions"}],"predecessor-version":[{"id":948,"href":"https:\/\/drasandralilianavargas.com\/index.php\/wp-json\/wp\/v2\/pages\/602\/revisions\/948"}],"wp:attachment":[{"href":"https:\/\/drasandralilianavargas.com\/index.php\/wp-json\/wp\/v2\/media?parent=602"}],"curies":[{"name":"wp","href":"https:\/\/api.w.org\/{rel}","templated":true}]}}