{"id":614,"date":"2023-03-24T17:55:37","date_gmt":"2023-03-24T22:55:37","guid":{"rendered":"https:\/\/drasandralilianavargas.com\/?page_id=614"},"modified":"2023-05-06T01:47:50","modified_gmt":"2023-05-06T06:47:50","slug":"frontoplastia","status":"publish","type":"page","link":"https:\/\/drasandralilianavargas.com\/index.php\/frontoplastia\/","title":{"rendered":"Frontoplastia"},"content":{"rendered":"<div id='layer_slider_1'  class='avia-layerslider main_color avia-shadow  avia-builder-el-0  el_before_av_section  avia-builder-el-first  container_wrap fullsize'  style='height: 625px; max-width: 3386px; margin: 0 auto;'  ><\/div>\n<div id='av_section_1'  class='avia-section av-2jpuzi-e04d5b503914481aef8f8956d6a2506a main_color avia-section-huge avia-no-border-styling  avia-builder-el-1  el_after_av_layerslider  el_before_av_layout_row  avia-bg-style-scroll container_wrap fullsize'  ><div class='container av-section-cont-open' ><div class='template-page content  av-content-full alpha units'><div class='post-entry post-entry-type-page post-entry-614'><div class='entry-content-wrapper clearfix'>\n\n<style type=\"text\/css\" data-created_by=\"avia_inline_auto\" id=\"style-css-av-lfn57qz0-c20c50f1615a9c2407cc819ac806ab4b\">\n#top .av-special-heading.av-lfn57qz0-c20c50f1615a9c2407cc819ac806ab4b{\npadding-bottom:20px;\nfont-size:40px;\n}\nbody .av-special-heading.av-lfn57qz0-c20c50f1615a9c2407cc819ac806ab4b .av-special-heading-tag .heading-char{\nfont-size:25px;\n}\n#top #wrap_all .av-special-heading.av-lfn57qz0-c20c50f1615a9c2407cc819ac806ab4b .av-special-heading-tag{\nfont-size:40px;\n}\n.av-special-heading.av-lfn57qz0-c20c50f1615a9c2407cc819ac806ab4b .av-subheading{\nfont-size:15px;\n}\n\n@media only screen and (min-width: 480px) and (max-width: 767px){ \n#top #wrap_all .av-special-heading.av-lfn57qz0-c20c50f1615a9c2407cc819ac806ab4b .av-special-heading-tag{\nfont-size:0.8em;\n}\n}\n\n@media only screen and (max-width: 479px){ \n#top #wrap_all .av-special-heading.av-lfn57qz0-c20c50f1615a9c2407cc819ac806ab4b .av-special-heading-tag{\nfont-size:0.8em;\n}\n}\n<\/style>\n<div  class='av-special-heading av-lfn57qz0-c20c50f1615a9c2407cc819ac806ab4b av-special-heading-h1 blockquote modern-quote modern-centered  avia-builder-el-2  el_before_av_one_fifth  avia-builder-el-first  av-inherit-size'><h1 class='av-special-heading-tag'  itemprop=\"headline\"  >Frontoplastia <br \/>\u00bfQu\u00e9 es la Frontoplastia?<\/h1><div class=\"special-heading-border\"><div class=\"special-heading-inner-border\"><\/div><\/div><\/div>\n\n<style type=\"text\/css\" data-created_by=\"avia_inline_auto\" id=\"style-css-av-2h404m-74a0808b5b72319fd90f286b30864eda\">\n.flex_column.av-2h404m-74a0808b5b72319fd90f286b30864eda{\n-webkit-border-radius:0px 0px 0px 0px;\n-moz-border-radius:0px 0px 0px 0px;\nborder-radius:0px 0px 0px 0px;\npadding:0px 0px 0px 0px;\n}\n<\/style>\n<div class='flex_column av-2h404m-74a0808b5b72319fd90f286b30864eda av_one_fifth  avia-builder-el-3  el_after_av_heading  el_before_av_three_fifth  first flex_column_div av-zero-column-padding '     ><\/div>\n<style type=\"text\/css\" data-created_by=\"avia_inline_auto\" id=\"style-css-av-2am88e-664a55af5dfba7421679a281d9d57d45\">\n.flex_column.av-2am88e-664a55af5dfba7421679a281d9d57d45{\n-webkit-border-radius:0px 0px 0px 0px;\n-moz-border-radius:0px 0px 0px 0px;\nborder-radius:0px 0px 0px 0px;\npadding:0px 0px 0px 0px;\n}\n<\/style>\n<div class='flex_column av-2am88e-664a55af5dfba7421679a281d9d57d45 av_three_fifth  avia-builder-el-4  el_after_av_one_fifth  el_before_av_one_fifth  flex_column_div av-animated-generic bottom-to-top av-zero-column-padding '     ><p>\n<style type=\"text\/css\" data-created_by=\"avia_inline_auto\" id=\"style-css-av-lfn5bc3e-7ade7faaff6ae4ea8737b2d37780a760\">\n#top .av_textblock_section.av-lfn5bc3e-7ade7faaff6ae4ea8737b2d37780a760 .avia_textblock{\ncolor:#000000;\ntext-align:justify;\n}\n<\/style>\n<section  class='av_textblock_section av-lfn5bc3e-7ade7faaff6ae4ea8737b2d37780a760'  itemscope=\"itemscope\" itemtype=\"https:\/\/schema.org\/CreativeWork\" ><div class='avia_textblock av_inherit_color'  itemprop=\"text\" ><p>La cirug\u00eda de frente Frontoplastia Endosc\u00f3pica es un procedimiento quir\u00fargico de rejuvenecimiento facial que se hace por medio de la cirug\u00eda endosc\u00f3pica de alta tecnolog\u00eda. Este procedimiento logra el rejuvenecimiento del tercio superior y medio de la cara, reposicionando todos los tejidos que se han descendido y que se han arrugado a causa del envejecimiento, por constituci\u00f3n o factores gen\u00e9ticos<\/p>\n<\/div><\/section><br \/>\n\n<style type=\"text\/css\" data-created_by=\"avia_inline_auto\" id=\"style-css-av-20qbqe-d9881e7fbb15f36b293723e0f2348569\">\n#top .hr.av-20qbqe-d9881e7fbb15f36b293723e0f2348569{\nmargin-top:70px;\nmargin-bottom:0px;\n}\n.hr.av-20qbqe-d9881e7fbb15f36b293723e0f2348569 .hr-inner{\nwidth:90px;\nmax-width:45%;\n}\n.hr.av-20qbqe-d9881e7fbb15f36b293723e0f2348569 .av-seperator-icon{\ncolor:#e7b8b8;\n}\n<\/style>\n<div  class='hr av-20qbqe-d9881e7fbb15f36b293723e0f2348569 hr-custom  avia-builder-el-6  el_after_av_textblock  avia-builder-el-last  hr-center hr-icon-yes'><span class='hr-inner inner-border-av-border-thin'><span class=\"hr-inner-style\"><\/span><\/span><span class='av-seperator-icon' aria-hidden='true' data-av_icon='\ue8b8' data-av_iconfont='entypo-fontello'><\/span><span class='hr-inner inner-border-av-border-thin'><span class=\"hr-inner-style\"><\/span><\/span><\/div><\/p><\/div>\n<style type=\"text\/css\" data-created_by=\"avia_inline_auto\" id=\"style-css-av-1ypd6u-756fb636cf9247ae511e4d52fd5f2a33\">\n.flex_column.av-1ypd6u-756fb636cf9247ae511e4d52fd5f2a33{\n-webkit-border-radius:0px 0px 0px 0px;\n-moz-border-radius:0px 0px 0px 0px;\nborder-radius:0px 0px 0px 0px;\npadding:0px 0px 0px 0px;\n}\n<\/style>\n<div class='flex_column av-1ypd6u-756fb636cf9247ae511e4d52fd5f2a33 av_one_fifth  avia-builder-el-7  el_after_av_three_fifth  avia-builder-el-last  flex_column_div av-zero-column-padding '     ><\/div><\/div><\/div><\/div><!-- close content main div --><\/div><\/div><div id='av-layout-grid-1'  class='av-layout-grid-container av-1o8pry-7cdf46b4b38c07b1a248b48a3c67a66b entry-content-wrapper main_color av-flex-cells  avia-builder-el-8  el_after_av_section  el_before_av_layout_row  grid-row-not-first  container_wrap fullsize'  >\n\n<style type=\"text\/css\" data-created_by=\"avia_inline_auto\" id=\"style-css-av-1n2lkm-0be153330f7466e810ee7ae3ebd5a6fd\">\n.flex_cell.av-1n2lkm-0be153330f7466e810ee7ae3ebd5a6fd{\nvertical-align:middle;\n}\n.responsive #top #wrap_all .flex_cell.av-1n2lkm-0be153330f7466e810ee7ae3ebd5a6fd{\npadding:80px 80px 80px 80px !important;\n}\n<\/style>\n<div class='flex_cell av-1n2lkm-0be153330f7466e810ee7ae3ebd5a6fd av-gridrow-cell av_one_half no_margin  avia-builder-el-9  el_before_av_cell_one_half  avia-builder-el-first ' ><div class='flex_cell_inner'><p>\n<style type=\"text\/css\" data-created_by=\"avia_inline_auto\" id=\"style-css-av-1dbspq-3af7f6bf537c3d677d928935b0a2a58f\">\n#top .av-special-heading.av-1dbspq-3af7f6bf537c3d677d928935b0a2a58f{\npadding-bottom:10px;\n}\nbody .av-special-heading.av-1dbspq-3af7f6bf537c3d677d928935b0a2a58f .av-special-heading-tag .heading-char{\nfont-size:25px;\n}\n.av-special-heading.av-1dbspq-3af7f6bf537c3d677d928935b0a2a58f .av-subheading{\nfont-size:15px;\n}\n<\/style>\n<div  class='av-special-heading av-1dbspq-3af7f6bf537c3d677d928935b0a2a58f av-special-heading-h2 blockquote modern-quote  avia-builder-el-10  el_before_av_textblock  avia-builder-el-first '><h2 class='av-special-heading-tag'  itemprop=\"headline\"  >Procedimiento<\/h2><div class=\"special-heading-border\"><div class=\"special-heading-inner-border\"><\/div><\/div><\/div><br \/>\n\n<style type=\"text\/css\" data-created_by=\"avia_inline_auto\" id=\"style-css-av-lfn5bzyg-75d914b40f3f6b214f8d8ca64c3486b9\">\n#top .av_textblock_section.av-lfn5bzyg-75d914b40f3f6b214f8d8ca64c3486b9 .avia_textblock{\ncolor:#000000;\ntext-align:justify;\n}\n<\/style>\n<section  class='av_textblock_section av-lfn5bzyg-75d914b40f3f6b214f8d8ca64c3486b9'  itemscope=\"itemscope\" itemtype=\"https:\/\/schema.org\/CreativeWork\" ><div class='avia_textblock av_inherit_color'  itemprop=\"text\" ><p>En algunos casos, se realiza una incisi\u00f3n en el cuero cabelludo entre uno y dos cent\u00edmetros de la implantaci\u00f3n del cabello, comenzando sobre los o\u00eddos y se oculta dentro del pelo. Las incisiones se dise\u00f1an para ser discretas y ocultarse dentro del cuero cabelludo. A trav\u00e9s del corte de la elevaci\u00f3n de la frente, se puede modificar o quitar las partes de los m\u00fasculos que causan arrugas y forman las l\u00edneas del ce\u00f1o; tambi\u00e9n retirar el exceso de piel y levantar las cejas. Posterior a eso el paciente obtendr\u00e1 un rostro m\u00e1s joven.<\/p>\n<\/div><\/section><\/p>\n<\/div><\/div>\n<style type=\"text\/css\" data-created_by=\"avia_inline_auto\" id=\"style-css-av-1a4rie-2212262d93e5991c77d068fc8dc5f292\">\n.flex_cell.av-1a4rie-2212262d93e5991c77d068fc8dc5f292{\nvertical-align:bottom;\nbackground-color:#e7b8b8;\n}\n.responsive #top #wrap_all .flex_cell.av-1a4rie-2212262d93e5991c77d068fc8dc5f292{\npadding:0px 0px 0px 0px !important;\n}\n<\/style>\n<div class='flex_cell av-1a4rie-2212262d93e5991c77d068fc8dc5f292 av-gridrow-cell av_one_half no_margin  avia-builder-el-12  el_after_av_cell_one_half  avia-builder-el-last  av-zero-padding' ><div class='flex_cell_inner'>\n<style type=\"text\/css\" data-created_by=\"avia_inline_auto\" id=\"style-css-av-lfn6f7yv-9c391c3c3011f02711b9446b5bc84ee8\">\n.avia-image-container.av-lfn6f7yv-9c391c3c3011f02711b9446b5bc84ee8 img.avia_image{\nbox-shadow:none;\n}\n.avia-image-container.av-lfn6f7yv-9c391c3c3011f02711b9446b5bc84ee8 .av-image-caption-overlay-center{\ncolor:#ffffff;\n}\n<\/style>\n<div  class='avia-image-container av-lfn6f7yv-9c391c3c3011f02711b9446b5bc84ee8 av-styling-no-styling avia-align-center  avia-builder-el-13  avia-builder-el-no-sibling '   itemprop=\"image\" itemscope=\"itemscope\" itemtype=\"https:\/\/schema.org\/ImageObject\" ><div class=\"avia-image-container-inner\"><div class=\"avia-image-overlay-wrap\"><img decoding=\"async\" class='wp-image-621 avia-img-lazy-loading-not-621 avia_image ' src=\"https:\/\/drasandralilianavargas.com\/wp-content\/uploads\/2023\/03\/fronto03.png\" alt='' title=''  height=\"1016\" width=\"1525\"  itemprop=\"thumbnailUrl\" srcset=\"https:\/\/drasandralilianavargas.com\/wp-content\/uploads\/2023\/03\/fronto03.png 1525w, https:\/\/drasandralilianavargas.com\/wp-content\/uploads\/2023\/03\/fronto03-300x200.png 300w, https:\/\/drasandralilianavargas.com\/wp-content\/uploads\/2023\/03\/fronto03-1030x686.png 1030w, https:\/\/drasandralilianavargas.com\/wp-content\/uploads\/2023\/03\/fronto03-768x512.png 768w, https:\/\/drasandralilianavargas.com\/wp-content\/uploads\/2023\/03\/fronto03-1500x999.png 1500w, https:\/\/drasandralilianavargas.com\/wp-content\/uploads\/2023\/03\/fronto03-705x470.png 705w\" sizes=\"(max-width: 1525px) 100vw, 1525px\" \/><\/div><\/div><\/div>\n<\/div><\/div><\/div><div id='av-layout-grid-2'  class='av-layout-grid-container av-15izx2-2887ae2f701d518b22dea4d907dec9c7 entry-content-wrapper main_color av-flex-cells  avia-builder-el-14  el_after_av_layout_row  el_before_av_layout_row  grid-row-not-first  container_wrap fullsize'  >\n\n<style type=\"text\/css\" data-created_by=\"avia_inline_auto\" id=\"style-css-av-wgtmu-675bb92918a883d2079a2ce9f74f0a3c\">\n.flex_cell.av-wgtmu-675bb92918a883d2079a2ce9f74f0a3c{\nvertical-align:middle;\nbackground-color:#e7b8b8;\n}\n.responsive #top #wrap_all .flex_cell.av-wgtmu-675bb92918a883d2079a2ce9f74f0a3c{\npadding:0px 0px 0px 0px !important;\n}\n<\/style>\n<div class='flex_cell av-wgtmu-675bb92918a883d2079a2ce9f74f0a3c av-gridrow-cell av_one_half no_margin  avia-builder-el-15  el_before_av_cell_one_half  avia-builder-el-first  av-zero-padding' ><div class='flex_cell_inner'>\n<style type=\"text\/css\" data-created_by=\"avia_inline_auto\" id=\"style-css-av-lfn6fscl-a4dd0a88826135738e69770f8712d57d\">\n.avia-image-container.av-lfn6fscl-a4dd0a88826135738e69770f8712d57d img.avia_image{\nbox-shadow:none;\n}\n.avia-image-container.av-lfn6fscl-a4dd0a88826135738e69770f8712d57d .av-image-caption-overlay-center{\ncolor:#ffffff;\n}\n<\/style>\n<div  class='avia-image-container av-lfn6fscl-a4dd0a88826135738e69770f8712d57d av-styling-no-styling avia-align-center  avia-builder-el-16  avia-builder-el-no-sibling '   itemprop=\"image\" itemscope=\"itemscope\" itemtype=\"https:\/\/schema.org\/ImageObject\" ><div class=\"avia-image-container-inner\"><div class=\"avia-image-overlay-wrap\"><img decoding=\"async\" class='wp-image-620 avia-img-lazy-loading-not-620 avia_image ' src=\"https:\/\/drasandralilianavargas.com\/wp-content\/uploads\/2023\/03\/fronto-02.png\" alt='' title=''  height=\"1016\" width=\"1525\"  itemprop=\"thumbnailUrl\" srcset=\"https:\/\/drasandralilianavargas.com\/wp-content\/uploads\/2023\/03\/fronto-02.png 1525w, https:\/\/drasandralilianavargas.com\/wp-content\/uploads\/2023\/03\/fronto-02-300x200.png 300w, https:\/\/drasandralilianavargas.com\/wp-content\/uploads\/2023\/03\/fronto-02-1030x686.png 1030w, https:\/\/drasandralilianavargas.com\/wp-content\/uploads\/2023\/03\/fronto-02-768x512.png 768w, https:\/\/drasandralilianavargas.com\/wp-content\/uploads\/2023\/03\/fronto-02-1500x999.png 1500w, https:\/\/drasandralilianavargas.com\/wp-content\/uploads\/2023\/03\/fronto-02-705x470.png 705w\" sizes=\"(max-width: 1525px) 100vw, 1525px\" \/><\/div><\/div><\/div>\n<\/div><\/div>\n<style type=\"text\/css\" data-created_by=\"avia_inline_auto\" id=\"style-css-av-tnfxy-29e8487c359192877e4e9a46f4631ada\">\n.flex_cell.av-tnfxy-29e8487c359192877e4e9a46f4631ada{\nvertical-align:middle;\n}\n.responsive #top #wrap_all .flex_cell.av-tnfxy-29e8487c359192877e4e9a46f4631ada{\npadding:80px 80px 80px 80px !important;\n}\n<\/style>\n<div class='flex_cell av-tnfxy-29e8487c359192877e4e9a46f4631ada av-gridrow-cell av_one_half no_margin  avia-builder-el-17  el_after_av_cell_one_half  avia-builder-el-last ' ><div class='flex_cell_inner'><p>\n<style type=\"text\/css\" data-created_by=\"avia_inline_auto\" id=\"style-css-av-lfn5chcx-3e0ce60d50365e2a386d65cd563d241b\">\n#top .av-special-heading.av-lfn5chcx-3e0ce60d50365e2a386d65cd563d241b{\npadding-bottom:10px;\n}\nbody .av-special-heading.av-lfn5chcx-3e0ce60d50365e2a386d65cd563d241b .av-special-heading-tag .heading-char{\nfont-size:25px;\n}\n.av-special-heading.av-lfn5chcx-3e0ce60d50365e2a386d65cd563d241b .av-subheading{\nfont-size:15px;\n}\n<\/style>\n<div  class='av-special-heading av-lfn5chcx-3e0ce60d50365e2a386d65cd563d241b av-special-heading-h2 blockquote modern-quote  avia-builder-el-18  el_before_av_textblock  avia-builder-el-first '><h2 class='av-special-heading-tag'  itemprop=\"headline\"  >Postoperatorio<\/h2><div class=\"special-heading-border\"><div class=\"special-heading-inner-border\"><\/div><\/div><\/div><br \/>\n\n<style type=\"text\/css\" data-created_by=\"avia_inline_auto\" id=\"style-css-av-lfn5cxu6-17f93b928d1ef0b1448e5ba07e848ce8\">\n#top .av_textblock_section.av-lfn5cxu6-17f93b928d1ef0b1448e5ba07e848ce8 .avia_textblock{\ntext-align:justify;\n}\n<\/style>\n<section  class='av_textblock_section av-lfn5cxu6-17f93b928d1ef0b1448e5ba07e848ce8'  itemscope=\"itemscope\" itemtype=\"https:\/\/schema.org\/CreativeWork\" ><div class='avia_textblock'  itemprop=\"text\" ><p>Usted debe evitar levantarse durante el per\u00edodo postoperatorio temprano. En muchos casos, sin embargo, podr\u00e1 reasumir la mayor\u00eda de sus actividades normales en ocho d\u00edas o menos. Es aconsejable esperar varias semanas antes de reasumir actividades y ejercicios vigorosos. Debe evitar la exposici\u00f3n a la luz del sol directa, deber\u00e1 usar un bloqueador solar para proteger su piel.<\/p>\n<\/div><\/section><\/p>\n<\/div><\/div><\/div><div id='av-layout-grid-3'  class='av-layout-grid-container av-l28rq-e804148b714176129557ed6cfeb3915e entry-content-wrapper main_color av-flex-cells  avia-builder-el-20  el_after_av_layout_row  avia-builder-el-last  grid-row-not-first  container_wrap fullsize'  >\n\n<style type=\"text\/css\" data-created_by=\"avia_inline_auto\" id=\"style-css-av-d6riu-272850a8d8027850ce478ec2c2d4bdda\">\n.flex_cell.av-d6riu-272850a8d8027850ce478ec2c2d4bdda{\nvertical-align:middle;\n}\n.responsive #top #wrap_all .flex_cell.av-d6riu-272850a8d8027850ce478ec2c2d4bdda{\npadding:80px 80px 80px 80px !important;\n}\n<\/style>\n<div class='flex_cell av-d6riu-272850a8d8027850ce478ec2c2d4bdda av-gridrow-cell av_one_half no_margin  avia-builder-el-21  el_before_av_cell_one_half  avia-builder-el-first ' ><div class='flex_cell_inner'><p>\n<style type=\"text\/css\" data-created_by=\"avia_inline_auto\" id=\"style-css-av-lfn5dt5s-564addf5046e73901ff0458fb2c6c53f\">\n#top .av-special-heading.av-lfn5dt5s-564addf5046e73901ff0458fb2c6c53f{\npadding-bottom:10px;\n}\nbody .av-special-heading.av-lfn5dt5s-564addf5046e73901ff0458fb2c6c53f .av-special-heading-tag .heading-char{\nfont-size:25px;\n}\n.av-special-heading.av-lfn5dt5s-564addf5046e73901ff0458fb2c6c53f .av-subheading{\nfont-size:15px;\n}\n<\/style>\n<div  class='av-special-heading av-lfn5dt5s-564addf5046e73901ff0458fb2c6c53f av-special-heading-h2 blockquote modern-quote  avia-builder-el-22  el_before_av_textblock  avia-builder-el-first '><h2 class='av-special-heading-tag'  itemprop=\"headline\"  >Contraindicaciones<\/h2><div class=\"special-heading-border\"><div class=\"special-heading-inner-border\"><\/div><\/div><\/div><br \/>\n\n<style type=\"text\/css\" data-created_by=\"avia_inline_auto\" id=\"style-css-av-lfn5e233-46f07b2f1558008fa0b1d4bf6f284757\">\n#top .av_textblock_section.av-lfn5e233-46f07b2f1558008fa0b1d4bf6f284757 .avia_textblock{\ncolor:#000000;\ntext-align:justify;\n}\n<\/style>\n<section  class='av_textblock_section av-lfn5e233-46f07b2f1558008fa0b1d4bf6f284757'  itemscope=\"itemscope\" itemtype=\"https:\/\/schema.org\/CreativeWork\" ><div class='avia_textblock av_inherit_color'  itemprop=\"text\" ><p>Es un procedimiento que realizado bajo las condiciones m\u00e1ximas de seguridad acompa\u00f1ado de un equipo profesional id\u00f3neo es muy seguro. Las complicaciones de una elevaci\u00f3n de la frente son poco frecuentes. Algunas que se pueden presentar son: hematomas (una acumulaci\u00f3n de sangre bajo la piel, que puede requerir un drenaje), infecci\u00f3n y reacciones a la anestesia.<\/p>\n<\/div><\/section><\/p>\n<\/div><\/div>\n<style type=\"text\/css\" data-created_by=\"avia_inline_auto\" id=\"style-css-av-9wd6e-b7404e001922e9b3eb7eeaf40b8b34d2\">\n.flex_cell.av-9wd6e-b7404e001922e9b3eb7eeaf40b8b34d2{\nvertical-align:middle;\nbackground-color:#e7b8b8;\n}\n.responsive #top #wrap_all .flex_cell.av-9wd6e-b7404e001922e9b3eb7eeaf40b8b34d2{\npadding:0px 0px 0px 0px !important;\n}\n<\/style>\n<div class='flex_cell av-9wd6e-b7404e001922e9b3eb7eeaf40b8b34d2 av-gridrow-cell av_one_half no_margin  avia-builder-el-24  el_after_av_cell_one_half  avia-builder-el-last  av-zero-padding' ><div class='flex_cell_inner'>\n<style type=\"text\/css\" data-created_by=\"avia_inline_auto\" id=\"style-css-av-lfn6g47j-35aad47d7244d64ac5e664948066b2c0\">\n.avia-image-container.av-lfn6g47j-35aad47d7244d64ac5e664948066b2c0 img.avia_image{\nbox-shadow:none;\n}\n.avia-image-container.av-lfn6g47j-35aad47d7244d64ac5e664948066b2c0 .av-image-caption-overlay-center{\ncolor:#ffffff;\n}\n<\/style>\n<div  class='avia-image-container av-lfn6g47j-35aad47d7244d64ac5e664948066b2c0 av-styling-no-styling avia-align-center  avia-builder-el-25  avia-builder-el-no-sibling '   itemprop=\"image\" itemscope=\"itemscope\" itemtype=\"https:\/\/schema.org\/ImageObject\" ><div class=\"avia-image-container-inner\"><div class=\"avia-image-overlay-wrap\"><img decoding=\"async\" class='wp-image-619 avia-img-lazy-loading-not-619 avia_image ' src=\"https:\/\/drasandralilianavargas.com\/wp-content\/uploads\/2023\/03\/fronto01.png\" alt='' title=''  height=\"1016\" width=\"1525\"  itemprop=\"thumbnailUrl\" srcset=\"https:\/\/drasandralilianavargas.com\/wp-content\/uploads\/2023\/03\/fronto01.png 1525w, https:\/\/drasandralilianavargas.com\/wp-content\/uploads\/2023\/03\/fronto01-300x200.png 300w, https:\/\/drasandralilianavargas.com\/wp-content\/uploads\/2023\/03\/fronto01-1030x686.png 1030w, https:\/\/drasandralilianavargas.com\/wp-content\/uploads\/2023\/03\/fronto01-768x512.png 768w, https:\/\/drasandralilianavargas.com\/wp-content\/uploads\/2023\/03\/fronto01-1500x999.png 1500w, https:\/\/drasandralilianavargas.com\/wp-content\/uploads\/2023\/03\/fronto01-705x470.png 705w\" sizes=\"(max-width: 1525px) 100vw, 1525px\" \/><\/div><\/div><\/div>\n<\/div><\/div><\/div><\/p>\n","protected":false},"excerpt":{"rendered":"","protected":false},"author":1,"featured_media":0,"parent":0,"menu_order":0,"comment_status":"closed","ping_status":"closed","template":"","meta":{"footnotes":""},"aioseo_notices":[],"_links":{"self":[{"href":"https:\/\/drasandralilianavargas.com\/index.php\/wp-json\/wp\/v2\/pages\/614"}],"collection":[{"href":"https:\/\/drasandralilianavargas.com\/index.php\/wp-json\/wp\/v2\/pages"}],"about":[{"href":"https:\/\/drasandralilianavargas.com\/index.php\/wp-json\/wp\/v2\/types\/page"}],"author":[{"embeddable":true,"href":"https:\/\/drasandralilianavargas.com\/index.php\/wp-json\/wp\/v2\/users\/1"}],"replies":[{"embeddable":true,"href":"https:\/\/drasandralilianavargas.com\/index.php\/wp-json\/wp\/v2\/comments?post=614"}],"version-history":[{"count":3,"href":"https:\/\/drasandralilianavargas.com\/index.php\/wp-json\/wp\/v2\/pages\/614\/revisions"}],"predecessor-version":[{"id":954,"href":"https:\/\/drasandralilianavargas.com\/index.php\/wp-json\/wp\/v2\/pages\/614\/revisions\/954"}],"wp:attachment":[{"href":"https:\/\/drasandralilianavargas.com\/index.php\/wp-json\/wp\/v2\/media?parent=614"}],"curies":[{"name":"wp","href":"https:\/\/api.w.org\/{rel}","templated":true}]}}