{"id":628,"date":"2023-03-25T16:03:21","date_gmt":"2023-03-25T21:03:21","guid":{"rendered":"https:\/\/drasandralilianavargas.com\/?page_id=628"},"modified":"2023-05-06T01:50:39","modified_gmt":"2023-05-06T06:50:39","slug":"blefaroplastia","status":"publish","type":"page","link":"https:\/\/drasandralilianavargas.com\/index.php\/blefaroplastia\/","title":{"rendered":"Blefaroplastia"},"content":{"rendered":"<div id='layer_slider_1'  class='avia-layerslider main_color avia-shadow  avia-builder-el-0  el_before_av_section  avia-builder-el-first  container_wrap fullsize'  style='height: 625px; max-width: 3386px; margin: 0 auto;'  ><\/div>\n<div id='av_section_1'  class='avia-section av-2e33m4-ea5717913fb8090ea8c5766c5f59102c main_color avia-section-huge avia-no-border-styling  avia-builder-el-1  el_after_av_layerslider  el_before_av_layout_row  avia-bg-style-scroll container_wrap fullsize'  ><div class='container av-section-cont-open' ><div class='template-page content  av-content-full alpha units'><div class='post-entry post-entry-type-page post-entry-628'><div class='entry-content-wrapper clearfix'>\n\n<style type=\"text\/css\" data-created_by=\"avia_inline_auto\" id=\"style-css-av-lfoglgm6-03948d8c35cdb1f1acf354d9a1970c61\">\n#top .av-special-heading.av-lfoglgm6-03948d8c35cdb1f1acf354d9a1970c61{\npadding-bottom:20px;\nfont-size:40px;\n}\nbody .av-special-heading.av-lfoglgm6-03948d8c35cdb1f1acf354d9a1970c61 .av-special-heading-tag .heading-char{\nfont-size:25px;\n}\n#top #wrap_all .av-special-heading.av-lfoglgm6-03948d8c35cdb1f1acf354d9a1970c61 .av-special-heading-tag{\nfont-size:40px;\n}\n.av-special-heading.av-lfoglgm6-03948d8c35cdb1f1acf354d9a1970c61 .av-subheading{\nfont-size:15px;\n}\n\n@media only screen and (min-width: 480px) and (max-width: 767px){ \n#top #wrap_all .av-special-heading.av-lfoglgm6-03948d8c35cdb1f1acf354d9a1970c61 .av-special-heading-tag{\nfont-size:0.8em;\n}\n}\n\n@media only screen and (max-width: 479px){ \n#top #wrap_all .av-special-heading.av-lfoglgm6-03948d8c35cdb1f1acf354d9a1970c61 .av-special-heading-tag{\nfont-size:0.8em;\n}\n}\n<\/style>\n<div  class='av-special-heading av-lfoglgm6-03948d8c35cdb1f1acf354d9a1970c61 av-special-heading-h1 blockquote modern-quote modern-centered  avia-builder-el-2  el_before_av_one_fifth  avia-builder-el-first  av-inherit-size'><h1 class='av-special-heading-tag'  itemprop=\"headline\"  >Blefaroplastia <br \/>\u00bfQu\u00e9 es la Blefaroplastia?<\/h1><div class=\"special-heading-border\"><div class=\"special-heading-inner-border\"><\/div><\/div><\/div>\n\n<style type=\"text\/css\" data-created_by=\"avia_inline_auto\" id=\"style-css-av-26gu5o-0973e6a8a9dd305ac21ff302828a866e\">\n.flex_column.av-26gu5o-0973e6a8a9dd305ac21ff302828a866e{\n-webkit-border-radius:0px 0px 0px 0px;\n-moz-border-radius:0px 0px 0px 0px;\nborder-radius:0px 0px 0px 0px;\npadding:0px 0px 0px 0px;\n}\n<\/style>\n<div class='flex_column av-26gu5o-0973e6a8a9dd305ac21ff302828a866e av_one_fifth  avia-builder-el-3  el_after_av_heading  el_before_av_three_fifth  first flex_column_div av-zero-column-padding '     ><\/div>\n<style type=\"text\/css\" data-created_by=\"avia_inline_auto\" id=\"style-css-av-23kvvg-cc9ee019422b82d50c278a25b4bf3e15\">\n.flex_column.av-23kvvg-cc9ee019422b82d50c278a25b4bf3e15{\n-webkit-border-radius:0px 0px 0px 0px;\n-moz-border-radius:0px 0px 0px 0px;\nborder-radius:0px 0px 0px 0px;\npadding:0px 0px 0px 0px;\n}\n<\/style>\n<div class='flex_column av-23kvvg-cc9ee019422b82d50c278a25b4bf3e15 av_three_fifth  avia-builder-el-4  el_after_av_one_fifth  el_before_av_one_fifth  flex_column_div av-animated-generic bottom-to-top av-zero-column-padding '     ><p>\n<style type=\"text\/css\" data-created_by=\"avia_inline_auto\" id=\"style-css-av-lfogltuf-8c183550fbcf355f4b0e75e5e4ad6161\">\n#top .av_textblock_section.av-lfogltuf-8c183550fbcf355f4b0e75e5e4ad6161 .avia_textblock{\ncolor:#000000;\ntext-align:justify;\n}\n<\/style>\n<section  class='av_textblock_section av-lfogltuf-8c183550fbcf355f4b0e75e5e4ad6161'  itemscope=\"itemscope\" itemtype=\"https:\/\/schema.org\/CreativeWork\" ><div class='avia_textblock av_inherit_color'  itemprop=\"text\" ><p>La cirug\u00eda de p\u00e1rpado (conocida t\u00e9cnicamente como blefaroplastia) es un procedimiento que se utiliza para extraer la grasa usualmente al mismo tiempo que exceso de piel y m\u00fasculo de los p\u00e1rpados superiores e inferiores.<\/p>\n<p>La cirug\u00eda puede corregir la separaci\u00f3n de los p\u00e1rpados superiores y embolsamiento de la parte inferior de los ojos los cuales son rasgos que lo pueden hacer ver m\u00e1s viejo y m\u00e1s cansado de lo que usted se siente, algunos pueden incluso interferir con su visi\u00f3n. la blefaroplastia se puede realizar exclusivamente o al mismo tiempo que otros procedimientos quir\u00fargicos faciales, tal vez como un estiramiento de piel facial o una ritidectom\u00eda coronal.<\/p>\n<\/div><\/section><br \/>\n\n<style type=\"text\/css\" data-created_by=\"avia_inline_auto\" id=\"style-css-av-1xw36s-313c0e8c7f59943b6024a878229d920b\">\n#top .hr.av-1xw36s-313c0e8c7f59943b6024a878229d920b{\nmargin-top:70px;\nmargin-bottom:0px;\n}\n.hr.av-1xw36s-313c0e8c7f59943b6024a878229d920b .hr-inner{\nwidth:90px;\nmax-width:45%;\n}\n.hr.av-1xw36s-313c0e8c7f59943b6024a878229d920b .av-seperator-icon{\ncolor:#e7b8b8;\n}\n<\/style>\n<div  class='hr av-1xw36s-313c0e8c7f59943b6024a878229d920b hr-custom  avia-builder-el-6  el_after_av_textblock  avia-builder-el-last  hr-center hr-icon-yes'><span class='hr-inner inner-border-av-border-thin'><span class=\"hr-inner-style\"><\/span><\/span><span class='av-seperator-icon' aria-hidden='true' data-av_icon='\ue8b8' data-av_iconfont='entypo-fontello'><\/span><span class='hr-inner inner-border-av-border-thin'><span class=\"hr-inner-style\"><\/span><\/span><\/div><\/p><\/div>\n<style type=\"text\/css\" data-created_by=\"avia_inline_auto\" id=\"style-css-av-1prl3g-9e89439df09583ba4ea73ea55f8c3025\">\n.flex_column.av-1prl3g-9e89439df09583ba4ea73ea55f8c3025{\n-webkit-border-radius:0px 0px 0px 0px;\n-moz-border-radius:0px 0px 0px 0px;\nborder-radius:0px 0px 0px 0px;\npadding:0px 0px 0px 0px;\n}\n<\/style>\n<div class='flex_column av-1prl3g-9e89439df09583ba4ea73ea55f8c3025 av_one_fifth  avia-builder-el-7  el_after_av_three_fifth  avia-builder-el-last  flex_column_div av-zero-column-padding '     ><\/div><\/div><\/div><\/div><!-- close content main div --><\/div><\/div><div id='av-layout-grid-1'  class='av-layout-grid-container av-5ph38-39c4f6c4e82c0325f1d5068df2a5ab03 entry-content-wrapper main_color av-flex-cells  avia-builder-el-8  el_after_av_section  el_before_av_layout_row  grid-row-not-first  container_wrap fullsize'  >\n\n<style type=\"text\/css\" data-created_by=\"avia_inline_auto\" id=\"style-css-av-1dctrg-d6bd7e5f0e1d6e5c6c4e850d29967674\">\n.flex_cell.av-1dctrg-d6bd7e5f0e1d6e5c6c4e850d29967674{\nvertical-align:middle;\n}\n.responsive #top #wrap_all .flex_cell.av-1dctrg-d6bd7e5f0e1d6e5c6c4e850d29967674{\npadding:80px 80px 80px 80px !important;\n}\n<\/style>\n<div class='flex_cell av-1dctrg-d6bd7e5f0e1d6e5c6c4e850d29967674 av-gridrow-cell av_one_half no_margin  avia-builder-el-9  el_before_av_cell_one_half  avia-builder-el-first ' ><div class='flex_cell_inner'><p>\n<style type=\"text\/css\" data-created_by=\"avia_inline_auto\" id=\"style-css-av-lfogm42f-8f1906ebc99e807d024dd7b270f829f0\">\n#top .av-special-heading.av-lfogm42f-8f1906ebc99e807d024dd7b270f829f0{\npadding-bottom:10px;\n}\nbody .av-special-heading.av-lfogm42f-8f1906ebc99e807d024dd7b270f829f0 .av-special-heading-tag .heading-char{\nfont-size:25px;\n}\n.av-special-heading.av-lfogm42f-8f1906ebc99e807d024dd7b270f829f0 .av-subheading{\nfont-size:15px;\n}\n<\/style>\n<div  class='av-special-heading av-lfogm42f-8f1906ebc99e807d024dd7b270f829f0 av-special-heading-h2 blockquote modern-quote  avia-builder-el-10  el_before_av_textblock  avia-builder-el-first '><h2 class='av-special-heading-tag'  itemprop=\"headline\"  >Planificaci\u00f3n y procedimiento<\/h2><div class=\"special-heading-border\"><div class=\"special-heading-inner-border\"><\/div><\/div><\/div><br \/>\n\n<style type=\"text\/css\" data-created_by=\"avia_inline_auto\" id=\"style-css-av-lfogmcki-821383757071ef56f0a96ea0ef475786\">\n#top .av_textblock_section.av-lfogmcki-821383757071ef56f0a96ea0ef475786 .avia_textblock{\ncolor:#000000;\ntext-align:justify;\n}\n<\/style>\n<section  class='av_textblock_section av-lfogmcki-821383757071ef56f0a96ea0ef475786'  itemscope=\"itemscope\" itemtype=\"https:\/\/schema.org\/CreativeWork\" ><div class='avia_textblock av_inherit_color'  itemprop=\"text\" ><p>En la primera consulta se evaluar\u00e1 la visi\u00f3n y la producci\u00f3n de l\u00e1grimas, as\u00ed como su estado general de salud. Debe informar a su cirujano si toma alguna medicaci\u00f3n, si fuma y si tiene alergia a alg\u00fan medicamento.<\/p>\n<p>Tambi\u00e9n debe decir si lleva gafas o lentillas y aportar, si es posible, su \u00faltimo examen oftalmol\u00f3gico. Se discutir\u00e1 la posibilidad de operar los cuatro p\u00e1rpados, los inferiores o los superiores y si es preciso asociar alg\u00fan otro procedimiento. Se le explicar\u00e1n las t\u00e9cnicas y el tipo de anestesia que se emplear\u00e1n, d\u00f3nde se realizar\u00e1 la cirug\u00eda, los riesgos y el coste de la intervenci\u00f3n.<\/p>\n<\/div><\/section><\/p>\n<\/div><\/div>\n<style type=\"text\/css\" data-created_by=\"avia_inline_auto\" id=\"style-css-av-1arod8-75febf95b5e9a17e0b1eb9a64bb3971d\">\n.flex_cell.av-1arod8-75febf95b5e9a17e0b1eb9a64bb3971d{\nvertical-align:bottom;\nbackground-color:#e7b8b8;\n}\n.responsive #top #wrap_all .flex_cell.av-1arod8-75febf95b5e9a17e0b1eb9a64bb3971d{\npadding:0px 0px 0px 0px !important;\n}\n<\/style>\n<div class='flex_cell av-1arod8-75febf95b5e9a17e0b1eb9a64bb3971d av-gridrow-cell av_one_half no_margin  avia-builder-el-12  el_after_av_cell_one_half  avia-builder-el-last  av-zero-padding' ><div class='flex_cell_inner'>\n<style type=\"text\/css\" data-created_by=\"avia_inline_auto\" id=\"style-css-av-lfoh5mew-327f70d42647cba150fb8aeb044dc54f\">\n.avia-image-container.av-lfoh5mew-327f70d42647cba150fb8aeb044dc54f img.avia_image{\nbox-shadow:none;\n}\n.avia-image-container.av-lfoh5mew-327f70d42647cba150fb8aeb044dc54f .av-image-caption-overlay-center{\ncolor:#ffffff;\n}\n<\/style>\n<div  class='avia-image-container av-lfoh5mew-327f70d42647cba150fb8aeb044dc54f av-styling-no-styling avia-align-center  avia-builder-el-13  avia-builder-el-no-sibling '   itemprop=\"image\" itemscope=\"itemscope\" itemtype=\"https:\/\/schema.org\/ImageObject\" ><div class=\"avia-image-container-inner\"><div class=\"avia-image-overlay-wrap\"><img decoding=\"async\" class='wp-image-634 avia-img-lazy-loading-not-634 avia_image ' src=\"https:\/\/drasandralilianavargas.com\/wp-content\/uploads\/2023\/03\/ble03.png\" alt='' title=''  height=\"1016\" width=\"1525\"  itemprop=\"thumbnailUrl\" srcset=\"https:\/\/drasandralilianavargas.com\/wp-content\/uploads\/2023\/03\/ble03.png 1525w, https:\/\/drasandralilianavargas.com\/wp-content\/uploads\/2023\/03\/ble03-300x200.png 300w, https:\/\/drasandralilianavargas.com\/wp-content\/uploads\/2023\/03\/ble03-1030x686.png 1030w, https:\/\/drasandralilianavargas.com\/wp-content\/uploads\/2023\/03\/ble03-768x512.png 768w, https:\/\/drasandralilianavargas.com\/wp-content\/uploads\/2023\/03\/ble03-1500x999.png 1500w, https:\/\/drasandralilianavargas.com\/wp-content\/uploads\/2023\/03\/ble03-705x470.png 705w\" sizes=\"(max-width: 1525px) 100vw, 1525px\" \/><\/div><\/div><\/div>\n<\/div><\/div><\/div><div id='av-layout-grid-2'  class='av-layout-grid-container av-11cg6c-4f540cf5eda74481521cf85fbb794a65 entry-content-wrapper main_color av-flex-cells  avia-builder-el-14  el_after_av_layout_row  el_before_av_layout_row  grid-row-not-first  container_wrap fullsize'  >\n\n<style type=\"text\/css\" data-created_by=\"avia_inline_auto\" id=\"style-css-av-uqloc-b0419dcd9f25de09706593727b05d1c5\">\n.flex_cell.av-uqloc-b0419dcd9f25de09706593727b05d1c5{\nvertical-align:middle;\nbackground-color:#e7b8b8;\n}\n.responsive #top #wrap_all .flex_cell.av-uqloc-b0419dcd9f25de09706593727b05d1c5{\npadding:0px 0px 0px 0px !important;\n}\n<\/style>\n<div class='flex_cell av-uqloc-b0419dcd9f25de09706593727b05d1c5 av-gridrow-cell av_one_half no_margin  avia-builder-el-15  el_before_av_cell_one_half  avia-builder-el-first  av-zero-padding' ><div class='flex_cell_inner'>\n<style type=\"text\/css\" data-created_by=\"avia_inline_auto\" id=\"style-css-av-lfoh6yk1-abe000a37e73239957f259bab788df4b\">\n.avia-image-container.av-lfoh6yk1-abe000a37e73239957f259bab788df4b img.avia_image{\nbox-shadow:none;\n}\n.avia-image-container.av-lfoh6yk1-abe000a37e73239957f259bab788df4b .av-image-caption-overlay-center{\ncolor:#ffffff;\n}\n<\/style>\n<div  class='avia-image-container av-lfoh6yk1-abe000a37e73239957f259bab788df4b av-styling-no-styling avia-align-center  avia-builder-el-16  avia-builder-el-no-sibling '   itemprop=\"image\" itemscope=\"itemscope\" itemtype=\"https:\/\/schema.org\/ImageObject\" ><div class=\"avia-image-container-inner\"><div class=\"avia-image-overlay-wrap\"><img decoding=\"async\" class='wp-image-632 avia-img-lazy-loading-not-632 avia_image ' src=\"https:\/\/drasandralilianavargas.com\/wp-content\/uploads\/2023\/03\/ble01.png\" alt='' title=''  height=\"1016\" width=\"1525\"  itemprop=\"thumbnailUrl\" srcset=\"https:\/\/drasandralilianavargas.com\/wp-content\/uploads\/2023\/03\/ble01.png 1525w, https:\/\/drasandralilianavargas.com\/wp-content\/uploads\/2023\/03\/ble01-300x200.png 300w, https:\/\/drasandralilianavargas.com\/wp-content\/uploads\/2023\/03\/ble01-1030x686.png 1030w, https:\/\/drasandralilianavargas.com\/wp-content\/uploads\/2023\/03\/ble01-768x512.png 768w, https:\/\/drasandralilianavargas.com\/wp-content\/uploads\/2023\/03\/ble01-1500x999.png 1500w, https:\/\/drasandralilianavargas.com\/wp-content\/uploads\/2023\/03\/ble01-705x470.png 705w\" sizes=\"(max-width: 1525px) 100vw, 1525px\" \/><\/div><\/div><\/div>\n<\/div><\/div>\n<style type=\"text\/css\" data-created_by=\"avia_inline_auto\" id=\"style-css-av-outg4-b5658cc9eceef0b06ff2cc426c2a8c2b\">\n.flex_cell.av-outg4-b5658cc9eceef0b06ff2cc426c2a8c2b{\nvertical-align:middle;\n}\n.responsive #top #wrap_all .flex_cell.av-outg4-b5658cc9eceef0b06ff2cc426c2a8c2b{\npadding:80px 80px 80px 80px !important;\n}\n<\/style>\n<div class='flex_cell av-outg4-b5658cc9eceef0b06ff2cc426c2a8c2b av-gridrow-cell av_one_half no_margin  avia-builder-el-17  el_after_av_cell_one_half  avia-builder-el-last ' ><div class='flex_cell_inner'><p>\n<style type=\"text\/css\" data-created_by=\"avia_inline_auto\" id=\"style-css-av-lfoh6cof-704981f2c7384b46695a634a3244df2e\">\n#top .av-special-heading.av-lfoh6cof-704981f2c7384b46695a634a3244df2e{\npadding-bottom:10px;\n}\nbody .av-special-heading.av-lfoh6cof-704981f2c7384b46695a634a3244df2e .av-special-heading-tag .heading-char{\nfont-size:25px;\n}\n.av-special-heading.av-lfoh6cof-704981f2c7384b46695a634a3244df2e .av-subheading{\nfont-size:15px;\n}\n<\/style>\n<div  class='av-special-heading av-lfoh6cof-704981f2c7384b46695a634a3244df2e av-special-heading-h2 blockquote modern-quote  avia-builder-el-18  el_before_av_textblock  avia-builder-el-first '><h2 class='av-special-heading-tag'  itemprop=\"headline\"  >Despu\u00e9s de la cirug\u00eda<\/h2><div class=\"special-heading-border\"><div class=\"special-heading-inner-border\"><\/div><\/div><\/div><br \/>\n\n<style type=\"text\/css\" data-created_by=\"avia_inline_auto\" id=\"style-css-av-lfoh7cwd-70888cc5ff38fb60db912b9fe47817a2\">\n#top .av_textblock_section.av-lfoh7cwd-70888cc5ff38fb60db912b9fe47817a2 .avia_textblock{\ntext-align:justify;\n}\n<\/style>\n<section  class='av_textblock_section av-lfoh7cwd-70888cc5ff38fb60db912b9fe47817a2'  itemscope=\"itemscope\" itemtype=\"https:\/\/schema.org\/CreativeWork\" ><div class='avia_textblock'  itemprop=\"text\" ><p>Tras la cirug\u00eda, se le aplicar\u00e1 una pomada en los ojos para lubrificarlos, y en algunos casos, un vendaje suave. Puede tener molestias sobre los p\u00e1rpados; si las hubiese, se alivian f\u00e1cilmente con la medicaci\u00f3n prescrita por su cirujano (si presentase dolor severo o persistente debe comunic\u00e1rselo a su cirujano). Deber\u00e1 mantener la cabeza elevada durante unos d\u00edas despu\u00e9s de la cirug\u00eda y aplicarse compresas fr\u00edas, para disminuir la inflamaci\u00f3n y los hematomas.<\/p>\n<\/div><\/section><\/p>\n<\/div><\/div><\/div><div id='av-layout-grid-3'  class='av-layout-grid-container av-nmvno-ea0f0cdc98bb5938c7c9a89adad40937 entry-content-wrapper main_color av-flex-cells  avia-builder-el-20  el_after_av_layout_row  avia-builder-el-last  grid-row-not-first  container_wrap fullsize'  >\n\n<style type=\"text\/css\" data-created_by=\"avia_inline_auto\" id=\"style-css-av-dxj9o-837155bf96e17d262bf30d20fceed92b\">\n.flex_cell.av-dxj9o-837155bf96e17d262bf30d20fceed92b{\nvertical-align:middle;\n}\n.responsive #top #wrap_all .flex_cell.av-dxj9o-837155bf96e17d262bf30d20fceed92b{\npadding:80px 80px 80px 80px !important;\n}\n<\/style>\n<div class='flex_cell av-dxj9o-837155bf96e17d262bf30d20fceed92b av-gridrow-cell av_one_half no_margin  avia-builder-el-21  el_before_av_cell_one_half  avia-builder-el-first ' ><div class='flex_cell_inner'><p>\n<style type=\"text\/css\" data-created_by=\"avia_inline_auto\" id=\"style-css-av-lfoh7xpy-121a76920af4fb7b1ad920cf23a7a6bf\">\n#top .av-special-heading.av-lfoh7xpy-121a76920af4fb7b1ad920cf23a7a6bf{\npadding-bottom:10px;\n}\nbody .av-special-heading.av-lfoh7xpy-121a76920af4fb7b1ad920cf23a7a6bf .av-special-heading-tag .heading-char{\nfont-size:25px;\n}\n.av-special-heading.av-lfoh7xpy-121a76920af4fb7b1ad920cf23a7a6bf .av-subheading{\nfont-size:15px;\n}\n<\/style>\n<div  class='av-special-heading av-lfoh7xpy-121a76920af4fb7b1ad920cf23a7a6bf av-special-heading-h2 blockquote modern-quote  avia-builder-el-22  el_before_av_textblock  avia-builder-el-first '><h2 class='av-special-heading-tag'  itemprop=\"headline\"  >Posibles Riesgos<\/h2><div class=\"special-heading-border\"><div class=\"special-heading-inner-border\"><\/div><\/div><\/div><br \/>\n\n<style type=\"text\/css\" data-created_by=\"avia_inline_auto\" id=\"style-css-av-lfoh8gh1-b88af701561e22cd464706ab52fb06ed\">\n#top .av_textblock_section.av-lfoh8gh1-b88af701561e22cd464706ab52fb06ed .avia_textblock{\ncolor:#000000;\ntext-align:justify;\n}\n<\/style>\n<section  class='av_textblock_section av-lfoh8gh1-b88af701561e22cd464706ab52fb06ed'  itemscope=\"itemscope\" itemtype=\"https:\/\/schema.org\/CreativeWork\" ><div class='avia_textblock av_inherit_color'  itemprop=\"text\" ><p>Cuando este procedimiento es realizado por un cirujano pl\u00e1stico cualificado las complicaciones son infrecuentes y de poca importancia. Sin embargo, siempre existen posibilidades de complicaciones, como la infecci\u00f3n o las reacciones anest\u00e9sicas. Se pueden minimizar los riesgos siguiendo de manera cuidadosa las instrucciones de su cirujano pl\u00e1stico, tanto antes como despu\u00e9s de la cirug\u00eda.<\/p>\n<\/div><\/section><\/p>\n<\/div><\/div>\n<style type=\"text\/css\" data-created_by=\"avia_inline_auto\" id=\"style-css-av-ai4d8-9ded7d61792c3737cd08c72d107f5131\">\n.flex_cell.av-ai4d8-9ded7d61792c3737cd08c72d107f5131{\nvertical-align:middle;\nbackground-color:#e7b8b8;\n}\n.responsive #top #wrap_all .flex_cell.av-ai4d8-9ded7d61792c3737cd08c72d107f5131{\npadding:0px 0px 0px 0px !important;\n}\n<\/style>\n<div class='flex_cell av-ai4d8-9ded7d61792c3737cd08c72d107f5131 av-gridrow-cell av_one_half no_margin  avia-builder-el-24  el_after_av_cell_one_half  avia-builder-el-last  av-zero-padding' ><div class='flex_cell_inner'>\n<style type=\"text\/css\" data-created_by=\"avia_inline_auto\" id=\"style-css-av-lfoh8xpi-12671e767b800b9da18a23429b62617c\">\n.avia-image-container.av-lfoh8xpi-12671e767b800b9da18a23429b62617c img.avia_image{\nbox-shadow:none;\n}\n.avia-image-container.av-lfoh8xpi-12671e767b800b9da18a23429b62617c .av-image-caption-overlay-center{\ncolor:#ffffff;\n}\n<\/style>\n<div  class='avia-image-container av-lfoh8xpi-12671e767b800b9da18a23429b62617c av-styling-no-styling avia-align-center  avia-builder-el-25  avia-builder-el-no-sibling '   itemprop=\"image\" itemscope=\"itemscope\" itemtype=\"https:\/\/schema.org\/ImageObject\" ><div class=\"avia-image-container-inner\"><div class=\"avia-image-overlay-wrap\"><img decoding=\"async\" class='wp-image-633 avia-img-lazy-loading-not-633 avia_image ' src=\"https:\/\/drasandralilianavargas.com\/wp-content\/uploads\/2023\/03\/ble02.png\" alt='' title=''  height=\"1016\" width=\"1525\"  itemprop=\"thumbnailUrl\" srcset=\"https:\/\/drasandralilianavargas.com\/wp-content\/uploads\/2023\/03\/ble02.png 1525w, https:\/\/drasandralilianavargas.com\/wp-content\/uploads\/2023\/03\/ble02-300x200.png 300w, https:\/\/drasandralilianavargas.com\/wp-content\/uploads\/2023\/03\/ble02-1030x686.png 1030w, https:\/\/drasandralilianavargas.com\/wp-content\/uploads\/2023\/03\/ble02-768x512.png 768w, https:\/\/drasandralilianavargas.com\/wp-content\/uploads\/2023\/03\/ble02-1500x999.png 1500w, https:\/\/drasandralilianavargas.com\/wp-content\/uploads\/2023\/03\/ble02-705x470.png 705w\" sizes=\"(max-width: 1525px) 100vw, 1525px\" \/><\/div><\/div><\/div>\n<\/div><\/div><\/div><\/p>\n","protected":false},"excerpt":{"rendered":"","protected":false},"author":1,"featured_media":0,"parent":0,"menu_order":0,"comment_status":"closed","ping_status":"closed","template":"","meta":{"footnotes":""},"aioseo_notices":[],"_links":{"self":[{"href":"https:\/\/drasandralilianavargas.com\/index.php\/wp-json\/wp\/v2\/pages\/628"}],"collection":[{"href":"https:\/\/drasandralilianavargas.com\/index.php\/wp-json\/wp\/v2\/pages"}],"about":[{"href":"https:\/\/drasandralilianavargas.com\/index.php\/wp-json\/wp\/v2\/types\/page"}],"author":[{"embeddable":true,"href":"https:\/\/drasandralilianavargas.com\/index.php\/wp-json\/wp\/v2\/users\/1"}],"replies":[{"embeddable":true,"href":"https:\/\/drasandralilianavargas.com\/index.php\/wp-json\/wp\/v2\/comments?post=628"}],"version-history":[{"count":3,"href":"https:\/\/drasandralilianavargas.com\/index.php\/wp-json\/wp\/v2\/pages\/628\/revisions"}],"predecessor-version":[{"id":956,"href":"https:\/\/drasandralilianavargas.com\/index.php\/wp-json\/wp\/v2\/pages\/628\/revisions\/956"}],"wp:attachment":[{"href":"https:\/\/drasandralilianavargas.com\/index.php\/wp-json\/wp\/v2\/media?parent=628"}],"curies":[{"name":"wp","href":"https:\/\/api.w.org\/{rel}","templated":true}]}}