{"id":636,"date":"2023-03-25T16:24:20","date_gmt":"2023-03-25T21:24:20","guid":{"rendered":"https:\/\/drasandralilianavargas.com\/?page_id=636"},"modified":"2023-09-22T16:58:57","modified_gmt":"2023-09-22T21:58:57","slug":"lifting-facial-2","status":"publish","type":"page","link":"https:\/\/drasandralilianavargas.com\/index.php\/lifting-facial-2\/","title":{"rendered":"Lifting Facial"},"content":{"rendered":"<div id='layer_slider_1'  class='avia-layerslider main_color avia-shadow  avia-builder-el-0  el_before_av_section  avia-builder-el-first  container_wrap fullsize'  style='height: 625px; max-width: 3386px; margin: 0 auto;'  ><\/div>\n<div id='av_section_1'  class='avia-section av-2fmw3w-b77b953c6692cd4647b2798aa3b06886 main_color avia-section-huge avia-no-border-styling  avia-builder-el-1  el_after_av_layerslider  el_before_av_layout_row  avia-bg-style-scroll container_wrap fullsize'  ><div class='container av-section-cont-open' ><div class='template-page content  av-content-full alpha units'><div class='post-entry post-entry-type-page post-entry-636'><div class='entry-content-wrapper clearfix'>\n\n<style type=\"text\/css\" data-created_by=\"avia_inline_auto\" id=\"style-css-av-lfohcmf8-612b88c8129fbd0b634f279b8b3ec37f\">\n#top .av-special-heading.av-lfohcmf8-612b88c8129fbd0b634f279b8b3ec37f{\npadding-bottom:20px;\nfont-size:40px;\n}\nbody .av-special-heading.av-lfohcmf8-612b88c8129fbd0b634f279b8b3ec37f .av-special-heading-tag .heading-char{\nfont-size:25px;\n}\n#top #wrap_all .av-special-heading.av-lfohcmf8-612b88c8129fbd0b634f279b8b3ec37f .av-special-heading-tag{\nfont-size:40px;\n}\n.av-special-heading.av-lfohcmf8-612b88c8129fbd0b634f279b8b3ec37f .av-subheading{\nfont-size:15px;\n}\n\n@media only screen and (min-width: 480px) and (max-width: 767px){ \n#top #wrap_all .av-special-heading.av-lfohcmf8-612b88c8129fbd0b634f279b8b3ec37f .av-special-heading-tag{\nfont-size:0.8em;\n}\n}\n\n@media only screen and (max-width: 479px){ \n#top #wrap_all .av-special-heading.av-lfohcmf8-612b88c8129fbd0b634f279b8b3ec37f .av-special-heading-tag{\nfont-size:0.8em;\n}\n}\n<\/style>\n<div  class='av-special-heading av-lfohcmf8-612b88c8129fbd0b634f279b8b3ec37f av-special-heading-h1 blockquote modern-quote modern-centered  avia-builder-el-2  el_before_av_one_fifth  avia-builder-el-first  av-inherit-size'><h1 class='av-special-heading-tag'  itemprop=\"headline\"  >Lifting Facial <br \/>\u00bfQu\u00e9 es la Lifting Facial?<\/h1><div class=\"special-heading-border\"><div class=\"special-heading-inner-border\"><\/div><\/div><\/div>\n\n<style type=\"text\/css\" data-created_by=\"avia_inline_auto\" id=\"style-css-av-29o998-61a6d146bf081a0aff77cf7ba3242872\">\n.flex_column.av-29o998-61a6d146bf081a0aff77cf7ba3242872{\n-webkit-border-radius:0px 0px 0px 0px;\n-moz-border-radius:0px 0px 0px 0px;\nborder-radius:0px 0px 0px 0px;\npadding:0px 0px 0px 0px;\n}\n<\/style>\n<div class='flex_column av-29o998-61a6d146bf081a0aff77cf7ba3242872 av_one_fifth  avia-builder-el-3  el_after_av_heading  el_before_av_three_fifth  first flex_column_div av-zero-column-padding '     ><\/div>\n<style type=\"text\/css\" data-created_by=\"avia_inline_auto\" id=\"style-css-av-23tkdo-4be9b40a819ab43cd09b4769776bc17b\">\n.flex_column.av-23tkdo-4be9b40a819ab43cd09b4769776bc17b{\n-webkit-border-radius:0px 0px 0px 0px;\n-moz-border-radius:0px 0px 0px 0px;\nborder-radius:0px 0px 0px 0px;\npadding:0px 0px 0px 0px;\n}\n<\/style>\n<div class='flex_column av-23tkdo-4be9b40a819ab43cd09b4769776bc17b av_three_fifth  avia-builder-el-4  el_after_av_one_fifth  el_before_av_one_fifth  flex_column_div av-animated-generic bottom-to-top av-zero-column-padding '     ><p>\n<style type=\"text\/css\" data-created_by=\"avia_inline_auto\" id=\"style-css-av-lfohd50r-2ce39776127f536e79646282e27b01e1\">\n#top .av_textblock_section.av-lfohd50r-2ce39776127f536e79646282e27b01e1 .avia_textblock{\ncolor:#000000;\ntext-align:justify;\n}\n<\/style>\n<section  class='av_textblock_section av-lfohd50r-2ce39776127f536e79646282e27b01e1'  itemscope=\"itemscope\" itemtype=\"https:\/\/schema.org\/CreativeWork\" ><div class='avia_textblock av_inherit_color'  itemprop=\"text\" ><p>Los mejores candidatos para un lifting facial son las mujeres u hombres cuya cara y cuello han comenzado a aflojarse, pero que conservan una piel el\u00e1stica y una estructura \u00f3sea fuerte y bien definida. La mayor\u00eda de estos pacientes est\u00e1n entre los cuarenta y los sesenta a\u00f1os de edad, aunque se pueden obtener buenos resultados en personas de m\u00e1s de 80 a\u00f1os. Un lifting puede darle un aspecto m\u00e1s juvenil y lozano, y mejorar de esta forma su autoestima. Pero no le dar\u00e1 un aspecto totalmente diferente, ni le devolver\u00e1 la salud y vitalidad de su juventud. Antes de decidirte por esta cirug\u00eda, piense bien cu\u00e1les son sus expectativas y comp\u00e1rtalas con su cirujano.<\/p>\n<\/div><\/section><br \/>\n\n<style type=\"text\/css\" data-created_by=\"avia_inline_auto\" id=\"style-css-av-6ochw-00d97b62e6d03c29140a7360737709bd\">\n#top .hr.av-6ochw-00d97b62e6d03c29140a7360737709bd{\nmargin-top:70px;\nmargin-bottom:0px;\n}\n.hr.av-6ochw-00d97b62e6d03c29140a7360737709bd .hr-inner{\nwidth:90px;\nmax-width:45%;\n}\n.hr.av-6ochw-00d97b62e6d03c29140a7360737709bd .av-seperator-icon{\ncolor:#e7b8b8;\n}\n<\/style>\n<div  class='hr av-6ochw-00d97b62e6d03c29140a7360737709bd hr-custom  avia-builder-el-6  el_after_av_textblock  avia-builder-el-last  hr-center hr-icon-yes'><span class='hr-inner inner-border-av-border-thin'><span class=\"hr-inner-style\"><\/span><\/span><span class='av-seperator-icon' aria-hidden='true' data-av_icon='\ue8b8' data-av_iconfont='entypo-fontello'><\/span><span class='hr-inner inner-border-av-border-thin'><span class=\"hr-inner-style\"><\/span><\/span><\/div><\/p><\/div>\n<style type=\"text\/css\" data-created_by=\"avia_inline_auto\" id=\"style-css-av-1oh16c-0dfe130f791aadf5c94136013b4edabd\">\n.flex_column.av-1oh16c-0dfe130f791aadf5c94136013b4edabd{\n-webkit-border-radius:0px 0px 0px 0px;\n-moz-border-radius:0px 0px 0px 0px;\nborder-radius:0px 0px 0px 0px;\npadding:0px 0px 0px 0px;\n}\n<\/style>\n<div class='flex_column av-1oh16c-0dfe130f791aadf5c94136013b4edabd av_one_fifth  avia-builder-el-7  el_after_av_three_fifth  avia-builder-el-last  flex_column_div av-zero-column-padding '     ><\/div>\n\n<\/div><\/div><\/div><!-- close content main div --><\/div><\/div><div id='av-layout-grid-1'  class='av-layout-grid-container av-1lm68s-96928d333a190fb11b86d0e153f9d528 entry-content-wrapper main_color av-flex-cells  avia-builder-el-8  el_after_av_section  el_before_av_layout_row  grid-row-not-first  container_wrap fullsize'  >\n\n<style type=\"text\/css\" data-created_by=\"avia_inline_auto\" id=\"style-css-av-1dlqr8-b74f49021530b5ad7c07263a456ddc8e\">\n.flex_cell.av-1dlqr8-b74f49021530b5ad7c07263a456ddc8e{\nvertical-align:middle;\n}\n.responsive #top #wrap_all .flex_cell.av-1dlqr8-b74f49021530b5ad7c07263a456ddc8e{\npadding:80px 80px 80px 80px !important;\n}\n<\/style>\n<div class='flex_cell av-1dlqr8-b74f49021530b5ad7c07263a456ddc8e av-gridrow-cell av_one_half no_margin  avia-builder-el-9  el_before_av_cell_one_half  avia-builder-el-first ' ><div class='flex_cell_inner'><p>\n<style type=\"text\/css\" data-created_by=\"avia_inline_auto\" id=\"style-css-av-lfohdh23-4f6501fcf429aa173e5c370674f8b71b\">\n#top .av-special-heading.av-lfohdh23-4f6501fcf429aa173e5c370674f8b71b{\npadding-bottom:10px;\n}\nbody .av-special-heading.av-lfohdh23-4f6501fcf429aa173e5c370674f8b71b .av-special-heading-tag .heading-char{\nfont-size:25px;\n}\n.av-special-heading.av-lfohdh23-4f6501fcf429aa173e5c370674f8b71b .av-subheading{\nfont-size:15px;\n}\n<\/style>\n<div  class='av-special-heading av-lfohdh23-4f6501fcf429aa173e5c370674f8b71b av-special-heading-h2 blockquote modern-quote  avia-builder-el-10  el_before_av_textblock  avia-builder-el-first '><h2 class='av-special-heading-tag'  itemprop=\"headline\"  >Procedimiento Lifting Facial<\/h2><div class=\"special-heading-border\"><div class=\"special-heading-inner-border\"><\/div><\/div><\/div><br \/>\n\n<style type=\"text\/css\" data-created_by=\"avia_inline_auto\" id=\"style-css-av-lfohf9ph-358f8cc16cd2dba5d5948c6d3c0002c9\">\n#top .av_textblock_section.av-lfohf9ph-358f8cc16cd2dba5d5948c6d3c0002c9 .avia_textblock{\ncolor:#000000;\ntext-align:justify;\n}\n<\/style>\n<section  class='av_textblock_section av-lfohf9ph-358f8cc16cd2dba5d5948c6d3c0002c9'  itemscope=\"itemscope\" itemtype=\"https:\/\/schema.org\/CreativeWork\" ><div class='avia_textblock av_inherit_color'  itemprop=\"text\" ><p>Es el procedimiento que se usa para el levantamiento de las mejillas. Con el paso del tiempo se produce el descolgamiento de los tejidos de la cara generando flacidez, aumento de los surcos alrededor de la boca y descolgamiento de los cachetes o mejillas. Esto genera una apariencia cansada y envejecida del paciente que se puede mejorar con el lifting o minilifting facial. Cuando se combina la ritidoplastia con otros procedimientos como la frontoplastia (cirug\u00eda de la frente), la blefaroplastia (cirug\u00eda de los p\u00e1rpados) o la cervicoplastia (cirug\u00eda del cuello) se puede obtener un rejuvenecimiento muy importante, arm\u00f3nico y natural.<\/p>\n<\/div><\/section><\/p>\n<\/div><\/div>\n<style type=\"text\/css\" data-created_by=\"avia_inline_auto\" id=\"style-css-av-186m2c-e98f507d2d26d3b00abbbb06ae30a57d\">\n.flex_cell.av-186m2c-e98f507d2d26d3b00abbbb06ae30a57d{\nvertical-align:bottom;\nbackground-color:#e7b8b8;\n}\n.responsive #top #wrap_all .flex_cell.av-186m2c-e98f507d2d26d3b00abbbb06ae30a57d{\npadding:0px 0px 0px 0px !important;\n}\n<\/style>\n<div class='flex_cell av-186m2c-e98f507d2d26d3b00abbbb06ae30a57d av-gridrow-cell av_one_half no_margin  avia-builder-el-12  el_after_av_cell_one_half  avia-builder-el-last  av-zero-padding' ><div class='flex_cell_inner'>\n<style type=\"text\/css\" data-created_by=\"avia_inline_auto\" id=\"style-css-av-lfohtnqo-1f88f10e4c24a15aab0eaf93050bd585\">\n.avia-image-container.av-lfohtnqo-1f88f10e4c24a15aab0eaf93050bd585 img.avia_image{\nbox-shadow:none;\n}\n.avia-image-container.av-lfohtnqo-1f88f10e4c24a15aab0eaf93050bd585 .av-image-caption-overlay-center{\ncolor:#ffffff;\n}\n<\/style>\n<div  class='avia-image-container av-lfohtnqo-1f88f10e4c24a15aab0eaf93050bd585 av-styling-no-styling avia-align-center  avia-builder-el-13  avia-builder-el-no-sibling '   itemprop=\"image\" itemscope=\"itemscope\" itemtype=\"https:\/\/schema.org\/ImageObject\" ><div class=\"avia-image-container-inner\"><div class=\"avia-image-overlay-wrap\"><img decoding=\"async\" class='wp-image-642 avia-img-lazy-loading-not-642 avia_image ' src=\"https:\/\/drasandralilianavargas.com\/wp-content\/uploads\/2023\/03\/lis03.png\" alt='' title=''  height=\"1016\" width=\"1525\"  itemprop=\"thumbnailUrl\" srcset=\"https:\/\/drasandralilianavargas.com\/wp-content\/uploads\/2023\/03\/lis03.png 1525w, https:\/\/drasandralilianavargas.com\/wp-content\/uploads\/2023\/03\/lis03-300x200.png 300w, https:\/\/drasandralilianavargas.com\/wp-content\/uploads\/2023\/03\/lis03-1030x686.png 1030w, https:\/\/drasandralilianavargas.com\/wp-content\/uploads\/2023\/03\/lis03-768x512.png 768w, https:\/\/drasandralilianavargas.com\/wp-content\/uploads\/2023\/03\/lis03-1500x999.png 1500w, https:\/\/drasandralilianavargas.com\/wp-content\/uploads\/2023\/03\/lis03-705x470.png 705w\" sizes=\"(max-width: 1525px) 100vw, 1525px\" \/><\/div><\/div><\/div>\n<\/div><\/div><\/div><div id='av-layout-grid-2'  class='av-layout-grid-container av-15exbw-61661b1f67438c1047ae5c9bc2e332d3 entry-content-wrapper main_color av-flex-cells  avia-builder-el-14  el_after_av_layout_row  el_before_av_layout_row  grid-row-not-first  container_wrap fullsize'  >\n\n<style type=\"text\/css\" data-created_by=\"avia_inline_auto\" id=\"style-css-av-udoek-1458b59bcf91e9471913cbf76875ea11\">\n.flex_cell.av-udoek-1458b59bcf91e9471913cbf76875ea11{\nvertical-align:middle;\nbackground-color:#e7b8b8;\n}\n.responsive #top #wrap_all .flex_cell.av-udoek-1458b59bcf91e9471913cbf76875ea11{\npadding:0px 0px 0px 0px !important;\n}\n<\/style>\n<div class='flex_cell av-udoek-1458b59bcf91e9471913cbf76875ea11 av-gridrow-cell av_one_half no_margin  avia-builder-el-15  el_before_av_cell_one_half  avia-builder-el-first  av-zero-padding' ><div class='flex_cell_inner'>\n<style type=\"text\/css\" data-created_by=\"avia_inline_auto\" id=\"style-css-av-lfohubfr-a99ee9f42cbdbcfaade6e155d241d66f\">\n.avia-image-container.av-lfohubfr-a99ee9f42cbdbcfaade6e155d241d66f img.avia_image{\nbox-shadow:none;\n}\n.avia-image-container.av-lfohubfr-a99ee9f42cbdbcfaade6e155d241d66f .av-image-caption-overlay-center{\ncolor:#ffffff;\n}\n<\/style>\n<div  class='avia-image-container av-lfohubfr-a99ee9f42cbdbcfaade6e155d241d66f av-styling-no-styling avia-align-center  avia-builder-el-16  avia-builder-el-no-sibling '   itemprop=\"image\" itemscope=\"itemscope\" itemtype=\"https:\/\/schema.org\/ImageObject\" ><div class=\"avia-image-container-inner\"><div class=\"avia-image-overlay-wrap\"><img decoding=\"async\" class='wp-image-641 avia-img-lazy-loading-not-641 avia_image ' src=\"https:\/\/drasandralilianavargas.com\/wp-content\/uploads\/2023\/03\/lis02.png\" alt='' title=''  height=\"1016\" width=\"1525\"  itemprop=\"thumbnailUrl\" srcset=\"https:\/\/drasandralilianavargas.com\/wp-content\/uploads\/2023\/03\/lis02.png 1525w, https:\/\/drasandralilianavargas.com\/wp-content\/uploads\/2023\/03\/lis02-300x200.png 300w, https:\/\/drasandralilianavargas.com\/wp-content\/uploads\/2023\/03\/lis02-1030x686.png 1030w, https:\/\/drasandralilianavargas.com\/wp-content\/uploads\/2023\/03\/lis02-768x512.png 768w, https:\/\/drasandralilianavargas.com\/wp-content\/uploads\/2023\/03\/lis02-1500x999.png 1500w, https:\/\/drasandralilianavargas.com\/wp-content\/uploads\/2023\/03\/lis02-705x470.png 705w\" sizes=\"(max-width: 1525px) 100vw, 1525px\" \/><\/div><\/div><\/div>\n<\/div><\/div>\n<style type=\"text\/css\" data-created_by=\"avia_inline_auto\" id=\"style-css-av-p0pn8-5fe46df1334ed1fd9bfb1e1a3d003788\">\n.flex_cell.av-p0pn8-5fe46df1334ed1fd9bfb1e1a3d003788{\nvertical-align:middle;\n}\n.responsive #top #wrap_all .flex_cell.av-p0pn8-5fe46df1334ed1fd9bfb1e1a3d003788{\npadding:80px 80px 80px 80px !important;\n}\n<\/style>\n<div class='flex_cell av-p0pn8-5fe46df1334ed1fd9bfb1e1a3d003788 av-gridrow-cell av_one_half no_margin  avia-builder-el-17  el_after_av_cell_one_half  avia-builder-el-last ' ><div class='flex_cell_inner'><p>\n<style type=\"text\/css\" data-created_by=\"avia_inline_auto\" id=\"style-css-av-lfohfoyr-4c4182d32f34d2055bcf094ab9e49655\">\n#top .av-special-heading.av-lfohfoyr-4c4182d32f34d2055bcf094ab9e49655{\npadding-bottom:10px;\n}\nbody .av-special-heading.av-lfohfoyr-4c4182d32f34d2055bcf094ab9e49655 .av-special-heading-tag .heading-char{\nfont-size:25px;\n}\n.av-special-heading.av-lfohfoyr-4c4182d32f34d2055bcf094ab9e49655 .av-subheading{\nfont-size:15px;\n}\n<\/style>\n<div  class='av-special-heading av-lfohfoyr-4c4182d32f34d2055bcf094ab9e49655 av-special-heading-h2 blockquote modern-quote  avia-builder-el-18  el_before_av_textblock  avia-builder-el-first '><h2 class='av-special-heading-tag'  itemprop=\"headline\"  >Antes de la cirug\u00eda<\/h2><div class=\"special-heading-border\"><div class=\"special-heading-inner-border\"><\/div><\/div><\/div><br \/>\n\n<style type=\"text\/css\" data-created_by=\"avia_inline_auto\" id=\"style-css-av-lfohg540-331a9571684890e2262a328bc2dd8359\">\n#top .av_textblock_section.av-lfohg540-331a9571684890e2262a328bc2dd8359 .avia_textblock{\ntext-align:justify;\n}\n<\/style>\n<section  class='av_textblock_section av-lfohg540-331a9571684890e2262a328bc2dd8359'  itemscope=\"itemscope\" itemtype=\"https:\/\/schema.org\/CreativeWork\" ><div class='avia_textblock'  itemprop=\"text\" ><p>Por regla general si el paciente fuma deber\u00e1 de dejar el tabaco al menos dos semanas antes del procedimiento, esto es debido a que para las personas que fuman el ox\u00edgeno no fluye con libertad por el cuerpo y esto podr\u00eda causar complicaciones a la hora de la cirug\u00eda y adem\u00e1s afectar su tiempo estimado de recuperaci\u00f3n. Medicamentos tales como: Aspirinas, suplementos de vitamina E y medicamentos anticoagulantes, por lo general son regulados o eliminados por los doctores ya que estos tambi\u00e9n podr\u00edan causar complicaciones durante o despu\u00e9s de la cirug\u00eda, pero todo depender\u00e1 de las instrucciones del m\u00e9dico.<\/p>\n<\/div><\/section><\/p>\n<\/div><\/div><\/div><div id='av-layout-grid-3'  class='av-layout-grid-container av-kv3uc-624d588cfb8c2423b45ae753237e6caf entry-content-wrapper main_color av-flex-cells  avia-builder-el-20  el_after_av_layout_row  avia-builder-el-last  grid-row-not-first  container_wrap fullsize'  >\n\n<style type=\"text\/css\" data-created_by=\"avia_inline_auto\" id=\"style-css-av-g6x24-11b32e0cb9883525ce283ea9ed0e5595\">\n.flex_cell.av-g6x24-11b32e0cb9883525ce283ea9ed0e5595{\nvertical-align:middle;\n}\n.responsive #top #wrap_all .flex_cell.av-g6x24-11b32e0cb9883525ce283ea9ed0e5595{\npadding:80px 80px 80px 80px !important;\n}\n<\/style>\n<div class='flex_cell av-g6x24-11b32e0cb9883525ce283ea9ed0e5595 av-gridrow-cell av_one_half no_margin  avia-builder-el-21  el_before_av_cell_one_half  avia-builder-el-first ' ><div class='flex_cell_inner'><p>\n<style type=\"text\/css\" data-created_by=\"avia_inline_auto\" id=\"style-css-av-lfohgi8h-522a88e1bf83b597031314011439a9e4\">\n#top .av-special-heading.av-lfohgi8h-522a88e1bf83b597031314011439a9e4{\npadding-bottom:10px;\n}\nbody .av-special-heading.av-lfohgi8h-522a88e1bf83b597031314011439a9e4 .av-special-heading-tag .heading-char{\nfont-size:25px;\n}\n.av-special-heading.av-lfohgi8h-522a88e1bf83b597031314011439a9e4 .av-subheading{\nfont-size:15px;\n}\n<\/style>\n<div  class='av-special-heading av-lfohgi8h-522a88e1bf83b597031314011439a9e4 av-special-heading-h2 blockquote modern-quote  avia-builder-el-22  el_before_av_textblock  avia-builder-el-first '><h2 class='av-special-heading-tag'  itemprop=\"headline\"  >Despu\u00e9s de la cirug\u00eda<\/h2><div class=\"special-heading-border\"><div class=\"special-heading-inner-border\"><\/div><\/div><\/div><br \/>\n\n<style type=\"text\/css\" data-created_by=\"avia_inline_auto\" id=\"style-css-av-lfohh97b-efa2e20bef03c19f705ac1f27ef84b24\">\n#top .av_textblock_section.av-lfohh97b-efa2e20bef03c19f705ac1f27ef84b24 .avia_textblock{\ncolor:#000000;\ntext-align:justify;\n}\n<\/style>\n<section  class='av_textblock_section av-lfohh97b-efa2e20bef03c19f705ac1f27ef84b24'  itemscope=\"itemscope\" itemtype=\"https:\/\/schema.org\/CreativeWork\" ><div class='avia_textblock av_inherit_color'  itemprop=\"text\" ><p>El tiempo de recuperaci\u00f3n despu\u00e9s de un procedimiento de levantamiento facial depender\u00e1 del tipo de cirug\u00eda est\u00e9tica a la que el paciente se someti\u00f3, a la cantidad de procedimientos quir\u00fargicos que se realiz\u00f3 y a la forma en la que el paciente ha seguido o no las indicaciones del doctor. Es decir que la recuperaci\u00f3n tardara m\u00e1s en aquellas personas que adem\u00e1s del lifting facial tambi\u00e9n se realizaron tambi\u00e9n un estiramiento de cuello; tardara m\u00e1s en aquellas personas que se realizaron lifting faciales m\u00e1s profundos y definidos que en aquellas personas que prefirieron algo m\u00e1s natural.<\/p>\n<\/div><\/section><\/p>\n<\/div><\/div>\n<style type=\"text\/css\" data-created_by=\"avia_inline_auto\" id=\"style-css-av-6p1yk-14cefdb39c327c724cd072bf2822441e\">\n.flex_cell.av-6p1yk-14cefdb39c327c724cd072bf2822441e{\nvertical-align:middle;\nbackground-color:#e7b8b8;\n}\n.responsive #top #wrap_all .flex_cell.av-6p1yk-14cefdb39c327c724cd072bf2822441e{\npadding:0px 0px 0px 0px !important;\n}\n<\/style>\n<div class='flex_cell av-6p1yk-14cefdb39c327c724cd072bf2822441e av-gridrow-cell av_one_half no_margin  avia-builder-el-24  el_after_av_cell_one_half  avia-builder-el-last  av-zero-padding' ><div class='flex_cell_inner'>\n<style type=\"text\/css\" data-created_by=\"avia_inline_auto\" id=\"style-css-av-lfohuqz3-edf295950a52da3de3f294f32eb799f7\">\n.avia-image-container.av-lfohuqz3-edf295950a52da3de3f294f32eb799f7 img.avia_image{\nbox-shadow:none;\n}\n.avia-image-container.av-lfohuqz3-edf295950a52da3de3f294f32eb799f7 .av-image-caption-overlay-center{\ncolor:#ffffff;\n}\n<\/style>\n<div  class='avia-image-container av-lfohuqz3-edf295950a52da3de3f294f32eb799f7 av-styling-no-styling avia-align-center  avia-builder-el-25  avia-builder-el-no-sibling '   itemprop=\"image\" itemscope=\"itemscope\" itemtype=\"https:\/\/schema.org\/ImageObject\" ><div class=\"avia-image-container-inner\"><div class=\"avia-image-overlay-wrap\"><img decoding=\"async\" class='wp-image-640 avia-img-lazy-loading-not-640 avia_image ' src=\"https:\/\/drasandralilianavargas.com\/wp-content\/uploads\/2023\/03\/lis01.png\" alt='' title=''  height=\"1016\" width=\"1525\"  itemprop=\"thumbnailUrl\" srcset=\"https:\/\/drasandralilianavargas.com\/wp-content\/uploads\/2023\/03\/lis01.png 1525w, https:\/\/drasandralilianavargas.com\/wp-content\/uploads\/2023\/03\/lis01-300x200.png 300w, https:\/\/drasandralilianavargas.com\/wp-content\/uploads\/2023\/03\/lis01-1030x686.png 1030w, https:\/\/drasandralilianavargas.com\/wp-content\/uploads\/2023\/03\/lis01-768x512.png 768w, https:\/\/drasandralilianavargas.com\/wp-content\/uploads\/2023\/03\/lis01-1500x999.png 1500w, https:\/\/drasandralilianavargas.com\/wp-content\/uploads\/2023\/03\/lis01-705x470.png 705w\" sizes=\"(max-width: 1525px) 100vw, 1525px\" \/><\/div><\/div><\/div>\n<\/div><\/div>\n<\/div><\/p>\n","protected":false},"excerpt":{"rendered":"","protected":false},"author":1,"featured_media":0,"parent":0,"menu_order":0,"comment_status":"closed","ping_status":"closed","template":"","meta":{"footnotes":""},"aioseo_notices":[],"_links":{"self":[{"href":"https:\/\/drasandralilianavargas.com\/index.php\/wp-json\/wp\/v2\/pages\/636"}],"collection":[{"href":"https:\/\/drasandralilianavargas.com\/index.php\/wp-json\/wp\/v2\/pages"}],"about":[{"href":"https:\/\/drasandralilianavargas.com\/index.php\/wp-json\/wp\/v2\/types\/page"}],"author":[{"embeddable":true,"href":"https:\/\/drasandralilianavargas.com\/index.php\/wp-json\/wp\/v2\/users\/1"}],"replies":[{"embeddable":true,"href":"https:\/\/drasandralilianavargas.com\/index.php\/wp-json\/wp\/v2\/comments?post=636"}],"version-history":[{"count":5,"href":"https:\/\/drasandralilianavargas.com\/index.php\/wp-json\/wp\/v2\/pages\/636\/revisions"}],"predecessor-version":[{"id":983,"href":"https:\/\/drasandralilianavargas.com\/index.php\/wp-json\/wp\/v2\/pages\/636\/revisions\/983"}],"wp:attachment":[{"href":"https:\/\/drasandralilianavargas.com\/index.php\/wp-json\/wp\/v2\/media?parent=636"}],"curies":[{"name":"wp","href":"https:\/\/api.w.org\/{rel}","templated":true}]}}