{"id":644,"date":"2023-03-25T16:41:12","date_gmt":"2023-03-25T21:41:12","guid":{"rendered":"https:\/\/drasandralilianavargas.com\/?page_id=644"},"modified":"2023-05-06T01:50:33","modified_gmt":"2023-05-06T06:50:33","slug":"mentoplastia-2","status":"publish","type":"page","link":"https:\/\/drasandralilianavargas.com\/index.php\/mentoplastia-2\/","title":{"rendered":"Mentoplastia"},"content":{"rendered":"<div id='layer_slider_1'  class='avia-layerslider main_color avia-shadow  avia-builder-el-0  el_before_av_section  avia-builder-el-first  container_wrap fullsize'  style='height: 625px; max-width: 3386px; margin: 0 auto;'  ><\/div>\n<div id='av_section_1'  class='avia-section av-9a1yk-b8d50fd9d9d5b94e0ebf0aa50ea187d3 main_color avia-section-huge avia-no-border-styling  avia-builder-el-1  el_after_av_layerslider  el_before_av_layout_row  avia-bg-style-scroll container_wrap fullsize'  ><div class='container av-section-cont-open' ><div class='template-page content  av-content-full alpha units'><div class='post-entry post-entry-type-page post-entry-644'><div class='entry-content-wrapper clearfix'>\n\n<style type=\"text\/css\" data-created_by=\"avia_inline_auto\" id=\"style-css-av-lfoi13hf-bf03490cc8ef6a9e7508e9177c231da0\">\n#top .av-special-heading.av-lfoi13hf-bf03490cc8ef6a9e7508e9177c231da0{\npadding-bottom:20px;\nfont-size:40px;\n}\nbody .av-special-heading.av-lfoi13hf-bf03490cc8ef6a9e7508e9177c231da0 .av-special-heading-tag .heading-char{\nfont-size:25px;\n}\n#top #wrap_all .av-special-heading.av-lfoi13hf-bf03490cc8ef6a9e7508e9177c231da0 .av-special-heading-tag{\nfont-size:40px;\n}\n.av-special-heading.av-lfoi13hf-bf03490cc8ef6a9e7508e9177c231da0 .av-subheading{\nfont-size:15px;\n}\n\n@media only screen and (min-width: 480px) and (max-width: 767px){ \n#top #wrap_all .av-special-heading.av-lfoi13hf-bf03490cc8ef6a9e7508e9177c231da0 .av-special-heading-tag{\nfont-size:0.8em;\n}\n}\n\n@media only screen and (max-width: 479px){ \n#top #wrap_all .av-special-heading.av-lfoi13hf-bf03490cc8ef6a9e7508e9177c231da0 .av-special-heading-tag{\nfont-size:0.8em;\n}\n}\n<\/style>\n<div  class='av-special-heading av-lfoi13hf-bf03490cc8ef6a9e7508e9177c231da0 av-special-heading-h1 blockquote modern-quote modern-centered  avia-builder-el-2  el_before_av_one_fifth  avia-builder-el-first  av-inherit-size'><h1 class='av-special-heading-tag'  itemprop=\"headline\"  >Mentoplastia <br \/>\u00bfQu\u00e9 es la Mentoplastia?<\/h1><div class=\"special-heading-border\"><div class=\"special-heading-inner-border\"><\/div><\/div><\/div>\n\n<style type=\"text\/css\" data-created_by=\"avia_inline_auto\" id=\"style-css-av-2e2o70-03d729d9a7390478baf9db131a4e29f5\">\n.flex_column.av-2e2o70-03d729d9a7390478baf9db131a4e29f5{\n-webkit-border-radius:0px 0px 0px 0px;\n-moz-border-radius:0px 0px 0px 0px;\nborder-radius:0px 0px 0px 0px;\npadding:0px 0px 0px 0px;\n}\n<\/style>\n<div class='flex_column av-2e2o70-03d729d9a7390478baf9db131a4e29f5 av_one_fifth  avia-builder-el-3  el_after_av_heading  el_before_av_three_fifth  first flex_column_div av-zero-column-padding '     ><\/div>\n<style type=\"text\/css\" data-created_by=\"avia_inline_auto\" id=\"style-css-av-29weh0-c6e296ca808e070d384fe11ba881ed3a\">\n.flex_column.av-29weh0-c6e296ca808e070d384fe11ba881ed3a{\n-webkit-border-radius:0px 0px 0px 0px;\n-moz-border-radius:0px 0px 0px 0px;\nborder-radius:0px 0px 0px 0px;\npadding:0px 0px 0px 0px;\n}\n<\/style>\n<div class='flex_column av-29weh0-c6e296ca808e070d384fe11ba881ed3a av_three_fifth  avia-builder-el-4  el_after_av_one_fifth  el_before_av_one_fifth  flex_column_div av-animated-generic bottom-to-top av-zero-column-padding '     ><p>\n<style type=\"text\/css\" data-created_by=\"avia_inline_auto\" id=\"style-css-av-lfoi1b40-51fd9f7519cf6c93f1b38e0983cb8a66\">\n#top .av_textblock_section.av-lfoi1b40-51fd9f7519cf6c93f1b38e0983cb8a66 .avia_textblock{\ncolor:#000000;\ntext-align:justify;\n}\n<\/style>\n<section  class='av_textblock_section av-lfoi1b40-51fd9f7519cf6c93f1b38e0983cb8a66'  itemscope=\"itemscope\" itemtype=\"https:\/\/schema.org\/CreativeWork\" ><div class='avia_textblock av_inherit_color'  itemprop=\"text\" ><p>La mentoplastia o cirug\u00eda de ment\u00f3n busca armonizar el tama\u00f1o de la barbilla con el del conjunto del rostro mediante cirug\u00eda pl\u00e1stica, la cual le permitir\u00e1 al doctor hacer correcciones disimul\u00e1ndolas ya sea con la colocaci\u00f3n de pr\u00f3tesis, implantes o recolocando el hueso para que no se vea tan prominente. El objetivo de una mentoplastia es est\u00e9tico, aunque en muchas ocasiones se realiza para disminuir problemas de apnea del sue\u00f1o o de ronquidos.<\/p>\n<\/div><\/section><br \/>\n\n<style type=\"text\/css\" data-created_by=\"avia_inline_auto\" id=\"style-css-av-21055g-effeccd004762eb4e5d8558811bc55ef\">\n#top .hr.av-21055g-effeccd004762eb4e5d8558811bc55ef{\nmargin-top:70px;\nmargin-bottom:0px;\n}\n.hr.av-21055g-effeccd004762eb4e5d8558811bc55ef .hr-inner{\nwidth:90px;\nmax-width:45%;\n}\n.hr.av-21055g-effeccd004762eb4e5d8558811bc55ef .av-seperator-icon{\ncolor:#e7b8b8;\n}\n<\/style>\n<div  class='hr av-21055g-effeccd004762eb4e5d8558811bc55ef hr-custom  avia-builder-el-6  el_after_av_textblock  avia-builder-el-last  hr-center hr-icon-yes'><span class='hr-inner inner-border-av-border-thin'><span class=\"hr-inner-style\"><\/span><\/span><span class='av-seperator-icon' aria-hidden='true' data-av_icon='\ue8b8' data-av_iconfont='entypo-fontello'><\/span><span class='hr-inner inner-border-av-border-thin'><span class=\"hr-inner-style\"><\/span><\/span><\/div><\/p><\/div>\n<style type=\"text\/css\" data-created_by=\"avia_inline_auto\" id=\"style-css-av-1wimc4-e7031f46109f512efa2c97fa6b2cb372\">\n.flex_column.av-1wimc4-e7031f46109f512efa2c97fa6b2cb372{\n-webkit-border-radius:0px 0px 0px 0px;\n-moz-border-radius:0px 0px 0px 0px;\nborder-radius:0px 0px 0px 0px;\npadding:0px 0px 0px 0px;\n}\n<\/style>\n<div class='flex_column av-1wimc4-e7031f46109f512efa2c97fa6b2cb372 av_one_fifth  avia-builder-el-7  el_after_av_three_fifth  avia-builder-el-last  flex_column_div av-zero-column-padding '     ><\/div><\/div><\/div><\/div><!-- close content main div --><\/div><\/div><div id='av-layout-grid-1'  class='av-layout-grid-container av-1ohwtg-1ef8eaf76258c3f9d736888c1c54916a entry-content-wrapper main_color av-flex-cells  avia-builder-el-8  el_after_av_section  el_before_av_layout_row  grid-row-not-first  container_wrap fullsize'  >\n\n<style type=\"text\/css\" data-created_by=\"avia_inline_auto\" id=\"style-css-av-1lpgb0-86eebaff58e4df42999ae8f7c60c3fe6\">\n.flex_cell.av-1lpgb0-86eebaff58e4df42999ae8f7c60c3fe6{\nvertical-align:middle;\n}\n.responsive #top #wrap_all .flex_cell.av-1lpgb0-86eebaff58e4df42999ae8f7c60c3fe6{\npadding:80px 80px 80px 80px !important;\n}\n<\/style>\n<div class='flex_cell av-1lpgb0-86eebaff58e4df42999ae8f7c60c3fe6 av-gridrow-cell av_one_half no_margin  avia-builder-el-9  el_before_av_cell_one_half  avia-builder-el-first ' ><div class='flex_cell_inner'><p>\n<style type=\"text\/css\" data-created_by=\"avia_inline_auto\" id=\"style-css-av-1g6mwc-8bcafaa7474de6969109af0bf70e6207\">\n#top .av-special-heading.av-1g6mwc-8bcafaa7474de6969109af0bf70e6207{\npadding-bottom:10px;\n}\nbody .av-special-heading.av-1g6mwc-8bcafaa7474de6969109af0bf70e6207 .av-special-heading-tag .heading-char{\nfont-size:25px;\n}\n.av-special-heading.av-1g6mwc-8bcafaa7474de6969109af0bf70e6207 .av-subheading{\nfont-size:15px;\n}\n<\/style>\n<div  class='av-special-heading av-1g6mwc-8bcafaa7474de6969109af0bf70e6207 av-special-heading-h2 blockquote modern-quote  avia-builder-el-10  el_before_av_textblock  avia-builder-el-first '><h2 class='av-special-heading-tag'  itemprop=\"headline\"  >Procedimiento<\/h2><div class=\"special-heading-border\"><div class=\"special-heading-inner-border\"><\/div><\/div><\/div><br \/>\n\n<style type=\"text\/css\" data-created_by=\"avia_inline_auto\" id=\"style-css-av-lfoi1whr-af6849d3948dc894faada752b2d0d566\">\n#top .av_textblock_section.av-lfoi1whr-af6849d3948dc894faada752b2d0d566 .avia_textblock{\ncolor:#000000;\ntext-align:justify;\n}\n<\/style>\n<section  class='av_textblock_section av-lfoi1whr-af6849d3948dc894faada752b2d0d566'  itemscope=\"itemscope\" itemtype=\"https:\/\/schema.org\/CreativeWork\" ><div class='avia_textblock av_inherit_color'  itemprop=\"text\" ><p>Se hace una incisi\u00f3n en el interior de la boca, en la zona une la enc\u00eda inferior y el labio. En \u00e9sta zona se pone un implante que mejora la proyecci\u00f3n. Para el caso de la reducci\u00f3n de ment\u00f3n, es posible que el cirujano practique una osteotom\u00eda o ligue el hueso.<\/p>\n<\/div><\/section><\/p>\n<\/div><\/div>\n<style type=\"text\/css\" data-created_by=\"avia_inline_auto\" id=\"style-css-av-19t3s4-0b931210cbba8276a5d5ee49b1438214\">\n.flex_cell.av-19t3s4-0b931210cbba8276a5d5ee49b1438214{\nvertical-align:bottom;\nbackground-color:#e7b8b8;\n}\n.responsive #top #wrap_all .flex_cell.av-19t3s4-0b931210cbba8276a5d5ee49b1438214{\npadding:0px 0px 0px 0px !important;\n}\n<\/style>\n<div class='flex_cell av-19t3s4-0b931210cbba8276a5d5ee49b1438214 av-gridrow-cell av_one_half no_margin  avia-builder-el-12  el_after_av_cell_one_half  avia-builder-el-last  av-zero-padding' ><div class='flex_cell_inner'>\n<style type=\"text\/css\" data-created_by=\"avia_inline_auto\" id=\"style-css-av-lfoibjtb-1e5fec17e24a9dd28f5827172bfa0113\">\n.avia-image-container.av-lfoibjtb-1e5fec17e24a9dd28f5827172bfa0113 img.avia_image{\nbox-shadow:none;\n}\n.avia-image-container.av-lfoibjtb-1e5fec17e24a9dd28f5827172bfa0113 .av-image-caption-overlay-center{\ncolor:#ffffff;\n}\n<\/style>\n<div  class='avia-image-container av-lfoibjtb-1e5fec17e24a9dd28f5827172bfa0113 av-styling-no-styling avia-align-center  avia-builder-el-13  avia-builder-el-no-sibling '   itemprop=\"image\" itemscope=\"itemscope\" itemtype=\"https:\/\/schema.org\/ImageObject\" ><div class=\"avia-image-container-inner\"><div class=\"avia-image-overlay-wrap\"><img decoding=\"async\" class='wp-image-653 avia-img-lazy-loading-not-653 avia_image ' src=\"https:\/\/drasandralilianavargas.com\/wp-content\/uploads\/2023\/03\/met02.png\" alt='' title=''  height=\"1016\" width=\"1525\"  itemprop=\"thumbnailUrl\" srcset=\"https:\/\/drasandralilianavargas.com\/wp-content\/uploads\/2023\/03\/met02.png 1525w, https:\/\/drasandralilianavargas.com\/wp-content\/uploads\/2023\/03\/met02-300x200.png 300w, https:\/\/drasandralilianavargas.com\/wp-content\/uploads\/2023\/03\/met02-1030x686.png 1030w, https:\/\/drasandralilianavargas.com\/wp-content\/uploads\/2023\/03\/met02-768x512.png 768w, https:\/\/drasandralilianavargas.com\/wp-content\/uploads\/2023\/03\/met02-1500x999.png 1500w, https:\/\/drasandralilianavargas.com\/wp-content\/uploads\/2023\/03\/met02-705x470.png 705w\" sizes=\"(max-width: 1525px) 100vw, 1525px\" \/><\/div><\/div><\/div>\n<\/div><\/div><\/div><div id='av-layout-grid-2'  class='av-layout-grid-container av-10kkbw-7a522635478289a1f3489cdebf0bdcbd entry-content-wrapper main_color av-flex-cells  avia-builder-el-14  el_after_av_layout_row  el_before_av_layout_row  grid-row-not-first  container_wrap fullsize'  >\n\n<style type=\"text\/css\" data-created_by=\"avia_inline_auto\" id=\"style-css-av-3fd30-a13237685b7854ecd0cfe99d8c017431\">\n.flex_cell.av-3fd30-a13237685b7854ecd0cfe99d8c017431{\nvertical-align:middle;\nbackground-color:#e7b8b8;\n}\n.responsive #top #wrap_all .flex_cell.av-3fd30-a13237685b7854ecd0cfe99d8c017431{\npadding:0px 0px 0px 0px !important;\n}\n<\/style>\n<div class='flex_cell av-3fd30-a13237685b7854ecd0cfe99d8c017431 av-gridrow-cell av_one_half no_margin  avia-builder-el-15  el_before_av_cell_one_half  avia-builder-el-first  av-zero-padding' ><div class='flex_cell_inner'>\n<style type=\"text\/css\" data-created_by=\"avia_inline_auto\" id=\"style-css-av-lfoibz87-4a85db85bf04e2a05af755d2aafb09b3\">\n.avia-image-container.av-lfoibz87-4a85db85bf04e2a05af755d2aafb09b3 img.avia_image{\nbox-shadow:none;\n}\n.avia-image-container.av-lfoibz87-4a85db85bf04e2a05af755d2aafb09b3 .av-image-caption-overlay-center{\ncolor:#ffffff;\n}\n<\/style>\n<div  class='avia-image-container av-lfoibz87-4a85db85bf04e2a05af755d2aafb09b3 av-styling-no-styling avia-align-center  avia-builder-el-16  avia-builder-el-no-sibling '   itemprop=\"image\" itemscope=\"itemscope\" itemtype=\"https:\/\/schema.org\/ImageObject\" ><div class=\"avia-image-container-inner\"><div class=\"avia-image-overlay-wrap\"><img decoding=\"async\" class='wp-image-651 avia-img-lazy-loading-not-651 avia_image ' src=\"https:\/\/drasandralilianavargas.com\/wp-content\/uploads\/2023\/03\/ment01.png\" alt='' title=''  height=\"1016\" width=\"1525\"  itemprop=\"thumbnailUrl\" srcset=\"https:\/\/drasandralilianavargas.com\/wp-content\/uploads\/2023\/03\/ment01.png 1525w, https:\/\/drasandralilianavargas.com\/wp-content\/uploads\/2023\/03\/ment01-300x200.png 300w, https:\/\/drasandralilianavargas.com\/wp-content\/uploads\/2023\/03\/ment01-1030x686.png 1030w, https:\/\/drasandralilianavargas.com\/wp-content\/uploads\/2023\/03\/ment01-768x512.png 768w, https:\/\/drasandralilianavargas.com\/wp-content\/uploads\/2023\/03\/ment01-1500x999.png 1500w, https:\/\/drasandralilianavargas.com\/wp-content\/uploads\/2023\/03\/ment01-705x470.png 705w\" sizes=\"(max-width: 1525px) 100vw, 1525px\" \/><\/div><\/div><\/div>\n<\/div><\/div>\n<style type=\"text\/css\" data-created_by=\"avia_inline_auto\" id=\"style-css-av-2pd4k-8637f18c3afb29c0fce90abd371efbab\">\n.flex_cell.av-2pd4k-8637f18c3afb29c0fce90abd371efbab{\nvertical-align:middle;\n}\n.responsive #top #wrap_all .flex_cell.av-2pd4k-8637f18c3afb29c0fce90abd371efbab{\npadding:80px 80px 80px 80px !important;\n}\n<\/style>\n<div class='flex_cell av-2pd4k-8637f18c3afb29c0fce90abd371efbab av-gridrow-cell av_one_half no_margin  avia-builder-el-17  el_after_av_cell_one_half  avia-builder-el-last ' ><div class='flex_cell_inner'><p>\n<style type=\"text\/css\" data-created_by=\"avia_inline_auto\" id=\"style-css-av-lfoi2cr4-d4492af66986fdca0a12abd5aa6b0bd9\">\n#top .av-special-heading.av-lfoi2cr4-d4492af66986fdca0a12abd5aa6b0bd9{\npadding-bottom:10px;\n}\nbody .av-special-heading.av-lfoi2cr4-d4492af66986fdca0a12abd5aa6b0bd9 .av-special-heading-tag .heading-char{\nfont-size:25px;\n}\n.av-special-heading.av-lfoi2cr4-d4492af66986fdca0a12abd5aa6b0bd9 .av-subheading{\nfont-size:15px;\n}\n<\/style>\n<div  class='av-special-heading av-lfoi2cr4-d4492af66986fdca0a12abd5aa6b0bd9 av-special-heading-h2 blockquote modern-quote  avia-builder-el-18  el_before_av_textblock  avia-builder-el-first '><h2 class='av-special-heading-tag'  itemprop=\"headline\"  >Postoperatorio<\/h2><div class=\"special-heading-border\"><div class=\"special-heading-inner-border\"><\/div><\/div><\/div><br \/>\n\n<style type=\"text\/css\" data-created_by=\"avia_inline_auto\" id=\"style-css-av-lfoi2lj2-c0e49a063b91769e969a11136ab3ac97\">\n#top .av_textblock_section.av-lfoi2lj2-c0e49a063b91769e969a11136ab3ac97 .avia_textblock{\ntext-align:justify;\n}\n<\/style>\n<section  class='av_textblock_section av-lfoi2lj2-c0e49a063b91769e969a11136ab3ac97'  itemscope=\"itemscope\" itemtype=\"https:\/\/schema.org\/CreativeWork\" ><div class='avia_textblock'  itemprop=\"text\" ><p>Despu\u00e9s de la operaci\u00f3n la zona queda vendada por un par de d\u00edas. La recuperaci\u00f3n tarda aproximadamente una semana, en la que el paciente puede retomar su vida cotidiana de manera natural. Los primeros d\u00edas el especialista sugiere al paciente el consumo de una dieta blanda. Es necesario evitar el ejercicio f\u00edsico y tambi\u00e9n la exposici\u00f3n solar. Es importante que el paciente duerma con la cabeza inclinada.<\/p>\n<\/div><\/section><\/p>\n<\/div><\/div><\/div><div id='av-layout-grid-3'  class='av-layout-grid-container av-2dlik-c0ffca7501f68607cda3de9ba87c059a entry-content-wrapper main_color av-flex-cells  avia-builder-el-20  el_after_av_layout_row  avia-builder-el-last  grid-row-not-first  container_wrap fullsize'  >\n\n<style type=\"text\/css\" data-created_by=\"avia_inline_auto\" id=\"style-css-av-1mnlw-d46562aab36941739489f64ed47a90a8\">\n.flex_cell.av-1mnlw-d46562aab36941739489f64ed47a90a8{\nvertical-align:middle;\n}\n.responsive #top #wrap_all .flex_cell.av-1mnlw-d46562aab36941739489f64ed47a90a8{\npadding:80px 80px 80px 80px !important;\n}\n<\/style>\n<div class='flex_cell av-1mnlw-d46562aab36941739489f64ed47a90a8 av-gridrow-cell av_one_half no_margin  avia-builder-el-21  el_before_av_cell_one_half  avia-builder-el-first ' ><div class='flex_cell_inner'><p>\n<style type=\"text\/css\" data-created_by=\"avia_inline_auto\" id=\"style-css-av-lfoi2vxt-841d4154608f20ad1a20c7afff4361f6\">\n#top .av-special-heading.av-lfoi2vxt-841d4154608f20ad1a20c7afff4361f6{\npadding-bottom:10px;\n}\nbody .av-special-heading.av-lfoi2vxt-841d4154608f20ad1a20c7afff4361f6 .av-special-heading-tag .heading-char{\nfont-size:25px;\n}\n.av-special-heading.av-lfoi2vxt-841d4154608f20ad1a20c7afff4361f6 .av-subheading{\nfont-size:15px;\n}\n<\/style>\n<div  class='av-special-heading av-lfoi2vxt-841d4154608f20ad1a20c7afff4361f6 av-special-heading-h2 blockquote modern-quote  avia-builder-el-22  el_before_av_textblock  avia-builder-el-first '><h2 class='av-special-heading-tag'  itemprop=\"headline\"  >Cuidados y Riesgos<\/h2><div class=\"special-heading-border\"><div class=\"special-heading-inner-border\"><\/div><\/div><\/div><br \/>\n\n<style type=\"text\/css\" data-created_by=\"avia_inline_auto\" id=\"style-css-av-lfoi33vi-d1739136e30400a64d38b728f255cba1\">\n#top .av_textblock_section.av-lfoi33vi-d1739136e30400a64d38b728f255cba1 .avia_textblock{\ncolor:#000000;\ntext-align:justify;\n}\n<\/style>\n<section  class='av_textblock_section av-lfoi33vi-d1739136e30400a64d38b728f255cba1'  itemscope=\"itemscope\" itemtype=\"https:\/\/schema.org\/CreativeWork\" ><div class='avia_textblock av_inherit_color'  itemprop=\"text\" ><p>Los resultados se notan despu\u00e9s de las 4 primeras semanas desde la cirug\u00eda. Es posible que aparezcan hematomas los d\u00edas despu\u00e9s del tratamiento. En ocasiones puntuales ha aparecido casos de desplazamiento de ment\u00f3n. La mentoplastia no es apta para personas que tienen sensibilidad a cualquiera de los componentes de la pr\u00f3tesis. De la misma manera, el especialista debe valorar la cirug\u00eda para aquellas personas con problemas cardiovasculares o con enfermedades cr\u00f3nicas.<\/p>\n<\/div><\/section><\/p>\n<\/div><\/div>\n<style type=\"text\/css\" data-created_by=\"avia_inline_auto\" id=\"style-css-av-14dfg-56f3e8f274c5ae7a28aaf67dadd26073\">\n.flex_cell.av-14dfg-56f3e8f274c5ae7a28aaf67dadd26073{\nvertical-align:middle;\nbackground-color:#e7b8b8;\n}\n.responsive #top #wrap_all .flex_cell.av-14dfg-56f3e8f274c5ae7a28aaf67dadd26073{\npadding:0px 0px 0px 0px !important;\n}\n<\/style>\n<div class='flex_cell av-14dfg-56f3e8f274c5ae7a28aaf67dadd26073 av-gridrow-cell av_one_half no_margin  avia-builder-el-24  el_after_av_cell_one_half  avia-builder-el-last  av-zero-padding' ><div class='flex_cell_inner'>\n<style type=\"text\/css\" data-created_by=\"avia_inline_auto\" id=\"style-css-av-lfoicaeh-f1a61f86ec9529f6f86cc87766c722ce\">\n.avia-image-container.av-lfoicaeh-f1a61f86ec9529f6f86cc87766c722ce img.avia_image{\nbox-shadow:none;\n}\n.avia-image-container.av-lfoicaeh-f1a61f86ec9529f6f86cc87766c722ce .av-image-caption-overlay-center{\ncolor:#ffffff;\n}\n<\/style>\n<div  class='avia-image-container av-lfoicaeh-f1a61f86ec9529f6f86cc87766c722ce av-styling-no-styling avia-align-center  avia-builder-el-25  avia-builder-el-no-sibling '   itemprop=\"image\" itemscope=\"itemscope\" itemtype=\"https:\/\/schema.org\/ImageObject\" ><div class=\"avia-image-container-inner\"><div class=\"avia-image-overlay-wrap\"><img decoding=\"async\" class='wp-image-652 avia-img-lazy-loading-not-652 avia_image ' src=\"https:\/\/drasandralilianavargas.com\/wp-content\/uploads\/2023\/03\/ment03.png\" alt='' title=''  height=\"1016\" width=\"1525\"  itemprop=\"thumbnailUrl\" srcset=\"https:\/\/drasandralilianavargas.com\/wp-content\/uploads\/2023\/03\/ment03.png 1525w, https:\/\/drasandralilianavargas.com\/wp-content\/uploads\/2023\/03\/ment03-300x200.png 300w, https:\/\/drasandralilianavargas.com\/wp-content\/uploads\/2023\/03\/ment03-1030x686.png 1030w, https:\/\/drasandralilianavargas.com\/wp-content\/uploads\/2023\/03\/ment03-768x512.png 768w, https:\/\/drasandralilianavargas.com\/wp-content\/uploads\/2023\/03\/ment03-1500x999.png 1500w, https:\/\/drasandralilianavargas.com\/wp-content\/uploads\/2023\/03\/ment03-705x470.png 705w\" sizes=\"(max-width: 1525px) 100vw, 1525px\" \/><\/div><\/div><\/div>\n<\/div><\/div><\/div><\/p>\n","protected":false},"excerpt":{"rendered":"","protected":false},"author":1,"featured_media":0,"parent":0,"menu_order":0,"comment_status":"closed","ping_status":"closed","template":"","meta":{"footnotes":""},"aioseo_notices":[],"_links":{"self":[{"href":"https:\/\/drasandralilianavargas.com\/index.php\/wp-json\/wp\/v2\/pages\/644"}],"collection":[{"href":"https:\/\/drasandralilianavargas.com\/index.php\/wp-json\/wp\/v2\/pages"}],"about":[{"href":"https:\/\/drasandralilianavargas.com\/index.php\/wp-json\/wp\/v2\/types\/page"}],"author":[{"embeddable":true,"href":"https:\/\/drasandralilianavargas.com\/index.php\/wp-json\/wp\/v2\/users\/1"}],"replies":[{"embeddable":true,"href":"https:\/\/drasandralilianavargas.com\/index.php\/wp-json\/wp\/v2\/comments?post=644"}],"version-history":[{"count":5,"href":"https:\/\/drasandralilianavargas.com\/index.php\/wp-json\/wp\/v2\/pages\/644\/revisions"}],"predecessor-version":[{"id":958,"href":"https:\/\/drasandralilianavargas.com\/index.php\/wp-json\/wp\/v2\/pages\/644\/revisions\/958"}],"wp:attachment":[{"href":"https:\/\/drasandralilianavargas.com\/index.php\/wp-json\/wp\/v2\/media?parent=644"}],"curies":[{"name":"wp","href":"https:\/\/api.w.org\/{rel}","templated":true}]}}