{"id":655,"date":"2023-03-25T16:53:17","date_gmt":"2023-03-25T21:53:17","guid":{"rendered":"https:\/\/drasandralilianavargas.com\/?page_id=655"},"modified":"2023-05-06T01:52:29","modified_gmt":"2023-05-06T06:52:29","slug":"rinoplastia-2","status":"publish","type":"page","link":"https:\/\/drasandralilianavargas.com\/index.php\/rinoplastia-2\/","title":{"rendered":"Rinoplastia"},"content":{"rendered":"<div id='layer_slider_1'  class='avia-layerslider main_color avia-shadow  avia-builder-el-0  el_before_av_section  avia-builder-el-first  container_wrap fullsize'  style='height: 625px; max-width: 3386px; margin: 0 auto;'  ><\/div>\n<div id='av_section_1'  class='avia-section av-2kk27j-ac57466d12f37f07d60b31472891b929 main_color avia-section-huge avia-no-border-styling  avia-builder-el-1  el_after_av_layerslider  el_before_av_layout_row  avia-bg-style-scroll container_wrap fullsize'  ><div class='container av-section-cont-open' ><div class='template-page content  av-content-full alpha units'><div class='post-entry post-entry-type-page post-entry-655'><div class='entry-content-wrapper clearfix'>\n\n<style type=\"text\/css\" data-created_by=\"avia_inline_auto\" id=\"style-css-av-lfoid9h9-20ba8f6810b3b7fe941073a297ba8ee9\">\n#top .av-special-heading.av-lfoid9h9-20ba8f6810b3b7fe941073a297ba8ee9{\npadding-bottom:20px;\nfont-size:40px;\n}\nbody .av-special-heading.av-lfoid9h9-20ba8f6810b3b7fe941073a297ba8ee9 .av-special-heading-tag .heading-char{\nfont-size:25px;\n}\n#top #wrap_all .av-special-heading.av-lfoid9h9-20ba8f6810b3b7fe941073a297ba8ee9 .av-special-heading-tag{\nfont-size:40px;\n}\n.av-special-heading.av-lfoid9h9-20ba8f6810b3b7fe941073a297ba8ee9 .av-subheading{\nfont-size:15px;\n}\n\n@media only screen and (min-width: 480px) and (max-width: 767px){ \n#top #wrap_all .av-special-heading.av-lfoid9h9-20ba8f6810b3b7fe941073a297ba8ee9 .av-special-heading-tag{\nfont-size:0.8em;\n}\n}\n\n@media only screen and (max-width: 479px){ \n#top #wrap_all .av-special-heading.av-lfoid9h9-20ba8f6810b3b7fe941073a297ba8ee9 .av-special-heading-tag{\nfont-size:0.8em;\n}\n}\n<\/style>\n<div  class='av-special-heading av-lfoid9h9-20ba8f6810b3b7fe941073a297ba8ee9 av-special-heading-h1 blockquote modern-quote modern-centered  avia-builder-el-2  el_before_av_one_fifth  avia-builder-el-first  av-inherit-size'><h1 class='av-special-heading-tag'  itemprop=\"headline\"  >Rinoplastia <br \/>\u00bfQu\u00e9 es la Rinoplastia?<\/h1><div class=\"special-heading-border\"><div class=\"special-heading-inner-border\"><\/div><\/div><\/div>\n\n<style type=\"text\/css\" data-created_by=\"avia_inline_auto\" id=\"style-css-av-2dj8cv-3537e4b5d440be883af71ff8d9f275d0\">\n.flex_column.av-2dj8cv-3537e4b5d440be883af71ff8d9f275d0{\n-webkit-border-radius:0px 0px 0px 0px;\n-moz-border-radius:0px 0px 0px 0px;\nborder-radius:0px 0px 0px 0px;\npadding:0px 0px 0px 0px;\n}\n<\/style>\n<div class='flex_column av-2dj8cv-3537e4b5d440be883af71ff8d9f275d0 av_one_fifth  avia-builder-el-3  el_after_av_heading  el_before_av_three_fifth  first flex_column_div av-zero-column-padding '     ><\/div>\n<style type=\"text\/css\" data-created_by=\"avia_inline_auto\" id=\"style-css-av-26dlnz-6dcc3e3c06cc6a22739be46aa7e376be\">\n.flex_column.av-26dlnz-6dcc3e3c06cc6a22739be46aa7e376be{\n-webkit-border-radius:0px 0px 0px 0px;\n-moz-border-radius:0px 0px 0px 0px;\nborder-radius:0px 0px 0px 0px;\npadding:0px 0px 0px 0px;\n}\n<\/style>\n<div class='flex_column av-26dlnz-6dcc3e3c06cc6a22739be46aa7e376be av_three_fifth  avia-builder-el-4  el_after_av_one_fifth  el_before_av_one_fifth  flex_column_div av-animated-generic bottom-to-top av-zero-column-padding '     ><p>\n<style type=\"text\/css\" data-created_by=\"avia_inline_auto\" id=\"style-css-av-lfoidk3q-ad83ebddada3ed52d4b36be96b2bc86e\">\n#top .av_textblock_section.av-lfoidk3q-ad83ebddada3ed52d4b36be96b2bc86e .avia_textblock{\ncolor:#000000;\ntext-align:justify;\n}\n<\/style>\n<section  class='av_textblock_section av-lfoidk3q-ad83ebddada3ed52d4b36be96b2bc86e'  itemscope=\"itemscope\" itemtype=\"https:\/\/schema.org\/CreativeWork\" ><div class='avia_textblock av_inherit_color'  itemprop=\"text\" ><p>Una rinoplastia o cirug\u00eda de nariz es un procedimiento quir\u00fargico dise\u00f1ado para cambiar la forma de la nariz. Se puede hacer para corregir una deformidad estructural (como una protuberancia o gancho), proporcionar sutiles cambios en tama\u00f1o y la forma de la nariz para mejorar su apariencia o para corregir un problema funcional (tales como dificultad respiratoria debido a un tabique desviado).<\/p>\n<\/div><\/section><br \/>\n\n<style type=\"text\/css\" data-created_by=\"avia_inline_auto\" id=\"style-css-av-214fhb-b1d3ddcd542fed1ce38490f4988de3ed\">\n#top .hr.av-214fhb-b1d3ddcd542fed1ce38490f4988de3ed{\nmargin-top:70px;\nmargin-bottom:0px;\n}\n.hr.av-214fhb-b1d3ddcd542fed1ce38490f4988de3ed .hr-inner{\nwidth:90px;\nmax-width:45%;\n}\n.hr.av-214fhb-b1d3ddcd542fed1ce38490f4988de3ed .av-seperator-icon{\ncolor:#e7b8b8;\n}\n<\/style>\n<div  class='hr av-214fhb-b1d3ddcd542fed1ce38490f4988de3ed hr-custom  avia-builder-el-6  el_after_av_textblock  avia-builder-el-last  hr-center hr-icon-yes'><span class='hr-inner inner-border-av-border-thin'><span class=\"hr-inner-style\"><\/span><\/span><span class='av-seperator-icon' aria-hidden='true' data-av_icon='\ue8b8' data-av_iconfont='entypo-fontello'><\/span><span class='hr-inner inner-border-av-border-thin'><span class=\"hr-inner-style\"><\/span><\/span><\/div><\/p><\/div>\n<style type=\"text\/css\" data-created_by=\"avia_inline_auto\" id=\"style-css-av-1w8sy7-f97d8c6f6b7469cf1cdd09373217f590\">\n.flex_column.av-1w8sy7-f97d8c6f6b7469cf1cdd09373217f590{\n-webkit-border-radius:0px 0px 0px 0px;\n-moz-border-radius:0px 0px 0px 0px;\nborder-radius:0px 0px 0px 0px;\npadding:0px 0px 0px 0px;\n}\n<\/style>\n<div class='flex_column av-1w8sy7-f97d8c6f6b7469cf1cdd09373217f590 av_one_fifth  avia-builder-el-7  el_after_av_three_fifth  avia-builder-el-last  flex_column_div av-zero-column-padding '     ><\/div><\/div><\/div><\/div><!-- close content main div --><\/div><\/div><div id='av-layout-grid-1'  class='av-layout-grid-container av-1sxs87-5e699f1428468e73dc551becfac95902 entry-content-wrapper main_color av-flex-cells  avia-builder-el-8  el_after_av_section  el_before_av_layout_row  grid-row-not-first  container_wrap fullsize'  >\n\n<style type=\"text\/css\" data-created_by=\"avia_inline_auto\" id=\"style-css-av-1kivwn-32cbfbc3b4ec863bca99408db07779d2\">\n.flex_cell.av-1kivwn-32cbfbc3b4ec863bca99408db07779d2{\nvertical-align:middle;\n}\n.responsive #top #wrap_all .flex_cell.av-1kivwn-32cbfbc3b4ec863bca99408db07779d2{\npadding:80px 80px 80px 80px !important;\n}\n<\/style>\n<div class='flex_cell av-1kivwn-32cbfbc3b4ec863bca99408db07779d2 av-gridrow-cell av_one_half no_margin  avia-builder-el-9  el_before_av_cell_one_half  avia-builder-el-first ' ><div class='flex_cell_inner'><p>\n<style type=\"text\/css\" data-created_by=\"avia_inline_auto\" id=\"style-css-av-1ccyvz-c8941ec643f728e10ca415c402408f48\">\n#top .av-special-heading.av-1ccyvz-c8941ec643f728e10ca415c402408f48{\npadding-bottom:10px;\n}\nbody .av-special-heading.av-1ccyvz-c8941ec643f728e10ca415c402408f48 .av-special-heading-tag .heading-char{\nfont-size:25px;\n}\n.av-special-heading.av-1ccyvz-c8941ec643f728e10ca415c402408f48 .av-subheading{\nfont-size:15px;\n}\n<\/style>\n<div  class='av-special-heading av-1ccyvz-c8941ec643f728e10ca415c402408f48 av-special-heading-h2 blockquote modern-quote  avia-builder-el-10  el_before_av_textblock  avia-builder-el-first '><h2 class='av-special-heading-tag'  itemprop=\"headline\"  >Procedimiento<\/h2><div class=\"special-heading-border\"><div class=\"special-heading-inner-border\"><\/div><\/div><\/div><br \/>\n\n<style type=\"text\/css\" data-created_by=\"avia_inline_auto\" id=\"style-css-av-lfoie8xl-baa293b40b7fc259666dcbbb2349f6f6\">\n#top .av_textblock_section.av-lfoie8xl-baa293b40b7fc259666dcbbb2349f6f6 .avia_textblock{\ncolor:#000000;\ntext-align:justify;\n}\n<\/style>\n<section  class='av_textblock_section av-lfoie8xl-baa293b40b7fc259666dcbbb2349f6f6'  itemscope=\"itemscope\" itemtype=\"https:\/\/schema.org\/CreativeWork\" ><div class='avia_textblock av_inherit_color'  itemprop=\"text\" ><p>La Rinoplastia puede realizarse tanto abierta como cerrada. La diferencia es el sitio en donde se realiza la incisi\u00f3n que depender\u00e1 de la problem\u00e1tica de la nariz. En la rinoplastia cerrada el especialista llega a los huesos y cart\u00edlagos nasales a trav\u00e9s de incisiones que realiza dentro de las fosas nasales. La rinoplastia abierta, el especialista accede a los huesos y cart\u00edlagos a trav\u00e9s de la punta nasal, por lo que quedar\u00e1 visible una peque\u00f1a cicatriz en la columela.<\/p>\n<\/div><\/section><\/p>\n<\/div><\/div>\n<style type=\"text\/css\" data-created_by=\"avia_inline_auto\" id=\"style-css-av-16ias7-073299121aaac7a7fc354b194bd8c4ba\">\n.flex_cell.av-16ias7-073299121aaac7a7fc354b194bd8c4ba{\nvertical-align:bottom;\nbackground-color:#e7b8b8;\n}\n.responsive #top #wrap_all .flex_cell.av-16ias7-073299121aaac7a7fc354b194bd8c4ba{\npadding:0px 0px 0px 0px !important;\n}\n<\/style>\n<div class='flex_cell av-16ias7-073299121aaac7a7fc354b194bd8c4ba av-gridrow-cell av_one_half no_margin  avia-builder-el-12  el_after_av_cell_one_half  avia-builder-el-last  av-zero-padding' ><div class='flex_cell_inner'>\n<style type=\"text\/css\" data-created_by=\"avia_inline_auto\" id=\"style-css-av-lfoiowep-c2c28069353c5a5640044eb025b426e2\">\n.avia-image-container.av-lfoiowep-c2c28069353c5a5640044eb025b426e2 img.avia_image{\nbox-shadow:none;\n}\n.avia-image-container.av-lfoiowep-c2c28069353c5a5640044eb025b426e2 .av-image-caption-overlay-center{\ncolor:#ffffff;\n}\n<\/style>\n<div  class='avia-image-container av-lfoiowep-c2c28069353c5a5640044eb025b426e2 av-styling-no-styling avia-align-center  avia-builder-el-13  avia-builder-el-no-sibling '   itemprop=\"image\" itemscope=\"itemscope\" itemtype=\"https:\/\/schema.org\/ImageObject\" ><div class=\"avia-image-container-inner\"><div class=\"avia-image-overlay-wrap\"><img decoding=\"async\" class='wp-image-661 avia-img-lazy-loading-not-661 avia_image ' src=\"https:\/\/drasandralilianavargas.com\/wp-content\/uploads\/2023\/03\/rono01.png\" alt='' title=''  height=\"1016\" width=\"1525\"  itemprop=\"thumbnailUrl\" srcset=\"https:\/\/drasandralilianavargas.com\/wp-content\/uploads\/2023\/03\/rono01.png 1525w, https:\/\/drasandralilianavargas.com\/wp-content\/uploads\/2023\/03\/rono01-300x200.png 300w, https:\/\/drasandralilianavargas.com\/wp-content\/uploads\/2023\/03\/rono01-1030x686.png 1030w, https:\/\/drasandralilianavargas.com\/wp-content\/uploads\/2023\/03\/rono01-768x512.png 768w, https:\/\/drasandralilianavargas.com\/wp-content\/uploads\/2023\/03\/rono01-1500x999.png 1500w, https:\/\/drasandralilianavargas.com\/wp-content\/uploads\/2023\/03\/rono01-705x470.png 705w\" sizes=\"(max-width: 1525px) 100vw, 1525px\" \/><\/div><\/div><\/div>\n<\/div><\/div><\/div><div id='av-layout-grid-2'  class='av-layout-grid-container av-15lnmn-26a6bfa10caa416450c53191aa1732d7 entry-content-wrapper main_color av-flex-cells  avia-builder-el-14  el_after_av_layout_row  el_before_av_layout_row  grid-row-not-first  container_wrap fullsize'  >\n\n<style type=\"text\/css\" data-created_by=\"avia_inline_auto\" id=\"style-css-av-vki33-f26d0b7e80f24cd50ef078ebb1fc7bef\">\n.flex_cell.av-vki33-f26d0b7e80f24cd50ef078ebb1fc7bef{\nvertical-align:middle;\nbackground-color:#e7b8b8;\n}\n.responsive #top #wrap_all .flex_cell.av-vki33-f26d0b7e80f24cd50ef078ebb1fc7bef{\npadding:0px 0px 0px 0px !important;\n}\n<\/style>\n<div class='flex_cell av-vki33-f26d0b7e80f24cd50ef078ebb1fc7bef av-gridrow-cell av_one_half no_margin  avia-builder-el-15  el_before_av_cell_one_half  avia-builder-el-first  av-zero-padding' ><div class='flex_cell_inner'>\n<style type=\"text\/css\" data-created_by=\"avia_inline_auto\" id=\"style-css-av-lfoipgix-ebccb6776af6e6207e7505228855f3f3\">\n.avia-image-container.av-lfoipgix-ebccb6776af6e6207e7505228855f3f3 img.avia_image{\nbox-shadow:none;\n}\n.avia-image-container.av-lfoipgix-ebccb6776af6e6207e7505228855f3f3 .av-image-caption-overlay-center{\ncolor:#ffffff;\n}\n<\/style>\n<div  class='avia-image-container av-lfoipgix-ebccb6776af6e6207e7505228855f3f3 av-styling-no-styling avia-align-center  avia-builder-el-16  avia-builder-el-no-sibling '   itemprop=\"image\" itemscope=\"itemscope\" itemtype=\"https:\/\/schema.org\/ImageObject\" ><div class=\"avia-image-container-inner\"><div class=\"avia-image-overlay-wrap\"><img decoding=\"async\" class='wp-image-662 avia-img-lazy-loading-not-662 avia_image ' src=\"https:\/\/drasandralilianavargas.com\/wp-content\/uploads\/2023\/03\/rono03.png\" alt='' title=''  height=\"1016\" width=\"1525\"  itemprop=\"thumbnailUrl\" srcset=\"https:\/\/drasandralilianavargas.com\/wp-content\/uploads\/2023\/03\/rono03.png 1525w, https:\/\/drasandralilianavargas.com\/wp-content\/uploads\/2023\/03\/rono03-300x200.png 300w, https:\/\/drasandralilianavargas.com\/wp-content\/uploads\/2023\/03\/rono03-1030x686.png 1030w, https:\/\/drasandralilianavargas.com\/wp-content\/uploads\/2023\/03\/rono03-768x512.png 768w, https:\/\/drasandralilianavargas.com\/wp-content\/uploads\/2023\/03\/rono03-1500x999.png 1500w, https:\/\/drasandralilianavargas.com\/wp-content\/uploads\/2023\/03\/rono03-705x470.png 705w\" sizes=\"(max-width: 1525px) 100vw, 1525px\" \/><\/div><\/div><\/div>\n<\/div><\/div>\n<style type=\"text\/css\" data-created_by=\"avia_inline_auto\" id=\"style-css-av-tia0n-b73b5afcb938a6f573b88bd39a8e555b\">\n.flex_cell.av-tia0n-b73b5afcb938a6f573b88bd39a8e555b{\nvertical-align:middle;\n}\n.responsive #top #wrap_all .flex_cell.av-tia0n-b73b5afcb938a6f573b88bd39a8e555b{\npadding:80px 80px 80px 80px !important;\n}\n<\/style>\n<div class='flex_cell av-tia0n-b73b5afcb938a6f573b88bd39a8e555b av-gridrow-cell av_one_half no_margin  avia-builder-el-17  el_after_av_cell_one_half  avia-builder-el-last ' ><div class='flex_cell_inner'><p>\n<style type=\"text\/css\" data-created_by=\"avia_inline_auto\" id=\"style-css-av-lfoienir-630b79ea898a2bc31e89a5be1d3b20fd\">\n#top .av-special-heading.av-lfoienir-630b79ea898a2bc31e89a5be1d3b20fd{\npadding-bottom:10px;\n}\nbody .av-special-heading.av-lfoienir-630b79ea898a2bc31e89a5be1d3b20fd .av-special-heading-tag .heading-char{\nfont-size:25px;\n}\n.av-special-heading.av-lfoienir-630b79ea898a2bc31e89a5be1d3b20fd .av-subheading{\nfont-size:15px;\n}\n<\/style>\n<div  class='av-special-heading av-lfoienir-630b79ea898a2bc31e89a5be1d3b20fd av-special-heading-h2 blockquote modern-quote  avia-builder-el-18  el_before_av_textblock  avia-builder-el-first '><h2 class='av-special-heading-tag'  itemprop=\"headline\"  >Postoperatorio<\/h2><div class=\"special-heading-border\"><div class=\"special-heading-inner-border\"><\/div><\/div><\/div><br \/>\n\n<style type=\"text\/css\" data-created_by=\"avia_inline_auto\" id=\"style-css-av-lfoies7s-9ecd130fcbecf8f478dcda9d6d448e96\">\n#top .av_textblock_section.av-lfoies7s-9ecd130fcbecf8f478dcda9d6d448e96 .avia_textblock{\ntext-align:justify;\n}\n<\/style>\n<section  class='av_textblock_section av-lfoies7s-9ecd130fcbecf8f478dcda9d6d448e96'  itemscope=\"itemscope\" itemtype=\"https:\/\/schema.org\/CreativeWork\" ><div class='avia_textblock'  itemprop=\"text\" ><p>El paciente debe usar tapones nasales durante 2 d\u00edas y un yeso nasal por una semana. En una semana puede reanudar su vida con normalidad. Se recomienda posteriormente tomar desinflamatorios y antibi\u00f3ticos para evitar posibles infecciones e hinchaz\u00f3n. Se recomienda evitar exponerse al sol, usar gafas, hacer deporte e ingerir alcohol y fumar.<\/p>\n<\/div><\/section><\/p>\n<\/div><\/div><\/div><div id='av-layout-grid-3'  class='av-layout-grid-container av-kp1hr-403ebbaed9a77aa23aae26400d2fe576 entry-content-wrapper main_color av-flex-cells  avia-builder-el-20  el_after_av_layout_row  avia-builder-el-last  grid-row-not-first  container_wrap fullsize'  >\n\n<style type=\"text\/css\" data-created_by=\"avia_inline_auto\" id=\"style-css-av-dyqhz-bb4ff770af7fa28642af0f59067614a2\">\n.flex_cell.av-dyqhz-bb4ff770af7fa28642af0f59067614a2{\nvertical-align:middle;\n}\n.responsive #top #wrap_all .flex_cell.av-dyqhz-bb4ff770af7fa28642af0f59067614a2{\npadding:80px 80px 80px 80px !important;\n}\n<\/style>\n<div class='flex_cell av-dyqhz-bb4ff770af7fa28642af0f59067614a2 av-gridrow-cell av_one_half no_margin  avia-builder-el-21  el_before_av_cell_one_half  avia-builder-el-first ' ><div class='flex_cell_inner'><p>\n<style type=\"text\/css\" data-created_by=\"avia_inline_auto\" id=\"style-css-av-lfoif6mj-83852baab097f9440df04b111fc9694d\">\n#top .av-special-heading.av-lfoif6mj-83852baab097f9440df04b111fc9694d{\npadding-bottom:10px;\n}\nbody .av-special-heading.av-lfoif6mj-83852baab097f9440df04b111fc9694d .av-special-heading-tag .heading-char{\nfont-size:25px;\n}\n.av-special-heading.av-lfoif6mj-83852baab097f9440df04b111fc9694d .av-subheading{\nfont-size:15px;\n}\n<\/style>\n<div  class='av-special-heading av-lfoif6mj-83852baab097f9440df04b111fc9694d av-special-heading-h2 blockquote modern-quote  avia-builder-el-22  el_before_av_textblock  avia-builder-el-first '><h2 class='av-special-heading-tag'  itemprop=\"headline\"  >Contraindicaciones<\/h2><div class=\"special-heading-border\"><div class=\"special-heading-inner-border\"><\/div><\/div><\/div><br \/>\n\n<style type=\"text\/css\" data-created_by=\"avia_inline_auto\" id=\"style-css-av-lfoiffk0-87cdc8612e66bedf58219fabb52aa5ca\">\n#top .av_textblock_section.av-lfoiffk0-87cdc8612e66bedf58219fabb52aa5ca .avia_textblock{\ncolor:#000000;\ntext-align:justify;\n}\n<\/style>\n<section  class='av_textblock_section av-lfoiffk0-87cdc8612e66bedf58219fabb52aa5ca'  itemscope=\"itemscope\" itemtype=\"https:\/\/schema.org\/CreativeWork\" ><div class='avia_textblock av_inherit_color'  itemprop=\"text\" ><p>La rinoplastia no es aconsejable para mujeres en estado de embarazo o que est\u00e9n lactando. Igualmente no es conveniente para personas con problema circulatorios, coagulatorios, cardiovasculares, etc.<\/p>\n<\/div><\/section><\/p>\n<\/div><\/div>\n<style type=\"text\/css\" data-created_by=\"avia_inline_auto\" id=\"style-css-av-8a8m7-cdcac3ce648e8ff6f01b9f5486357c8e\">\n.flex_cell.av-8a8m7-cdcac3ce648e8ff6f01b9f5486357c8e{\nvertical-align:middle;\nbackground-color:#e7b8b8;\n}\n.responsive #top #wrap_all .flex_cell.av-8a8m7-cdcac3ce648e8ff6f01b9f5486357c8e{\npadding:0px 0px 0px 0px !important;\n}\n<\/style>\n<div class='flex_cell av-8a8m7-cdcac3ce648e8ff6f01b9f5486357c8e av-gridrow-cell av_one_half no_margin  avia-builder-el-24  el_after_av_cell_one_half  avia-builder-el-last  av-zero-padding' ><div class='flex_cell_inner'>\n<style type=\"text\/css\" data-created_by=\"avia_inline_auto\" id=\"style-css-av-lfoipqnd-ebf801d2be01f167459b42a244a98867\">\n.avia-image-container.av-lfoipqnd-ebf801d2be01f167459b42a244a98867 img.avia_image{\nbox-shadow:none;\n}\n.avia-image-container.av-lfoipqnd-ebf801d2be01f167459b42a244a98867 .av-image-caption-overlay-center{\ncolor:#ffffff;\n}\n<\/style>\n<div  class='avia-image-container av-lfoipqnd-ebf801d2be01f167459b42a244a98867 av-styling-no-styling avia-align-center  avia-builder-el-25  avia-builder-el-no-sibling '   itemprop=\"image\" itemscope=\"itemscope\" itemtype=\"https:\/\/schema.org\/ImageObject\" ><div class=\"avia-image-container-inner\"><div class=\"avia-image-overlay-wrap\"><img decoding=\"async\" class='wp-image-660 avia-img-lazy-loading-not-660 avia_image ' src=\"https:\/\/drasandralilianavargas.com\/wp-content\/uploads\/2023\/03\/rino02.png\" alt='' title=''  height=\"1016\" width=\"1525\"  itemprop=\"thumbnailUrl\" srcset=\"https:\/\/drasandralilianavargas.com\/wp-content\/uploads\/2023\/03\/rino02.png 1525w, https:\/\/drasandralilianavargas.com\/wp-content\/uploads\/2023\/03\/rino02-300x200.png 300w, https:\/\/drasandralilianavargas.com\/wp-content\/uploads\/2023\/03\/rino02-1030x686.png 1030w, https:\/\/drasandralilianavargas.com\/wp-content\/uploads\/2023\/03\/rino02-768x512.png 768w, https:\/\/drasandralilianavargas.com\/wp-content\/uploads\/2023\/03\/rino02-1500x999.png 1500w, https:\/\/drasandralilianavargas.com\/wp-content\/uploads\/2023\/03\/rino02-705x470.png 705w\" sizes=\"(max-width: 1525px) 100vw, 1525px\" \/><\/div><\/div><\/div>\n<\/div><\/div><\/div><\/p>\n","protected":false},"excerpt":{"rendered":"","protected":false},"author":1,"featured_media":0,"parent":0,"menu_order":0,"comment_status":"closed","ping_status":"closed","template":"","meta":{"footnotes":""},"aioseo_notices":[],"_links":{"self":[{"href":"https:\/\/drasandralilianavargas.com\/index.php\/wp-json\/wp\/v2\/pages\/655"}],"collection":[{"href":"https:\/\/drasandralilianavargas.com\/index.php\/wp-json\/wp\/v2\/pages"}],"about":[{"href":"https:\/\/drasandralilianavargas.com\/index.php\/wp-json\/wp\/v2\/types\/page"}],"author":[{"embeddable":true,"href":"https:\/\/drasandralilianavargas.com\/index.php\/wp-json\/wp\/v2\/users\/1"}],"replies":[{"embeddable":true,"href":"https:\/\/drasandralilianavargas.com\/index.php\/wp-json\/wp\/v2\/comments?post=655"}],"version-history":[{"count":4,"href":"https:\/\/drasandralilianavargas.com\/index.php\/wp-json\/wp\/v2\/pages\/655\/revisions"}],"predecessor-version":[{"id":960,"href":"https:\/\/drasandralilianavargas.com\/index.php\/wp-json\/wp\/v2\/pages\/655\/revisions\/960"}],"wp:attachment":[{"href":"https:\/\/drasandralilianavargas.com\/index.php\/wp-json\/wp\/v2\/media?parent=655"}],"curies":[{"name":"wp","href":"https:\/\/api.w.org\/{rel}","templated":true}]}}