{"id":665,"date":"2023-03-25T17:18:15","date_gmt":"2023-03-25T22:18:15","guid":{"rendered":"https:\/\/drasandralilianavargas.com\/?page_id=665"},"modified":"2023-05-06T01:52:22","modified_gmt":"2023-05-06T06:52:22","slug":"otoplastia","status":"publish","type":"page","link":"https:\/\/drasandralilianavargas.com\/index.php\/otoplastia\/","title":{"rendered":"Otoplastia"},"content":{"rendered":"<div id='layer_slider_1'  class='avia-layerslider main_color avia-shadow  avia-builder-el-0  el_before_av_section  avia-builder-el-first  container_wrap fullsize'  style='height: 625px; max-width: 3386px; margin: 0 auto;'  ><\/div>\n<div id='av_section_1'  class='avia-section av-47rvl5-4d15de6c5e6ace6482034ffd21a2e2ad main_color avia-section-huge avia-no-border-styling  avia-builder-el-1  el_after_av_layerslider  el_before_av_layout_row  avia-bg-style-scroll container_wrap fullsize'  ><div class='container av-section-cont-open' ><div class='template-page content  av-content-full alpha units'><div class='post-entry post-entry-type-page post-entry-665'><div class='entry-content-wrapper clearfix'>\n\n<style type=\"text\/css\" data-created_by=\"avia_inline_auto\" id=\"style-css-av-4273yp-4345f60daa7a63d3a70e0645d902ed83\">\n#top .av-special-heading.av-4273yp-4345f60daa7a63d3a70e0645d902ed83{\npadding-bottom:20px;\nfont-size:40px;\n}\nbody .av-special-heading.av-4273yp-4345f60daa7a63d3a70e0645d902ed83 .av-special-heading-tag .heading-char{\nfont-size:25px;\n}\n#top #wrap_all .av-special-heading.av-4273yp-4345f60daa7a63d3a70e0645d902ed83 .av-special-heading-tag{\nfont-size:40px;\n}\n.av-special-heading.av-4273yp-4345f60daa7a63d3a70e0645d902ed83 .av-subheading{\nfont-size:15px;\n}\n\n@media only screen and (min-width: 480px) and (max-width: 767px){ \n#top #wrap_all .av-special-heading.av-4273yp-4345f60daa7a63d3a70e0645d902ed83 .av-special-heading-tag{\nfont-size:0.8em;\n}\n}\n\n@media only screen and (max-width: 479px){ \n#top #wrap_all .av-special-heading.av-4273yp-4345f60daa7a63d3a70e0645d902ed83 .av-special-heading-tag{\nfont-size:0.8em;\n}\n}\n<\/style>\n<div  class='av-special-heading av-4273yp-4345f60daa7a63d3a70e0645d902ed83 av-special-heading-h1 blockquote modern-quote modern-centered  avia-builder-el-2  el_before_av_one_fifth  avia-builder-el-first  av-inherit-size'><h1 class='av-special-heading-tag'  itemprop=\"headline\"  >Otoplastia <br \/>\u00bfQu\u00e9 es la Otoplastia?<\/h1><div class=\"special-heading-border\"><div class=\"special-heading-inner-border\"><\/div><\/div><\/div>\n\n<style type=\"text\/css\" data-created_by=\"avia_inline_auto\" id=\"style-css-av-3uax95-5af2d230836ef752e7f0893130da1e99\">\n.flex_column.av-3uax95-5af2d230836ef752e7f0893130da1e99{\n-webkit-border-radius:0px 0px 0px 0px;\n-moz-border-radius:0px 0px 0px 0px;\nborder-radius:0px 0px 0px 0px;\npadding:0px 0px 0px 0px;\n}\n<\/style>\n<div class='flex_column av-3uax95-5af2d230836ef752e7f0893130da1e99 av_one_fifth  avia-builder-el-3  el_after_av_heading  el_before_av_three_fifth  first flex_column_div av-zero-column-padding '     ><\/div>\n<style type=\"text\/css\" data-created_by=\"avia_inline_auto\" id=\"style-css-av-3s8yg1-de3e6ee58b63b08771322a2805f6e97b\">\n.flex_column.av-3s8yg1-de3e6ee58b63b08771322a2805f6e97b{\n-webkit-border-radius:0px 0px 0px 0px;\n-moz-border-radius:0px 0px 0px 0px;\nborder-radius:0px 0px 0px 0px;\npadding:0px 0px 0px 0px;\n}\n<\/style>\n<div class='flex_column av-3s8yg1-de3e6ee58b63b08771322a2805f6e97b av_three_fifth  avia-builder-el-4  el_after_av_one_fifth  el_before_av_one_fifth  flex_column_div av-animated-generic bottom-to-top av-zero-column-padding '     ><p>\n<style type=\"text\/css\" data-created_by=\"avia_inline_auto\" id=\"style-css-av-3iae9l-8175f0ebf11c629908c33552d6628cf6\">\n#top .av_textblock_section.av-3iae9l-8175f0ebf11c629908c33552d6628cf6 .avia_textblock{\ncolor:#000000;\ntext-align:justify;\n}\n<\/style>\n<section  class='av_textblock_section av-3iae9l-8175f0ebf11c629908c33552d6628cf6'  itemscope=\"itemscope\" itemtype=\"https:\/\/schema.org\/CreativeWork\" ><div class='avia_textblock av_inherit_color'  itemprop=\"text\" ><p>Probablemente la caracter\u00edstica f\u00edsica que m\u00e1s necesaria hace una cirug\u00eda pl\u00e1stica facial son las orejas salidas o prominentes. Los ni\u00f1os, por la crueldad de son compa\u00f1eros en el colegio, son los candidatos m\u00e1s apropiados para una otoplastia cuando tienen alteraciones en las orejas. Esta cirug\u00eda se puede hacer en cualquier momento una vez las orejas hayan completado su crecimiento, usualmente despu\u00e9s de los cinco o seis a\u00f1os de edad. A\u00fan en casos en donde las orejas presentan una alteraci\u00f3n peque\u00f1a, esta condici\u00f3n puede volver al ni\u00f1o t\u00edmido y entorpecer su adaptaci\u00f3n en el colegio.<\/p>\n<\/div><\/section><br \/>\n\n<style type=\"text\/css\" data-created_by=\"avia_inline_auto\" id=\"style-css-av-3dunht-2a8aad6d66fdeab655be1d5a9ce090a9\">\n#top .hr.av-3dunht-2a8aad6d66fdeab655be1d5a9ce090a9{\nmargin-top:70px;\nmargin-bottom:0px;\n}\n.hr.av-3dunht-2a8aad6d66fdeab655be1d5a9ce090a9 .hr-inner{\nwidth:90px;\nmax-width:45%;\n}\n.hr.av-3dunht-2a8aad6d66fdeab655be1d5a9ce090a9 .av-seperator-icon{\ncolor:#e7b8b8;\n}\n<\/style>\n<div  class='hr av-3dunht-2a8aad6d66fdeab655be1d5a9ce090a9 hr-custom  avia-builder-el-6  el_after_av_textblock  avia-builder-el-last  hr-center hr-icon-yes'><span class='hr-inner inner-border-av-border-thin'><span class=\"hr-inner-style\"><\/span><\/span><span class='av-seperator-icon' aria-hidden='true' data-av_icon='\ue8b8' data-av_iconfont='entypo-fontello'><\/span><span class='hr-inner inner-border-av-border-thin'><span class=\"hr-inner-style\"><\/span><\/span><\/div><\/p><\/div>\n<style type=\"text\/css\" data-created_by=\"avia_inline_auto\" id=\"style-css-av-3af6a1-ef7431d2f522ee53fc0e4e72c3c67695\">\n.flex_column.av-3af6a1-ef7431d2f522ee53fc0e4e72c3c67695{\n-webkit-border-radius:0px 0px 0px 0px;\n-moz-border-radius:0px 0px 0px 0px;\nborder-radius:0px 0px 0px 0px;\npadding:0px 0px 0px 0px;\n}\n<\/style>\n<div class='flex_column av-3af6a1-ef7431d2f522ee53fc0e4e72c3c67695 av_one_fifth  avia-builder-el-7  el_after_av_three_fifth  avia-builder-el-last  flex_column_div av-zero-column-padding '     ><\/div><\/div><\/div><\/div><!-- close content main div --><\/div><\/div><div id='av-layout-grid-1'  class='av-layout-grid-container av-32i5h5-bcb50654f5e8a4b0bfb242065610c680 entry-content-wrapper main_color av-flex-cells  avia-builder-el-8  el_after_av_section  el_before_av_layout_row  grid-row-not-first  container_wrap fullsize'  >\n\n<style type=\"text\/css\" data-created_by=\"avia_inline_auto\" id=\"style-css-av-2ucx5d-cff8f2de0c3d6dcc04fec97a34f34081\">\n.flex_cell.av-2ucx5d-cff8f2de0c3d6dcc04fec97a34f34081{\nvertical-align:middle;\n}\n.responsive #top #wrap_all .flex_cell.av-2ucx5d-cff8f2de0c3d6dcc04fec97a34f34081{\npadding:80px 80px 80px 80px !important;\n}\n<\/style>\n<div class='flex_cell av-2ucx5d-cff8f2de0c3d6dcc04fec97a34f34081 av-gridrow-cell av_one_half no_margin  avia-builder-el-9  el_before_av_cell_one_half  avia-builder-el-first ' ><div class='flex_cell_inner'><p>\n<style type=\"text\/css\" data-created_by=\"avia_inline_auto\" id=\"style-css-av-2oujy1-18f13d918d88bf039fff8fc16fd0e7b8\">\n#top .av-special-heading.av-2oujy1-18f13d918d88bf039fff8fc16fd0e7b8{\npadding-bottom:10px;\n}\nbody .av-special-heading.av-2oujy1-18f13d918d88bf039fff8fc16fd0e7b8 .av-special-heading-tag .heading-char{\nfont-size:25px;\n}\n.av-special-heading.av-2oujy1-18f13d918d88bf039fff8fc16fd0e7b8 .av-subheading{\nfont-size:15px;\n}\n<\/style>\n<div  class='av-special-heading av-2oujy1-18f13d918d88bf039fff8fc16fd0e7b8 av-special-heading-h2 blockquote modern-quote  avia-builder-el-10  el_before_av_textblock  avia-builder-el-first '><h2 class='av-special-heading-tag'  itemprop=\"headline\"  >Planificaci\u00f3n y procedimiento<\/h2><div class=\"special-heading-border\"><div class=\"special-heading-inner-border\"><\/div><\/div><\/div><br \/>\n\n<style type=\"text\/css\" data-created_by=\"avia_inline_auto\" id=\"style-css-av-2lh1pt-da9423fbd373a7032e66df70475db140\">\n#top .av_textblock_section.av-2lh1pt-da9423fbd373a7032e66df70475db140 .avia_textblock{\ncolor:#000000;\ntext-align:justify;\n}\n<\/style>\n<section  class='av_textblock_section av-2lh1pt-da9423fbd373a7032e66df70475db140'  itemscope=\"itemscope\" itemtype=\"https:\/\/schema.org\/CreativeWork\" ><div class='avia_textblock av_inherit_color'  itemprop=\"text\" ><p>El m\u00e9dico cirujano hace una incisi\u00f3n detr\u00e1s de la oreja. De esta manera accede al cart\u00edlago que ser\u00e1 el remodelado por el especialista. En algunos casos se hace necesario dar forma al cart\u00edlago y modificarlo; en otros, habr\u00e1 que eliminar la piel sobrante. Incluso, puede suceder que hay hacer m\u00e1s \u00e9nfasis en los pliegues de la oreja a trav\u00e9s de los puntos en el cart\u00edlago superior. Una vez se ha colocado el cart\u00edlago en su nuevo lugar, el m\u00e9dico coser\u00e1 la cicatriz que quedar\u00e1 oculta detr\u00e1s de la oreja.<\/p>\n<\/div><\/section><\/p>\n<\/div><\/div>\n<style type=\"text\/css\" data-created_by=\"avia_inline_auto\" id=\"style-css-av-2dikg1-90aa7e09c534001895187398f1fb0ef0\">\n.flex_cell.av-2dikg1-90aa7e09c534001895187398f1fb0ef0{\nvertical-align:bottom;\nbackground-color:#e7b8b8;\n}\n.responsive #top #wrap_all .flex_cell.av-2dikg1-90aa7e09c534001895187398f1fb0ef0{\npadding:0px 0px 0px 0px !important;\n}\n<\/style>\n<div class='flex_cell av-2dikg1-90aa7e09c534001895187398f1fb0ef0 av-gridrow-cell av_one_half no_margin  avia-builder-el-12  el_after_av_cell_one_half  avia-builder-el-last  av-zero-padding' ><div class='flex_cell_inner'>\n<style type=\"text\/css\" data-created_by=\"avia_inline_auto\" id=\"style-css-av-29tw7l-4d80db89593c038273e212b490276202\">\n.avia-image-container.av-29tw7l-4d80db89593c038273e212b490276202 img.avia_image{\nbox-shadow:none;\n}\n.avia-image-container.av-29tw7l-4d80db89593c038273e212b490276202 .av-image-caption-overlay-center{\ncolor:#ffffff;\n}\n<\/style>\n<div  class='avia-image-container av-29tw7l-4d80db89593c038273e212b490276202 av-styling-no-styling avia-align-center  avia-builder-el-13  avia-builder-el-no-sibling '   itemprop=\"image\" itemscope=\"itemscope\" itemtype=\"https:\/\/schema.org\/ImageObject\" ><div class=\"avia-image-container-inner\"><div class=\"avia-image-overlay-wrap\"><img decoding=\"async\" class='wp-image-696 avia-img-lazy-loading-not-696 avia_image ' src=\"https:\/\/drasandralilianavargas.com\/wp-content\/uploads\/2023\/03\/oto1.png\" alt='' title=''  height=\"1016\" width=\"1525\"  itemprop=\"thumbnailUrl\" srcset=\"https:\/\/drasandralilianavargas.com\/wp-content\/uploads\/2023\/03\/oto1.png 1525w, https:\/\/drasandralilianavargas.com\/wp-content\/uploads\/2023\/03\/oto1-300x200.png 300w, https:\/\/drasandralilianavargas.com\/wp-content\/uploads\/2023\/03\/oto1-1030x686.png 1030w, https:\/\/drasandralilianavargas.com\/wp-content\/uploads\/2023\/03\/oto1-768x512.png 768w, https:\/\/drasandralilianavargas.com\/wp-content\/uploads\/2023\/03\/oto1-1500x999.png 1500w, https:\/\/drasandralilianavargas.com\/wp-content\/uploads\/2023\/03\/oto1-705x470.png 705w\" sizes=\"(max-width: 1525px) 100vw, 1525px\" \/><\/div><\/div><\/div>\n<\/div><\/div>\n<\/div><\/p>\n<div id='av-layout-grid-2'  class='av-layout-grid-container av-22weq9-20bb8586a437b011accc1c6ea8a8220d entry-content-wrapper main_color av-flex-cells  avia-builder-el-14  el_after_av_layout_row  el_before_av_layout_row  grid-row-not-first  container_wrap fullsize'  >\n\n<style type=\"text\/css\" data-created_by=\"avia_inline_auto\" id=\"style-css-av-1yl581-f7d5b600e70078bb4a72c60b899dbc3e\">\n.flex_cell.av-1yl581-f7d5b600e70078bb4a72c60b899dbc3e{\nvertical-align:middle;\nbackground-color:#e7b8b8;\n}\n.responsive #top #wrap_all .flex_cell.av-1yl581-f7d5b600e70078bb4a72c60b899dbc3e{\npadding:0px 0px 0px 0px !important;\n}\n<\/style>\n<div class='flex_cell av-1yl581-f7d5b600e70078bb4a72c60b899dbc3e av-gridrow-cell av_one_half no_margin  avia-builder-el-15  el_before_av_cell_one_half  avia-builder-el-first  av-zero-padding' ><div class='flex_cell_inner'>\n<style type=\"text\/css\" data-created_by=\"avia_inline_auto\" id=\"style-css-av-1qphsx-a14d466431fc18dc6585b89b94136eeb\">\n.avia-image-container.av-1qphsx-a14d466431fc18dc6585b89b94136eeb img.avia_image{\nbox-shadow:none;\n}\n.avia-image-container.av-1qphsx-a14d466431fc18dc6585b89b94136eeb .av-image-caption-overlay-center{\ncolor:#ffffff;\n}\n<\/style>\n<div  class='avia-image-container av-1qphsx-a14d466431fc18dc6585b89b94136eeb av-styling-no-styling avia-align-center  avia-builder-el-16  avia-builder-el-no-sibling '   itemprop=\"image\" itemscope=\"itemscope\" itemtype=\"https:\/\/schema.org\/ImageObject\" ><div class=\"avia-image-container-inner\"><div class=\"avia-image-overlay-wrap\"><img decoding=\"async\" class='wp-image-697 avia-img-lazy-loading-not-697 avia_image ' src=\"https:\/\/drasandralilianavargas.com\/wp-content\/uploads\/2023\/03\/oto2.jpg\" alt='' title=''  height=\"1016\" width=\"1525\"  itemprop=\"thumbnailUrl\" srcset=\"https:\/\/drasandralilianavargas.com\/wp-content\/uploads\/2023\/03\/oto2.jpg 1525w, https:\/\/drasandralilianavargas.com\/wp-content\/uploads\/2023\/03\/oto2-300x200.jpg 300w, https:\/\/drasandralilianavargas.com\/wp-content\/uploads\/2023\/03\/oto2-1030x686.jpg 1030w, https:\/\/drasandralilianavargas.com\/wp-content\/uploads\/2023\/03\/oto2-768x512.jpg 768w, https:\/\/drasandralilianavargas.com\/wp-content\/uploads\/2023\/03\/oto2-1500x999.jpg 1500w, https:\/\/drasandralilianavargas.com\/wp-content\/uploads\/2023\/03\/oto2-705x470.jpg 705w\" sizes=\"(max-width: 1525px) 100vw, 1525px\" \/><\/div><\/div><\/div>\n<\/div><\/div>\n<style type=\"text\/css\" data-created_by=\"avia_inline_auto\" id=\"style-css-av-5whfl-218572a24c16a9cb744dfb8c76be90e4\">\n.flex_cell.av-5whfl-218572a24c16a9cb744dfb8c76be90e4{\nvertical-align:middle;\n}\n.responsive #top #wrap_all .flex_cell.av-5whfl-218572a24c16a9cb744dfb8c76be90e4{\npadding:80px 80px 80px 80px !important;\n}\n<\/style>\n<div class='flex_cell av-5whfl-218572a24c16a9cb744dfb8c76be90e4 av-gridrow-cell av_one_half no_margin  avia-builder-el-17  el_after_av_cell_one_half  avia-builder-el-last ' ><div class='flex_cell_inner'><p>\n<style type=\"text\/css\" data-created_by=\"avia_inline_auto\" id=\"style-css-av-1ei1l5-b2bbd1661527a29c593e0e3bf49e58ae\">\n#top .av-special-heading.av-1ei1l5-b2bbd1661527a29c593e0e3bf49e58ae{\npadding-bottom:10px;\n}\nbody .av-special-heading.av-1ei1l5-b2bbd1661527a29c593e0e3bf49e58ae .av-special-heading-tag .heading-char{\nfont-size:25px;\n}\n.av-special-heading.av-1ei1l5-b2bbd1661527a29c593e0e3bf49e58ae .av-subheading{\nfont-size:15px;\n}\n<\/style>\n<div  class='av-special-heading av-1ei1l5-b2bbd1661527a29c593e0e3bf49e58ae av-special-heading-h2 blockquote modern-quote  avia-builder-el-18  el_before_av_textblock  avia-builder-el-first '><h2 class='av-special-heading-tag'  itemprop=\"headline\"  >Despu\u00e9s de la cirug\u00eda<\/h2><div class=\"special-heading-border\"><div class=\"special-heading-inner-border\"><\/div><\/div><\/div><br \/>\n\n<style type=\"text\/css\" data-created_by=\"avia_inline_auto\" id=\"style-css-av-1aflzd-55a1d4d80123b5afea9df4c9bd677182\">\n#top .av_textblock_section.av-1aflzd-55a1d4d80123b5afea9df4c9bd677182 .avia_textblock{\ntext-align:justify;\n}\n<\/style>\n<section  class='av_textblock_section av-1aflzd-55a1d4d80123b5afea9df4c9bd677182'  itemscope=\"itemscope\" itemtype=\"https:\/\/schema.org\/CreativeWork\" ><div class='avia_textblock'  itemprop=\"text\" ><p>Generalmente el especialista aconseja tener 1 o 2 d\u00edas de reposo, en ese tiempo las orejas est\u00e1n cubiertas con un vendaje. Despu\u00e9s de ese tiempo se podr\u00e1 poner una banda en la cabeza, su uso se puede prolongar si el m\u00e9dico lo decide. Es importante poner atenci\u00f3n a la cicatriz a la hora de ducharse. Por supuesto, el cirujano recomienda que se evite fumar y la exposici\u00f3n al sol.<\/p>\n<\/div><\/section><\/p>\n<\/div><\/div>\n<\/div>\n<div id='av-layout-grid-3'  class='av-layout-grid-container av-12u7e1-22ea9dbff5421266b52a6632a2c25f6c entry-content-wrapper main_color av-flex-cells  avia-builder-el-20  el_after_av_layout_row  avia-builder-el-last  grid-row-not-first  container_wrap fullsize'  >\n\n<style type=\"text\/css\" data-created_by=\"avia_inline_auto\" id=\"style-css-av-zeigh-e3a14a5938129c8b8d91ce4411e01a2c\">\n.flex_cell.av-zeigh-e3a14a5938129c8b8d91ce4411e01a2c{\nvertical-align:middle;\n}\n.responsive #top #wrap_all .flex_cell.av-zeigh-e3a14a5938129c8b8d91ce4411e01a2c{\npadding:80px 80px 80px 80px !important;\n}\n<\/style>\n<div class='flex_cell av-zeigh-e3a14a5938129c8b8d91ce4411e01a2c av-gridrow-cell av_one_half no_margin  avia-builder-el-21  el_before_av_cell_one_half  avia-builder-el-first ' ><div class='flex_cell_inner'><p>\n<style type=\"text\/css\" data-created_by=\"avia_inline_auto\" id=\"style-css-av-rro61-c5f08361642f4656d552b68213f28221\">\n#top .av-special-heading.av-rro61-c5f08361642f4656d552b68213f28221{\npadding-bottom:10px;\n}\nbody .av-special-heading.av-rro61-c5f08361642f4656d552b68213f28221 .av-special-heading-tag .heading-char{\nfont-size:25px;\n}\n.av-special-heading.av-rro61-c5f08361642f4656d552b68213f28221 .av-subheading{\nfont-size:15px;\n}\n<\/style>\n<div  class='av-special-heading av-rro61-c5f08361642f4656d552b68213f28221 av-special-heading-h2 blockquote modern-quote  avia-builder-el-22  el_before_av_textblock  avia-builder-el-first '><h2 class='av-special-heading-tag'  itemprop=\"headline\"  >Posibles Riesgos<\/h2><div class=\"special-heading-border\"><div class=\"special-heading-inner-border\"><\/div><\/div><\/div><br \/>\n\n<style type=\"text\/css\" data-created_by=\"avia_inline_auto\" id=\"style-css-av-n4n1t-26a13b1a9c2aa549c7f15ba13eb4b9ca\">\n#top .av_textblock_section.av-n4n1t-26a13b1a9c2aa549c7f15ba13eb4b9ca .avia_textblock{\ncolor:#000000;\ntext-align:justify;\n}\n<\/style>\n<section  class='av_textblock_section av-n4n1t-26a13b1a9c2aa549c7f15ba13eb4b9ca'  itemscope=\"itemscope\" itemtype=\"https:\/\/schema.org\/CreativeWork\" ><div class='avia_textblock av_inherit_color'  itemprop=\"text\" ><p>Como cualquier intervenci\u00f3n quir\u00fargica la Otoplastia tiene contraindicaciones en las personas que tienen problemas circulatorios y cardiovasculares as\u00ed como psicol\u00f3gicos. Tampoco es recomendada en las mujeres que se encuentran en estado de embarazo y lactando. Si el paciente tiene problemas de coagulaci\u00f3n es necesario que evite la intervenci\u00f3n.<\/p>\n<\/div><\/section><\/p>\n<\/div><\/div>\n<style type=\"text\/css\" data-created_by=\"avia_inline_auto\" id=\"style-css-av-dp5ll-0246c759c54cbdb3a56a847af1a33ef0\">\n.flex_cell.av-dp5ll-0246c759c54cbdb3a56a847af1a33ef0{\nvertical-align:middle;\nbackground-color:#e7b8b8;\n}\n.responsive #top #wrap_all .flex_cell.av-dp5ll-0246c759c54cbdb3a56a847af1a33ef0{\npadding:0px 0px 0px 0px !important;\n}\n<\/style>\n<div class='flex_cell av-dp5ll-0246c759c54cbdb3a56a847af1a33ef0 av-gridrow-cell av_one_half no_margin  avia-builder-el-24  el_after_av_cell_one_half  avia-builder-el-last  av-zero-padding' ><div class='flex_cell_inner'>\n<style type=\"text\/css\" data-created_by=\"avia_inline_auto\" id=\"style-css-av-ak9k1-b7351fb1b5e7132d5e69509fe407c2f4\">\n.avia-image-container.av-ak9k1-b7351fb1b5e7132d5e69509fe407c2f4 img.avia_image{\nbox-shadow:none;\n}\n.avia-image-container.av-ak9k1-b7351fb1b5e7132d5e69509fe407c2f4 .av-image-caption-overlay-center{\ncolor:#ffffff;\n}\n<\/style>\n<div  class='avia-image-container av-ak9k1-b7351fb1b5e7132d5e69509fe407c2f4 av-styling-no-styling avia-align-center  avia-builder-el-25  avia-builder-el-no-sibling '   itemprop=\"image\" itemscope=\"itemscope\" itemtype=\"https:\/\/schema.org\/ImageObject\" ><div class=\"avia-image-container-inner\"><div class=\"avia-image-overlay-wrap\"><img decoding=\"async\" class='wp-image-698 avia-img-lazy-loading-not-698 avia_image ' src=\"https:\/\/drasandralilianavargas.com\/wp-content\/uploads\/2023\/03\/oto3.jpg\" alt='' title=''  height=\"1016\" width=\"1525\"  itemprop=\"thumbnailUrl\" srcset=\"https:\/\/drasandralilianavargas.com\/wp-content\/uploads\/2023\/03\/oto3.jpg 1525w, https:\/\/drasandralilianavargas.com\/wp-content\/uploads\/2023\/03\/oto3-300x200.jpg 300w, https:\/\/drasandralilianavargas.com\/wp-content\/uploads\/2023\/03\/oto3-1030x686.jpg 1030w, https:\/\/drasandralilianavargas.com\/wp-content\/uploads\/2023\/03\/oto3-768x512.jpg 768w, https:\/\/drasandralilianavargas.com\/wp-content\/uploads\/2023\/03\/oto3-1500x999.jpg 1500w, https:\/\/drasandralilianavargas.com\/wp-content\/uploads\/2023\/03\/oto3-705x470.jpg 705w\" sizes=\"(max-width: 1525px) 100vw, 1525px\" \/><\/div><\/div><\/div>\n<\/div><\/div><\/div>\n","protected":false},"excerpt":{"rendered":"","protected":false},"author":1,"featured_media":0,"parent":0,"menu_order":0,"comment_status":"closed","ping_status":"closed","template":"","meta":{"footnotes":""},"aioseo_notices":[],"_links":{"self":[{"href":"https:\/\/drasandralilianavargas.com\/index.php\/wp-json\/wp\/v2\/pages\/665"}],"collection":[{"href":"https:\/\/drasandralilianavargas.com\/index.php\/wp-json\/wp\/v2\/pages"}],"about":[{"href":"https:\/\/drasandralilianavargas.com\/index.php\/wp-json\/wp\/v2\/types\/page"}],"author":[{"embeddable":true,"href":"https:\/\/drasandralilianavargas.com\/index.php\/wp-json\/wp\/v2\/users\/1"}],"replies":[{"embeddable":true,"href":"https:\/\/drasandralilianavargas.com\/index.php\/wp-json\/wp\/v2\/comments?post=665"}],"version-history":[{"count":7,"href":"https:\/\/drasandralilianavargas.com\/index.php\/wp-json\/wp\/v2\/pages\/665\/revisions"}],"predecessor-version":[{"id":961,"href":"https:\/\/drasandralilianavargas.com\/index.php\/wp-json\/wp\/v2\/pages\/665\/revisions\/961"}],"wp:attachment":[{"href":"https:\/\/drasandralilianavargas.com\/index.php\/wp-json\/wp\/v2\/media?parent=665"}],"curies":[{"name":"wp","href":"https:\/\/api.w.org\/{rel}","templated":true}]}}