{"id":715,"date":"2023-03-31T07:58:15","date_gmt":"2023-03-31T12:58:15","guid":{"rendered":"https:\/\/drasandralilianavargas.com\/?page_id=715"},"modified":"2023-05-06T01:54:08","modified_gmt":"2023-05-06T06:54:08","slug":"la-bichectomia","status":"publish","type":"page","link":"https:\/\/drasandralilianavargas.com\/index.php\/la-bichectomia\/","title":{"rendered":"La Bichectomia"},"content":{"rendered":"<div id='layer_slider_1'  class='avia-layerslider main_color avia-shadow  avia-builder-el-0  el_before_av_section  avia-builder-el-first  container_wrap fullsize'  style='height: 625px; max-width: 3386px; margin: 0 auto;'  ><\/div>\n<div id='av_section_1'  class='avia-section av-47in2b-6edfaa3dc4f7fa42c293b2b63b95130b main_color avia-section-huge avia-no-border-styling  avia-builder-el-1  el_after_av_layerslider  el_before_av_layout_row  avia-bg-style-scroll container_wrap fullsize'  ><div class='container av-section-cont-open' ><div class='template-page content  av-content-full alpha units'><div class='post-entry post-entry-type-page post-entry-715'><div class='entry-content-wrapper clearfix'>\n\n<style type=\"text\/css\" data-created_by=\"avia_inline_auto\" id=\"style-css-av-esunf-def48d347c3e17ad96079320c895ec84\">\n#top .av-special-heading.av-esunf-def48d347c3e17ad96079320c895ec84{\npadding-bottom:20px;\nfont-size:40px;\n}\nbody .av-special-heading.av-esunf-def48d347c3e17ad96079320c895ec84 .av-special-heading-tag .heading-char{\nfont-size:25px;\n}\n#top #wrap_all .av-special-heading.av-esunf-def48d347c3e17ad96079320c895ec84 .av-special-heading-tag{\nfont-size:40px;\n}\n.av-special-heading.av-esunf-def48d347c3e17ad96079320c895ec84 .av-subheading{\nfont-size:15px;\n}\n\n@media only screen and (min-width: 480px) and (max-width: 767px){ \n#top #wrap_all .av-special-heading.av-esunf-def48d347c3e17ad96079320c895ec84 .av-special-heading-tag{\nfont-size:0.8em;\n}\n}\n\n@media only screen and (max-width: 479px){ \n#top #wrap_all .av-special-heading.av-esunf-def48d347c3e17ad96079320c895ec84 .av-special-heading-tag{\nfont-size:0.8em;\n}\n}\n<\/style>\n<div  class='av-special-heading av-esunf-def48d347c3e17ad96079320c895ec84 av-special-heading-h1 blockquote modern-quote modern-centered  avia-builder-el-2  el_before_av_one_fifth  avia-builder-el-first  av-inherit-size'><h1 class='av-special-heading-tag'  itemprop=\"headline\"  > La Bichectomia <br \/>\u00bfQu\u00e9 es La Bichectomia?<\/h1><div class=\"special-heading-border\"><div class=\"special-heading-inner-border\"><\/div><\/div><\/div>\n\n<style type=\"text\/css\" data-created_by=\"avia_inline_auto\" id=\"style-css-av-3yd2v7-682c98b164b31f3f711b5333c7f5debd\">\n.flex_column.av-3yd2v7-682c98b164b31f3f711b5333c7f5debd{\n-webkit-border-radius:0px 0px 0px 0px;\n-moz-border-radius:0px 0px 0px 0px;\nborder-radius:0px 0px 0px 0px;\npadding:0px 0px 0px 0px;\n}\n<\/style>\n<div class='flex_column av-3yd2v7-682c98b164b31f3f711b5333c7f5debd av_one_fifth  avia-builder-el-3  el_after_av_heading  el_before_av_three_fifth  first flex_column_div av-zero-column-padding '     ><\/div>\n<style type=\"text\/css\" data-created_by=\"avia_inline_auto\" id=\"style-css-av-dafjn-cd32b61ad3f3e74a8936c0359698b40c\">\n.flex_column.av-dafjn-cd32b61ad3f3e74a8936c0359698b40c{\n-webkit-border-radius:0px 0px 0px 0px;\n-moz-border-radius:0px 0px 0px 0px;\nborder-radius:0px 0px 0px 0px;\npadding:0px 0px 0px 0px;\n}\n<\/style>\n<div class='flex_column av-dafjn-cd32b61ad3f3e74a8936c0359698b40c av_three_fifth  avia-builder-el-4  el_after_av_one_fifth  el_before_av_one_fifth  flex_column_div av-animated-generic bottom-to-top av-zero-column-padding '     ><p>\n<style type=\"text\/css\" data-created_by=\"avia_inline_auto\" id=\"style-css-av-1arf7-b9882330d48b04c1ee4fec6a75e0e420\">\n#top .av_textblock_section.av-1arf7-b9882330d48b04c1ee4fec6a75e0e420 .avia_textblock{\ncolor:#000000;\ntext-align:justify;\n}\n<\/style>\n<section  class='av_textblock_section av-1arf7-b9882330d48b04c1ee4fec6a75e0e420'  itemscope=\"itemscope\" itemtype=\"https:\/\/schema.org\/CreativeWork\" ><div class='avia_textblock av_inherit_color'  itemprop=\"text\" ><p><span style=\"font-weight: 400;\">Es un procedimiento con el que se logra mejorar el contorno facial por medio de la disminuci\u00f3n de las mejillas al retirar las bolsas de grasa llamadas, las bolsas de Bichat. La bichectomia una cirug\u00eda ambulatoria que dura un tiempo aproximado de 40 minutos.<\/span><\/p>\n<\/div><\/section><br \/>\n\n<style type=\"text\/css\" data-created_by=\"avia_inline_auto\" id=\"style-css-av-3exqxv-8af351c4f28658222e38c7e05a6acfef\">\n#top .hr.av-3exqxv-8af351c4f28658222e38c7e05a6acfef{\nmargin-top:70px;\nmargin-bottom:0px;\n}\n.hr.av-3exqxv-8af351c4f28658222e38c7e05a6acfef .hr-inner{\nwidth:90px;\nmax-width:45%;\n}\n.hr.av-3exqxv-8af351c4f28658222e38c7e05a6acfef .av-seperator-icon{\ncolor:#e7b8b8;\n}\n<\/style>\n<div  class='hr av-3exqxv-8af351c4f28658222e38c7e05a6acfef hr-custom  avia-builder-el-6  el_after_av_textblock  avia-builder-el-last  hr-center hr-icon-yes'><span class='hr-inner inner-border-av-border-thin'><span class=\"hr-inner-style\"><\/span><\/span><span class='av-seperator-icon' aria-hidden='true' data-av_icon='\ue8b8' data-av_iconfont='entypo-fontello'><\/span><span class='hr-inner inner-border-av-border-thin'><span class=\"hr-inner-style\"><\/span><\/span><\/div><\/p><\/div>\n<style type=\"text\/css\" data-created_by=\"avia_inline_auto\" id=\"style-css-av-3958rn-35f6efcfbaca640d87b31c27e356c493\">\n.flex_column.av-3958rn-35f6efcfbaca640d87b31c27e356c493{\n-webkit-border-radius:0px 0px 0px 0px;\n-moz-border-radius:0px 0px 0px 0px;\nborder-radius:0px 0px 0px 0px;\npadding:0px 0px 0px 0px;\n}\n<\/style>\n<div class='flex_column av-3958rn-35f6efcfbaca640d87b31c27e356c493 av_one_fifth  avia-builder-el-7  el_after_av_three_fifth  avia-builder-el-last  flex_column_div av-zero-column-padding '     ><\/div><\/div><\/div><\/div><!-- close content main div --><\/div><\/div><div id='av-layout-grid-1'  class='av-layout-grid-container av-33na83-efc6edff85feceb41e52d424461a7304 entry-content-wrapper main_color av-flex-cells  avia-builder-el-8  el_after_av_section  el_before_av_layout_row  grid-row-not-first  container_wrap fullsize'  >\n\n<style type=\"text\/css\" data-created_by=\"avia_inline_auto\" id=\"style-css-av-2wua0b-9ea5aa2ac24fb69fac3ca463ea6d49ae\">\n.flex_cell.av-2wua0b-9ea5aa2ac24fb69fac3ca463ea6d49ae{\nvertical-align:middle;\n}\n.responsive #top #wrap_all .flex_cell.av-2wua0b-9ea5aa2ac24fb69fac3ca463ea6d49ae{\npadding:80px 80px 80px 80px !important;\n}\n<\/style>\n<div class='flex_cell av-2wua0b-9ea5aa2ac24fb69fac3ca463ea6d49ae av-gridrow-cell av_one_half no_margin  avia-builder-el-9  el_before_av_cell_one_half  avia-builder-el-first ' ><div class='flex_cell_inner'><p>\n<style type=\"text\/css\" data-created_by=\"avia_inline_auto\" id=\"style-css-av-2t2d9f-209fbcf92fad517249e76cc76e0c1cbc\">\n#top .av-special-heading.av-2t2d9f-209fbcf92fad517249e76cc76e0c1cbc{\npadding-bottom:10px;\n}\nbody .av-special-heading.av-2t2d9f-209fbcf92fad517249e76cc76e0c1cbc .av-special-heading-tag .heading-char{\nfont-size:25px;\n}\n.av-special-heading.av-2t2d9f-209fbcf92fad517249e76cc76e0c1cbc .av-subheading{\nfont-size:15px;\n}\n<\/style>\n<div  class='av-special-heading av-2t2d9f-209fbcf92fad517249e76cc76e0c1cbc av-special-heading-h2 blockquote modern-quote  avia-builder-el-10  el_before_av_textblock  avia-builder-el-first '><h2 class='av-special-heading-tag'  itemprop=\"headline\"  >Procedimiento<\/h2><div class=\"special-heading-border\"><div class=\"special-heading-inner-border\"><\/div><\/div><\/div><br \/>\n\n<style type=\"text\/css\" data-created_by=\"avia_inline_auto\" id=\"style-css-av-2llee3-6b5f6e85253d6d7b3f366251597b8bed\">\n#top .av_textblock_section.av-2llee3-6b5f6e85253d6d7b3f366251597b8bed .avia_textblock{\ncolor:#000000;\ntext-align:justify;\n}\n<\/style>\n<section  class='av_textblock_section av-2llee3-6b5f6e85253d6d7b3f366251597b8bed'  itemscope=\"itemscope\" itemtype=\"https:\/\/schema.org\/CreativeWork\" ><div class='avia_textblock av_inherit_color'  itemprop=\"text\" ><p><span style=\"font-weight: 400;\">La bichectom\u00eda se realiza con anestesia local o tipo bloqueo. Con una incisi\u00f3n que se realiza en la mucosa de la boca se accede a las bolsas o ac\u00famulos de grasa para ser retirados de las mejillas.<\/span><\/p>\n<\/div><\/section><\/p>\n<\/div><\/div>\n<style type=\"text\/css\" data-created_by=\"avia_inline_auto\" id=\"style-css-av-2dlujf-fe95caad7d127c002c680acc42694c7a\">\n.flex_cell.av-2dlujf-fe95caad7d127c002c680acc42694c7a{\nvertical-align:bottom;\nbackground-color:#e7b8b8;\n}\n.responsive #top #wrap_all .flex_cell.av-2dlujf-fe95caad7d127c002c680acc42694c7a{\npadding:0px 0px 0px 0px !important;\n}\n<\/style>\n<div class='flex_cell av-2dlujf-fe95caad7d127c002c680acc42694c7a av-gridrow-cell av_one_half no_margin  avia-builder-el-12  el_after_av_cell_one_half  avia-builder-el-last  av-zero-padding' ><div class='flex_cell_inner'>\n<style type=\"text\/css\" data-created_by=\"avia_inline_auto\" id=\"style-css-av-29wtyj-852585955a7209f627b3074ba9b84927\">\n.avia-image-container.av-29wtyj-852585955a7209f627b3074ba9b84927 img.avia_image{\nbox-shadow:none;\n}\n.avia-image-container.av-29wtyj-852585955a7209f627b3074ba9b84927 .av-image-caption-overlay-center{\ncolor:#ffffff;\n}\n<\/style>\n<div  class='avia-image-container av-29wtyj-852585955a7209f627b3074ba9b84927 av-styling-no-styling avia-align-center  avia-builder-el-13  avia-builder-el-no-sibling '   itemprop=\"image\" itemscope=\"itemscope\" itemtype=\"https:\/\/schema.org\/ImageObject\" ><div class=\"avia-image-container-inner\"><div class=\"avia-image-overlay-wrap\"><img decoding=\"async\" class='wp-image-722 avia-img-lazy-loading-not-722 avia_image ' src=\"https:\/\/drasandralilianavargas.com\/wp-content\/uploads\/2023\/03\/Bichectomia03.png\" alt='' title=''  height=\"1016\" width=\"1525\"  itemprop=\"thumbnailUrl\" srcset=\"https:\/\/drasandralilianavargas.com\/wp-content\/uploads\/2023\/03\/Bichectomia03.png 1525w, https:\/\/drasandralilianavargas.com\/wp-content\/uploads\/2023\/03\/Bichectomia03-300x200.png 300w, https:\/\/drasandralilianavargas.com\/wp-content\/uploads\/2023\/03\/Bichectomia03-1030x686.png 1030w, https:\/\/drasandralilianavargas.com\/wp-content\/uploads\/2023\/03\/Bichectomia03-768x512.png 768w, https:\/\/drasandralilianavargas.com\/wp-content\/uploads\/2023\/03\/Bichectomia03-1500x999.png 1500w, https:\/\/drasandralilianavargas.com\/wp-content\/uploads\/2023\/03\/Bichectomia03-705x470.png 705w\" sizes=\"(max-width: 1525px) 100vw, 1525px\" \/><\/div><\/div><\/div>\n<\/div><\/div><\/div><div id='av-layout-grid-2'  class='av-layout-grid-container av-22scxn-38e3e91790ecbb5d6dabd4c29d01ce76 entry-content-wrapper main_color av-flex-cells  avia-builder-el-14  el_after_av_layout_row  avia-builder-el-last  grid-row-not-first  container_wrap fullsize'  >\n\n<style type=\"text\/css\" data-created_by=\"avia_inline_auto\" id=\"style-css-av-1vljsz-85cc7220871fec20d93250b760b250ca\">\n.flex_cell.av-1vljsz-85cc7220871fec20d93250b760b250ca{\nvertical-align:middle;\nbackground-color:#e7b8b8;\n}\n.responsive #top #wrap_all .flex_cell.av-1vljsz-85cc7220871fec20d93250b760b250ca{\npadding:0px 0px 0px 0px !important;\n}\n<\/style>\n<div class='flex_cell av-1vljsz-85cc7220871fec20d93250b760b250ca av-gridrow-cell av_one_half no_margin  avia-builder-el-15  el_before_av_cell_one_half  avia-builder-el-first  av-zero-padding' ><div class='flex_cell_inner'>\n<style type=\"text\/css\" data-created_by=\"avia_inline_auto\" id=\"style-css-av-1rtlij-f3bb1e18769ca6862bada252461accea\">\n.avia-image-container.av-1rtlij-f3bb1e18769ca6862bada252461accea img.avia_image{\nbox-shadow:none;\n}\n.avia-image-container.av-1rtlij-f3bb1e18769ca6862bada252461accea .av-image-caption-overlay-center{\ncolor:#ffffff;\n}\n<\/style>\n<div  class='avia-image-container av-1rtlij-f3bb1e18769ca6862bada252461accea av-styling-no-styling avia-align-center  avia-builder-el-16  avia-builder-el-no-sibling '   itemprop=\"image\" itemscope=\"itemscope\" itemtype=\"https:\/\/schema.org\/ImageObject\" ><div class=\"avia-image-container-inner\"><div class=\"avia-image-overlay-wrap\"><img decoding=\"async\" class='wp-image-723 avia-img-lazy-loading-not-723 avia_image ' src=\"https:\/\/drasandralilianavargas.com\/wp-content\/uploads\/2023\/03\/Bichectomia02.png\" alt='' title=''  height=\"1016\" width=\"1525\"  itemprop=\"thumbnailUrl\" srcset=\"https:\/\/drasandralilianavargas.com\/wp-content\/uploads\/2023\/03\/Bichectomia02.png 1525w, https:\/\/drasandralilianavargas.com\/wp-content\/uploads\/2023\/03\/Bichectomia02-300x200.png 300w, https:\/\/drasandralilianavargas.com\/wp-content\/uploads\/2023\/03\/Bichectomia02-1030x686.png 1030w, https:\/\/drasandralilianavargas.com\/wp-content\/uploads\/2023\/03\/Bichectomia02-768x512.png 768w, https:\/\/drasandralilianavargas.com\/wp-content\/uploads\/2023\/03\/Bichectomia02-1500x999.png 1500w, https:\/\/drasandralilianavargas.com\/wp-content\/uploads\/2023\/03\/Bichectomia02-705x470.png 705w\" sizes=\"(max-width: 1525px) 100vw, 1525px\" \/><\/div><\/div><\/div>\n<\/div><\/div>\n<style type=\"text\/css\" data-created_by=\"avia_inline_auto\" id=\"style-css-av-1myak3-8c3dc47750647b414d4986353874ed9b\">\n.flex_cell.av-1myak3-8c3dc47750647b414d4986353874ed9b{\nvertical-align:middle;\n}\n.responsive #top #wrap_all .flex_cell.av-1myak3-8c3dc47750647b414d4986353874ed9b{\npadding:80px 80px 80px 80px !important;\n}\n<\/style>\n<div class='flex_cell av-1myak3-8c3dc47750647b414d4986353874ed9b av-gridrow-cell av_one_half no_margin  avia-builder-el-17  el_after_av_cell_one_half  avia-builder-el-last ' ><div class='flex_cell_inner'><p>\n<style type=\"text\/css\" data-created_by=\"avia_inline_auto\" id=\"style-css-av-4unl7-22f871275a216845ff650968cb353186\">\n#top .av-special-heading.av-4unl7-22f871275a216845ff650968cb353186{\npadding-bottom:10px;\n}\nbody .av-special-heading.av-4unl7-22f871275a216845ff650968cb353186 .av-special-heading-tag .heading-char{\nfont-size:25px;\n}\n.av-special-heading.av-4unl7-22f871275a216845ff650968cb353186 .av-subheading{\nfont-size:15px;\n}\n<\/style>\n<div  class='av-special-heading av-4unl7-22f871275a216845ff650968cb353186 av-special-heading-h2 blockquote modern-quote  avia-builder-el-18  el_before_av_textblock  avia-builder-el-first '><h2 class='av-special-heading-tag'  itemprop=\"headline\"  >Despu\u00e9s de la cirug\u00eda<\/h2><div class=\"special-heading-border\"><div class=\"special-heading-inner-border\"><\/div><\/div><\/div><br \/>\n\n<style type=\"text\/css\" data-created_by=\"avia_inline_auto\" id=\"style-css-av-19a8tn-1b0c8ca7cf61b7e0ea65b7b231d23631\">\n#top .av_textblock_section.av-19a8tn-1b0c8ca7cf61b7e0ea65b7b231d23631 .avia_textblock{\ntext-align:justify;\n}\n<\/style>\n<section  class='av_textblock_section av-19a8tn-1b0c8ca7cf61b7e0ea65b7b231d23631'  itemscope=\"itemscope\" itemtype=\"https:\/\/schema.org\/CreativeWork\" ><div class='avia_textblock'  itemprop=\"text\" ><p><span style=\"font-weight: 400;\">Tiene una incapacidad de 3 a 5 d\u00edas donde la desinflamaci\u00f3n empieza a disminuir entre el d\u00eda 8 y 10. Se recomienda no tener actividades de esfuerzo f\u00edsico, usar hielo y tener las terapias de drenaje linf\u00e1tico de acuerdo a las indicaciones.<\/span><\/p>\n<\/div><\/section><\/p>\n<\/div><\/div><\/div><\/p>\n","protected":false},"excerpt":{"rendered":"","protected":false},"author":1,"featured_media":0,"parent":0,"menu_order":0,"comment_status":"closed","ping_status":"closed","template":"","meta":{"footnotes":""},"aioseo_notices":[],"_links":{"self":[{"href":"https:\/\/drasandralilianavargas.com\/index.php\/wp-json\/wp\/v2\/pages\/715"}],"collection":[{"href":"https:\/\/drasandralilianavargas.com\/index.php\/wp-json\/wp\/v2\/pages"}],"about":[{"href":"https:\/\/drasandralilianavargas.com\/index.php\/wp-json\/wp\/v2\/types\/page"}],"author":[{"embeddable":true,"href":"https:\/\/drasandralilianavargas.com\/index.php\/wp-json\/wp\/v2\/users\/1"}],"replies":[{"embeddable":true,"href":"https:\/\/drasandralilianavargas.com\/index.php\/wp-json\/wp\/v2\/comments?post=715"}],"version-history":[{"count":4,"href":"https:\/\/drasandralilianavargas.com\/index.php\/wp-json\/wp\/v2\/pages\/715\/revisions"}],"predecessor-version":[{"id":963,"href":"https:\/\/drasandralilianavargas.com\/index.php\/wp-json\/wp\/v2\/pages\/715\/revisions\/963"}],"wp:attachment":[{"href":"https:\/\/drasandralilianavargas.com\/index.php\/wp-json\/wp\/v2\/media?parent=715"}],"curies":[{"name":"wp","href":"https:\/\/api.w.org\/{rel}","templated":true}]}}