{"id":752,"date":"2023-03-31T14:44:03","date_gmt":"2023-03-31T19:44:03","guid":{"rendered":"https:\/\/drasandralilianavargas.com\/?page_id=752"},"modified":"2023-05-06T01:44:02","modified_gmt":"2023-05-06T06:44:02","slug":"braquioplastia-2","status":"publish","type":"page","link":"https:\/\/drasandralilianavargas.com\/index.php\/braquioplastia-2\/","title":{"rendered":"Braquioplastia"},"content":{"rendered":"<div id='layer_slider_1'  class='avia-layerslider main_color avia-shadow  avia-builder-el-0  el_before_av_section  avia-builder-el-first  container_wrap fullsize'  style='height: 625px; max-width: 3386px; margin: 0 auto;'  ><\/div>\n<div id='av_section_1'  class='avia-section av-2205j4-4f1d9e8f459c0756a413a2677cdecbfc main_color avia-section-huge avia-no-border-styling  avia-builder-el-1  el_after_av_layerslider  el_before_av_layout_row  avia-bg-style-scroll container_wrap fullsize'  ><div class='container av-section-cont-open' ><div class='template-page content  av-content-full alpha units'><div class='post-entry post-entry-type-page post-entry-752'><div class='entry-content-wrapper clearfix'>\n\n<style type=\"text\/css\" data-created_by=\"avia_inline_auto\" id=\"style-css-av-lfwyef04-d2e162b367b1fae1926d60f38c797c3d\">\n#top .av-special-heading.av-lfwyef04-d2e162b367b1fae1926d60f38c797c3d{\npadding-bottom:20px;\nfont-size:40px;\n}\nbody .av-special-heading.av-lfwyef04-d2e162b367b1fae1926d60f38c797c3d .av-special-heading-tag .heading-char{\nfont-size:25px;\n}\n#top #wrap_all .av-special-heading.av-lfwyef04-d2e162b367b1fae1926d60f38c797c3d .av-special-heading-tag{\nfont-size:40px;\n}\n.av-special-heading.av-lfwyef04-d2e162b367b1fae1926d60f38c797c3d .av-subheading{\nfont-size:15px;\n}\n\n@media only screen and (min-width: 480px) and (max-width: 767px){ \n#top #wrap_all .av-special-heading.av-lfwyef04-d2e162b367b1fae1926d60f38c797c3d .av-special-heading-tag{\nfont-size:0.8em;\n}\n}\n\n@media only screen and (max-width: 479px){ \n#top #wrap_all .av-special-heading.av-lfwyef04-d2e162b367b1fae1926d60f38c797c3d .av-special-heading-tag{\nfont-size:0.8em;\n}\n}\n<\/style>\n<div  class='av-special-heading av-lfwyef04-d2e162b367b1fae1926d60f38c797c3d av-special-heading-h1 blockquote modern-quote modern-centered  avia-builder-el-2  el_before_av_one_fifth  avia-builder-el-first  av-inherit-size'><h1 class='av-special-heading-tag'  itemprop=\"headline\"  >Braquioplastia <br \/>\u00bfQu\u00e9 es la Braquioplastia?<\/h1><div class=\"special-heading-border\"><div class=\"special-heading-inner-border\"><\/div><\/div><\/div>\n\n<style type=\"text\/css\" data-created_by=\"avia_inline_auto\" id=\"style-css-av-1w7r7s-21540229a6f775cd318d5d4e1823e805\">\n.flex_column.av-1w7r7s-21540229a6f775cd318d5d4e1823e805{\n-webkit-border-radius:0px 0px 0px 0px;\n-moz-border-radius:0px 0px 0px 0px;\nborder-radius:0px 0px 0px 0px;\npadding:0px 0px 0px 0px;\n}\n<\/style>\n<div class='flex_column av-1w7r7s-21540229a6f775cd318d5d4e1823e805 av_one_fifth  avia-builder-el-3  el_after_av_heading  el_before_av_three_fifth  first flex_column_div av-zero-column-padding '     ><\/div>\n<style type=\"text\/css\" data-created_by=\"avia_inline_auto\" id=\"style-css-av-1rqj7c-d7d6846bb673440770c333448570b1af\">\n.flex_column.av-1rqj7c-d7d6846bb673440770c333448570b1af{\n-webkit-border-radius:0px 0px 0px 0px;\n-moz-border-radius:0px 0px 0px 0px;\nborder-radius:0px 0px 0px 0px;\npadding:0px 0px 0px 0px;\n}\n<\/style>\n<div class='flex_column av-1rqj7c-d7d6846bb673440770c333448570b1af av_three_fifth  avia-builder-el-4  el_after_av_one_fifth  el_before_av_one_fifth  flex_column_div av-animated-generic bottom-to-top av-zero-column-padding '     ><p>\n<style type=\"text\/css\" data-created_by=\"avia_inline_auto\" id=\"style-css-av-lfwyet3n-499a1a386df92b501bcf4058f93d6636\">\n#top .av_textblock_section.av-lfwyet3n-499a1a386df92b501bcf4058f93d6636 .avia_textblock{\ncolor:#000000;\ntext-align:justify;\n}\n<\/style>\n<section  class='av_textblock_section av-lfwyet3n-499a1a386df92b501bcf4058f93d6636'  itemscope=\"itemscope\" itemtype=\"https:\/\/schema.org\/CreativeWork\" ><div class='avia_textblock av_inherit_color'  itemprop=\"text\" ><p><span style=\"font-weight: 400;\">Un levantamiento de brazos es un procedimiento de cirug\u00eda est\u00e9tica para mejorar el aspecto de la parte inferior de los brazos. Durante un levantamiento de brazos, tambi\u00e9n conocido como braquioplastia, se remueve la piel y la grasa excedente entre la axila y el codo.<\/span><\/p>\n<\/div><\/section><br \/>\n\n<style type=\"text\/css\" data-created_by=\"avia_inline_auto\" id=\"style-css-av-1mruc0-099237de2d223d1c79b1d90d7f3726b2\">\n#top .hr.av-1mruc0-099237de2d223d1c79b1d90d7f3726b2{\nmargin-top:70px;\nmargin-bottom:0px;\n}\n.hr.av-1mruc0-099237de2d223d1c79b1d90d7f3726b2 .hr-inner{\nwidth:90px;\nmax-width:45%;\n}\n.hr.av-1mruc0-099237de2d223d1c79b1d90d7f3726b2 .av-seperator-icon{\ncolor:#e7b8b8;\n}\n<\/style>\n<div  class='hr av-1mruc0-099237de2d223d1c79b1d90d7f3726b2 hr-custom  avia-builder-el-6  el_after_av_textblock  avia-builder-el-last  hr-center hr-icon-yes'><span class='hr-inner inner-border-av-border-thin'><span class=\"hr-inner-style\"><\/span><\/span><span class='av-seperator-icon' aria-hidden='true' data-av_icon='\ue8b8' data-av_iconfont='entypo-fontello'><\/span><span class='hr-inner inner-border-av-border-thin'><span class=\"hr-inner-style\"><\/span><\/span><\/div><\/p><\/div>\n<style type=\"text\/css\" data-created_by=\"avia_inline_auto\" id=\"style-css-av-1g71n4-ccacddbd52e88635bf132d150fe98750\">\n.flex_column.av-1g71n4-ccacddbd52e88635bf132d150fe98750{\n-webkit-border-radius:0px 0px 0px 0px;\n-moz-border-radius:0px 0px 0px 0px;\nborder-radius:0px 0px 0px 0px;\npadding:0px 0px 0px 0px;\n}\n<\/style>\n<div class='flex_column av-1g71n4-ccacddbd52e88635bf132d150fe98750 av_one_fifth  avia-builder-el-7  el_after_av_three_fifth  avia-builder-el-last  flex_column_div av-zero-column-padding '     ><\/div><\/div><\/div><\/div><!-- close content main div --><\/div><\/div><div id='av-layout-grid-1'  class='av-layout-grid-container av-1a5rvs-bf358c537fc1ba8a7cf1cede8a7c8c6d entry-content-wrapper main_color av-flex-cells  avia-builder-el-8  el_after_av_section  el_before_av_layout_row  grid-row-not-first  container_wrap fullsize'  >\n\n<style type=\"text\/css\" data-created_by=\"avia_inline_auto\" id=\"style-css-av-13wzag-ca58dad218f5a5c8b2a4266b1d45ba21\">\n.flex_cell.av-13wzag-ca58dad218f5a5c8b2a4266b1d45ba21{\nvertical-align:middle;\n}\n.responsive #top #wrap_all .flex_cell.av-13wzag-ca58dad218f5a5c8b2a4266b1d45ba21{\npadding:80px 80px 80px 80px !important;\n}\n<\/style>\n<div class='flex_cell av-13wzag-ca58dad218f5a5c8b2a4266b1d45ba21 av-gridrow-cell av_one_half no_margin  avia-builder-el-9  el_before_av_cell_one_half  avia-builder-el-first ' ><div class='flex_cell_inner'><p>\n<style type=\"text\/css\" data-created_by=\"avia_inline_auto\" id=\"style-css-av-wm9q8-01b79f2dbb605ec51341a1432876beb5\">\n#top .av-special-heading.av-wm9q8-01b79f2dbb605ec51341a1432876beb5{\npadding-bottom:10px;\n}\nbody .av-special-heading.av-wm9q8-01b79f2dbb605ec51341a1432876beb5 .av-special-heading-tag .heading-char{\nfont-size:25px;\n}\n.av-special-heading.av-wm9q8-01b79f2dbb605ec51341a1432876beb5 .av-subheading{\nfont-size:15px;\n}\n<\/style>\n<div  class='av-special-heading av-wm9q8-01b79f2dbb605ec51341a1432876beb5 av-special-heading-h2 blockquote modern-quote  avia-builder-el-10  el_before_av_textblock  avia-builder-el-first '><h2 class='av-special-heading-tag'  itemprop=\"headline\"  >Procedimiento<\/h2><div class=\"special-heading-border\"><div class=\"special-heading-inner-border\"><\/div><\/div><\/div><br \/>\n\n<style type=\"text\/css\" data-created_by=\"avia_inline_auto\" id=\"style-css-av-lfwyffka-4d79512cd3be7b047f60c554c9276c55\">\n#top .av_textblock_section.av-lfwyffka-4d79512cd3be7b047f60c554c9276c55 .avia_textblock{\ncolor:#000000;\ntext-align:justify;\n}\n<\/style>\n<section  class='av_textblock_section av-lfwyffka-4d79512cd3be7b047f60c554c9276c55'  itemscope=\"itemscope\" itemtype=\"https:\/\/schema.org\/CreativeWork\" ><div class='avia_textblock av_inherit_color'  itemprop=\"text\" ><p><span style=\"font-weight: 400;\">La cirug\u00eda se puede realizar con anestesia epidural en combinaci\u00f3n con sedaci\u00f3n o anestesia general, el tipo de anestesia se define con el anestesi\u00f3logo durante una consulta pre quir\u00fargica. Frecuentemente se realiza una lipoescultura del \u00e1rea y algunas incisiones en la parte medial del brazo y\/o la axila para retirar el exceso de piel. La planeaci\u00f3n de la cirug\u00eda se realizar\u00e1 durante la consulta, en algunos casos se dejar\u00e1 un drenaje por algunos d\u00edas.<\/span><\/p>\n<\/div><\/section><\/p>\n<\/div><\/div>\n<style type=\"text\/css\" data-created_by=\"avia_inline_auto\" id=\"style-css-av-pgtzc-7ab7ba4aebd33da301cce8b35125ffa1\">\n.flex_cell.av-pgtzc-7ab7ba4aebd33da301cce8b35125ffa1{\nvertical-align:bottom;\nbackground-color:#e7b8b8;\n}\n.responsive #top #wrap_all .flex_cell.av-pgtzc-7ab7ba4aebd33da301cce8b35125ffa1{\npadding:0px 0px 0px 0px !important;\n}\n<\/style>\n<div class='flex_cell av-pgtzc-7ab7ba4aebd33da301cce8b35125ffa1 av-gridrow-cell av_one_half no_margin  avia-builder-el-12  el_after_av_cell_one_half  avia-builder-el-last  av-zero-padding' ><div class='flex_cell_inner'>\n<style type=\"text\/css\" data-created_by=\"avia_inline_auto\" id=\"style-css-av-lfwymdqh-1dcd8eaab094988094555957a8f115fd\">\n.avia-image-container.av-lfwymdqh-1dcd8eaab094988094555957a8f115fd img.avia_image{\nbox-shadow:none;\n}\n.avia-image-container.av-lfwymdqh-1dcd8eaab094988094555957a8f115fd .av-image-caption-overlay-center{\ncolor:#ffffff;\n}\n<\/style>\n<div  class='avia-image-container av-lfwymdqh-1dcd8eaab094988094555957a8f115fd av-styling-no-styling avia-align-center  avia-builder-el-13  avia-builder-el-no-sibling '   itemprop=\"image\" itemscope=\"itemscope\" itemtype=\"https:\/\/schema.org\/ImageObject\" ><div class=\"avia-image-container-inner\"><div class=\"avia-image-overlay-wrap\"><img decoding=\"async\" class='wp-image-756 avia-img-lazy-loading-not-756 avia_image ' src=\"https:\/\/drasandralilianavargas.com\/wp-content\/uploads\/2023\/03\/Braquioplastia-02.png\" alt='' title=''  height=\"1016\" width=\"1525\"  itemprop=\"thumbnailUrl\" srcset=\"https:\/\/drasandralilianavargas.com\/wp-content\/uploads\/2023\/03\/Braquioplastia-02.png 1525w, https:\/\/drasandralilianavargas.com\/wp-content\/uploads\/2023\/03\/Braquioplastia-02-300x200.png 300w, https:\/\/drasandralilianavargas.com\/wp-content\/uploads\/2023\/03\/Braquioplastia-02-1030x686.png 1030w, https:\/\/drasandralilianavargas.com\/wp-content\/uploads\/2023\/03\/Braquioplastia-02-768x512.png 768w, https:\/\/drasandralilianavargas.com\/wp-content\/uploads\/2023\/03\/Braquioplastia-02-1500x999.png 1500w, https:\/\/drasandralilianavargas.com\/wp-content\/uploads\/2023\/03\/Braquioplastia-02-705x470.png 705w\" sizes=\"(max-width: 1525px) 100vw, 1525px\" \/><\/div><\/div><\/div>\n<\/div><\/div><\/div><div id='av-layout-grid-2'  class='av-layout-grid-container av-nbabc-07bc41dcb95b5716992113494d7bfcc1 entry-content-wrapper main_color av-flex-cells  avia-builder-el-14  el_after_av_layout_row  avia-builder-el-last  grid-row-not-first  container_wrap fullsize'  >\n\n<style type=\"text\/css\" data-created_by=\"avia_inline_auto\" id=\"style-css-av-g7s0g-dff695aa21fbd8cffb1b18d450d1e127\">\n.flex_cell.av-g7s0g-dff695aa21fbd8cffb1b18d450d1e127{\nvertical-align:middle;\nbackground-color:#e7b8b8;\n}\n.responsive #top #wrap_all .flex_cell.av-g7s0g-dff695aa21fbd8cffb1b18d450d1e127{\npadding:0px 0px 0px 0px !important;\n}\n<\/style>\n<div class='flex_cell av-g7s0g-dff695aa21fbd8cffb1b18d450d1e127 av-gridrow-cell av_one_half no_margin  avia-builder-el-15  el_before_av_cell_one_half  avia-builder-el-first  av-zero-padding' ><div class='flex_cell_inner'>\n<style type=\"text\/css\" data-created_by=\"avia_inline_auto\" id=\"style-css-av-lfwyncfk-da7d4f58b24c9799b57864ad07a1aa00\">\n.avia-image-container.av-lfwyncfk-da7d4f58b24c9799b57864ad07a1aa00 img.avia_image{\nbox-shadow:none;\n}\n.avia-image-container.av-lfwyncfk-da7d4f58b24c9799b57864ad07a1aa00 .av-image-caption-overlay-center{\ncolor:#ffffff;\n}\n<\/style>\n<div  class='avia-image-container av-lfwyncfk-da7d4f58b24c9799b57864ad07a1aa00 av-styling-no-styling avia-align-center  avia-builder-el-16  avia-builder-el-no-sibling '   itemprop=\"image\" itemscope=\"itemscope\" itemtype=\"https:\/\/schema.org\/ImageObject\" ><div class=\"avia-image-container-inner\"><div class=\"avia-image-overlay-wrap\"><img decoding=\"async\" class='wp-image-757 avia-img-lazy-loading-not-757 avia_image ' src=\"https:\/\/drasandralilianavargas.com\/wp-content\/uploads\/2023\/03\/Braquioplastia03.png\" alt='' title=''  height=\"1016\" width=\"1525\"  itemprop=\"thumbnailUrl\" srcset=\"https:\/\/drasandralilianavargas.com\/wp-content\/uploads\/2023\/03\/Braquioplastia03.png 1525w, https:\/\/drasandralilianavargas.com\/wp-content\/uploads\/2023\/03\/Braquioplastia03-300x200.png 300w, https:\/\/drasandralilianavargas.com\/wp-content\/uploads\/2023\/03\/Braquioplastia03-1030x686.png 1030w, https:\/\/drasandralilianavargas.com\/wp-content\/uploads\/2023\/03\/Braquioplastia03-768x512.png 768w, https:\/\/drasandralilianavargas.com\/wp-content\/uploads\/2023\/03\/Braquioplastia03-1500x999.png 1500w, https:\/\/drasandralilianavargas.com\/wp-content\/uploads\/2023\/03\/Braquioplastia03-705x470.png 705w\" sizes=\"(max-width: 1525px) 100vw, 1525px\" \/><\/div><\/div><\/div>\n<\/div><\/div>\n<style type=\"text\/css\" data-created_by=\"avia_inline_auto\" id=\"style-css-av-9sm94-ce5dca354b2394965abb7565a7487a94\">\n.flex_cell.av-9sm94-ce5dca354b2394965abb7565a7487a94{\nvertical-align:middle;\n}\n.responsive #top #wrap_all .flex_cell.av-9sm94-ce5dca354b2394965abb7565a7487a94{\npadding:80px 80px 80px 80px !important;\n}\n<\/style>\n<div class='flex_cell av-9sm94-ce5dca354b2394965abb7565a7487a94 av-gridrow-cell av_one_half no_margin  avia-builder-el-17  el_after_av_cell_one_half  avia-builder-el-last ' ><div class='flex_cell_inner'><p>\n<style type=\"text\/css\" data-created_by=\"avia_inline_auto\" id=\"style-css-av-lfwyfpll-47e2f50bc58a582bc28d23f39c26666d\">\n#top .av-special-heading.av-lfwyfpll-47e2f50bc58a582bc28d23f39c26666d{\npadding-bottom:10px;\n}\nbody .av-special-heading.av-lfwyfpll-47e2f50bc58a582bc28d23f39c26666d .av-special-heading-tag .heading-char{\nfont-size:25px;\n}\n.av-special-heading.av-lfwyfpll-47e2f50bc58a582bc28d23f39c26666d .av-subheading{\nfont-size:15px;\n}\n<\/style>\n<div  class='av-special-heading av-lfwyfpll-47e2f50bc58a582bc28d23f39c26666d av-special-heading-h2 blockquote modern-quote  avia-builder-el-18  el_before_av_textblock  avia-builder-el-first '><h2 class='av-special-heading-tag'  itemprop=\"headline\"  >Despu\u00e9s de la cirug\u00eda<\/h2><div class=\"special-heading-border\"><div class=\"special-heading-inner-border\"><\/div><\/div><\/div><br \/>\n\n<style type=\"text\/css\" data-created_by=\"avia_inline_auto\" id=\"style-css-av-lfwyfxxp-5dbe56ffdfb0a8b49333172bb2079c21\">\n#top .av_textblock_section.av-lfwyfxxp-5dbe56ffdfb0a8b49333172bb2079c21 .avia_textblock{\ntext-align:justify;\n}\n<\/style>\n<section  class='av_textblock_section av-lfwyfxxp-5dbe56ffdfb0a8b49333172bb2079c21'  itemscope=\"itemscope\" itemtype=\"https:\/\/schema.org\/CreativeWork\" ><div class='avia_textblock'  itemprop=\"text\" ><p><span style=\"font-weight: 400;\">Durante el periodo de recuperaci\u00f3n puede llegar a presentarse inflamaci\u00f3n, equimosis o dolor. El tiempo de recuperaci\u00f3n depender\u00e1 de la evoluci\u00f3n de cada paciente. Se recomienda seguir la formula medica e instrucciones dadas por su cirujano pl\u00e1stico , Se debe usar una faja compresiva por dos meses. No realizar ejercicio, ni esfuerzo f\u00edsico por dos meses.<\/span><\/p>\n<\/div><\/section><\/p>\n<\/div><\/div><\/div><\/p>\n","protected":false},"excerpt":{"rendered":"","protected":false},"author":1,"featured_media":0,"parent":0,"menu_order":0,"comment_status":"closed","ping_status":"closed","template":"","meta":{"footnotes":""},"aioseo_notices":[],"_links":{"self":[{"href":"https:\/\/drasandralilianavargas.com\/index.php\/wp-json\/wp\/v2\/pages\/752"}],"collection":[{"href":"https:\/\/drasandralilianavargas.com\/index.php\/wp-json\/wp\/v2\/pages"}],"about":[{"href":"https:\/\/drasandralilianavargas.com\/index.php\/wp-json\/wp\/v2\/types\/page"}],"author":[{"embeddable":true,"href":"https:\/\/drasandralilianavargas.com\/index.php\/wp-json\/wp\/v2\/users\/1"}],"replies":[{"embeddable":true,"href":"https:\/\/drasandralilianavargas.com\/index.php\/wp-json\/wp\/v2\/comments?post=752"}],"version-history":[{"count":3,"href":"https:\/\/drasandralilianavargas.com\/index.php\/wp-json\/wp\/v2\/pages\/752\/revisions"}],"predecessor-version":[{"id":949,"href":"https:\/\/drasandralilianavargas.com\/index.php\/wp-json\/wp\/v2\/pages\/752\/revisions\/949"}],"wp:attachment":[{"href":"https:\/\/drasandralilianavargas.com\/index.php\/wp-json\/wp\/v2\/media?parent=752"}],"curies":[{"name":"wp","href":"https:\/\/api.w.org\/{rel}","templated":true}]}}