{"id":759,"date":"2023-03-31T14:54:06","date_gmt":"2023-03-31T19:54:06","guid":{"rendered":"https:\/\/drasandralilianavargas.com\/?page_id=759"},"modified":"2023-05-06T01:45:18","modified_gmt":"2023-05-06T06:45:18","slug":"toracoplastia","status":"publish","type":"page","link":"https:\/\/drasandralilianavargas.com\/index.php\/toracoplastia\/","title":{"rendered":"Toracoplastia"},"content":{"rendered":"<div id='layer_slider_1'  class='avia-layerslider main_color avia-shadow  avia-builder-el-0  el_before_av_section  avia-builder-el-first  container_wrap fullsize'  style='height: 625px; max-width: 3386px; margin: 0 auto;'  ><\/div>\n<div id='av_section_1'  class='avia-section av-49vwjj-38ef3d1b12135153c8b747bd4d58d008 main_color avia-section-huge avia-no-border-styling  avia-builder-el-1  el_after_av_layerslider  el_before_av_layout_row  avia-bg-style-scroll container_wrap fullsize'  ><div class='container av-section-cont-open' ><div class='template-page content  av-content-full alpha units'><div class='post-entry post-entry-type-page post-entry-759'><div class='entry-content-wrapper clearfix'>\n\n<style type=\"text\/css\" data-created_by=\"avia_inline_auto\" id=\"style-css-av-40q667-230da2dc691dfb5c24bef646d85da8bd\">\n#top .av-special-heading.av-40q667-230da2dc691dfb5c24bef646d85da8bd{\npadding-bottom:20px;\nfont-size:40px;\n}\nbody .av-special-heading.av-40q667-230da2dc691dfb5c24bef646d85da8bd .av-special-heading-tag .heading-char{\nfont-size:25px;\n}\n#top #wrap_all .av-special-heading.av-40q667-230da2dc691dfb5c24bef646d85da8bd .av-special-heading-tag{\nfont-size:40px;\n}\n.av-special-heading.av-40q667-230da2dc691dfb5c24bef646d85da8bd .av-subheading{\nfont-size:15px;\n}\n\n@media only screen and (min-width: 480px) and (max-width: 767px){ \n#top #wrap_all .av-special-heading.av-40q667-230da2dc691dfb5c24bef646d85da8bd .av-special-heading-tag{\nfont-size:0.8em;\n}\n}\n\n@media only screen and (max-width: 479px){ \n#top #wrap_all .av-special-heading.av-40q667-230da2dc691dfb5c24bef646d85da8bd .av-special-heading-tag{\nfont-size:0.8em;\n}\n}\n<\/style>\n<div  class='av-special-heading av-40q667-230da2dc691dfb5c24bef646d85da8bd av-special-heading-h1 blockquote modern-quote modern-centered  avia-builder-el-2  avia-builder-el-no-sibling  av-inherit-size'><h1 class='av-special-heading-tag'  itemprop=\"headline\"  >Toracoplastia <br \/>\u00bfQu\u00e9 es la Toracoplastia?<\/h1><div class=\"special-heading-border\"><div class=\"special-heading-inner-border\"><\/div><\/div><\/div>\n<\/div><\/div><\/div><!-- close content main div --><\/div><\/div><div id='av-layout-grid-1'  class='av-layout-grid-container av-31g36f-049969680c7c2f0da3a8e5671f3b7b28 entry-content-wrapper main_color av-flex-cells  avia-builder-el-3  el_after_av_section  avia-builder-el-last  grid-row-not-first  container_wrap fullsize'  >\n\n<style type=\"text\/css\" data-created_by=\"avia_inline_auto\" id=\"style-css-av-2yuq2f-5cd49c4ac62b65730331e712252efa7c\">\n.flex_cell.av-2yuq2f-5cd49c4ac62b65730331e712252efa7c{\nvertical-align:middle;\n}\n.responsive #top #wrap_all .flex_cell.av-2yuq2f-5cd49c4ac62b65730331e712252efa7c{\npadding:80px 80px 80px 80px !important;\n}\n<\/style>\n<div class='flex_cell av-2yuq2f-5cd49c4ac62b65730331e712252efa7c av-gridrow-cell av_one_half no_margin  avia-builder-el-4  el_before_av_cell_one_half  avia-builder-el-first ' ><div class='flex_cell_inner'>\n<style type=\"text\/css\" data-created_by=\"avia_inline_auto\" id=\"style-css-av-3jxvjj-3f789069c0639b8582bbb5cd432f0967\">\n#top .av_textblock_section.av-3jxvjj-3f789069c0639b8582bbb5cd432f0967 .avia_textblock{\ncolor:#000000;\ntext-align:justify;\n}\n<\/style>\n<section  class='av_textblock_section av-3jxvjj-3f789069c0639b8582bbb5cd432f0967'  itemscope=\"itemscope\" itemtype=\"https:\/\/schema.org\/CreativeWork\" ><div class='avia_textblock av_inherit_color'  itemprop=\"text\" ><p><strong>TORACOPLAST\u00cdA MASCULINIZANTE<\/strong><\/p>\n<p><span style=\"font-weight: 400;\">Es el procedimiento que da un aspecto masculino al t\u00f3rax femenino y extirpa las gl\u00e1ndulas mamarias, el exceso de piel y reduce el tama\u00f1o de areola y pez\u00f3n. La t\u00e9cnica quir\u00fargica y la cicatriz resultante depender\u00e1 del tama\u00f1o inicial de las mamas.<\/span><\/p>\n<p><strong>TORACOPLAST\u00cdA FEMINIZANTE<\/strong><\/p>\n<p><span style=\"font-weight: 400;\">Es el procedimiento que da un aspecto femenino al t\u00f3rax masculino mediante implantes mamarios de silicona.<\/span><\/p>\n<\/div><\/section>\n<\/div><\/div>\n<style type=\"text\/css\" data-created_by=\"avia_inline_auto\" id=\"style-css-av-8s82n-13ab4592c4f4d6ba2a1446e9462821ba\">\n.flex_cell.av-8s82n-13ab4592c4f4d6ba2a1446e9462821ba{\nvertical-align:bottom;\nbackground-color:#e7b8b8;\n}\n.responsive #top #wrap_all .flex_cell.av-8s82n-13ab4592c4f4d6ba2a1446e9462821ba{\npadding:0px 0px 0px 0px !important;\n}\n<\/style>\n<div class='flex_cell av-8s82n-13ab4592c4f4d6ba2a1446e9462821ba av-gridrow-cell av_one_half no_margin  avia-builder-el-6  el_after_av_cell_one_half  avia-builder-el-last  av-zero-padding' ><div class='flex_cell_inner'>\n<style type=\"text\/css\" data-created_by=\"avia_inline_auto\" id=\"style-css-av-27jt1b-6bb8d9164f0236d47c813277d69d0acf\">\n.avia-image-container.av-27jt1b-6bb8d9164f0236d47c813277d69d0acf img.avia_image{\nbox-shadow:none;\n}\n.avia-image-container.av-27jt1b-6bb8d9164f0236d47c813277d69d0acf .av-image-caption-overlay-center{\ncolor:#ffffff;\n}\n<\/style>\n<div  class='avia-image-container av-27jt1b-6bb8d9164f0236d47c813277d69d0acf av-styling-no-styling avia-align-center  avia-builder-el-7  avia-builder-el-no-sibling '   itemprop=\"image\" itemscope=\"itemscope\" itemtype=\"https:\/\/schema.org\/ImageObject\" ><div class=\"avia-image-container-inner\"><div class=\"avia-image-overlay-wrap\"><img decoding=\"async\" class='wp-image-766 avia-img-lazy-loading-not-766 avia_image ' src=\"https:\/\/drasandralilianavargas.com\/wp-content\/uploads\/2023\/03\/tora.png\" alt='' title=''  height=\"1016\" width=\"1525\"  itemprop=\"thumbnailUrl\" srcset=\"https:\/\/drasandralilianavargas.com\/wp-content\/uploads\/2023\/03\/tora.png 1525w, https:\/\/drasandralilianavargas.com\/wp-content\/uploads\/2023\/03\/tora-300x200.png 300w, https:\/\/drasandralilianavargas.com\/wp-content\/uploads\/2023\/03\/tora-1030x686.png 1030w, https:\/\/drasandralilianavargas.com\/wp-content\/uploads\/2023\/03\/tora-768x512.png 768w, https:\/\/drasandralilianavargas.com\/wp-content\/uploads\/2023\/03\/tora-1500x999.png 1500w, https:\/\/drasandralilianavargas.com\/wp-content\/uploads\/2023\/03\/tora-705x470.png 705w\" sizes=\"(max-width: 1525px) 100vw, 1525px\" \/><\/div><\/div><\/div>\n<\/div><\/div><\/div><\/p>\n","protected":false},"excerpt":{"rendered":"","protected":false},"author":1,"featured_media":0,"parent":0,"menu_order":0,"comment_status":"closed","ping_status":"closed","template":"","meta":{"footnotes":""},"aioseo_notices":[],"_links":{"self":[{"href":"https:\/\/drasandralilianavargas.com\/index.php\/wp-json\/wp\/v2\/pages\/759"}],"collection":[{"href":"https:\/\/drasandralilianavargas.com\/index.php\/wp-json\/wp\/v2\/pages"}],"about":[{"href":"https:\/\/drasandralilianavargas.com\/index.php\/wp-json\/wp\/v2\/types\/page"}],"author":[{"embeddable":true,"href":"https:\/\/drasandralilianavargas.com\/index.php\/wp-json\/wp\/v2\/users\/1"}],"replies":[{"embeddable":true,"href":"https:\/\/drasandralilianavargas.com\/index.php\/wp-json\/wp\/v2\/comments?post=759"}],"version-history":[{"count":4,"href":"https:\/\/drasandralilianavargas.com\/index.php\/wp-json\/wp\/v2\/pages\/759\/revisions"}],"predecessor-version":[{"id":951,"href":"https:\/\/drasandralilianavargas.com\/index.php\/wp-json\/wp\/v2\/pages\/759\/revisions\/951"}],"wp:attachment":[{"href":"https:\/\/drasandralilianavargas.com\/index.php\/wp-json\/wp\/v2\/media?parent=759"}],"curies":[{"name":"wp","href":"https:\/\/api.w.org\/{rel}","templated":true}]}}