{"id":769,"date":"2023-03-31T15:02:08","date_gmt":"2023-03-31T20:02:08","guid":{"rendered":"https:\/\/drasandralilianavargas.com\/?page_id=769"},"modified":"2023-05-06T01:44:46","modified_gmt":"2023-05-06T06:44:46","slug":"lifting-de-muslos-2","status":"publish","type":"page","link":"https:\/\/drasandralilianavargas.com\/index.php\/lifting-de-muslos-2\/","title":{"rendered":"Lifting de muslos"},"content":{"rendered":"<div id='layer_slider_1'  class='avia-layerslider main_color avia-shadow  avia-builder-el-0  el_before_av_section  avia-builder-el-first  container_wrap fullsize'  style='height: 625px; max-width: 3386px; margin: 0 auto;'  ><\/div>\n<div id='av_section_1'  class='avia-section av-1cpojd-64911183642c7ecf449032a0fd84e1cf main_color avia-section-huge avia-no-border-styling  avia-builder-el-1  el_after_av_layerslider  el_before_av_layout_row  avia-bg-style-scroll container_wrap fullsize'  ><div class='container av-section-cont-open' ><div class='template-page content  av-content-full alpha units'><div class='post-entry post-entry-type-page post-entry-769'><div class='entry-content-wrapper clearfix'>\n\n<style type=\"text\/css\" data-created_by=\"avia_inline_auto\" id=\"style-css-av-lfwz1ikz-dd41ddbc299ce56079e3d87d914d926e\">\n#top .av-special-heading.av-lfwz1ikz-dd41ddbc299ce56079e3d87d914d926e{\npadding-bottom:20px;\nfont-size:40px;\n}\nbody .av-special-heading.av-lfwz1ikz-dd41ddbc299ce56079e3d87d914d926e .av-special-heading-tag .heading-char{\nfont-size:25px;\n}\n#top #wrap_all .av-special-heading.av-lfwz1ikz-dd41ddbc299ce56079e3d87d914d926e .av-special-heading-tag{\nfont-size:40px;\n}\n.av-special-heading.av-lfwz1ikz-dd41ddbc299ce56079e3d87d914d926e .av-subheading{\nfont-size:15px;\n}\n\n@media only screen and (min-width: 480px) and (max-width: 767px){ \n#top #wrap_all .av-special-heading.av-lfwz1ikz-dd41ddbc299ce56079e3d87d914d926e .av-special-heading-tag{\nfont-size:0.8em;\n}\n}\n\n@media only screen and (max-width: 479px){ \n#top #wrap_all .av-special-heading.av-lfwz1ikz-dd41ddbc299ce56079e3d87d914d926e .av-special-heading-tag{\nfont-size:0.8em;\n}\n}\n<\/style>\n<div  class='av-special-heading av-lfwz1ikz-dd41ddbc299ce56079e3d87d914d926e av-special-heading-h1 blockquote modern-quote modern-centered  avia-builder-el-2  el_before_av_one_fifth  avia-builder-el-first  av-inherit-size'><h1 class='av-special-heading-tag'  itemprop=\"headline\"  >Lifting de muslos <br \/>\u00bfQu\u00e9 es la Lifting de muslos?<\/h1><div class=\"special-heading-border\"><div class=\"special-heading-inner-border\"><\/div><\/div><\/div>\n\n<style type=\"text\/css\" data-created_by=\"avia_inline_auto\" id=\"style-css-av-17o49t-f4af8ea073421061ae0ed851a1367566\">\n.flex_column.av-17o49t-f4af8ea073421061ae0ed851a1367566{\n-webkit-border-radius:0px 0px 0px 0px;\n-moz-border-radius:0px 0px 0px 0px;\nborder-radius:0px 0px 0px 0px;\npadding:0px 0px 0px 0px;\n}\n<\/style>\n<div class='flex_column av-17o49t-f4af8ea073421061ae0ed851a1367566 av_one_fifth  avia-builder-el-3  el_after_av_heading  el_before_av_three_fifth  first flex_column_div av-zero-column-padding '     ><\/div>\n<style type=\"text\/css\" data-created_by=\"avia_inline_auto\" id=\"style-css-av-12qy6p-3adddd9a5b15ff73384bc2cc0ef5523f\">\n.flex_column.av-12qy6p-3adddd9a5b15ff73384bc2cc0ef5523f{\n-webkit-border-radius:0px 0px 0px 0px;\n-moz-border-radius:0px 0px 0px 0px;\nborder-radius:0px 0px 0px 0px;\npadding:0px 0px 0px 0px;\n}\n<\/style>\n<div class='flex_column av-12qy6p-3adddd9a5b15ff73384bc2cc0ef5523f av_three_fifth  avia-builder-el-4  el_after_av_one_fifth  el_before_av_one_fifth  flex_column_div av-animated-generic bottom-to-top av-zero-column-padding '     ><p>\n<style type=\"text\/css\" data-created_by=\"avia_inline_auto\" id=\"style-css-av-lfwz1wpb-aab09ebd521e701a088f3a60b70f73cc\">\n#top .av_textblock_section.av-lfwz1wpb-aab09ebd521e701a088f3a60b70f73cc .avia_textblock{\ncolor:#000000;\ntext-align:justify;\n}\n<\/style>\n<section  class='av_textblock_section av-lfwz1wpb-aab09ebd521e701a088f3a60b70f73cc'  itemscope=\"itemscope\" itemtype=\"https:\/\/schema.org\/CreativeWork\" ><div class='avia_textblock av_inherit_color'  itemprop=\"text\" ><p><span style=\"font-weight: 400;\">Un estiramiento de muslos o lifting de muslos, reestructura la parte superior de los muslos para tensar la piel suelta y eliminar la grasa debajo del muslo. Eliminar el exceso de piel causado por la p\u00e9rdida de peso o el envejecimiento natural puede tensar la piel suelta que se extiende desde el \u00e1rea de la ingle hasta la rodilla; La liposucci\u00f3n a veces se usa en combinaci\u00f3n para lograr los mejores resultados. Cada a\u00f1o, miles de personas se someten a una exitosa cirug\u00eda de estiramiento de la parte superior del muslo y est\u00e1n satisfechas con los resultados.<\/span><\/p>\n<\/div><\/section><br \/>\n\n<style type=\"text\/css\" data-created_by=\"avia_inline_auto\" id=\"style-css-av-xcl9t-d90b22ac2d251917a78ce0e160de2e68\">\n#top .hr.av-xcl9t-d90b22ac2d251917a78ce0e160de2e68{\nmargin-top:70px;\nmargin-bottom:0px;\n}\n.hr.av-xcl9t-d90b22ac2d251917a78ce0e160de2e68 .hr-inner{\nwidth:90px;\nmax-width:45%;\n}\n.hr.av-xcl9t-d90b22ac2d251917a78ce0e160de2e68 .av-seperator-icon{\ncolor:#e7b8b8;\n}\n<\/style>\n<div  class='hr av-xcl9t-d90b22ac2d251917a78ce0e160de2e68 hr-custom  avia-builder-el-6  el_after_av_textblock  avia-builder-el-last  hr-center hr-icon-yes'><span class='hr-inner inner-border-av-border-thin'><span class=\"hr-inner-style\"><\/span><\/span><span class='av-seperator-icon' aria-hidden='true' data-av_icon='\ue8b8' data-av_iconfont='entypo-fontello'><\/span><span class='hr-inner inner-border-av-border-thin'><span class=\"hr-inner-style\"><\/span><\/span><\/div><\/p><\/div>\n<style type=\"text\/css\" data-created_by=\"avia_inline_auto\" id=\"style-css-av-rgqq9-1c64d7eea8eddb73489661544f550b28\">\n.flex_column.av-rgqq9-1c64d7eea8eddb73489661544f550b28{\n-webkit-border-radius:0px 0px 0px 0px;\n-moz-border-radius:0px 0px 0px 0px;\nborder-radius:0px 0px 0px 0px;\npadding:0px 0px 0px 0px;\n}\n<\/style>\n<div class='flex_column av-rgqq9-1c64d7eea8eddb73489661544f550b28 av_one_fifth  avia-builder-el-7  el_after_av_three_fifth  avia-builder-el-last  flex_column_div av-zero-column-padding '     ><\/div><\/div><\/div><\/div><!-- close content main div --><\/div><\/div><div id='av-layout-grid-1'  class='av-layout-grid-container av-24bi9-922294c5e1056d40ebbfac990696793c entry-content-wrapper main_color av-flex-cells  avia-builder-el-8  el_after_av_section  avia-builder-el-last  grid-row-not-first  container_wrap fullsize'  >\n\n<style type=\"text\/css\" data-created_by=\"avia_inline_auto\" id=\"style-css-av-e0gbd-c9a27b6cd7ee81495e42e11621d92912\">\n.flex_cell.av-e0gbd-c9a27b6cd7ee81495e42e11621d92912{\nvertical-align:middle;\n}\n.responsive #top #wrap_all .flex_cell.av-e0gbd-c9a27b6cd7ee81495e42e11621d92912{\npadding:80px 80px 80px 80px !important;\n}\n<\/style>\n<div class='flex_cell av-e0gbd-c9a27b6cd7ee81495e42e11621d92912 av-gridrow-cell av_one_half no_margin  avia-builder-el-9  el_before_av_cell_one_half  avia-builder-el-first ' ><div class='flex_cell_inner'><p>\n<style type=\"text\/css\" data-created_by=\"avia_inline_auto\" id=\"style-css-av-lfwz27ux-0342793a43c7c27d78865f89ca12f0b6\">\n#top .av-special-heading.av-lfwz27ux-0342793a43c7c27d78865f89ca12f0b6{\npadding-bottom:10px;\n}\nbody .av-special-heading.av-lfwz27ux-0342793a43c7c27d78865f89ca12f0b6 .av-special-heading-tag .heading-char{\nfont-size:25px;\n}\n.av-special-heading.av-lfwz27ux-0342793a43c7c27d78865f89ca12f0b6 .av-subheading{\nfont-size:15px;\n}\n<\/style>\n<div  class='av-special-heading av-lfwz27ux-0342793a43c7c27d78865f89ca12f0b6 av-special-heading-h2 blockquote modern-quote  avia-builder-el-10  el_before_av_textblock  avia-builder-el-first '><h2 class='av-special-heading-tag'  itemprop=\"headline\"  >\u00bfCu\u00e1ndo debemos considerar un lifting de muslos?<\/h2><div class=\"special-heading-border\"><div class=\"special-heading-inner-border\"><\/div><\/div><\/div><br \/>\n\n<style type=\"text\/css\" data-created_by=\"avia_inline_auto\" id=\"style-css-av-lfwz343e-e92bd07a5ae87402eb3629ee0ba5adf3\">\n#top .av_textblock_section.av-lfwz343e-e92bd07a5ae87402eb3629ee0ba5adf3 .avia_textblock{\ncolor:#000000;\ntext-align:justify;\n}\n<\/style>\n<section  class='av_textblock_section av-lfwz343e-e92bd07a5ae87402eb3629ee0ba5adf3'  itemscope=\"itemscope\" itemtype=\"https:\/\/schema.org\/CreativeWork\" ><div class='avia_textblock av_inherit_color'  itemprop=\"text\" ><p><span style=\"font-weight: 400;\">Si su peso es normal, pero siente que su forma se ve afectada por la laxitud de los muslos.<\/span><\/p>\n<p><span style=\"font-weight: 400;\">Si ha perdido una cantidad masiva de peso y le queda un exceso de piel y grasa en la parte superior del muslo.<\/span><\/p>\n<p><span style=\"font-weight: 400;\">Si est\u00e1 dispuesto a aceptar una cicatriz a cambio de mejorar la morfolog\u00eda global del muslo.<\/span><\/p>\n<p><span style=\"font-weight: 400;\">Consideraciones previas: pros y contras del procedimiento.<\/span><\/p>\n<p><strong>Pros<\/strong><\/p>\n<p><span style=\"font-weight: 400;\">Se ver\u00e1 mucho mejor con ropa ajustada.<\/span><\/p>\n<p><span style=\"font-weight: 400;\">Tendr\u00e1 m\u00e1s confianza y una mejor imagen de si mismo.<\/span><\/p>\n<p><span style=\"font-weight: 400;\">Podr\u00e1 usar ropa con pantalones cortos sin sentirte cohibida.<\/span><\/p>\n<p><strong>Contras<\/strong><\/p>\n<p><span style=\"font-weight: 400;\">Tendr\u00e1 cicatrices visibles a lo largo del interior de sus muslos, que se extienden desde la ingle hasta la rodilla.<\/span><\/p>\n<p><span style=\"font-weight: 400;\">Si la flaccidez de la piel del muslo no es excesiva, un estiramiento de la parte superior del muslo puede no merecer la pena de ser realizado con cicatrices largas (en este caso, considere un lifting crural de incisi\u00f3n limitada o una liposucci\u00f3n).<\/span><\/p>\n<p><span style=\"font-weight: 400;\">Su cirujano no podr\u00e1 predecir exactamente c\u00f3mo se ver\u00e1n sus cicatrices.<\/span><\/p>\n<p><span style=\"font-weight: 400;\">Estos son los tres principales pros y contras para sopesar cuando se considera un levantamiento de la parte superior del muslo. Si desea consultar su caso concreto, cons\u00faltenos.<\/span><\/p>\n<\/div><\/section><\/p>\n<\/div><\/div>\n<style type=\"text\/css\" data-created_by=\"avia_inline_auto\" id=\"style-css-av-7du1d-f48df6f582351a45a91efb48a7c96f4d\">\n.flex_cell.av-7du1d-f48df6f582351a45a91efb48a7c96f4d{\nvertical-align:bottom;\nbackground-color:#e7b8b8;\n}\n.responsive #top #wrap_all .flex_cell.av-7du1d-f48df6f582351a45a91efb48a7c96f4d{\npadding:0px 0px 0px 0px !important;\n}\n<\/style>\n<div class='flex_cell av-7du1d-f48df6f582351a45a91efb48a7c96f4d av-gridrow-cell av_one_half no_margin  avia-builder-el-12  el_after_av_cell_one_half  avia-builder-el-last  av-zero-padding' ><div class='flex_cell_inner'>\n<style type=\"text\/css\" data-created_by=\"avia_inline_auto\" id=\"style-css-av-lfwz5zsq-016b734b9fd0a24ae2cc37aa72141288\">\n.avia-image-container.av-lfwz5zsq-016b734b9fd0a24ae2cc37aa72141288 img.avia_image{\nbox-shadow:none;\n}\n.avia-image-container.av-lfwz5zsq-016b734b9fd0a24ae2cc37aa72141288 .av-image-caption-overlay-center{\ncolor:#ffffff;\n}\n<\/style>\n<div  class='avia-image-container av-lfwz5zsq-016b734b9fd0a24ae2cc37aa72141288 av-styling-no-styling avia-align-center  avia-builder-el-13  avia-builder-el-no-sibling '   itemprop=\"image\" itemscope=\"itemscope\" itemtype=\"https:\/\/schema.org\/ImageObject\" ><div class=\"avia-image-container-inner\"><div class=\"avia-image-overlay-wrap\"><img decoding=\"async\" class='wp-image-773 avia-img-lazy-loading-not-773 avia_image ' src=\"https:\/\/drasandralilianavargas.com\/wp-content\/uploads\/2023\/03\/muslos.png\" alt='' title=''  height=\"1016\" width=\"1525\"  itemprop=\"thumbnailUrl\" srcset=\"https:\/\/drasandralilianavargas.com\/wp-content\/uploads\/2023\/03\/muslos.png 1525w, https:\/\/drasandralilianavargas.com\/wp-content\/uploads\/2023\/03\/muslos-300x200.png 300w, https:\/\/drasandralilianavargas.com\/wp-content\/uploads\/2023\/03\/muslos-1030x686.png 1030w, https:\/\/drasandralilianavargas.com\/wp-content\/uploads\/2023\/03\/muslos-768x512.png 768w, https:\/\/drasandralilianavargas.com\/wp-content\/uploads\/2023\/03\/muslos-1500x999.png 1500w, https:\/\/drasandralilianavargas.com\/wp-content\/uploads\/2023\/03\/muslos-705x470.png 705w\" sizes=\"(max-width: 1525px) 100vw, 1525px\" \/><\/div><\/div><\/div>\n<\/div><\/div><\/div><\/p>\n","protected":false},"excerpt":{"rendered":"","protected":false},"author":1,"featured_media":0,"parent":0,"menu_order":0,"comment_status":"closed","ping_status":"closed","template":"","meta":{"footnotes":""},"aioseo_notices":[],"_links":{"self":[{"href":"https:\/\/drasandralilianavargas.com\/index.php\/wp-json\/wp\/v2\/pages\/769"}],"collection":[{"href":"https:\/\/drasandralilianavargas.com\/index.php\/wp-json\/wp\/v2\/pages"}],"about":[{"href":"https:\/\/drasandralilianavargas.com\/index.php\/wp-json\/wp\/v2\/types\/page"}],"author":[{"embeddable":true,"href":"https:\/\/drasandralilianavargas.com\/index.php\/wp-json\/wp\/v2\/users\/1"}],"replies":[{"embeddable":true,"href":"https:\/\/drasandralilianavargas.com\/index.php\/wp-json\/wp\/v2\/comments?post=769"}],"version-history":[{"count":3,"href":"https:\/\/drasandralilianavargas.com\/index.php\/wp-json\/wp\/v2\/pages\/769\/revisions"}],"predecessor-version":[{"id":950,"href":"https:\/\/drasandralilianavargas.com\/index.php\/wp-json\/wp\/v2\/pages\/769\/revisions\/950"}],"wp:attachment":[{"href":"https:\/\/drasandralilianavargas.com\/index.php\/wp-json\/wp\/v2\/media?parent=769"}],"curies":[{"name":"wp","href":"https:\/\/api.w.org\/{rel}","templated":true}]}}