{"id":776,"date":"2023-03-31T15:09:23","date_gmt":"2023-03-31T20:09:23","guid":{"rendered":"https:\/\/drasandralilianavargas.com\/?page_id=776"},"modified":"2023-05-06T01:46:19","modified_gmt":"2023-05-06T06:46:19","slug":"microcirujia-2","status":"publish","type":"page","link":"https:\/\/drasandralilianavargas.com\/index.php\/microcirujia-2\/","title":{"rendered":"Microcirujia"},"content":{"rendered":"<div id='layer_slider_1'  class='avia-layerslider main_color avia-shadow  avia-builder-el-0  el_before_av_section  avia-builder-el-first  container_wrap fullsize'  style='height: 625px; max-width: 3386px; margin: 0 auto;'  ><\/div>\n<div id='av_section_1'  class='avia-section av-r0huw-b85ca23b0c898643f37e7ec276b469f5 main_color avia-section-huge avia-no-border-styling  avia-builder-el-1  el_after_av_layerslider  el_before_av_layout_row  avia-bg-style-scroll container_wrap fullsize'  ><div class='container av-section-cont-open' ><div class='template-page content  av-content-full alpha units'><div class='post-entry post-entry-type-page post-entry-776'><div class='entry-content-wrapper clearfix'>\n\n<style type=\"text\/css\" data-created_by=\"avia_inline_auto\" id=\"style-css-av-lfwzaok6-1bbc7ced0f718e18f9956ed4bc5bfbf8\">\n#top .av-special-heading.av-lfwzaok6-1bbc7ced0f718e18f9956ed4bc5bfbf8{\npadding-bottom:20px;\nfont-size:40px;\n}\nbody .av-special-heading.av-lfwzaok6-1bbc7ced0f718e18f9956ed4bc5bfbf8 .av-special-heading-tag .heading-char{\nfont-size:25px;\n}\n#top #wrap_all .av-special-heading.av-lfwzaok6-1bbc7ced0f718e18f9956ed4bc5bfbf8 .av-special-heading-tag{\nfont-size:40px;\n}\n.av-special-heading.av-lfwzaok6-1bbc7ced0f718e18f9956ed4bc5bfbf8 .av-subheading{\nfont-size:15px;\n}\n\n@media only screen and (min-width: 480px) and (max-width: 767px){ \n#top #wrap_all .av-special-heading.av-lfwzaok6-1bbc7ced0f718e18f9956ed4bc5bfbf8 .av-special-heading-tag{\nfont-size:0.8em;\n}\n}\n\n@media only screen and (max-width: 479px){ \n#top #wrap_all .av-special-heading.av-lfwzaok6-1bbc7ced0f718e18f9956ed4bc5bfbf8 .av-special-heading-tag{\nfont-size:0.8em;\n}\n}\n<\/style>\n<div  class='av-special-heading av-lfwzaok6-1bbc7ced0f718e18f9956ed4bc5bfbf8 av-special-heading-h1 blockquote modern-quote modern-centered  avia-builder-el-2  avia-builder-el-no-sibling  av-inherit-size'><h1 class='av-special-heading-tag'  itemprop=\"headline\"  >Microcirujia <br \/>\u00bfQu\u00e9 es la Microcirujia?<\/h1><div class=\"special-heading-border\"><div class=\"special-heading-inner-border\"><\/div><\/div><\/div>\n<\/div><\/div><\/div><!-- close content main div --><\/div><\/div><div id='av-layout-grid-1'  class='av-layout-grid-container av-l4bqo-47dc82f599c5abf649eddddf36ed0e98 entry-content-wrapper main_color av-flex-cells  avia-builder-el-3  el_after_av_section  avia-builder-el-last  grid-row-not-first  container_wrap fullsize'  >\n\n<style type=\"text\/css\" data-created_by=\"avia_inline_auto\" id=\"style-css-av-ci7e0-62995f970413913a91118fa23236c662\">\n.flex_cell.av-ci7e0-62995f970413913a91118fa23236c662{\nvertical-align:middle;\n}\n.responsive #top #wrap_all .flex_cell.av-ci7e0-62995f970413913a91118fa23236c662{\npadding:80px 80px 80px 80px !important;\n}\n<\/style>\n<div class='flex_cell av-ci7e0-62995f970413913a91118fa23236c662 av-gridrow-cell av_one_half no_margin  avia-builder-el-4  el_before_av_cell_one_half  avia-builder-el-first ' ><div class='flex_cell_inner'>\n<style type=\"text\/css\" data-created_by=\"avia_inline_auto\" id=\"style-css-av-lfwzb63s-2b05243852c27e0525c72b408f361fea\">\n#top .av_textblock_section.av-lfwzb63s-2b05243852c27e0525c72b408f361fea .avia_textblock{\ncolor:#000000;\ntext-align:justify;\n}\n<\/style>\n<section  class='av_textblock_section av-lfwzb63s-2b05243852c27e0525c72b408f361fea'  itemscope=\"itemscope\" itemtype=\"https:\/\/schema.org\/CreativeWork\" ><div class='avia_textblock av_inherit_color'  itemprop=\"text\" ><p><span style=\"font-weight: 400;\">Es una t\u00e9cnica quir\u00fargica en la que mediante un microscopio quir\u00fargico es posible reparar nervios y vasos sangu\u00edneos de peque\u00f1o calibre (menores a 1 mm).<\/span><\/p>\n<p><span style=\"font-weight: 400;\">Esta t\u00e9cnica permite tratar lesiones de nervios y vasos sangu\u00edneos, o reconstruir defectos \u00f3seos o de piel, malformaciones, reimplantes de partes del cuerpo amputadas a consecuencia de un accidentes, lesiones del plexo braquial o tambi\u00e9n se utiliza en trasplantes.<\/span><\/p>\n<p><span style=\"font-weight: 400;\">El trasplante de tejidos vascularizados (hueso, m\u00fasculo, piel) o de extremidades (dedos, articulaciones\u2026) entre diferentes partes del cuerpo en muchas ocasiones es la alternativa de mejor calidad que se le puede ofrecer a un paciente.<\/span><\/p>\n<p><span style=\"font-weight: 400;\">Los colgajos, son segmentos biol\u00f3gicos sacrificables para suplir p\u00e9rdidas en otro lugar del cuerpo donde son necesarios. Los colgajos necesitan irrigaci\u00f3n \/ vascularizaci\u00f3n para sobrevivir.<\/span><\/p>\n<p><span style=\"font-weight: 400;\">Por ello, deben ser trasplantados con sus vasos sangu\u00edneos (arteria y venas) que se conectar\u00e1n con otros vasos sangu\u00edneos para recobrar la vascularizaci\u00f3n.<\/span><\/p>\n<p><span style=\"font-weight: 400;\">La conexi\u00f3n de los vasos sangu\u00edneos o anastomosis, al ser habitualmente de 1 mm de di\u00e1metro, requiere del uso de microscopio, instrumental muy fino y suturas de menor calibre que un pelo de humano.<\/span><\/p>\n<p><span style=\"font-weight: 400;\">El periostio es una membrana que recubre el hueso. Sirve para que la di\u00e1fisis del hueso crezca en grosor y para la reparaci\u00f3n de fracturas. En el ni\u00f1o, el periostio es m\u00e1s grueso y rico en c\u00e9lulas madre en su cara interna que en el adulto. La transferencia del periostio vascularizado es una t\u00e9cnica descrita por el Dr. Soldado para la reconstrucci\u00f3n de extremidades en el ni\u00f1o. <\/span><\/p>\n<p><span style=\"font-weight: 400;\">La t\u00e9cnica de reconstrucci\u00f3n consiste en recubrir la pseudoartrosis con el periostio vascularizado, consiguiendo una integraci\u00f3n muy r\u00e1pida del mismo. Esta t\u00e9cnica es ideal para la reconstrucci\u00f3n de defectos \u00f3seos debidos a tumores, infecciones, traumatismos de las extremidades y pseudoartrosis.<\/span><\/p>\n<\/div><\/section>\n<\/div><\/div>\n<style type=\"text\/css\" data-created_by=\"avia_inline_auto\" id=\"style-css-av-8z0oo-f469bc7c24a545f7c53136e33af2a808\">\n.flex_cell.av-8z0oo-f469bc7c24a545f7c53136e33af2a808{\nvertical-align:bottom;\nbackground-color:#e7b8b8;\n}\n.responsive #top #wrap_all .flex_cell.av-8z0oo-f469bc7c24a545f7c53136e33af2a808{\npadding:0px 0px 0px 0px !important;\n}\n<\/style>\n<div class='flex_cell av-8z0oo-f469bc7c24a545f7c53136e33af2a808 av-gridrow-cell av_one_half no_margin  avia-builder-el-6  el_after_av_cell_one_half  avia-builder-el-last  av-zero-padding' ><div class='flex_cell_inner'>\n<style type=\"text\/css\" data-created_by=\"avia_inline_auto\" id=\"style-css-av-lfwzhpas-b6126274405232559c16e69d1faa6380\">\n.avia-image-container.av-lfwzhpas-b6126274405232559c16e69d1faa6380 img.avia_image{\nbox-shadow:none;\n}\n.avia-image-container.av-lfwzhpas-b6126274405232559c16e69d1faa6380 .av-image-caption-overlay-center{\ncolor:#ffffff;\n}\n<\/style>\n<div  class='avia-image-container av-lfwzhpas-b6126274405232559c16e69d1faa6380 av-styling-no-styling avia-align-center  avia-builder-el-7  avia-builder-el-no-sibling '   itemprop=\"image\" itemscope=\"itemscope\" itemtype=\"https:\/\/schema.org\/ImageObject\" ><div class=\"avia-image-container-inner\"><div class=\"avia-image-overlay-wrap\"><img decoding=\"async\" class='wp-image-780 avia-img-lazy-loading-not-780 avia_image ' src=\"https:\/\/drasandralilianavargas.com\/wp-content\/uploads\/2023\/03\/microscopio.png\" alt='' title=''  height=\"1016\" width=\"1525\"  itemprop=\"thumbnailUrl\" srcset=\"https:\/\/drasandralilianavargas.com\/wp-content\/uploads\/2023\/03\/microscopio.png 1525w, https:\/\/drasandralilianavargas.com\/wp-content\/uploads\/2023\/03\/microscopio-300x200.png 300w, https:\/\/drasandralilianavargas.com\/wp-content\/uploads\/2023\/03\/microscopio-1030x686.png 1030w, https:\/\/drasandralilianavargas.com\/wp-content\/uploads\/2023\/03\/microscopio-768x512.png 768w, https:\/\/drasandralilianavargas.com\/wp-content\/uploads\/2023\/03\/microscopio-1500x999.png 1500w, https:\/\/drasandralilianavargas.com\/wp-content\/uploads\/2023\/03\/microscopio-705x470.png 705w\" sizes=\"(max-width: 1525px) 100vw, 1525px\" \/><\/div><\/div><\/div>\n<\/div><\/div><\/div><\/p>\n","protected":false},"excerpt":{"rendered":"","protected":false},"author":1,"featured_media":0,"parent":0,"menu_order":0,"comment_status":"closed","ping_status":"closed","template":"","meta":{"footnotes":""},"aioseo_notices":[],"_links":{"self":[{"href":"https:\/\/drasandralilianavargas.com\/index.php\/wp-json\/wp\/v2\/pages\/776"}],"collection":[{"href":"https:\/\/drasandralilianavargas.com\/index.php\/wp-json\/wp\/v2\/pages"}],"about":[{"href":"https:\/\/drasandralilianavargas.com\/index.php\/wp-json\/wp\/v2\/types\/page"}],"author":[{"embeddable":true,"href":"https:\/\/drasandralilianavargas.com\/index.php\/wp-json\/wp\/v2\/users\/1"}],"replies":[{"embeddable":true,"href":"https:\/\/drasandralilianavargas.com\/index.php\/wp-json\/wp\/v2\/comments?post=776"}],"version-history":[{"count":4,"href":"https:\/\/drasandralilianavargas.com\/index.php\/wp-json\/wp\/v2\/pages\/776\/revisions"}],"predecessor-version":[{"id":953,"href":"https:\/\/drasandralilianavargas.com\/index.php\/wp-json\/wp\/v2\/pages\/776\/revisions\/953"}],"wp:attachment":[{"href":"https:\/\/drasandralilianavargas.com\/index.php\/wp-json\/wp\/v2\/media?parent=776"}],"curies":[{"name":"wp","href":"https:\/\/api.w.org\/{rel}","templated":true}]}}