{"id":794,"date":"2023-03-31T15:45:48","date_gmt":"2023-03-31T20:45:48","guid":{"rendered":"https:\/\/drasandralilianavargas.com\/?page_id=794"},"modified":"2024-03-04T12:09:16","modified_gmt":"2024-03-04T17:09:16","slug":"toxina-botulinica","status":"publish","type":"page","link":"https:\/\/drasandralilianavargas.com\/index.php\/toxina-botulinica\/","title":{"rendered":"Toxina Botulinica"},"content":{"rendered":"<div id='layer_slider_1'  class='avia-layerslider main_color avia-shadow  avia-builder-el-0  el_before_av_section  avia-builder-el-first  container_wrap fullsize'  style='height: 625px; max-width: 3386px; margin: 0 auto;'  ><\/div>\n<div id='av_section_1'  class='avia-section av-1fo0hm-846efda0a4a55cefaff7da2437a25a1d main_color avia-section-huge avia-no-border-styling  avia-builder-el-1  el_after_av_layerslider  el_before_av_layout_row  avia-bg-style-scroll container_wrap fullsize'  ><div class='container av-section-cont-open' ><div class='template-page content  av-content-full alpha units'><div class='post-entry post-entry-type-page post-entry-794'><div class='entry-content-wrapper clearfix'>\n\n<style type=\"text\/css\" data-created_by=\"avia_inline_auto\" id=\"style-css-av-1bc98i-82e886f75ebf05e49b7a10f80633f34c\">\n#top .av-special-heading.av-1bc98i-82e886f75ebf05e49b7a10f80633f34c{\npadding-bottom:20px;\ncolor:#0a0a0a;\nfont-size:40px;\n}\nbody .av-special-heading.av-1bc98i-82e886f75ebf05e49b7a10f80633f34c .av-special-heading-tag .heading-char{\nfont-size:25px;\n}\n#top #wrap_all .av-special-heading.av-1bc98i-82e886f75ebf05e49b7a10f80633f34c .av-special-heading-tag{\nfont-size:40px;\n}\n.av-special-heading.av-1bc98i-82e886f75ebf05e49b7a10f80633f34c .special-heading-inner-border{\nborder-color:#0a0a0a;\n}\n.av-special-heading.av-1bc98i-82e886f75ebf05e49b7a10f80633f34c .av-subheading{\nfont-size:15px;\n}\n\n@media only screen and (min-width: 480px) and (max-width: 767px){ \n#top #wrap_all .av-special-heading.av-1bc98i-82e886f75ebf05e49b7a10f80633f34c .av-special-heading-tag{\nfont-size:0.8em;\n}\n}\n\n@media only screen and (max-width: 479px){ \n#top #wrap_all .av-special-heading.av-1bc98i-82e886f75ebf05e49b7a10f80633f34c .av-special-heading-tag{\nfont-size:0.8em;\n}\n}\n<\/style>\n<div  class='av-special-heading av-1bc98i-82e886f75ebf05e49b7a10f80633f34c av-special-heading-h1 custom-color-heading blockquote modern-quote modern-centered  avia-builder-el-2  avia-builder-el-no-sibling  av-inherit-size'><h1 class='av-special-heading-tag'  itemprop=\"headline\"  >Rejuvenecimiento Facial  <\/h1><div class=\"special-heading-border\"><div class=\"special-heading-inner-border\"><\/div><\/div><\/div>\n\n<\/div><\/div><\/div><!-- close content main div --><\/div><\/div><div id='av-layout-grid-1'  class='av-layout-grid-container av-1402fm-457a24e4287c860a172d5b7d7ad00139 entry-content-wrapper main_color av-flex-cells  avia-builder-el-3  el_after_av_section  avia-builder-el-last  grid-row-not-first  container_wrap fullsize'  >\n\n<style type=\"text\/css\" data-created_by=\"avia_inline_auto\" id=\"style-css-av-xf20y-bc642adf4c28fdc80a243b013b5a91c5\">\n.flex_cell.av-xf20y-bc642adf4c28fdc80a243b013b5a91c5{\nvertical-align:middle;\nbackground-color:#e7b8b8;\n}\n.responsive #top #wrap_all .flex_cell.av-xf20y-bc642adf4c28fdc80a243b013b5a91c5{\npadding:0px 0px 0px 0px !important;\n}\n<\/style>\n<div class='flex_cell av-xf20y-bc642adf4c28fdc80a243b013b5a91c5 av-gridrow-cell av_one_half no_margin  avia-builder-el-4  el_before_av_cell_one_half  avia-builder-el-first  av-zero-padding' ><div class='flex_cell_inner'><p>\n<style type=\"text\/css\" data-created_by=\"avia_inline_auto\" id=\"style-css-av-rvj5m-7911ef5319c4ed9987e80321f76c53b3\">\n.avia-image-container.av-rvj5m-7911ef5319c4ed9987e80321f76c53b3 img.avia_image{\nbox-shadow:none;\n}\n.avia-image-container.av-rvj5m-7911ef5319c4ed9987e80321f76c53b3 .av-image-caption-overlay-center{\ncolor:#ffffff;\n}\n<\/style>\n<div  class='avia-image-container av-rvj5m-7911ef5319c4ed9987e80321f76c53b3 av-styling-no-styling avia-align-center  avia-builder-el-5  el_before_av_image  avia-builder-el-first '   itemprop=\"image\" itemscope=\"itemscope\" itemtype=\"https:\/\/schema.org\/ImageObject\" ><div class=\"avia-image-container-inner\"><div class=\"avia-image-overlay-wrap\"><img decoding=\"async\" class='wp-image-642 avia-img-lazy-loading-not-642 avia_image ' src=\"https:\/\/drasandralilianavargas.com\/wp-content\/uploads\/2023\/03\/lis03.png\" alt='' title=''  height=\"1016\" width=\"1525\"  itemprop=\"thumbnailUrl\" srcset=\"https:\/\/drasandralilianavargas.com\/wp-content\/uploads\/2023\/03\/lis03.png 1525w, https:\/\/drasandralilianavargas.com\/wp-content\/uploads\/2023\/03\/lis03-300x200.png 300w, https:\/\/drasandralilianavargas.com\/wp-content\/uploads\/2023\/03\/lis03-1030x686.png 1030w, https:\/\/drasandralilianavargas.com\/wp-content\/uploads\/2023\/03\/lis03-768x512.png 768w, https:\/\/drasandralilianavargas.com\/wp-content\/uploads\/2023\/03\/lis03-1500x999.png 1500w, https:\/\/drasandralilianavargas.com\/wp-content\/uploads\/2023\/03\/lis03-705x470.png 705w\" sizes=\"(max-width: 1525px) 100vw, 1525px\" \/><\/div><\/div><\/div><br \/>\n\n<style type=\"text\/css\" data-created_by=\"avia_inline_auto\" id=\"style-css-av-lfx0mfo4-f46f64708c2d779c7e40080f28a35a4b\">\n.avia-image-container.av-lfx0mfo4-f46f64708c2d779c7e40080f28a35a4b img.avia_image{\nbox-shadow:none;\n}\n.avia-image-container.av-lfx0mfo4-f46f64708c2d779c7e40080f28a35a4b .av-image-caption-overlay-center{\ncolor:#ffffff;\n}\n<\/style>\n<div  class='avia-image-container av-lfx0mfo4-f46f64708c2d779c7e40080f28a35a4b av-styling-no-styling avia-align-center  avia-builder-el-6  el_after_av_image  avia-builder-el-last '   itemprop=\"image\" itemscope=\"itemscope\" itemtype=\"https:\/\/schema.org\/ImageObject\" ><div class=\"avia-image-container-inner\"><div class=\"avia-image-overlay-wrap\"><img decoding=\"async\" class='wp-image-640 avia-img-lazy-loading-not-640 avia_image ' src=\"https:\/\/drasandralilianavargas.com\/wp-content\/uploads\/2023\/03\/lis01.png\" alt='' title=''  height=\"1016\" width=\"1525\"  itemprop=\"thumbnailUrl\" srcset=\"https:\/\/drasandralilianavargas.com\/wp-content\/uploads\/2023\/03\/lis01.png 1525w, https:\/\/drasandralilianavargas.com\/wp-content\/uploads\/2023\/03\/lis01-300x200.png 300w, https:\/\/drasandralilianavargas.com\/wp-content\/uploads\/2023\/03\/lis01-1030x686.png 1030w, https:\/\/drasandralilianavargas.com\/wp-content\/uploads\/2023\/03\/lis01-768x512.png 768w, https:\/\/drasandralilianavargas.com\/wp-content\/uploads\/2023\/03\/lis01-1500x999.png 1500w, https:\/\/drasandralilianavargas.com\/wp-content\/uploads\/2023\/03\/lis01-705x470.png 705w\" sizes=\"(max-width: 1525px) 100vw, 1525px\" \/><\/div><\/div><\/div><\/p>\n<\/div><\/div>\n<style type=\"text\/css\" data-created_by=\"avia_inline_auto\" id=\"style-css-av-me67u-247b50e8c8ec6b25168a0bc32ef5941c\">\n.flex_cell.av-me67u-247b50e8c8ec6b25168a0bc32ef5941c{\nvertical-align:middle;\n}\n.responsive #top #wrap_all .flex_cell.av-me67u-247b50e8c8ec6b25168a0bc32ef5941c{\npadding:80px 80px 80px 80px !important;\n}\n<\/style>\n<div class='flex_cell av-me67u-247b50e8c8ec6b25168a0bc32ef5941c av-gridrow-cell av_one_half no_margin  avia-builder-el-7  el_after_av_cell_one_half  avia-builder-el-last ' ><div class='flex_cell_inner'><p>\n<style type=\"text\/css\" data-created_by=\"avia_inline_auto\" id=\"style-css-av-dkcuy-fbdaa8e0e0b99fbfa66b0153b3c50b08\">\n#top .av-special-heading.av-dkcuy-fbdaa8e0e0b99fbfa66b0153b3c50b08{\npadding-bottom:10px;\ncolor:#0a0a0a;\n}\nbody .av-special-heading.av-dkcuy-fbdaa8e0e0b99fbfa66b0153b3c50b08 .av-special-heading-tag .heading-char{\nfont-size:25px;\n}\n.av-special-heading.av-dkcuy-fbdaa8e0e0b99fbfa66b0153b3c50b08 .special-heading-inner-border{\nborder-color:#0a0a0a;\n}\n.av-special-heading.av-dkcuy-fbdaa8e0e0b99fbfa66b0153b3c50b08 .av-subheading{\nfont-size:15px;\n}\n<\/style>\n<div  class='av-special-heading av-dkcuy-fbdaa8e0e0b99fbfa66b0153b3c50b08 av-special-heading-h2 custom-color-heading blockquote modern-quote  avia-builder-el-8  el_before_av_textblock  avia-builder-el-first '><h2 class='av-special-heading-tag'  itemprop=\"headline\"  >Toxina Botulinica<\/h2><div class=\"special-heading-border\"><div class=\"special-heading-inner-border\"><\/div><\/div><\/div><br \/>\n\n<style type=\"text\/css\" data-created_by=\"avia_inline_auto\" id=\"style-css-av-b0lma-838047e547d6c5101da6def2dd16281d\">\n#top .av_textblock_section.av-b0lma-838047e547d6c5101da6def2dd16281d .avia_textblock{\ntext-align:justify;\n}\n<\/style>\n<section  class='av_textblock_section av-b0lma-838047e547d6c5101da6def2dd16281d'  itemscope=\"itemscope\" itemtype=\"https:\/\/schema.org\/CreativeWork\" ><div class='avia_textblock'  itemprop=\"text\" ><p><span style=\"font-weight: 400;\">La toxina botul\u00ednica (BTX, en ingl\u00e9s) o b\u00f3tox es un tipo de bloqueador para los nervios. Al ser inyectado, el b\u00f3tox bloquea las se\u00f1ales de los nervios a los m\u00fasculos, por lo que estos se relajan.<\/span><\/p>\n<p><span style=\"font-weight: 400;\">El b\u00f3tox es la toxina que provoca el botulismo, una enfermedad poco com\u00fan, pero grave. Sin embargo, es segura cuando se utiliza en dosis peque\u00f1as.<\/span><\/p>\n<p><strong>Descripci\u00f3n<\/strong><\/p>\n<p><span style=\"font-weight: 400;\">El b\u00f3tox se inyecta en los m\u00fasculos alrededor de las cuerdas vocales. Esto debilita los m\u00fasculos y mejora la calidad de la voz. Esta no es una cura para la disfon\u00eda lar\u00edngea, pero puede ayudar a aliviar los s\u00edntomas.<\/span><\/p>\n<p><span style=\"font-weight: 400;\">En la mayor\u00eda de los casos, las inyecciones de b\u00f3tox (BTX) se aplicar\u00e1n en el consultorio de su proveedor de atenci\u00f3n m\u00e9dica. Existen dos maneras comunes de inyectarlo en la laringe:<\/span><\/p>\n<p><strong>A trav\u00e9s del cuello:<\/strong><\/p>\n<p><span style=\"font-weight: 400;\">Le pueden aplicar anestesia local para adormecer la zona.<\/span><\/p>\n<p><span style=\"font-weight: 400;\">Usted puede acostarse boca arriba o permanecer sentado. Esto depender\u00e1 de su comodidad y de la preferencia de su proveedor.<\/span><\/p>\n<p><span style=\"font-weight: 400;\">Su proveedor puede utilizar una m\u00e1quina de electromiograf\u00eda (EMG). La m\u00e1quina EMG registra el movimiento de los m\u00fasculos de sus cuerdas vocales por medio de peque\u00f1os electrodos colocados en su piel. Esto ayuda a su proveedor a guiar la aguja a la zona correcta.<\/span><\/p>\n<p><span style=\"font-weight: 400;\">Otro m\u00e9todo involucra el uso de un laringoscopio flexible insertado a trav\u00e9s de la nariz para ayudar a guiar la aguja.<\/span><\/p>\n<p><strong>A trav\u00e9s de la boca:<\/strong><\/p>\n<p><span style=\"font-weight: 400;\">Puede aplic\u00e1rsele anestesia general de manera que est\u00e9 dormido durante todo el procedimiento.<\/span><\/p>\n<p><span style=\"font-weight: 400;\">Tambi\u00e9n es posible que le roc\u00eden medicamento para adormecer en la nariz, garganta y laringe.<\/span><\/p>\n<p><span style=\"font-weight: 400;\">Su proveedor utilizar\u00e1 una aguja larga y curva para aplicar la inyecci\u00f3n directamente en los m\u00fasculos de sus cuerdas vocales.<\/span><\/p>\n<p><span style=\"font-weight: 400;\">Su proveedor puede colocar una peque\u00f1a c\u00e1mara (endoscopio) en su boca para guiar la aguja.<\/span><\/p>\n<p><span style=\"font-weight: 400;\">Por qu\u00e9 se realiza el procedimiento<\/span><\/p>\n<p><span style=\"font-weight: 400;\">Usted debe someterse a este procedimiento si le han diagnosticado disfon\u00eda lar\u00edngea. Las inyecciones de b\u00f3tox son el tratamiento m\u00e1s com\u00fan para esta afecci\u00f3n.<\/span><\/p>\n<p><span style=\"font-weight: 400;\">Las inyecciones de b\u00f3tox se utilizan para tratar otros problemas en la laringe. Tambi\u00e9n se utilizan para tratar muchas otras afecciones en distintas partes del cuerpo.<\/span><\/p>\n<p><strong>Despu\u00e9s del procedimiento<\/strong><\/p>\n<p><span style=\"font-weight: 400;\">Es posible que no pueda hablar por aproximadamente una hora tras las inyecciones.<\/span><\/p>\n<p><span style=\"font-weight: 400;\">El b\u00f3tox puede causar algunos efectos secundarios. En la mayor\u00eda de los casos, dichos efectos duran solo unos cuantos d\u00edas. Algunos de los efectos secundarios incluyen:<\/span><\/p>\n<p><span style=\"font-weight: 400;\">Un sonido susurrante en la voz<\/span><\/p>\n<ul>\n<li><span style=\"font-weight: 400;\">Ronquera<\/span><\/li>\n<li><span style=\"font-weight: 400;\">Tos d\u00e9bil<\/span><\/li>\n<li><span style=\"font-weight: 400;\">Problemas para tragar<\/span><\/li>\n<li><span style=\"font-weight: 400;\">Dolor en el lugar en el que se inyect\u00f3 el b\u00f3tox<\/span><\/li>\n<li><span style=\"font-weight: 400;\">S\u00edntomas parecidos a los de la gripe<\/span><\/li>\n<li><span style=\"font-weight: 400;\">Expectativas (pron\u00f3stico)<\/span><\/li>\n<\/ul>\n<p><span style=\"font-weight: 400;\">En la mayor\u00eda de los casos, las inyecciones de b\u00f3tox (BTX) deben mejorar la calidad de su voz por aproximadamente 3 a 4 meses. Para mantener su voz, es posible que necesite inyecciones cada pocos meses.<\/span><\/p>\n<p><span style=\"font-weight: 400;\">Su proveedor puede pedirle que lleve un diario de sus s\u00edntomas para saber qu\u00e9 tan bien y por cu\u00e1nto tiempo est\u00e1 funcionando la inyecci\u00f3n. Esto les ayudar\u00e1 a usted y a su proveedor a encontrar la dosis correcta para usted y a decidir qu\u00e9 tan a menudo necesita el tratamiento.<\/span><\/p>\n<\/div><\/section><\/p>\n<\/div><\/div><\/div>\n","protected":false},"excerpt":{"rendered":"","protected":false},"author":1,"featured_media":0,"parent":0,"menu_order":0,"comment_status":"closed","ping_status":"closed","template":"","meta":{"footnotes":""},"aioseo_notices":[],"_links":{"self":[{"href":"https:\/\/drasandralilianavargas.com\/index.php\/wp-json\/wp\/v2\/pages\/794"}],"collection":[{"href":"https:\/\/drasandralilianavargas.com\/index.php\/wp-json\/wp\/v2\/pages"}],"about":[{"href":"https:\/\/drasandralilianavargas.com\/index.php\/wp-json\/wp\/v2\/types\/page"}],"author":[{"embeddable":true,"href":"https:\/\/drasandralilianavargas.com\/index.php\/wp-json\/wp\/v2\/users\/1"}],"replies":[{"embeddable":true,"href":"https:\/\/drasandralilianavargas.com\/index.php\/wp-json\/wp\/v2\/comments?post=794"}],"version-history":[{"count":5,"href":"https:\/\/drasandralilianavargas.com\/index.php\/wp-json\/wp\/v2\/pages\/794\/revisions"}],"predecessor-version":[{"id":1019,"href":"https:\/\/drasandralilianavargas.com\/index.php\/wp-json\/wp\/v2\/pages\/794\/revisions\/1019"}],"wp:attachment":[{"href":"https:\/\/drasandralilianavargas.com\/index.php\/wp-json\/wp\/v2\/media?parent=794"}],"curies":[{"name":"wp","href":"https:\/\/api.w.org\/{rel}","templated":true}]}}