{"id":888,"date":"2023-05-03T17:14:23","date_gmt":"2023-05-03T22:14:23","guid":{"rendered":"https:\/\/drasandralilianavargas.com\/?page_id=888"},"modified":"2023-09-20T18:17:13","modified_gmt":"2023-09-20T23:17:13","slug":"oncologia","status":"publish","type":"page","link":"https:\/\/drasandralilianavargas.com\/index.php\/oncologia\/","title":{"rendered":"Oncolog\u00eda"},"content":{"rendered":"<div id='layer_slider_1'  class='avia-layerslider main_color avia-shadow  avia-builder-el-0  el_before_av_section  avia-builder-el-first  container_wrap fullsize'  style='height: 625px; max-width: 3386px; margin: 0 auto;'  ><\/div>\n<div id='av_section_1'  class='avia-section av-3l4t60-7941736a939823ac53f2ca1c4cd18ef2 main_color avia-section-huge avia-no-border-styling  avia-builder-el-1  el_after_av_layerslider  el_before_av_layout_row  avia-bg-style-scroll container_wrap fullsize'  ><div class='container av-section-cont-open' ><div class='template-page content  av-content-full alpha units'><div class='post-entry post-entry-type-page post-entry-888'><div class='entry-content-wrapper clearfix'>\n\n<style type=\"text\/css\" data-created_by=\"avia_inline_auto\" id=\"style-css-av-lh89lx4o-8d76b0a549270a3dfc247edfbb16c3d0\">\n#top .av-special-heading.av-lh89lx4o-8d76b0a549270a3dfc247edfbb16c3d0{\npadding-bottom:20px;\ncolor:#424242;\nfont-size:40px;\n}\nbody .av-special-heading.av-lh89lx4o-8d76b0a549270a3dfc247edfbb16c3d0 .av-special-heading-tag .heading-char{\nfont-size:25px;\n}\n#top #wrap_all .av-special-heading.av-lh89lx4o-8d76b0a549270a3dfc247edfbb16c3d0 .av-special-heading-tag{\nfont-size:40px;\n}\n.av-special-heading.av-lh89lx4o-8d76b0a549270a3dfc247edfbb16c3d0 .special-heading-inner-border{\nborder-color:#424242;\n}\n.av-special-heading.av-lh89lx4o-8d76b0a549270a3dfc247edfbb16c3d0 .av-subheading{\nfont-size:15px;\n}\n\n@media only screen and (min-width: 480px) and (max-width: 767px){ \n#top #wrap_all .av-special-heading.av-lh89lx4o-8d76b0a549270a3dfc247edfbb16c3d0 .av-special-heading-tag{\nfont-size:0.8em;\n}\n}\n\n@media only screen and (max-width: 479px){ \n#top #wrap_all .av-special-heading.av-lh89lx4o-8d76b0a549270a3dfc247edfbb16c3d0 .av-special-heading-tag{\nfont-size:0.8em;\n}\n}\n<\/style>\n<div  class='av-special-heading av-lh89lx4o-8d76b0a549270a3dfc247edfbb16c3d0 av-special-heading-h1 custom-color-heading blockquote modern-quote modern-centered  avia-builder-el-2  el_before_av_hr  avia-builder-el-first  av-inherit-size'><h1 class='av-special-heading-tag'  itemprop=\"headline\"  > Oncolog\u00eda  <br \/>\u00bfQu\u00e9 es la Cirug\u00eda Pl\u00e1stica Oncolog\u00eda?<\/h1><div class=\"special-heading-border\"><div class=\"special-heading-inner-border\"><\/div><\/div><\/div>\n<div  class='hr av-8n0o8-f818d7daee9e1c138dd2ee00075ab29e hr-default  avia-builder-el-3  el_after_av_heading  el_before_av_one_fifth '><span class='hr-inner '><span class=\"hr-inner-style\"><\/span><\/span><\/div>\n\n<style type=\"text\/css\" data-created_by=\"avia_inline_auto\" id=\"style-css-av-3e4low-20bb5287dcc77a1b07bd9b18f985ecfa\">\n.flex_column.av-3e4low-20bb5287dcc77a1b07bd9b18f985ecfa{\n-webkit-border-radius:0px 0px 0px 0px;\n-moz-border-radius:0px 0px 0px 0px;\nborder-radius:0px 0px 0px 0px;\npadding:0px 0px 0px 0px;\n}\n<\/style>\n<div class='flex_column av-3e4low-20bb5287dcc77a1b07bd9b18f985ecfa av_one_fifth  avia-builder-el-4  el_after_av_hr  el_before_av_three_fifth  first flex_column_div av-zero-column-padding '     ><\/div>\n<style type=\"text\/css\" data-created_by=\"avia_inline_auto\" id=\"style-css-av-36656w-5dcd1ebce71930ce3d0efb013549fa84\">\n.flex_column.av-36656w-5dcd1ebce71930ce3d0efb013549fa84{\n-webkit-border-radius:0px 0px 0px 0px;\n-moz-border-radius:0px 0px 0px 0px;\nborder-radius:0px 0px 0px 0px;\npadding:0px 0px 0px 0px;\n}\n<\/style>\n<div class='flex_column av-36656w-5dcd1ebce71930ce3d0efb013549fa84 av_three_fifth  avia-builder-el-5  el_after_av_one_fifth  el_before_av_one_fifth  flex_column_div av-animated-generic bottom-to-top av-zero-column-padding '     ><style type=\"text\/css\" data-created_by=\"avia_inline_auto\" id=\"style-css-av-32yn0g-ce61f486295c39ad80645c4de7eb4e10\">\n#top .av_textblock_section.av-32yn0g-ce61f486295c39ad80645c4de7eb4e10 .avia_textblock{\ncolor:#000000;\ntext-align:justify;\n}\n<\/style>\n<section  class='av_textblock_section av-32yn0g-ce61f486295c39ad80645c4de7eb4e10'  itemscope=\"itemscope\" itemtype=\"https:\/\/schema.org\/CreativeWork\" ><div class='avia_textblock av_inherit_color'  itemprop=\"text\" ><p>Es la rama de la medicina especializada en el diagn\u00f3stico y tratamiento del c\u00e1ncer. Incluye la oncolog\u00eda m\u00e9dica (uso de quimioterapia, terapia con hormonas y otros medicamentos para tratar el c\u00e1ncer), la radioncolog\u00eda (uso de radioterapia para tratar el c\u00e1ncer) y la oncolog\u00eda quir\u00fargica (uso de cirug\u00eda y otros procedimientos para tratar el c\u00e1ncer).<\/p>\n<\/div><\/section><\/div>\n<style type=\"text\/css\" data-created_by=\"avia_inline_auto\" id=\"style-css-av-2samxs-8aba2ef2f57e2eb7bf93005cff11f16b\">\n.flex_column.av-2samxs-8aba2ef2f57e2eb7bf93005cff11f16b{\n-webkit-border-radius:0px 0px 0px 0px;\n-moz-border-radius:0px 0px 0px 0px;\nborder-radius:0px 0px 0px 0px;\npadding:0px 0px 0px 0px;\n}\n<\/style>\n<div class='flex_column av-2samxs-8aba2ef2f57e2eb7bf93005cff11f16b av_one_fifth  avia-builder-el-7  el_after_av_three_fifth  avia-builder-el-last  flex_column_div av-zero-column-padding '     ><\/div><\/div><\/div><\/div><!-- close content main div --><\/div><\/div><div id='av-layout-grid-1'  class='av-layout-grid-container av-2ksn14-35e3340b4438d92141e190a9d98ac9e2 entry-content-wrapper main_color av-flex-cells  avia-builder-el-8  el_after_av_section  el_before_av_layout_row  grid-row-not-first  container_wrap fullsize'  >\n\n<style type=\"text\/css\" data-created_by=\"avia_inline_auto\" id=\"style-css-av-2fba3c-6f02af7c03392f82ae009f09281298da\">\n.flex_cell.av-2fba3c-6f02af7c03392f82ae009f09281298da{\nvertical-align:middle;\n}\n.responsive #top #wrap_all .flex_cell.av-2fba3c-6f02af7c03392f82ae009f09281298da{\npadding:80px 80px 80px 80px !important;\n}\n<\/style>\n<div class='flex_cell av-2fba3c-6f02af7c03392f82ae009f09281298da av-gridrow-cell av_one_half no_margin  avia-builder-el-9  el_before_av_cell_one_half  avia-builder-el-first ' ><div class='flex_cell_inner'><p>\n<style type=\"text\/css\" data-created_by=\"avia_inline_auto\" id=\"style-css-av-261734-58099943147d70f02342f7d2edffd736\">\n#top .av-special-heading.av-261734-58099943147d70f02342f7d2edffd736{\npadding-bottom:10px;\ncolor:#0a0a0a;\n}\nbody .av-special-heading.av-261734-58099943147d70f02342f7d2edffd736 .av-special-heading-tag .heading-char{\nfont-size:25px;\n}\n.av-special-heading.av-261734-58099943147d70f02342f7d2edffd736 .special-heading-inner-border{\nborder-color:#0a0a0a;\n}\n.av-special-heading.av-261734-58099943147d70f02342f7d2edffd736 .av-subheading{\nfont-size:15px;\n}\n<\/style>\n<div  class='av-special-heading av-261734-58099943147d70f02342f7d2edffd736 av-special-heading-h2 custom-color-heading blockquote modern-quote  avia-builder-el-10  el_before_av_textblock  avia-builder-el-first '><h2 class='av-special-heading-tag'  itemprop=\"headline\"  >Avances<\/h2><div class=\"special-heading-border\"><div class=\"special-heading-inner-border\"><\/div><\/div><\/div><br \/>\n\n<style type=\"text\/css\" data-created_by=\"avia_inline_auto\" id=\"style-css-av-22nry0-b9e139f618bbd0eaac18cd2a760da317\">\n#top .av_textblock_section.av-22nry0-b9e139f618bbd0eaac18cd2a760da317 .avia_textblock{\ncolor:#000000;\ntext-align:justify;\n}\n<\/style>\n<section  class='av_textblock_section av-22nry0-b9e139f618bbd0eaac18cd2a760da317'  itemscope=\"itemscope\" itemtype=\"https:\/\/schema.org\/CreativeWork\" ><div class='avia_textblock av_inherit_color'  itemprop=\"text\" ><p>Los avances de la oncolog\u00eda moderna han conseguido la curaci\u00f3n de muchos c\u00e1nceres y la prolongaci\u00f3n de la vida en otros que antes eran considerados como intratables. A pesar de la incorporaci\u00f3n constante de nuevas herramientas inmunol\u00f3gicas, quimioter\u00e1picas y radioter\u00e1picas, la extirpaci\u00f3n quir\u00fargica sigue el primer y principal tratamiento en la mayor\u00eda de los tumores malignos.<\/p>\n<p>Las t\u00e9cnicas de diagnostico por imagen, la reinterpretaci\u00f3n de los conocimientos anat\u00f3micos cl\u00e1sicos, los avances en anestesiolog\u00eda y cuidados intensivos, as\u00ed como las nuevas tecnolog\u00edas puesta en manos de los cirujanos, hacen posible la extirpaci\u00f3n de tumores que eran impensables hace pocos a\u00f1os.<\/p>\n<p>La cirug\u00eda pl\u00e1stica oncol\u00f3gica, facilita el abordaje a estos tumores y permite plantear reconstrucciones, que ofrezcan al paciente no solo superar la enfermedad oncol\u00f3gica, sino adem\u00e1s; afrontar la vida como antes de enfermar.<\/p>\n<\/div><\/section><\/p>\n<\/div><\/div>\n<style type=\"text\/css\" data-created_by=\"avia_inline_auto\" id=\"style-css-av-1wvxow-cdda99344b6c307112808a35f5e832e4\">\n.flex_cell.av-1wvxow-cdda99344b6c307112808a35f5e832e4{\nvertical-align:bottom;\nbackground-color:#e7b8b8;\n}\n.responsive #top #wrap_all .flex_cell.av-1wvxow-cdda99344b6c307112808a35f5e832e4{\npadding:0px 0px 0px 0px !important;\n}\n<\/style>\n<div class='flex_cell av-1wvxow-cdda99344b6c307112808a35f5e832e4 av-gridrow-cell av_one_half no_margin  avia-builder-el-12  el_after_av_cell_one_half  avia-builder-el-last  av-zero-padding' ><div class='flex_cell_inner'>\n<style type=\"text\/css\" data-created_by=\"avia_inline_auto\" id=\"style-css-av-lh89kt22-be638c9bf397af9732780090e27ba5e5\">\n.avia-image-container.av-lh89kt22-be638c9bf397af9732780090e27ba5e5 img.avia_image{\nbox-shadow:none;\n}\n.avia-image-container.av-lh89kt22-be638c9bf397af9732780090e27ba5e5 .av-image-caption-overlay-center{\ncolor:#ffffff;\n}\n<\/style>\n<div  class='avia-image-container av-lh89kt22-be638c9bf397af9732780090e27ba5e5 av-styling-no-styling avia-align-center  avia-builder-el-13  avia-builder-el-no-sibling '   itemprop=\"image\" itemscope=\"itemscope\" itemtype=\"https:\/\/schema.org\/ImageObject\" ><div class=\"avia-image-container-inner\"><div class=\"avia-image-overlay-wrap\"><img decoding=\"async\" class='wp-image-922 avia-img-lazy-loading-not-922 avia_image ' src=\"https:\/\/drasandralilianavargas.com\/wp-content\/uploads\/2023\/05\/DSC_6475-1-1030x687.png\" alt='' title='DSC_6475'  height=\"687\" width=\"1030\"  itemprop=\"thumbnailUrl\" srcset=\"https:\/\/drasandralilianavargas.com\/wp-content\/uploads\/2023\/05\/DSC_6475-1-1030x687.png 1030w, https:\/\/drasandralilianavargas.com\/wp-content\/uploads\/2023\/05\/DSC_6475-1-300x200.png 300w, https:\/\/drasandralilianavargas.com\/wp-content\/uploads\/2023\/05\/DSC_6475-1-768x512.png 768w, https:\/\/drasandralilianavargas.com\/wp-content\/uploads\/2023\/05\/DSC_6475-1-1536x1024.png 1536w, https:\/\/drasandralilianavargas.com\/wp-content\/uploads\/2023\/05\/DSC_6475-1-2048x1365.png 2048w, https:\/\/drasandralilianavargas.com\/wp-content\/uploads\/2023\/05\/DSC_6475-1-1500x1000.png 1500w, https:\/\/drasandralilianavargas.com\/wp-content\/uploads\/2023\/05\/DSC_6475-1-705x470.png 705w\" sizes=\"(max-width: 1030px) 100vw, 1030px\" \/><\/div><\/div><\/div>\n<\/div><\/div>\n<\/div><\/p>\n<div id='av-layout-grid-2'  class='av-layout-grid-container av-1o6zhk-f8bdaae57ae476cda229ff478b84000d entry-content-wrapper main_color av-flex-cells  avia-builder-el-14  el_after_av_layout_row  el_before_av_layout_row  grid-row-not-first  container_wrap fullsize'  >\n\n<style type=\"text\/css\" data-created_by=\"avia_inline_auto\" id=\"style-css-av-1jhfbk-2e4a310df638b49885d2c8167103e04a\">\n.flex_cell.av-1jhfbk-2e4a310df638b49885d2c8167103e04a{\nvertical-align:middle;\nbackground-color:#e7b8b8;\n}\n.responsive #top #wrap_all .flex_cell.av-1jhfbk-2e4a310df638b49885d2c8167103e04a{\npadding:0px 0px 0px 0px !important;\n}\n<\/style>\n<div class='flex_cell av-1jhfbk-2e4a310df638b49885d2c8167103e04a av-gridrow-cell av_one_half no_margin  avia-builder-el-15  el_before_av_cell_one_half  avia-builder-el-first  av-zero-padding' ><div class='flex_cell_inner'>\n<style type=\"text\/css\" data-created_by=\"avia_inline_auto\" id=\"style-css-av-lh89l541-c1b916e66584f14cd8da908cec00eb1c\">\n.avia-image-container.av-lh89l541-c1b916e66584f14cd8da908cec00eb1c img.avia_image{\nbox-shadow:none;\n}\n.avia-image-container.av-lh89l541-c1b916e66584f14cd8da908cec00eb1c .av-image-caption-overlay-center{\ncolor:#ffffff;\n}\n<\/style>\n<div  class='avia-image-container av-lh89l541-c1b916e66584f14cd8da908cec00eb1c av-styling-no-styling avia-align-center  avia-builder-el-16  avia-builder-el-no-sibling '   itemprop=\"image\" itemscope=\"itemscope\" itemtype=\"https:\/\/schema.org\/ImageObject\" ><div class=\"avia-image-container-inner\"><div class=\"avia-image-overlay-wrap\"><img decoding=\"async\" class='wp-image-905 avia-img-lazy-loading-not-905 avia_image ' src=\"https:\/\/drasandralilianavargas.com\/wp-content\/uploads\/2023\/05\/Sin-titulo-1.jpg\" alt='' title='Sin t\u00edtulo-1'  height=\"493\" width=\"740\"  itemprop=\"thumbnailUrl\" srcset=\"https:\/\/drasandralilianavargas.com\/wp-content\/uploads\/2023\/05\/Sin-titulo-1.jpg 740w, https:\/\/drasandralilianavargas.com\/wp-content\/uploads\/2023\/05\/Sin-titulo-1-300x200.jpg 300w, https:\/\/drasandralilianavargas.com\/wp-content\/uploads\/2023\/05\/Sin-titulo-1-705x470.jpg 705w\" sizes=\"(max-width: 740px) 100vw, 740px\" \/><\/div><\/div><\/div>\n<\/div><\/div>\n<style type=\"text\/css\" data-created_by=\"avia_inline_auto\" id=\"style-css-av-1h28fk-a9afbe793fad5639328b59e892bb6282\">\n.flex_cell.av-1h28fk-a9afbe793fad5639328b59e892bb6282{\nvertical-align:middle;\n}\n.responsive #top #wrap_all .flex_cell.av-1h28fk-a9afbe793fad5639328b59e892bb6282{\npadding:80px 80px 80px 80px !important;\n}\n<\/style>\n<div class='flex_cell av-1h28fk-a9afbe793fad5639328b59e892bb6282 av-gridrow-cell av_one_half no_margin  avia-builder-el-17  el_after_av_cell_one_half  avia-builder-el-last ' ><div class='flex_cell_inner'><p>\n<style type=\"text\/css\" data-created_by=\"avia_inline_auto\" id=\"style-css-av-18jvvs-9c08afb530240ab7f40154931029e07f\">\n#top .av-special-heading.av-18jvvs-9c08afb530240ab7f40154931029e07f{\npadding-bottom:10px;\ncolor:#0a0a0a;\n}\nbody .av-special-heading.av-18jvvs-9c08afb530240ab7f40154931029e07f .av-special-heading-tag .heading-char{\nfont-size:25px;\n}\n.av-special-heading.av-18jvvs-9c08afb530240ab7f40154931029e07f .special-heading-inner-border{\nborder-color:#0a0a0a;\n}\n.av-special-heading.av-18jvvs-9c08afb530240ab7f40154931029e07f .av-subheading{\nfont-size:15px;\n}\n<\/style>\n<div  class='av-special-heading av-18jvvs-9c08afb530240ab7f40154931029e07f av-special-heading-h1 custom-color-heading blockquote modern-quote  avia-builder-el-18  el_before_av_textblock  avia-builder-el-first '><h1 class='av-special-heading-tag'  itemprop=\"headline\"  >Cirug\u00eda pl\u00e1stica oncol\u00f3gica de mama<\/h1><div class=\"special-heading-border\"><div class=\"special-heading-inner-border\"><\/div><\/div><\/div><br \/>\n\n<style type=\"text\/css\" data-created_by=\"avia_inline_auto\" id=\"style-css-av-134k8w-f9bed4cd59efc14c48739eb90ce5a6e8\">\n#top .av_textblock_section.av-134k8w-f9bed4cd59efc14c48739eb90ce5a6e8 .avia_textblock{\ncolor:#141414;\ntext-align:justify;\n}\n<\/style>\n<section  class='av_textblock_section av-134k8w-f9bed4cd59efc14c48739eb90ce5a6e8'  itemscope=\"itemscope\" itemtype=\"https:\/\/schema.org\/CreativeWork\" ><div class='avia_textblock av_inherit_color'  itemprop=\"text\" ><p>La extirpaci\u00f3n quir\u00fargica del tumor maligno con m\u00e1rgenes sanos, es la condici\u00f3n principal para que el tratamiento oncol\u00f3gico tenga \u00e9xito. Es lo que conocemos como mastectom\u00eda parcial, denominada en ocasiones cuadrantectom\u00eda o glandulectom\u00eda y es hoy en d\u00eda, el tratamiento quir\u00fargico est\u00e1ndar de los tumores mamarios malignos. No obstante, debido a las caracter\u00edsticas del tumor, algunos casos todav\u00eda necesitan de una mastectom\u00eda total. La planificaci\u00f3n de la intervenci\u00f3n junto con el cirujano pl\u00e1stico, facilita en primer lugar, el acceso al tumor, obteniendo mejores tasas de m\u00e1rgenes libres.<\/p>\n<p>En segundo lugar, permite a partir de los tejidos remanentes, la recreaci\u00f3n de una nueva forma mamaria \u00f3ptima. De esta manera, la paciente podr\u00e1 despu\u00e9s recibir el tratamiento radioter\u00e1pico sin sufrir distorsiones graves en la forma de la mama. Hay casos, en los que el volumen de tejido mamario sano despu\u00e9s de la extirpaci\u00f3n, es insuficiente para obtener una reconstrucci\u00f3n satisfactoria. La transferencia de otros tejidos a distancia, permite conservar la mama con garant\u00edas de seguridad oncol\u00f3gica y evitar as\u00ed, la mastectom\u00eda total.<\/p>\n<\/div><\/section><\/p>\n<\/div><\/div>\n<\/div>\n<div id='av-layout-grid-3'  class='av-layout-grid-container av-uledk-f6199bd3fb7113cc41722290e942d995 entry-content-wrapper main_color av-flex-cells  avia-builder-el-20  el_after_av_layout_row  avia-builder-el-last  grid-row-not-first  container_wrap fullsize'  >\n\n<style type=\"text\/css\" data-created_by=\"avia_inline_auto\" id=\"style-css-av-p4waw-2ee8283ec47cd82dbd3bb5164f24c4c8\">\n.flex_cell.av-p4waw-2ee8283ec47cd82dbd3bb5164f24c4c8{\nvertical-align:middle;\n}\n.responsive #top #wrap_all .flex_cell.av-p4waw-2ee8283ec47cd82dbd3bb5164f24c4c8{\npadding:80px 80px 80px 80px !important;\n}\n<\/style>\n<div class='flex_cell av-p4waw-2ee8283ec47cd82dbd3bb5164f24c4c8 av-gridrow-cell av_one_half no_margin  avia-builder-el-21  el_before_av_cell_one_half  avia-builder-el-first ' ><div class='flex_cell_inner'><p>\n<style type=\"text\/css\" data-created_by=\"avia_inline_auto\" id=\"style-css-av-iq3ns-db0145e0b24574d1a80d1fa19ddd01d8\">\n#top .av-special-heading.av-iq3ns-db0145e0b24574d1a80d1fa19ddd01d8{\npadding-bottom:10px;\ncolor:#0a0a0a;\n}\nbody .av-special-heading.av-iq3ns-db0145e0b24574d1a80d1fa19ddd01d8 .av-special-heading-tag .heading-char{\nfont-size:25px;\n}\n.av-special-heading.av-iq3ns-db0145e0b24574d1a80d1fa19ddd01d8 .special-heading-inner-border{\nborder-color:#0a0a0a;\n}\n.av-special-heading.av-iq3ns-db0145e0b24574d1a80d1fa19ddd01d8 .av-subheading{\nfont-size:15px;\n}\n<\/style>\n<div  class='av-special-heading av-iq3ns-db0145e0b24574d1a80d1fa19ddd01d8 av-special-heading-h2 custom-color-heading blockquote modern-quote  avia-builder-el-22  el_before_av_textblock  avia-builder-el-first '><h2 class='av-special-heading-tag'  itemprop=\"headline\"  >Cirug\u00eda pl\u00e1stica oncol\u00f3gica del tronco y los miembros\t<\/h2><div class=\"special-heading-border\"><div class=\"special-heading-inner-border\"><\/div><\/div><\/div><br \/>\n\n<style type=\"text\/css\" data-created_by=\"avia_inline_auto\" id=\"style-css-av-1dhjs-752cfc349a59f1dc0ba440e9935c5a55\">\n#top .av_textblock_section.av-1dhjs-752cfc349a59f1dc0ba440e9935c5a55 .avia_textblock{\ncolor:#000000;\ntext-align:justify;\n}\n<\/style>\n<section  class='av_textblock_section av-1dhjs-752cfc349a59f1dc0ba440e9935c5a55'  itemscope=\"itemscope\" itemtype=\"https:\/\/schema.org\/CreativeWork\" ><div class='avia_textblock av_inherit_color'  itemprop=\"text\" ><p>Los mismos principios terap\u00e9uticos se aplican estas regiones anat\u00f3micas. Las t\u00e9cnicas de cirug\u00eda pl\u00e1stica hacen posible la extirpaci\u00f3n radical de los tumores malignos de los miembros y del tronco y de otra forma ser\u00edan intratables. En estos casos, la microcirug\u00eda permite la transferencia de tejidos a distancia, la reconstrucci\u00f3n de nervios y la preservaci\u00f3n de estructuras vasculares.<\/p>\n<\/div><\/section><\/p>\n<\/div><\/div>\n<style type=\"text\/css\" data-created_by=\"avia_inline_auto\" id=\"style-css-av-8o5kg-1fa03b2da436eb96f936099c906c2f76\">\n.flex_cell.av-8o5kg-1fa03b2da436eb96f936099c906c2f76{\nvertical-align:middle;\nbackground-color:#e7b8b8;\n}\n.responsive #top #wrap_all .flex_cell.av-8o5kg-1fa03b2da436eb96f936099c906c2f76{\npadding:0px 0px 0px 0px !important;\n}\n<\/style>\n<div class='flex_cell av-8o5kg-1fa03b2da436eb96f936099c906c2f76 av-gridrow-cell av_one_half no_margin  avia-builder-el-24  el_after_av_cell_one_half  avia-builder-el-last  av-zero-padding' ><div class='flex_cell_inner'>\n<style type=\"text\/css\" data-created_by=\"avia_inline_auto\" id=\"style-css-av-lh89li6u-148c6c5bc815c2a6123626d64dcbafb0\">\n.avia-image-container.av-lh89li6u-148c6c5bc815c2a6123626d64dcbafb0 img.avia_image{\nbox-shadow:none;\n}\n.avia-image-container.av-lh89li6u-148c6c5bc815c2a6123626d64dcbafb0 .av-image-caption-overlay-center{\ncolor:#ffffff;\n}\n<\/style>\n<div  class='avia-image-container av-lh89li6u-148c6c5bc815c2a6123626d64dcbafb0 av-styling-no-styling avia-align-center  avia-builder-el-25  avia-builder-el-no-sibling '   itemprop=\"image\" itemscope=\"itemscope\" itemtype=\"https:\/\/schema.org\/ImageObject\" ><div class=\"avia-image-container-inner\"><div class=\"avia-image-overlay-wrap\"><img decoding=\"async\" class='wp-image-610 avia-img-lazy-loading-not-610 avia_image ' src=\"https:\/\/drasandralilianavargas.com\/wp-content\/uploads\/2023\/03\/vagi02-845x684.png\" alt='' title=''  height=\"684\" width=\"845\"  itemprop=\"thumbnailUrl\" srcset=\"https:\/\/drasandralilianavargas.com\/wp-content\/uploads\/2023\/03\/vagi02-845x684.png 845w, https:\/\/drasandralilianavargas.com\/wp-content\/uploads\/2023\/03\/vagi02-495x400.png 495w\" sizes=\"(max-width: 845px) 100vw, 845px\" \/><\/div><\/div><\/div>\n<\/div><\/div>\n<\/div>\n","protected":false},"excerpt":{"rendered":"","protected":false},"author":1,"featured_media":0,"parent":0,"menu_order":0,"comment_status":"closed","ping_status":"closed","template":"","meta":{"footnotes":""},"aioseo_notices":[],"_links":{"self":[{"href":"https:\/\/drasandralilianavargas.com\/index.php\/wp-json\/wp\/v2\/pages\/888"}],"collection":[{"href":"https:\/\/drasandralilianavargas.com\/index.php\/wp-json\/wp\/v2\/pages"}],"about":[{"href":"https:\/\/drasandralilianavargas.com\/index.php\/wp-json\/wp\/v2\/types\/page"}],"author":[{"embeddable":true,"href":"https:\/\/drasandralilianavargas.com\/index.php\/wp-json\/wp\/v2\/users\/1"}],"replies":[{"embeddable":true,"href":"https:\/\/drasandralilianavargas.com\/index.php\/wp-json\/wp\/v2\/comments?post=888"}],"version-history":[{"count":18,"href":"https:\/\/drasandralilianavargas.com\/index.php\/wp-json\/wp\/v2\/pages\/888\/revisions"}],"predecessor-version":[{"id":979,"href":"https:\/\/drasandralilianavargas.com\/index.php\/wp-json\/wp\/v2\/pages\/888\/revisions\/979"}],"wp:attachment":[{"href":"https:\/\/drasandralilianavargas.com\/index.php\/wp-json\/wp\/v2\/media?parent=888"}],"curies":[{"name":"wp","href":"https:\/\/api.w.org\/{rel}","templated":true}]}}